{"id":10983,"date":"2024-10-22T14:41:11","date_gmt":"2024-10-22T12:41:11","guid":{"rendered":"https:\/\/bazar-komoda.cz\/?post_type=product&#038;p=10983"},"modified":"2025-05-16T10:47:27","modified_gmt":"2025-05-16T08:47:27","slug":"tlapkova-patrola-chase-s-vlastnim-textem","status":"publish","type":"product","link":"https:\/\/dekohra.eu\/de\/produkt\/tlapkova-patrola-chase-s-vlastnim-textem\/","title":{"rendered":"Paw Patrol CHASE mit eigenem Text"},"content":{"rendered":"<p><!-- upraveno html4output --><\/p>\n<h2 style=\"text-align: left;\"><strong>Paw Patrol CHASE mit Ihrem eigenen Text. <\/strong><\/h2>\n<p>Bild<strong> Paw Patrol Jagd<\/strong> ist eine perfekte Dekoration <strong>f\u00fcr Kinderzimmer<\/strong>das jedem Interieur Charme und Verspieltheit verleiht. Diese Dekoration ist ideal als Weihnachtsgeschenk f\u00fcr Kinder und alle Fans <strong>Pfotenpatrouille. Dazu geh\u00f6rt auch der Name des Kindes, den wir per Laser einschneiden.<\/strong><\/p>\n<p>&nbsp;<\/p>\n<h3>Hochwertige Materialien<\/h3>\n<ul>\n<li>Die Dekoration besteht aus hochwertiger 3 mm starker Faserplatte, die Stabilit\u00e4t und Haltbarkeit gew\u00e4hrleistet.<\/li>\n<\/ul>\n<h3>Design und Kreativit\u00e4t<\/h3>\n<ul>\n<li>Bei der Dekoration wurde Wert auf Details und \u00c4sthetik gelegt. <strong>Moderner Laserschnitt sorgt f\u00fcr Pr\u00e4zision und eine edle Optik.<\/strong> Sie k\u00f6nnen aus mehreren Farboptionen w\u00e4hlen, beispielsweise Schwarz, Wei\u00df und Walnuss.<\/li>\n<li>Die Dekoration ist praktisch und einfach anzubringen. Sie k\u00f6nnen es an der Wand befestigen mit <strong>doppelseitiges Klebeband oder Minin\u00e4gel<\/strong>, was eine schnelle und einfache Montage ohne Besch\u00e4digung der W\u00e4nde gew\u00e4hrleistet.<\/li>\n<li>Ein Paw Patrol-Gem\u00e4lde ist eine tolle M\u00f6glichkeit, ein Kinderzimmer zu beleben und Ihrem Zuhause ein einzigartiges Element hinzuzuf\u00fcgen.<\/li>\n<\/ul>\n<p><strong>Dank des hochwertigen Materials und der Auswahl an mehreren Farboptionen eignet sich dieses Produkt ideal f\u00fcr verschiedene R\u00e4umlichkeiten. Moderner Laserschnitt verleiht der Dekoration eine luxuri\u00f6se Optik und sorgt f\u00fcr eine lange Lebensdauer. W\u00e4hlen Sie aus unserer Paw Patrol-Kollektion CHASE, MARSHALL, RUBBLE und SKYE.<\/strong><\/p>\n<p>&nbsp;<\/p>\n<p>&nbsp;<\/p>\n<ul>\n<li>\n<h3>Parameter:<\/h3>\n<ul>\n<li style=\"list-style-type: none;\">\n<ul>\n<li style=\"list-style-type: none;\">\n<ul>\n<li style=\"list-style-type: none;\">\n<ul>\n<li style=\"list-style-type: none;\">\n<ul>\n<li style=\"list-style-type: none;\">\n<ul>\n<li style=\"list-style-type: none;\">\n<ul>\n<li><strong>Material:<\/strong>\u00a0<a href=\"https:\/\/dekohra.eu\/de\/drevovlaknita-deska-3mm-idealni-material-pro-vyrobu-obrazu\/\">Faserplatte, einseitig lackiert<\/a><\/li>\n<li><strong>Produktdicke:\u00a0<\/strong>3 mm<\/li>\n<li><strong>Hersteller:\u00a0<\/strong><a href=\"http:\/\/dekohra.de\/\" target=\"_blank\" rel=\"noopener\">Dekohra.eu<\/a><\/li>\n<li><strong>Kategorie:<\/strong> <a href=\"https:\/\/dekohra.eu\/de\/produkt-kategorie\/darky\/pro-deti\/\">Geschenke f\u00fcr Kinder<\/a><\/li>\n<li><strong>Abmessungen:<\/strong> 30 x 33 cm<\/li>\n<li><strong>Das Produkt enth\u00e4lt einen eigenen Text<\/strong><\/li>\n<\/ul>\n<\/li>\n<\/ul>\n<\/li>\n<\/ul>\n<\/li>\n<\/ul>\n<\/li>\n<\/ul>\n<\/li>\n<\/ul>\n<\/li>\n<\/ul>\n<\/li>\n<\/ul>\n<p><strong>Welche Gr\u00f6\u00dfe des Holzbildes soll ich w\u00e4hlen:<\/strong><\/p>\n<p><a href=\"https:\/\/dekohra.eu\/de\/clanek\/velikost-drevenych-obrazu-prakticky-pruvodce\/\"><img decoding=\"async\" src=\"https:\/\/dekohra.eu\/_obchody\/go4874\/prilohy\/4\/vyber-velikosti.jpg.big.jpg\" alt=\"\" width=\"400\" \/><\/a><\/p>\n<p>Wandmontage durch Kleben, Kleber ist nicht im Lieferumfang enthalten.<\/p>\n<p style=\"text-align: left;\">","protected":false},"excerpt":{"rendered":"<p>Tlapkov\u00e1 patrola CHASE s vlastn\u00edm textem. Obraz tlapkov\u00e1 patrola CHASE je perfektn\u00ed dekorac\u00ed pro d\u011btsk\u00fd pokoj, kter\u00e1 p\u0159id\u00e1 kouzlo a [&hellip;]<\/p>","protected":false},"featured_media":15871,"comment_status":"open","ping_status":"closed","template":"","meta":{"site-sidebar-layout":"default","site-content-layout":"","ast-site-content-layout":"default","site-content-style":"default","site-sidebar-style":"default","ast-global-header-display":"","ast-banner-title-visibility":"","ast-main-header-display":"","ast-hfb-above-header-display":"","ast-hfb-below-header-display":"","ast-hfb-mobile-header-display":"","site-post-title":"","ast-breadcrumbs-content":"","ast-featured-img":"","footer-sml-layout":"","theme-transparent-header-meta":"default","adv-header-id-meta":"","stick-header-meta":"","header-above-stick-meta":"","header-main-stick-meta":"","header-below-stick-meta":"","astra-migrate-meta-layouts":"set","ast-page-background-enabled":"default","ast-page-background-meta":{"desktop":{"background-color":"var(--ast-global-color-4)","background-image":"","background-repeat":"repeat","background-position":"center center","background-size":"auto","background-attachment":"scroll","background-type":"","background-media":"","overlay-type":"","overlay-color":"","overlay-opacity":"","overlay-gradient":""},"tablet":{"background-color":"","background-image":"","background-repeat":"repeat","background-position":"center center","background-size":"auto","background-attachment":"scroll","background-type":"","background-media":"","overlay-type":"","overlay-color":"","overlay-opacity":"","overlay-gradient":""},"mobile":{"background-color":"","background-image":"","background-repeat":"repeat","background-position":"center center","background-size":"auto","background-attachment":"scroll","background-type":"","background-media":"","overlay-type":"","overlay-color":"","overlay-opacity":"","overlay-gradient":""}},"ast-content-background-meta":{"desktop":{"background-color":"var(--ast-global-color-5)","background-image":"","background-repeat":"repeat","background-position":"center center","background-size":"auto","background-attachment":"scroll","background-type":"","background-media":"","overlay-type":"","overlay-color":"","overlay-opacity":"","overlay-gradient":""},"tablet":{"background-color":"var(--ast-global-color-5)","background-image":"","background-repeat":"repeat","background-position":"center center","background-size":"auto","background-attachment":"scroll","background-type":"","background-media":"","overlay-type":"","overlay-color":"","overlay-opacity":"","overlay-gradient":""},"mobile":{"background-color":"var(--ast-global-color-5)","background-image":"","background-repeat":"repeat","background-position":"center center","background-size":"auto","background-attachment":"scroll","background-type":"","background-media":"","overlay-type":"","overlay-color":"","overlay-opacity":"","overlay-gradient":""}},"jetpack_post_was_ever_published":false},"product_brand":[],"product_cat":[550],"product_tag":[],"class_list":{"0":"post-10983","1":"product","2":"type-product","3":"status-publish","4":"has-post-thumbnail","6":"product_cat-darky-pro-deti","7":"pa_barva-cerna","8":"pa_barva-antracit","9":"pa_barva-bila","10":"pa_barva-cervena","11":"pa_barva-fialova","12":"pa_barva-modra","13":"pa_barva-oranzova","14":"pa_barva-orech","15":"pa_barva-ruzova","16":"pa_barva-zelena","17":"pa_barva-zluta","18":"pa_rozmery-24x26-cm","19":"pa_rozmery-30x33-cm","20":"pa_rozmery-40x45-cm","21":"pa_rozmery-50x56-cm","22":"desktop-align-left","23":"tablet-align-left","24":"mobile-align-left","26":"first","27":"instock","28":"shipping-taxable","29":"purchasable","30":"product-type-variable"},"jetpack_sharing_enabled":true,"_links":{"self":[{"href":"https:\/\/dekohra.eu\/de\/wp-json\/wp\/v2\/product\/10983","targetHints":{"allow":["GET"]}}],"collection":[{"href":"https:\/\/dekohra.eu\/de\/wp-json\/wp\/v2\/product"}],"about":[{"href":"https:\/\/dekohra.eu\/de\/wp-json\/wp\/v2\/types\/product"}],"replies":[{"embeddable":true,"href":"https:\/\/dekohra.eu\/de\/wp-json\/wp\/v2\/comments?post=10983"}],"wp:featuredmedia":[{"embeddable":true,"href":"https:\/\/dekohra.eu\/de\/wp-json\/wp\/v2\/media\/15871"}],"wp:attachment":[{"href":"https:\/\/dekohra.eu\/de\/wp-json\/wp\/v2\/media?parent=10983"}],"wp:term":[{"taxonomy":"product_brand","embeddable":true,"href":"https:\/\/dekohra.eu\/de\/wp-json\/wp\/v2\/product_brand?post=10983"},{"taxonomy":"product_cat","embeddable":true,"href":"https:\/\/dekohra.eu\/de\/wp-json\/wp\/v2\/product_cat?post=10983"},{"taxonomy":"product_tag","embeddable":true,"href":"https:\/\/dekohra.eu\/de\/wp-json\/wp\/v2\/product_tag?post=10983"}],"curies":[{"name":"wp","href":"https:\/\/api.w.org\/{rel}","templated":true}]}}