{"id":10988,"date":"2024-10-22T14:41:12","date_gmt":"2024-10-22T12:41:12","guid":{"rendered":"https:\/\/bazar-komoda.cz\/?post_type=product&#038;p=10988"},"modified":"2025-02-16T20:24:04","modified_gmt":"2025-02-16T19:24:04","slug":"nastenne-hodiny-ozubena-kola","status":"publish","type":"product","link":"https:\/\/dekohra.eu\/de\/produkt\/nastenne-hodiny-ozubena-kola\/","title":{"rendered":"Wanduhr Zahnr\u00e4der"},"content":{"rendered":"<p><!-- upraveno html4output --><\/p>\n<h2>Wanduhr Zahnr\u00e4der<\/h2>\n<p><strong>Gear-Wanduhr \u2013 Bringen Sie mit dieser stilvollen Uhr industrielle Eleganz in Ihr Zuhause.<\/strong><\/p>\n<h3><strong>Einzigartiges und modernes Design<\/strong><\/h3>\n<ul>\n<li>Diese Wanduhr besticht durch ihren originellen Look, inspiriert von <strong>Getriebe<\/strong>, was ihnen <strong>industrieller und moderner Charakter<\/strong>. Es passt perfekt in jedes Interieur, egal ob Wohnzimmer, Arbeitszimmer oder Werkstatt.<\/li>\n<\/ul>\n<h3><strong>Hochwertige Materialien<\/strong><\/h3>\n<ul>\n<li>Die Uhr ist aus massiver 3 mm starker Faserplatte gefertigt und verf\u00fcgt <strong>hochwertiges Quarzuhrwerk<\/strong> sorgt f\u00fcr einen leisen und pr\u00e4zisen Betrieb. Mit einem Durchmesser von 30 cm sind sie praktisch und einfach an der Wand zu montieren.<\/li>\n<\/ul>\n<h3><strong>Stilvolles und praktisches Geschenk<\/strong><\/h3>\n<ul>\n<li>Die Zahnrad-Wanduhr ist das perfekte Geschenk f\u00fcr Liebhaber originellen und funktionalen Designs. Ihr industrieller Stil und der leise Betrieb machen sie zu einer idealen Erg\u00e4nzung f\u00fcr jedes moderne Zuhause.<\/li>\n<\/ul>\n<p>&nbsp;<\/p>\n<h3>Parameter:<\/h3>\n<ul>\n<li><strong>Material:<\/strong>\u00a0<a href=\"https:\/\/dekohra.eu\/de\/drevovlaknita-deska-3mm-idealni-material-pro-vyrobu-obrazu\/\">Faserplatte, einseitig lackiert<\/a><\/li>\n<li><strong>Produktdicke:\u00a0<\/strong>3 mm<\/li>\n<li><strong>Hersteller:\u00a0<\/strong><a href=\"http:\/\/dekohra.de\/\" target=\"_blank\" rel=\"noopener\">Dekohra.eu<\/a><\/li>\n<li><strong>Kategorie:<\/strong> <a href=\"https:\/\/dekohra.eu\/de\/produkt-kategorie\/bytove-dekorace\/drevene-hodiny\/\">Wanduhr aus Holz<\/a><a href=\"https:\/\/dekohra.eu\/de\/kategorie\/drevene-stromy-zivota-na-zed\/\">\n<p><\/a><\/li>\n<li><strong>Abmessungen: 30\u00d730<\/strong> cm<\/li>\n<\/ul>\n<p>&nbsp;<\/p>\n<p><img decoding=\"async\" src=\"https:\/\/dekohra.eu\/_obchody\/go4874\/prilohy\/4\/vyber-velikosti-1.jpg.big.jpg\" alt=\"\" width=\"400\" \/><\/p>\n<p>Batterie: 1xAA (nicht im Lieferumfang enthalten)<\/p>","protected":false},"excerpt":{"rendered":"<p>N\u00e1st\u011bnn\u00e9 hodiny ozuben\u00e1 kola N\u00e1st\u011bnn\u00e9 hodiny ozuben\u00e1 kola &#8211; p\u0159ineste industri\u00e1ln\u00ed eleganci do sv\u00e9ho domova s t\u011bmito stylov\u00fdmi hodinami. Unik\u00e1tn\u00ed [&hellip;]<\/p>","protected":false},"featured_media":1872,"comment_status":"open","ping_status":"closed","template":"","meta":{"site-sidebar-layout":"default","site-content-layout":"","ast-site-content-layout":"default","site-content-style":"default","site-sidebar-style":"default","ast-global-header-display":"","ast-banner-title-visibility":"","ast-main-header-display":"","ast-hfb-above-header-display":"","ast-hfb-below-header-display":"","ast-hfb-mobile-header-display":"","site-post-title":"","ast-breadcrumbs-content":"","ast-featured-img":"","footer-sml-layout":"","theme-transparent-header-meta":"default","adv-header-id-meta":"","stick-header-meta":"","header-above-stick-meta":"","header-main-stick-meta":"","header-below-stick-meta":"","astra-migrate-meta-layouts":"set","ast-page-background-enabled":"default","ast-page-background-meta":{"desktop":{"background-color":"var(--ast-global-color-4)","background-image":"","background-repeat":"repeat","background-position":"center center","background-size":"auto","background-attachment":"scroll","background-type":"","background-media":"","overlay-type":"","overlay-color":"","overlay-opacity":"","overlay-gradient":""},"tablet":{"background-color":"","background-image":"","background-repeat":"repeat","background-position":"center center","background-size":"auto","background-attachment":"scroll","background-type":"","background-media":"","overlay-type":"","overlay-color":"","overlay-opacity":"","overlay-gradient":""},"mobile":{"background-color":"","background-image":"","background-repeat":"repeat","background-position":"center center","background-size":"auto","background-attachment":"scroll","background-type":"","background-media":"","overlay-type":"","overlay-color":"","overlay-opacity":"","overlay-gradient":""}},"ast-content-background-meta":{"desktop":{"background-color":"var(--ast-global-color-5)","background-image":"","background-repeat":"repeat","background-position":"center center","background-size":"auto","background-attachment":"scroll","background-type":"","background-media":"","overlay-type":"","overlay-color":"","overlay-opacity":"","overlay-gradient":""},"tablet":{"background-color":"var(--ast-global-color-5)","background-image":"","background-repeat":"repeat","background-position":"center center","background-size":"auto","background-attachment":"scroll","background-type":"","background-media":"","overlay-type":"","overlay-color":"","overlay-opacity":"","overlay-gradient":""},"mobile":{"background-color":"var(--ast-global-color-5)","background-image":"","background-repeat":"repeat","background-position":"center center","background-size":"auto","background-attachment":"scroll","background-type":"","background-media":"","overlay-type":"","overlay-color":"","overlay-opacity":"","overlay-gradient":""}},"jetpack_post_was_ever_published":false},"product_brand":[],"product_cat":[551],"product_tag":[],"class_list":{"0":"post-10988","1":"product","2":"type-product","3":"status-publish","4":"has-post-thumbnail","6":"product_cat-drevene-hodiny","7":"pa_barva-cerna","8":"pa_barva-antracit","9":"pa_barva-bila","10":"pa_barva-cervena","11":"pa_barva-fialova","12":"pa_barva-modra","13":"pa_barva-oranzova","14":"pa_barva-orech","15":"pa_barva-ruzova","16":"pa_barva-zelena","17":"pa_barva-zluta","18":"desktop-align-left","19":"tablet-align-left","20":"mobile-align-left","22":"first","23":"instock","24":"shipping-taxable","25":"purchasable","26":"product-type-variable"},"jetpack_sharing_enabled":true,"_links":{"self":[{"href":"https:\/\/dekohra.eu\/de\/wp-json\/wp\/v2\/product\/10988","targetHints":{"allow":["GET"]}}],"collection":[{"href":"https:\/\/dekohra.eu\/de\/wp-json\/wp\/v2\/product"}],"about":[{"href":"https:\/\/dekohra.eu\/de\/wp-json\/wp\/v2\/types\/product"}],"replies":[{"embeddable":true,"href":"https:\/\/dekohra.eu\/de\/wp-json\/wp\/v2\/comments?post=10988"}],"wp:featuredmedia":[{"embeddable":true,"href":"https:\/\/dekohra.eu\/de\/wp-json\/wp\/v2\/media\/1872"}],"wp:attachment":[{"href":"https:\/\/dekohra.eu\/de\/wp-json\/wp\/v2\/media?parent=10988"}],"wp:term":[{"taxonomy":"product_brand","embeddable":true,"href":"https:\/\/dekohra.eu\/de\/wp-json\/wp\/v2\/product_brand?post=10988"},{"taxonomy":"product_cat","embeddable":true,"href":"https:\/\/dekohra.eu\/de\/wp-json\/wp\/v2\/product_cat?post=10988"},{"taxonomy":"product_tag","embeddable":true,"href":"https:\/\/dekohra.eu\/de\/wp-json\/wp\/v2\/product_tag?post=10988"}],"curies":[{"name":"wp","href":"https:\/\/api.w.org\/{rel}","templated":true}]}}