{"id":10995,"date":"2024-10-22T14:41:13","date_gmt":"2024-10-22T12:41:13","guid":{"rendered":"https:\/\/bazar-komoda.cz\/?post_type=product&#038;p=10995"},"modified":"2025-02-23T14:35:05","modified_gmt":"2025-02-23T13:35:05","slug":"jeden-milion-korun-ceskych-darek-k-vanocum","status":"publish","type":"product","link":"https:\/\/dekohra.eu\/de\/produkt\/jeden-milion-korun-ceskych-darek-k-vanocum\/","title":{"rendered":"Eine Million tschechische Kronen WEIHNACHTSGESCHENKE"},"content":{"rendered":"<h2 style=\"text-align: left;\">Eine Million tschechische Kronen WEIHNACHTSGESCHENKE.<\/h2>\n<p>WEIHNACHTSGESCHENKE im Wert von einer Million tschechischer Kronen sind eine gro\u00dfartige M\u00f6glichkeit, dem Geburtstagskind eine Freude zu machen und einem Weihnachtsgeschenk eine lustige Note zu verleihen. Dieses einzigartige Geschenk sieht aus wie eine echte Banknote, ist aber <strong>f\u00fcr Spa\u00df und Vergn\u00fcgen konzipiert. <\/strong><\/p>\n<h3>Design und Kreativit\u00e4t<\/h3>\n<ul>\n<li>Die Banknote \u201eMillion Tschechische Kronen\u201c ist so gestaltet, dass sie wie eine echte tschechische Banknote aussieht, wobei die Details und Grafiken sorgf\u00e4ltig ausgearbeitet sind, um ein authentisches Aussehen zu erzielen. Im Inneren ist Platz, um echtes Geld einzuwerfen.<\/li>\n<li>Dieses Produkt ist speziell f\u00fcr <strong>Tschechische Banknoten 100, 200, 500, 1000, 2000 und 5000 CZK. <\/strong><\/li>\n<\/ul>\n<h3>Praktischer Nutzen<\/h3>\n<ul>\n<li>Dieses Geschenk eignet sich f\u00fcr viele Anl\u00e4sse, nicht nur f\u00fcr Weihnachten. Sie k\u00f6nnen es als Teil eines Spiels, als Scherzgeschenk oder als Dekoration bei verschiedenen Feiern verwenden.<\/li>\n<\/ul>\n<h4><\/h4>\n<p><strong>Schenken Sie zu Weihnachten ein au\u00dfergew\u00f6hnliches und originelles Geschenk und machen Sie Ihren Liebsten eine Freude. <\/strong><\/p>\n<h3>Parameter:<\/h3>\n<ul>\n<li><strong style=\"font-size: 16px;\">Material:<\/strong><span style=\"font-size: 16px;\">\u00a0<\/span><a style=\"font-size: 16px; background-color: #ffffff;\" href=\"https:\/\/dekohra.eu\/de\/drevovlaknita-deska-3mm-idealni-material-pro-vyrobu-obrazu\/\">Faserplatte, einseitig lackiert<\/a><\/li>\n<li><strong>Produktdicke:\u00a0<\/strong>3 mm<\/li>\n<li><strong>Hersteller:\u00a0<\/strong><a href=\"http:\/\/dekohra.de\/\" target=\"_blank\" rel=\"noopener\">Dekohra.eu<\/a><\/li>\n<li><strong>Kategorie:<\/strong> <a href=\"https:\/\/dekohra.eu\/de\/produkt-kategorie\/darky\/vanocni-darky\/\">Weihnachtsgeschenke<\/a><\/li>\n<li><strong>Abmessungen: <\/strong>9\u00d716,2 cm<\/li>\n<li><strong>Farbe:<\/strong> Wei\u00df<\/li>\n<\/ul>\n<p>&nbsp;<\/p>","protected":false},"excerpt":{"rendered":"<p>Jeden milion korun \u010cesk\u00fdch D\u00c1REK K V\u00c1NOC\u016eM. Jeden milion korun \u010cesk\u00fdch D\u00c1REK K V\u00c1NOC\u016eM je skv\u011bl\u00fdm zp\u016fsobem, jak pobavit oslavence [&hellip;]<\/p>","protected":false},"featured_media":1900,"comment_status":"open","ping_status":"closed","template":"","meta":{"site-sidebar-layout":"default","site-content-layout":"","ast-site-content-layout":"default","site-content-style":"default","site-sidebar-style":"default","ast-global-header-display":"","ast-banner-title-visibility":"","ast-main-header-display":"","ast-hfb-above-header-display":"","ast-hfb-below-header-display":"","ast-hfb-mobile-header-display":"","site-post-title":"","ast-breadcrumbs-content":"","ast-featured-img":"","footer-sml-layout":"","theme-transparent-header-meta":"default","adv-header-id-meta":"","stick-header-meta":"","header-above-stick-meta":"","header-main-stick-meta":"","header-below-stick-meta":"","astra-migrate-meta-layouts":"set","ast-page-background-enabled":"default","ast-page-background-meta":{"desktop":{"background-color":"var(--ast-global-color-4)","background-image":"","background-repeat":"repeat","background-position":"center center","background-size":"auto","background-attachment":"scroll","background-type":"","background-media":"","overlay-type":"","overlay-color":"","overlay-opacity":"","overlay-gradient":""},"tablet":{"background-color":"","background-image":"","background-repeat":"repeat","background-position":"center center","background-size":"auto","background-attachment":"scroll","background-type":"","background-media":"","overlay-type":"","overlay-color":"","overlay-opacity":"","overlay-gradient":""},"mobile":{"background-color":"","background-image":"","background-repeat":"repeat","background-position":"center center","background-size":"auto","background-attachment":"scroll","background-type":"","background-media":"","overlay-type":"","overlay-color":"","overlay-opacity":"","overlay-gradient":""}},"ast-content-background-meta":{"desktop":{"background-color":"var(--ast-global-color-5)","background-image":"","background-repeat":"repeat","background-position":"center center","background-size":"auto","background-attachment":"scroll","background-type":"","background-media":"","overlay-type":"","overlay-color":"","overlay-opacity":"","overlay-gradient":""},"tablet":{"background-color":"var(--ast-global-color-5)","background-image":"","background-repeat":"repeat","background-position":"center center","background-size":"auto","background-attachment":"scroll","background-type":"","background-media":"","overlay-type":"","overlay-color":"","overlay-opacity":"","overlay-gradient":""},"mobile":{"background-color":"var(--ast-global-color-5)","background-image":"","background-repeat":"repeat","background-position":"center center","background-size":"auto","background-attachment":"scroll","background-type":"","background-media":"","overlay-type":"","overlay-color":"","overlay-opacity":"","overlay-gradient":""}},"jetpack_post_was_ever_published":false},"product_brand":[],"product_cat":[624],"product_tag":[],"class_list":{"0":"post-10995","1":"product","2":"type-product","3":"status-publish","4":"has-post-thumbnail","6":"product_cat-vanocni-darky","7":"pa_barva-cerna","8":"pa_barva-antracit","9":"pa_barva-bila","10":"pa_barva-cervena","11":"pa_barva-fialova","12":"pa_barva-modra","13":"pa_barva-oranzova","14":"pa_barva-orech","15":"pa_barva-ruzova","16":"pa_barva-zelena","17":"pa_barva-zluta","18":"desktop-align-left","19":"tablet-align-left","20":"mobile-align-left","22":"first","23":"instock","24":"shipping-taxable","25":"purchasable","26":"product-type-simple"},"jetpack_sharing_enabled":true,"_links":{"self":[{"href":"https:\/\/dekohra.eu\/de\/wp-json\/wp\/v2\/product\/10995","targetHints":{"allow":["GET"]}}],"collection":[{"href":"https:\/\/dekohra.eu\/de\/wp-json\/wp\/v2\/product"}],"about":[{"href":"https:\/\/dekohra.eu\/de\/wp-json\/wp\/v2\/types\/product"}],"replies":[{"embeddable":true,"href":"https:\/\/dekohra.eu\/de\/wp-json\/wp\/v2\/comments?post=10995"}],"wp:featuredmedia":[{"embeddable":true,"href":"https:\/\/dekohra.eu\/de\/wp-json\/wp\/v2\/media\/1900"}],"wp:attachment":[{"href":"https:\/\/dekohra.eu\/de\/wp-json\/wp\/v2\/media?parent=10995"}],"wp:term":[{"taxonomy":"product_brand","embeddable":true,"href":"https:\/\/dekohra.eu\/de\/wp-json\/wp\/v2\/product_brand?post=10995"},{"taxonomy":"product_cat","embeddable":true,"href":"https:\/\/dekohra.eu\/de\/wp-json\/wp\/v2\/product_cat?post=10995"},{"taxonomy":"product_tag","embeddable":true,"href":"https:\/\/dekohra.eu\/de\/wp-json\/wp\/v2\/product_tag?post=10995"}],"curies":[{"name":"wp","href":"https:\/\/api.w.org\/{rel}","templated":true}]}}