{"id":11002,"date":"2024-10-22T14:41:14","date_gmt":"2024-10-22T12:41:14","guid":{"rendered":"https:\/\/bazar-komoda.cz\/?post_type=product&#038;p=11002"},"modified":"2026-04-05T10:59:25","modified_gmt":"2026-04-05T08:59:25","slug":"drevena-kapsa-na-penize-nic-k-narozeninam","status":"publish","type":"product","link":"https:\/\/dekohra.eu\/de\/produkt\/drevena-kapsa-na-penize-nic-k-narozeninam\/","title":{"rendered":"Geldbeutel aus Holz \u2013 Nix f\u00fcr den Geburtstag"},"content":{"rendered":"<h2 style=\"text-align: left;\">Geldbeutel aus Holz \u2013 Nichts f\u00fcr einen Geburtstag.<\/h2>\n<p style=\"text-align: left;\"><strong>Geldbeutel aus Holz \u2013 Nix f\u00fcr den Geburtstag<\/strong> ist eine originelle und lustige M\u00f6glichkeit, Geld zu spenden. Dieser Umschlag eignet sich perfekt f\u00fcr Geburtstagsfeiern und verleiht Ihrem Geschenk eine pers\u00f6nliche und unvergessliche Note.<\/p>\n<h3>Praktischer Nutzen<\/h3>\n<ul>\n<li>Der Umschlag ist einfach zu handhaben und praktisch. Es ist so konzipiert, dass das Einlegen und Entnehmen von Geld oder Gutscheinen einfach ist, was sowohl f\u00fcr den Schenkenden als auch f\u00fcr den Beschenkten von Vorteil ist. Dieses Produkt ist speziell f\u00fcr tschechische Banknoten im Wert von 100, 200, 500, 1000, 2000 und 5000 CZK konzipiert.<\/li>\n<\/ul>\n<h3>Hochwertige Materialien<\/h3>\n<ul>\n<li>Der Umschlag besteht aus 3 mm dicker Faserplatte, die f\u00fcr Stabilit\u00e4t und Haltbarkeit sorgt.<\/li>\n<\/ul>\n<h3>Elegantes und stilvolles Erscheinungsbild<\/h3>\n<ul>\n<li>Das edle Design und die moderne Lasergravur verleihen dem Umschlag eine luxuri\u00f6se Optik. Wer nicht nur praktisch, sondern auch optisch ansprechend Geld oder Gutscheine spenden m\u00f6chte, f\u00fcr den ist dieses Produkt die ideale Wahl.<\/li>\n<\/ul>\n<p style=\"text-align: left;\">Ein Geldumschlag zum Geburtstag mit der Aufschrift \u201eNichts\u201c ist eine tolle M\u00f6glichkeit, ein Geldgeschenk auf elegante und stilvolle Weise zu \u00fcberreichen. <strong>Machen Sie Ihren Liebsten mit einem au\u00dfergew\u00f6hnlichen und originellen Geburtstagsgeschenk eine Freude. <\/strong><\/p>\n<h3>Parameter:<\/h3>\n<ul>\n<li style=\"list-style-type: none;\">\n<ul>\n<li style=\"list-style-type: none;\">\n<ul>\n<li style=\"list-style-type: none;\">\n<ul>\n<li style=\"list-style-type: none;\">\n<ul>\n<li><strong>Material:<\/strong>\u00a0<a href=\"https:\/\/dekohra.eu\/de\/drevovlaknita-deska-3mm-idealni-material-pro-vyrobu-obrazu\/\">Faserplatte, einseitig lackiert<\/a><\/li>\n<li><strong>Produktdicke:\u00a0<\/strong>3 mm<\/li>\n<li><strong>Hersteller:\u00a0<\/strong><a href=\"http:\/\/dekohra.de\/\" target=\"_blank\" rel=\"noopener\">Dekohra.eu<\/a><\/li>\n<li><strong>Kategorie:<\/strong> <a href=\"https:\/\/dekohra.eu\/de\/produkt-kategorie\/darky\/narozeninove-darky\/\">Geburtstagsgeschenke und Dekorationen<\/a><\/li>\n<li><strong>Abmessungen: <\/strong>9\u00d716,2 cm<\/li>\n<li><strong>Farbe:<\/strong> Wei\u00df<\/li>\n<\/ul>\n<\/li>\n<\/ul>\n<\/li>\n<\/ul>\n<\/li>\n<\/ul>\n<\/li>\n<\/ul>","protected":false},"excerpt":{"rendered":"<p>D\u0159ev\u011bn\u00e1 kapsa na pen\u00edze &#8211; Nic k narozenin\u00e1m. D\u0159ev\u011bn\u00e1 kapsa na pen\u00edze &#8211; Nic k narozenin\u00e1m je origin\u00e1ln\u00ed a vtipn\u00fd [&hellip;]<\/p>","protected":false},"featured_media":19392,"comment_status":"open","ping_status":"closed","template":"","meta":{"site-sidebar-layout":"default","site-content-layout":"","ast-site-content-layout":"default","site-content-style":"default","site-sidebar-style":"default","ast-global-header-display":"","ast-banner-title-visibility":"","ast-main-header-display":"","ast-hfb-above-header-display":"","ast-hfb-below-header-display":"","ast-hfb-mobile-header-display":"","site-post-title":"","ast-breadcrumbs-content":"","ast-featured-img":"","footer-sml-layout":"","theme-transparent-header-meta":"default","adv-header-id-meta":"","stick-header-meta":"","header-above-stick-meta":"","header-main-stick-meta":"","header-below-stick-meta":"","astra-migrate-meta-layouts":"set","ast-page-background-enabled":"default","ast-page-background-meta":{"desktop":{"background-color":"var(--ast-global-color-4)","background-image":"","background-repeat":"repeat","background-position":"center center","background-size":"auto","background-attachment":"scroll","background-type":"","background-media":"","overlay-type":"","overlay-color":"","overlay-opacity":"","overlay-gradient":""},"tablet":{"background-color":"","background-image":"","background-repeat":"repeat","background-position":"center center","background-size":"auto","background-attachment":"scroll","background-type":"","background-media":"","overlay-type":"","overlay-color":"","overlay-opacity":"","overlay-gradient":""},"mobile":{"background-color":"","background-image":"","background-repeat":"repeat","background-position":"center center","background-size":"auto","background-attachment":"scroll","background-type":"","background-media":"","overlay-type":"","overlay-color":"","overlay-opacity":"","overlay-gradient":""}},"ast-content-background-meta":{"desktop":{"background-color":"var(--ast-global-color-5)","background-image":"","background-repeat":"repeat","background-position":"center center","background-size":"auto","background-attachment":"scroll","background-type":"","background-media":"","overlay-type":"","overlay-color":"","overlay-opacity":"","overlay-gradient":""},"tablet":{"background-color":"var(--ast-global-color-5)","background-image":"","background-repeat":"repeat","background-position":"center center","background-size":"auto","background-attachment":"scroll","background-type":"","background-media":"","overlay-type":"","overlay-color":"","overlay-opacity":"","overlay-gradient":""},"mobile":{"background-color":"var(--ast-global-color-5)","background-image":"","background-repeat":"repeat","background-position":"center center","background-size":"auto","background-attachment":"scroll","background-type":"","background-media":"","overlay-type":"","overlay-color":"","overlay-opacity":"","overlay-gradient":""}},"jetpack_post_was_ever_published":false},"product_brand":[],"product_cat":[554],"product_tag":[],"class_list":{"0":"post-11002","1":"product","2":"type-product","3":"status-publish","4":"has-post-thumbnail","6":"product_cat-narozeninove-darky","7":"pa_barva-cerna","8":"pa_barva-antracit","9":"pa_barva-bila","10":"pa_barva-cervena","11":"pa_barva-fialova","12":"pa_barva-modra","13":"pa_barva-oranzova","14":"pa_barva-orech","15":"pa_barva-ruzova","16":"pa_barva-zelena","17":"pa_barva-zluta","18":"desktop-align-left","19":"tablet-align-left","20":"mobile-align-left","22":"first","23":"instock","24":"shipping-taxable","25":"purchasable","26":"product-type-simple"},"jetpack_sharing_enabled":true,"_links":{"self":[{"href":"https:\/\/dekohra.eu\/de\/wp-json\/wp\/v2\/product\/11002","targetHints":{"allow":["GET"]}}],"collection":[{"href":"https:\/\/dekohra.eu\/de\/wp-json\/wp\/v2\/product"}],"about":[{"href":"https:\/\/dekohra.eu\/de\/wp-json\/wp\/v2\/types\/product"}],"replies":[{"embeddable":true,"href":"https:\/\/dekohra.eu\/de\/wp-json\/wp\/v2\/comments?post=11002"}],"wp:featuredmedia":[{"embeddable":true,"href":"https:\/\/dekohra.eu\/de\/wp-json\/wp\/v2\/media\/19392"}],"wp:attachment":[{"href":"https:\/\/dekohra.eu\/de\/wp-json\/wp\/v2\/media?parent=11002"}],"wp:term":[{"taxonomy":"product_brand","embeddable":true,"href":"https:\/\/dekohra.eu\/de\/wp-json\/wp\/v2\/product_brand?post=11002"},{"taxonomy":"product_cat","embeddable":true,"href":"https:\/\/dekohra.eu\/de\/wp-json\/wp\/v2\/product_cat?post=11002"},{"taxonomy":"product_tag","embeddable":true,"href":"https:\/\/dekohra.eu\/de\/wp-json\/wp\/v2\/product_tag?post=11002"}],"curies":[{"name":"wp","href":"https:\/\/api.w.org\/{rel}","templated":true}]}}