{"id":11006,"date":"2024-10-22T14:41:15","date_gmt":"2024-10-22T12:41:15","guid":{"rendered":"https:\/\/bazar-komoda.cz\/?post_type=product&#038;p=11006"},"modified":"2026-04-12T09:47:26","modified_gmt":"2026-04-12T07:47:26","slug":"halloween-dekorace-do-bytu-na-zed","status":"publish","type":"product","link":"https:\/\/dekohra.eu\/de\/produkt\/halloween-dekorace-do-bytu-na-zed\/","title":{"rendered":"Halloween Deko f\u00fcr die Wohnung an der Wand"},"content":{"rendered":"<p><!-- upraveno html4output --><\/p>\n<h2 style=\"text-align: left;\"><strong>Halloween Deko f\u00fcr die Wohnung an der Wand, originelle Wohndeko. <\/strong><\/h2>\n<p>Halloween-Wanddekorationen f\u00fcr Ihre Wohnung sind eine tolle M\u00f6glichkeit, das Interieur Ihres Zuhauses aufzupeppen. <strong>Diese elegante und stilvolle Dekoration verleiht Ihrem Raum ein einzigartiges und kreatives Element.<\/strong><\/p>\n<h3>Hochwertige Materialien<\/h3>\n<ul>\n<li>Die Dekoration besteht aus hochwertiger 3 mm dicker Faserplatte, die gew\u00e4hrleistet <strong>Festigkeit und lange Lebensdauer.<\/strong><\/li>\n<li>Der Hei\u00dfluftballon ist mit Liebe zum Detail und zur \u00c4sthetik gestaltet.<strong> Modernes Laserschneiden erm\u00f6glicht die Erstellung pr\u00e4ziser und \u00e4sthetisch ansprechender Designs<\/strong>das in jedes Interieur passt.<\/li>\n<\/ul>\n<h3>Praktischer Nutzen<\/h3>\n<ul>\n<li>Halloween Wanddeko f\u00fcr deine Wohnung ist praktisch und einfach anzubringen. Zur Auswahl stehen verschiedene Befestigungsm\u00f6glichkeiten, wie beispielsweise doppelseitiges Klebeband oder Minin\u00e4gel.<\/li>\n<\/ul>\n<h3>Elegantes und stilvolles Erscheinungsbild<\/h3>\n<ul>\n<li>Edles Design und pr\u00e4ziser Laserschnitt verleihen der Dekoration eine luxuri\u00f6se Optik. Dieses Produkt ist die ideale Wahl f\u00fcr alle, die ihrem Zuhause ein \u00e4sthetisch ansprechendes Element hinzuf\u00fcgen m\u00f6chten.<\/li>\n<\/ul>\n<p><strong>Moderner Laserschnitt verleiht der Dekoration ein luxuri\u00f6ses Aussehen und erm\u00f6glicht es Ihnen, ein einzigartiges Accessoire zu kreieren. Bestellen Sie diese einzigartige Dekoration und bringen Sie Leben in Ihr Zuhause.<\/strong><\/p>\n<h3>Parameter:<\/h3>\n<ul>\n<li style=\"list-style-type: none;\">\n<ul>\n<li><strong>Material:<\/strong>\u00a0<a href=\"https:\/\/dekohra.eu\/de\/drevovlaknita-deska-3mm-idealni-material-pro-vyrobu-obrazu\/\">Faserplatte, einseitig lackiert<\/a><\/li>\n<li><strong>Produktdicke:\u00a0<\/strong>3 mm<\/li>\n<li><strong>Hersteller:\u00a0<\/strong><a href=\"http:\/\/dekohra.de\/\" target=\"_blank\" rel=\"noopener\">Dekohra.eu<\/a><\/li>\n<li><strong>Kategorie:<\/strong><a href=\"https:\/\/dekohra.eu\/de\/produkt-kategorie\/sezonni-dekorace\/halloween\/\">Halloween<\/a><\/li>\n<\/ul>\n<\/li>\n<\/ul>\n<p>&nbsp;<\/p>\n<p><strong>Welche Gr\u00f6\u00dfe des Holzbildes soll ich w\u00e4hlen:<\/strong><\/p>\n<p><a href=\"https:\/\/dekohra.eu\/de\/clanek\/velikost-drevenych-obrazu-prakticky-pruvodce\/\"><img decoding=\"async\" src=\"https:\/\/dekohra.eu\/_obchody\/go4874\/prilohy\/4\/vyber-velikosti.jpg.big.jpg\" alt=\"\" width=\"400\" \/><\/a><\/p>\n<p>Wandmontage durch Kleben, Kleber ist nicht im Lieferumfang enthalten.<\/p>","protected":false},"excerpt":{"rendered":"<p>Halloween dekorace do bytu na ze\u010f, origin\u00e1ln\u00ed bytov\u00e1 dekorace. Halloween dekorace do bytu na ze\u010f je skv\u011bl\u00fdm zp\u016fsobem, jak o\u017eivit [&hellip;]<\/p>","protected":false},"featured_media":19580,"comment_status":"open","ping_status":"closed","template":"","meta":{"site-sidebar-layout":"default","site-content-layout":"","ast-site-content-layout":"default","site-content-style":"default","site-sidebar-style":"default","ast-global-header-display":"","ast-banner-title-visibility":"","ast-main-header-display":"","ast-hfb-above-header-display":"","ast-hfb-below-header-display":"","ast-hfb-mobile-header-display":"","site-post-title":"","ast-breadcrumbs-content":"","ast-featured-img":"","footer-sml-layout":"","theme-transparent-header-meta":"default","adv-header-id-meta":"","stick-header-meta":"","header-above-stick-meta":"","header-main-stick-meta":"","header-below-stick-meta":"","astra-migrate-meta-layouts":"set","ast-page-background-enabled":"default","ast-page-background-meta":{"desktop":{"background-color":"var(--ast-global-color-4)","background-image":"","background-repeat":"repeat","background-position":"center center","background-size":"auto","background-attachment":"scroll","background-type":"","background-media":"","overlay-type":"","overlay-color":"","overlay-opacity":"","overlay-gradient":""},"tablet":{"background-color":"","background-image":"","background-repeat":"repeat","background-position":"center center","background-size":"auto","background-attachment":"scroll","background-type":"","background-media":"","overlay-type":"","overlay-color":"","overlay-opacity":"","overlay-gradient":""},"mobile":{"background-color":"","background-image":"","background-repeat":"repeat","background-position":"center center","background-size":"auto","background-attachment":"scroll","background-type":"","background-media":"","overlay-type":"","overlay-color":"","overlay-opacity":"","overlay-gradient":""}},"ast-content-background-meta":{"desktop":{"background-color":"var(--ast-global-color-5)","background-image":"","background-repeat":"repeat","background-position":"center center","background-size":"auto","background-attachment":"scroll","background-type":"","background-media":"","overlay-type":"","overlay-color":"","overlay-opacity":"","overlay-gradient":""},"tablet":{"background-color":"var(--ast-global-color-5)","background-image":"","background-repeat":"repeat","background-position":"center center","background-size":"auto","background-attachment":"scroll","background-type":"","background-media":"","overlay-type":"","overlay-color":"","overlay-opacity":"","overlay-gradient":""},"mobile":{"background-color":"var(--ast-global-color-5)","background-image":"","background-repeat":"repeat","background-position":"center center","background-size":"auto","background-attachment":"scroll","background-type":"","background-media":"","overlay-type":"","overlay-color":"","overlay-opacity":"","overlay-gradient":""}},"jetpack_post_was_ever_published":false},"product_brand":[],"product_cat":[555],"product_tag":[],"class_list":{"0":"post-11006","1":"product","2":"type-product","3":"status-publish","4":"has-post-thumbnail","6":"product_cat-halloweenske-dekorace","7":"pa_barva-cerna","8":"pa_barva-antracit","9":"pa_barva-bila","10":"pa_barva-cervena","11":"pa_barva-fialova","12":"pa_barva-modra","13":"pa_barva-oranzova","14":"pa_barva-orech","15":"pa_barva-ruzova","16":"pa_barva-zelena","17":"pa_barva-zluta","18":"pa_rozmery-60x19-cm","19":"desktop-align-left","20":"tablet-align-left","21":"mobile-align-left","23":"first","24":"instock","25":"shipping-taxable","26":"purchasable","27":"product-type-variable"},"jetpack_sharing_enabled":true,"_links":{"self":[{"href":"https:\/\/dekohra.eu\/de\/wp-json\/wp\/v2\/product\/11006","targetHints":{"allow":["GET"]}}],"collection":[{"href":"https:\/\/dekohra.eu\/de\/wp-json\/wp\/v2\/product"}],"about":[{"href":"https:\/\/dekohra.eu\/de\/wp-json\/wp\/v2\/types\/product"}],"replies":[{"embeddable":true,"href":"https:\/\/dekohra.eu\/de\/wp-json\/wp\/v2\/comments?post=11006"}],"wp:featuredmedia":[{"embeddable":true,"href":"https:\/\/dekohra.eu\/de\/wp-json\/wp\/v2\/media\/19580"}],"wp:attachment":[{"href":"https:\/\/dekohra.eu\/de\/wp-json\/wp\/v2\/media?parent=11006"}],"wp:term":[{"taxonomy":"product_brand","embeddable":true,"href":"https:\/\/dekohra.eu\/de\/wp-json\/wp\/v2\/product_brand?post=11006"},{"taxonomy":"product_cat","embeddable":true,"href":"https:\/\/dekohra.eu\/de\/wp-json\/wp\/v2\/product_cat?post=11006"},{"taxonomy":"product_tag","embeddable":true,"href":"https:\/\/dekohra.eu\/de\/wp-json\/wp\/v2\/product_tag?post=11006"}],"curies":[{"name":"wp","href":"https:\/\/api.w.org\/{rel}","templated":true}]}}