{"id":11011,"date":"2024-10-22T14:41:16","date_gmt":"2024-10-22T12:41:16","guid":{"rendered":"https:\/\/bazar-komoda.cz\/?post_type=product&#038;p=11011"},"modified":"2025-05-26T12:10:51","modified_gmt":"2025-05-26T10:10:51","slug":"drevena-svatebni-cedule-vitejte","status":"publish","type":"product","link":"https:\/\/dekohra.eu\/de\/produkt\/drevena-svatebni-cedule-vitejte\/","title":{"rendered":"Willkommensschild aus Holz zur Hochzeit \u2013 Stilvolle Dekoration f\u00fcr Ihren gro\u00dfen Tag"},"content":{"rendered":"<div class=\"flex flex-grow flex-col max-w-full\">\n<div class=\"min-h-[20px] text-message flex flex-col items-start whitespace-pre-wrap break-words [.text-message+&amp;]:mt-5 juice:w-full juice:items-end overflow-x-auto gap-2\" dir=\"auto\" data-message-author-role=\"assistant\" data-message-id=\"8ad4f04d-4099-4406-86f4-005018bc1eed\">\n<div class=\"flex w-full flex-col gap-1 juice:empty:hidden juice:first:pt-[3px]\">\n<div class=\"markdown prose w-full break-words dark:prose-invert light\">\n<div class=\"flex flex-grow flex-col max-w-full\">\n<div class=\"min-h-[20px] text-message flex flex-col items-start whitespace-pre-wrap break-words [.text-message+&amp;]:mt-5 juice:w-full juice:items-end overflow-x-auto gap-2\" dir=\"auto\" data-message-author-role=\"assistant\" data-message-id=\"8ad4f04d-4099-4406-86f4-005018bc1eed\">\n<div class=\"flex w-full flex-col gap-1 juice:empty:hidden juice:first:pt-[3px]\">\n<h2 class=\"markdown prose w-full break-words dark:prose-invert light\">Willkommensschild aus Holz zur Hochzeit - Stilvolle Dekoration f\u00fcr Ihren gro\u00dfen Tag.<\/h2>\n<p>Ein h\u00f6lzernes Willkommensschild f\u00fcr die Hochzeit ist ein zentrales Element jeder <strong>Hochzeitsdekorationen<\/strong>. Sie hei\u00dfen Ihre G\u00e4ste willkommen und<strong> Sie verleihen der Hochzeit eine pers\u00f6nliche Note<\/strong>. An strategischen Standorten gelegen <strong>Es hinterl\u00e4sst einen unvergesslichen ersten Eindruck und verbessert die Gesamtatmosph\u00e4re.<\/strong><\/p>\n<\/div>\n<\/div>\n<\/div>\n<\/div>\n<\/div>\n<\/div>\n<\/div>\n<h3>Hochwertige Materialien<\/h3>\n<ul>\n<li>Das Schild besteht aus 3 mm dickem Pappelsperrholz, was f\u00fcr Langlebigkeit und Stabilit\u00e4t sorgt.<\/li>\n<\/ul>\n<h3>Personalisierung<\/h3>\n<ul>\n<li>Die Schilder k\u00f6nnen individuell nach Ihren W\u00fcnschen gestaltet werden. Sie k\u00f6nnen es mit Blumen, Kerzen oder anderen Dekorationen schm\u00fccken. Durch die Personalisierung mit den Namen von Braut und Br\u00e4utigam, dem Hochzeitsdatum oder einer besonderen Nachricht erh\u00e4lt das Schild ein einzigartiges Aussehen.<\/li>\n<\/ul>\n<h3>Design und Kreativit\u00e4t<\/h3>\n<ul>\n<li>Ein personalisiertes Schild mit eingravierten Namen und Hochzeitsdatum verleiht Ihrer Hochzeitsdekoration ein einzigartiges und unvergessliches Aussehen.<\/li>\n<\/ul>\n<h3>Praktischer Nutzen<\/h3>\n<ul>\n<li>Das Schild ist leicht und einfach zu tragen, ideal zum Aufstellen am Eingang einer Hochzeitszeremonie oder Feier. Da verschiedene Gr\u00f6\u00dfen verf\u00fcgbar sind, k\u00f6nnen Sie diejenige ausw\u00e4hlen, die Ihren Anforderungen am besten entspricht.<\/li>\n<\/ul>\n<h3>Parameter:<\/h3>\n<ul>\n<li><strong>Material: Pappelsperrholz<\/strong><\/li>\n<li><strong>Produktdicke:\u00a0<\/strong>3 mm<\/li>\n<li><strong>Hersteller:\u00a0<\/strong><a href=\"http:\/\/dekohra.de\/\" target=\"_blank\" rel=\"noopener\">Dekohra.eu<\/a><\/li>\n<li><strong>Kategorie: <\/strong><a href=\"https:\/\/dekohra.eu\/de\/produkt-kategorie\/svatebni-vyzdoba\/\">Hochzeitsdekoration<\/a><\/li>\n<li><strong>Technologie: <\/strong><a href=\"https:\/\/dekohra.eu\/de\/moderni-laserova-technologie-rezani-a-gravirovani\/\">Moderne Laserschneidtechnologie<\/a><\/li>\n<li><strong>Abmessungen:<\/strong> je nach Wahl der Variante<\/li>\n<\/ul>","protected":false},"excerpt":{"rendered":"<p>D\u0159ev\u011bn\u00e1 svatebn\u00ed cedule v\u00edtejte \u2013 Stylov\u00e1 dekorace na v\u00e1\u0161 velk\u00fd den. D\u0159ev\u011bn\u00e1 svatebn\u00ed cedule v\u00edtejte je kl\u00ed\u010dov\u00fdm prvkem ka\u017ed\u00e9 svatebn\u00ed [&hellip;]<\/p>","protected":false},"featured_media":16397,"comment_status":"open","ping_status":"closed","template":"","meta":{"site-sidebar-layout":"default","site-content-layout":"","ast-site-content-layout":"default","site-content-style":"default","site-sidebar-style":"default","ast-global-header-display":"","ast-banner-title-visibility":"","ast-main-header-display":"","ast-hfb-above-header-display":"","ast-hfb-below-header-display":"","ast-hfb-mobile-header-display":"","site-post-title":"","ast-breadcrumbs-content":"","ast-featured-img":"","footer-sml-layout":"","theme-transparent-header-meta":"default","adv-header-id-meta":"","stick-header-meta":"","header-above-stick-meta":"","header-main-stick-meta":"","header-below-stick-meta":"","astra-migrate-meta-layouts":"set","ast-page-background-enabled":"default","ast-page-background-meta":{"desktop":{"background-color":"var(--ast-global-color-4)","background-image":"","background-repeat":"repeat","background-position":"center center","background-size":"auto","background-attachment":"scroll","background-type":"","background-media":"","overlay-type":"","overlay-color":"","overlay-opacity":"","overlay-gradient":""},"tablet":{"background-color":"","background-image":"","background-repeat":"repeat","background-position":"center center","background-size":"auto","background-attachment":"scroll","background-type":"","background-media":"","overlay-type":"","overlay-color":"","overlay-opacity":"","overlay-gradient":""},"mobile":{"background-color":"","background-image":"","background-repeat":"repeat","background-position":"center center","background-size":"auto","background-attachment":"scroll","background-type":"","background-media":"","overlay-type":"","overlay-color":"","overlay-opacity":"","overlay-gradient":""}},"ast-content-background-meta":{"desktop":{"background-color":"var(--ast-global-color-5)","background-image":"","background-repeat":"repeat","background-position":"center center","background-size":"auto","background-attachment":"scroll","background-type":"","background-media":"","overlay-type":"","overlay-color":"","overlay-opacity":"","overlay-gradient":""},"tablet":{"background-color":"var(--ast-global-color-5)","background-image":"","background-repeat":"repeat","background-position":"center center","background-size":"auto","background-attachment":"scroll","background-type":"","background-media":"","overlay-type":"","overlay-color":"","overlay-opacity":"","overlay-gradient":""},"mobile":{"background-color":"var(--ast-global-color-5)","background-image":"","background-repeat":"repeat","background-position":"center center","background-size":"auto","background-attachment":"scroll","background-type":"","background-media":"","overlay-type":"","overlay-color":"","overlay-opacity":"","overlay-gradient":""}},"jetpack_post_was_ever_published":false},"product_brand":[],"product_cat":[558],"product_tag":[],"class_list":{"0":"post-11011","1":"product","2":"type-product","3":"status-publish","4":"has-post-thumbnail","6":"product_cat-svatebni-vyzdoba","7":"pa_rozmery-16x24-cm","8":"pa_rozmery-20x30-cm","9":"pa_rozmery-40x60-cm","10":"pa_rozmery-50x75-cm","11":"desktop-align-left","12":"tablet-align-left","13":"mobile-align-left","15":"first","16":"instock","17":"shipping-taxable","18":"purchasable","19":"product-type-variable"},"jetpack_sharing_enabled":true,"_links":{"self":[{"href":"https:\/\/dekohra.eu\/de\/wp-json\/wp\/v2\/product\/11011","targetHints":{"allow":["GET"]}}],"collection":[{"href":"https:\/\/dekohra.eu\/de\/wp-json\/wp\/v2\/product"}],"about":[{"href":"https:\/\/dekohra.eu\/de\/wp-json\/wp\/v2\/types\/product"}],"replies":[{"embeddable":true,"href":"https:\/\/dekohra.eu\/de\/wp-json\/wp\/v2\/comments?post=11011"}],"wp:featuredmedia":[{"embeddable":true,"href":"https:\/\/dekohra.eu\/de\/wp-json\/wp\/v2\/media\/16397"}],"wp:attachment":[{"href":"https:\/\/dekohra.eu\/de\/wp-json\/wp\/v2\/media?parent=11011"}],"wp:term":[{"taxonomy":"product_brand","embeddable":true,"href":"https:\/\/dekohra.eu\/de\/wp-json\/wp\/v2\/product_brand?post=11011"},{"taxonomy":"product_cat","embeddable":true,"href":"https:\/\/dekohra.eu\/de\/wp-json\/wp\/v2\/product_cat?post=11011"},{"taxonomy":"product_tag","embeddable":true,"href":"https:\/\/dekohra.eu\/de\/wp-json\/wp\/v2\/product_tag?post=11011"}],"curies":[{"name":"wp","href":"https:\/\/api.w.org\/{rel}","templated":true}]}}