{"id":11025,"date":"2024-10-22T14:41:39","date_gmt":"2024-10-22T12:41:39","guid":{"rendered":"https:\/\/bazar-komoda.cz\/?post_type=product&#038;p=11025"},"modified":"2025-02-16T20:22:09","modified_gmt":"2025-02-16T19:22:09","slug":"retro-kuchynske-hodiny","status":"publish","type":"product","link":"https:\/\/dekohra.eu\/de\/produkt\/retro-kuchynske-hodiny\/","title":{"rendered":"Retro K\u00fcchenuhr"},"content":{"rendered":"<p><!-- upraveno html4output --><\/p>\n<h2>Retro K\u00fcchenuhr<\/h2>\n<p><strong>Retro-K\u00fcchenuhren kombinieren einen klassischen Look mit moderner Funktionalit\u00e4t.<\/strong><\/p>\n<h3><strong>Edles Design mit Retro-Elementen<\/strong><\/h3>\n<ul>\n<li>Diese Uhr besticht durch ein wundersch\u00f6nes Design, inspiriert von<strong> Retro-Stil<\/strong>, das perfekt in jedes K\u00fccheninterieur passt. Ihr schwarzes oder wei\u00dfes Design zusammen mit <strong>M\u00f6glichkeit, die Farbe der Zeiger zu w\u00e4hlen<\/strong> verleiht der Uhr ein einzigartiges Aussehen.<\/li>\n<\/ul>\n<h3><strong>Hochwertige Materialien<\/strong><\/h3>\n<ul>\n<li>Die Uhr besteht aus 3 mm dicker hochdichter Faserplatte, was ihre Robustheit und Langlebigkeit gew\u00e4hrleistet.<\/li>\n<\/ul>\n<h3><strong>Pr\u00e4ziser und leiser Betrieb<\/strong><\/h3>\n<ul>\n<li>Die Uhr hat <strong>hochwertiges Quarzuhrwerk<\/strong>, das f\u00fcr einen leisen und pr\u00e4zisen Lauf ohne st\u00f6rendes Ticken sorgt.<\/li>\n<\/ul>\n<h3><strong>Praktische Abmessungen<\/strong><\/h3>\n<ul>\n<li>Mit einem Durchmesser von 30 cm ist diese Uhr ideal f\u00fcr jede K\u00fcche. Sie sind gro\u00df genug, um leicht lesbar zu sein, aber dennoch kompakt genug, um nicht zu viel Platz einzunehmen.<\/li>\n<\/ul>\n<h3><strong>Einfache Installation<\/strong><\/h3>\n<ul>\n<li>Die Uhr l\u00e4sst sich leicht an der Wand montieren, sodass die Installation schnell und einfach ist.<\/li>\n<\/ul>\n<h3><strong>Tolles Geschenk<\/strong><\/h3>\n<ul>\n<li>Retro-K\u00fcchenuhren sind ein tolles Geschenk f\u00fcr Liebhaber von stilvollem Design und K\u00fcchenaccessoires. Sie sind praktisch und zugleich \u00e4sthetisch ansprechend.<\/li>\n<\/ul>\n<p>&nbsp;<\/p>\n<ul>\n<li>\n<h3>Parameter:<\/h3>\n<ul>\n<li><strong>Material:<\/strong>\u00a0<a href=\"https:\/\/dekohra.eu\/de\/drevovlaknita-deska-3mm-idealni-material-pro-vyrobu-obrazu\/\">Faserplatte, einseitig lackiert<\/a><\/li>\n<li><strong>Produktdicke:\u00a0<\/strong>3 mm<\/li>\n<li><strong>Hersteller:\u00a0<\/strong><a href=\"http:\/\/dekohra.de\/\" target=\"_blank\" rel=\"noopener\">Dekohra.eu<\/a><\/li>\n<li><strong>Kategorie:<\/strong> <a href=\"https:\/\/dekohra.eu\/de\/produkt-kategorie\/bytove-dekorace\/drevene-hodiny\/\">Wanduhr aus Holz<\/a><a href=\"https:\/\/dekohra.eu\/de\/kategorie\/drevene-stromy-zivota-na-zed\/\">\n<p><\/a><\/li>\n<li><strong>Abmessungen: <\/strong>27\u00d727 cm<\/li>\n<\/ul>\n<\/li>\n<\/ul>\n<p>&nbsp;<\/p>\n<p><img decoding=\"async\" src=\"https:\/\/dekohra.eu\/_obchody\/go4874\/prilohy\/4\/vyber-velikosti-1.jpg.big.jpg\" alt=\"\" width=\"400\" \/><\/p>\n<p>Batterie: 1xAA (nicht im Lieferumfang enthalten)<\/p>","protected":false},"excerpt":{"rendered":"<p>Retro kuchy\u0148sk\u00e9 hodiny Retro kuchy\u0148sk\u00e9 hodiny spojuj\u00ed klasick\u00fd vzhled s modern\u00ed funk\u010dnost\u00ed. Elegantn\u00ed design s retro prvky Tyto hodiny se [&hellip;]<\/p>","protected":false},"featured_media":2031,"comment_status":"open","ping_status":"closed","template":"","meta":{"site-sidebar-layout":"default","site-content-layout":"","ast-site-content-layout":"default","site-content-style":"default","site-sidebar-style":"default","ast-global-header-display":"","ast-banner-title-visibility":"","ast-main-header-display":"","ast-hfb-above-header-display":"","ast-hfb-below-header-display":"","ast-hfb-mobile-header-display":"","site-post-title":"","ast-breadcrumbs-content":"","ast-featured-img":"","footer-sml-layout":"","theme-transparent-header-meta":"default","adv-header-id-meta":"","stick-header-meta":"","header-above-stick-meta":"","header-main-stick-meta":"","header-below-stick-meta":"","astra-migrate-meta-layouts":"set","ast-page-background-enabled":"default","ast-page-background-meta":{"desktop":{"background-color":"var(--ast-global-color-4)","background-image":"","background-repeat":"repeat","background-position":"center center","background-size":"auto","background-attachment":"scroll","background-type":"","background-media":"","overlay-type":"","overlay-color":"","overlay-opacity":"","overlay-gradient":""},"tablet":{"background-color":"","background-image":"","background-repeat":"repeat","background-position":"center center","background-size":"auto","background-attachment":"scroll","background-type":"","background-media":"","overlay-type":"","overlay-color":"","overlay-opacity":"","overlay-gradient":""},"mobile":{"background-color":"","background-image":"","background-repeat":"repeat","background-position":"center center","background-size":"auto","background-attachment":"scroll","background-type":"","background-media":"","overlay-type":"","overlay-color":"","overlay-opacity":"","overlay-gradient":""}},"ast-content-background-meta":{"desktop":{"background-color":"var(--ast-global-color-5)","background-image":"","background-repeat":"repeat","background-position":"center center","background-size":"auto","background-attachment":"scroll","background-type":"","background-media":"","overlay-type":"","overlay-color":"","overlay-opacity":"","overlay-gradient":""},"tablet":{"background-color":"var(--ast-global-color-5)","background-image":"","background-repeat":"repeat","background-position":"center center","background-size":"auto","background-attachment":"scroll","background-type":"","background-media":"","overlay-type":"","overlay-color":"","overlay-opacity":"","overlay-gradient":""},"mobile":{"background-color":"var(--ast-global-color-5)","background-image":"","background-repeat":"repeat","background-position":"center center","background-size":"auto","background-attachment":"scroll","background-type":"","background-media":"","overlay-type":"","overlay-color":"","overlay-opacity":"","overlay-gradient":""}},"jetpack_post_was_ever_published":false},"product_brand":[],"product_cat":[551],"product_tag":[],"class_list":{"0":"post-11025","1":"product","2":"type-product","3":"status-publish","4":"has-post-thumbnail","6":"product_cat-drevene-hodiny","7":"pa_barva-cerna","8":"pa_barva-antracit","9":"pa_barva-bila","10":"pa_barva-cervena","11":"pa_barva-fialova","12":"pa_barva-modra","13":"pa_barva-oranzova","14":"pa_barva-orech","15":"pa_barva-ruzova","16":"pa_barva-zelena","17":"pa_barva-zluta","18":"desktop-align-left","19":"tablet-align-left","20":"mobile-align-left","22":"first","23":"instock","24":"shipping-taxable","25":"purchasable","26":"product-type-variable"},"jetpack_sharing_enabled":true,"_links":{"self":[{"href":"https:\/\/dekohra.eu\/de\/wp-json\/wp\/v2\/product\/11025","targetHints":{"allow":["GET"]}}],"collection":[{"href":"https:\/\/dekohra.eu\/de\/wp-json\/wp\/v2\/product"}],"about":[{"href":"https:\/\/dekohra.eu\/de\/wp-json\/wp\/v2\/types\/product"}],"replies":[{"embeddable":true,"href":"https:\/\/dekohra.eu\/de\/wp-json\/wp\/v2\/comments?post=11025"}],"wp:featuredmedia":[{"embeddable":true,"href":"https:\/\/dekohra.eu\/de\/wp-json\/wp\/v2\/media\/2031"}],"wp:attachment":[{"href":"https:\/\/dekohra.eu\/de\/wp-json\/wp\/v2\/media?parent=11025"}],"wp:term":[{"taxonomy":"product_brand","embeddable":true,"href":"https:\/\/dekohra.eu\/de\/wp-json\/wp\/v2\/product_brand?post=11025"},{"taxonomy":"product_cat","embeddable":true,"href":"https:\/\/dekohra.eu\/de\/wp-json\/wp\/v2\/product_cat?post=11025"},{"taxonomy":"product_tag","embeddable":true,"href":"https:\/\/dekohra.eu\/de\/wp-json\/wp\/v2\/product_tag?post=11025"}],"curies":[{"name":"wp","href":"https:\/\/api.w.org\/{rel}","templated":true}]}}