{"id":11026,"date":"2024-10-22T14:41:39","date_gmt":"2024-10-22T12:41:39","guid":{"rendered":"https:\/\/bazar-komoda.cz\/?post_type=product&#038;p=11026"},"modified":"2025-02-25T11:10:42","modified_gmt":"2025-02-25T10:10:42","slug":"gravirovana-fotka-do-dreva-rozmery-10x15cm-1ks","status":"publish","type":"product","link":"https:\/\/dekohra.eu\/de\/produkt\/gravirovana-fotka-do-dreva-rozmery-10x15cm-1ks\/","title":{"rendered":"Graviertes Foto in Holz \u2013 Ma\u00dfe 10x15cm \u2013 1Stk"},"content":{"rendered":"<h2 style=\"text-align: left;\"><strong>Graviertes Foto in Holz \u2013 Ma\u00dfe 10x15cm \u2013 1 Stk.<\/strong><\/h2>\n<h2 style=\"text-align: left;\"><\/h2>\n<p style=\"text-align: left;\"><strong>Graviertes Foto in Holz<\/strong> ist eine tolle M\u00f6glichkeit, ein au\u00dfergew\u00f6hnliches und pers\u00f6nliches Geschenk f\u00fcr Ihre Lieben zu kreieren. Dieses Produkt erm\u00f6glicht <strong>eigene Fotoauswahl<\/strong> und die anschlie\u00dfende<strong> Gravur auf einem Holzbrett<\/strong> \u00dcber Gr\u00f6\u00dfe <strong>21x15cm<\/strong>. \u00dcber dieses Geschenk freut sich sicherlich jeder, der Freude daran hat. Es kann als Innendekoration oder als unvergessliches Souvenir verwendet werden.<strong> F\u00fcr ein optimales Ergebnis empfehlen wir die Auswahl qualitativ hochwertiger, scharfer Fotos mit ausreichend Kontrast.<\/strong><\/p>\n<p style=\"text-align: left;\"><strong>Foto auf Holz <strong>Es wird das Herzst\u00fcck Ihres Zuhauses sein, wo sich die Familie versammelt.<\/strong><\/strong><\/p>\n<ul>\n<li style=\"text-align: left;\">Material: Holzsperrholz, Dicke 4 mm.<\/li>\n<\/ul>\n<ul>\n<li style=\"text-align: left;\">Produktabmessungen: <strong>100 x 150 mm.<\/strong><\/li>\n<\/ul>\n<ul>\n<li style=\"text-align: left;\">Die Fotos, die Sie uns schicken, werden <strong>Lasergravur.<\/strong> Wir gravieren Fotos in Holz und andere Materialien.<\/li>\n<\/ul>\n<ul>\n<li style=\"text-align: left;\">Farbe: Naturholz<\/li>\n<\/ul>\n<h3>Parameter:<\/h3>\n<ul>\n<li><strong>Produktdicke: <\/strong>4 mm<\/li>\n<li><strong>Hersteller: <\/strong><a href=\"https:\/\/dekohra.eu\/de\/\">Dekohra.eu<\/a><\/li>\n<li><strong>Kategorie: <\/strong><a href=\"https:\/\/dekohra.eu\/de\/produkt-kategorie\/vyroba-na-zakazku\/fotografie\/\">Gravur und Fotografie<\/a><\/li>\n<\/ul>\n<p>&nbsp;<\/p>","protected":false},"excerpt":{"rendered":"<p>Grav\u00edrovan\u00e1 fotka do d\u0159eva &#8211; rozm\u011bry 10x15cm &#8211; 1ks. Grav\u00edrovan\u00e1 fotka do d\u0159eva je skv\u011bl\u00fdm zp\u016fsobem, jak vytvo\u0159it nev\u0161edn\u00ed a [&hellip;]<\/p>","protected":false},"featured_media":2033,"comment_status":"open","ping_status":"closed","template":"","meta":{"site-sidebar-layout":"default","site-content-layout":"","ast-site-content-layout":"default","site-content-style":"default","site-sidebar-style":"default","ast-global-header-display":"","ast-banner-title-visibility":"","ast-main-header-display":"","ast-hfb-above-header-display":"","ast-hfb-below-header-display":"","ast-hfb-mobile-header-display":"","site-post-title":"","ast-breadcrumbs-content":"","ast-featured-img":"","footer-sml-layout":"","theme-transparent-header-meta":"default","adv-header-id-meta":"","stick-header-meta":"","header-above-stick-meta":"","header-main-stick-meta":"","header-below-stick-meta":"","astra-migrate-meta-layouts":"set","ast-page-background-enabled":"default","ast-page-background-meta":{"desktop":{"background-color":"var(--ast-global-color-4)","background-image":"","background-repeat":"repeat","background-position":"center center","background-size":"auto","background-attachment":"scroll","background-type":"","background-media":"","overlay-type":"","overlay-color":"","overlay-opacity":"","overlay-gradient":""},"tablet":{"background-color":"","background-image":"","background-repeat":"repeat","background-position":"center center","background-size":"auto","background-attachment":"scroll","background-type":"","background-media":"","overlay-type":"","overlay-color":"","overlay-opacity":"","overlay-gradient":""},"mobile":{"background-color":"","background-image":"","background-repeat":"repeat","background-position":"center center","background-size":"auto","background-attachment":"scroll","background-type":"","background-media":"","overlay-type":"","overlay-color":"","overlay-opacity":"","overlay-gradient":""}},"ast-content-background-meta":{"desktop":{"background-color":"var(--ast-global-color-5)","background-image":"","background-repeat":"repeat","background-position":"center center","background-size":"auto","background-attachment":"scroll","background-type":"","background-media":"","overlay-type":"","overlay-color":"","overlay-opacity":"","overlay-gradient":""},"tablet":{"background-color":"var(--ast-global-color-5)","background-image":"","background-repeat":"repeat","background-position":"center center","background-size":"auto","background-attachment":"scroll","background-type":"","background-media":"","overlay-type":"","overlay-color":"","overlay-opacity":"","overlay-gradient":""},"mobile":{"background-color":"var(--ast-global-color-5)","background-image":"","background-repeat":"repeat","background-position":"center center","background-size":"auto","background-attachment":"scroll","background-type":"","background-media":"","overlay-type":"","overlay-color":"","overlay-opacity":"","overlay-gradient":""}},"jetpack_post_was_ever_published":false},"product_brand":[],"product_cat":[561],"product_tag":[],"class_list":{"0":"post-11026","1":"product","2":"type-product","3":"status-publish","4":"has-post-thumbnail","6":"product_cat-gravirovane-fotografie","7":"pa_barva-cerna","8":"pa_barva-antracit","9":"pa_barva-bila","10":"pa_barva-cervena","11":"pa_barva-fialova","12":"pa_barva-modra","13":"pa_barva-oranzova","14":"pa_barva-orech","15":"pa_barva-ruzova","16":"pa_barva-zelena","17":"pa_barva-zluta","18":"desktop-align-left","19":"tablet-align-left","20":"mobile-align-left","22":"first","23":"instock","24":"shipping-taxable","25":"purchasable","26":"product-type-simple"},"jetpack_sharing_enabled":true,"_links":{"self":[{"href":"https:\/\/dekohra.eu\/de\/wp-json\/wp\/v2\/product\/11026","targetHints":{"allow":["GET"]}}],"collection":[{"href":"https:\/\/dekohra.eu\/de\/wp-json\/wp\/v2\/product"}],"about":[{"href":"https:\/\/dekohra.eu\/de\/wp-json\/wp\/v2\/types\/product"}],"replies":[{"embeddable":true,"href":"https:\/\/dekohra.eu\/de\/wp-json\/wp\/v2\/comments?post=11026"}],"wp:featuredmedia":[{"embeddable":true,"href":"https:\/\/dekohra.eu\/de\/wp-json\/wp\/v2\/media\/2033"}],"wp:attachment":[{"href":"https:\/\/dekohra.eu\/de\/wp-json\/wp\/v2\/media?parent=11026"}],"wp:term":[{"taxonomy":"product_brand","embeddable":true,"href":"https:\/\/dekohra.eu\/de\/wp-json\/wp\/v2\/product_brand?post=11026"},{"taxonomy":"product_cat","embeddable":true,"href":"https:\/\/dekohra.eu\/de\/wp-json\/wp\/v2\/product_cat?post=11026"},{"taxonomy":"product_tag","embeddable":true,"href":"https:\/\/dekohra.eu\/de\/wp-json\/wp\/v2\/product_tag?post=11026"}],"curies":[{"name":"wp","href":"https:\/\/api.w.org\/{rel}","templated":true}]}}