{"id":11034,"date":"2024-10-22T14:41:40","date_gmt":"2024-10-22T12:41:40","guid":{"rendered":"https:\/\/bazar-komoda.cz\/?post_type=product&#038;p=11034"},"modified":"2026-04-09T11:20:29","modified_gmt":"2026-04-09T09:20:29","slug":"jmenovka-na-dvere-welcome","status":"publish","type":"product","link":"https:\/\/dekohra.eu\/de\/produkt\/jmenovka-na-dvere-welcome\/","title":{"rendered":"T\u00fcrnamensschild - Willkommen"},"content":{"rendered":"<h2 style=\"text-align: left;\"><strong>T\u00fcrschild mit Namensschild \u2013 Willkommen.<\/strong><\/h2>\n<p>Das T\u00fcrschild \u201eWillkommen\u201c ist die perfekte Dekoration f\u00fcr jedes Zuhause. Ein schlichtes, aber elegantes Design mit der Inschrift \u201e<strong>Willkommen<\/strong>Mit seinem wundersch\u00f6nen Blumenmuster verleiht es Ihrem Zuhause sofort eine einladende Atmosph\u00e4re. Diese Dekoration l\u00e4sst sich problemlos an jeder Haust\u00fcr oder auch als Wanddekoration im Innenbereich anbringen. Das Namensschild ist aus hochwertigem Material gefertigt. Die erstklassige Verarbeitung dieses Produkts sorgt daf\u00fcr, dass Ihr Zuhause f\u00fcr jeden Gast einen hervorragenden Eindruck macht.<\/p>\n<p style=\"text-align: left;\">Material: Holzplatte, 3mm dick.<\/p>\n<p style=\"text-align: left;\">Abmessungen: Abh\u00e4ngig von der gew\u00e4hlten Variante<\/p>\n<p>Farbe: <strong>Schwarz<\/strong><\/p>\n<p>Lasergeschnitten, bei Interesse gerne auch in anderen Gr\u00f6\u00dfen oder mit der Gravur einer Widmung anfragen.<\/p>\n<p>Wandmontage durch Kleben, Kleber ist nicht im Lieferumfang enthalten.<\/p>\n<p>&nbsp;<\/p>","protected":false},"excerpt":{"rendered":"<p>Jmenovka na dve\u0159e- Welcome. Jmenovka na dve\u0159e &#8222;Welcome&#8220; je dokonalou dekorac\u00ed pro ka\u017ed\u00fd domov. Jednoduch\u00e9, ale elegantn\u00ed proveden\u00ed s n\u00e1pisem [&hellip;]<\/p>","protected":false},"featured_media":2082,"comment_status":"open","ping_status":"closed","template":"","meta":{"site-sidebar-layout":"default","site-content-layout":"","ast-site-content-layout":"default","site-content-style":"default","site-sidebar-style":"default","ast-global-header-display":"","ast-banner-title-visibility":"","ast-main-header-display":"","ast-hfb-above-header-display":"","ast-hfb-below-header-display":"","ast-hfb-mobile-header-display":"","site-post-title":"","ast-breadcrumbs-content":"","ast-featured-img":"","footer-sml-layout":"","theme-transparent-header-meta":"default","adv-header-id-meta":"","stick-header-meta":"","header-above-stick-meta":"","header-main-stick-meta":"","header-below-stick-meta":"","astra-migrate-meta-layouts":"set","ast-page-background-enabled":"default","ast-page-background-meta":{"desktop":{"background-color":"var(--ast-global-color-4)","background-image":"","background-repeat":"repeat","background-position":"center center","background-size":"auto","background-attachment":"scroll","background-type":"","background-media":"","overlay-type":"","overlay-color":"","overlay-opacity":"","overlay-gradient":""},"tablet":{"background-color":"","background-image":"","background-repeat":"repeat","background-position":"center center","background-size":"auto","background-attachment":"scroll","background-type":"","background-media":"","overlay-type":"","overlay-color":"","overlay-opacity":"","overlay-gradient":""},"mobile":{"background-color":"","background-image":"","background-repeat":"repeat","background-position":"center center","background-size":"auto","background-attachment":"scroll","background-type":"","background-media":"","overlay-type":"","overlay-color":"","overlay-opacity":"","overlay-gradient":""}},"ast-content-background-meta":{"desktop":{"background-color":"var(--ast-global-color-5)","background-image":"","background-repeat":"repeat","background-position":"center center","background-size":"auto","background-attachment":"scroll","background-type":"","background-media":"","overlay-type":"","overlay-color":"","overlay-opacity":"","overlay-gradient":""},"tablet":{"background-color":"var(--ast-global-color-5)","background-image":"","background-repeat":"repeat","background-position":"center center","background-size":"auto","background-attachment":"scroll","background-type":"","background-media":"","overlay-type":"","overlay-color":"","overlay-opacity":"","overlay-gradient":""},"mobile":{"background-color":"var(--ast-global-color-5)","background-image":"","background-repeat":"repeat","background-position":"center center","background-size":"auto","background-attachment":"scroll","background-type":"","background-media":"","overlay-type":"","overlay-color":"","overlay-opacity":"","overlay-gradient":""}},"jetpack_post_was_ever_published":false},"product_brand":[],"product_cat":[16],"product_tag":[],"class_list":{"0":"post-11034","1":"product","2":"type-product","3":"status-publish","4":"has-post-thumbnail","6":"product_cat-bytove-dekorace","7":"pa_barva-cerna","8":"pa_barva-antracit","9":"pa_barva-bila","10":"pa_barva-cervena","11":"pa_barva-fialova","12":"pa_barva-modra","13":"pa_barva-oranzova","14":"pa_barva-orech","15":"pa_barva-ruzova","16":"pa_barva-zelena","17":"pa_barva-zluta","18":"pa_rozmery-25x23-cm","19":"pa_rozmery-30x28-cm","20":"desktop-align-left","21":"tablet-align-left","22":"mobile-align-left","24":"first","25":"instock","26":"shipping-taxable","27":"purchasable","28":"product-type-variable"},"jetpack_sharing_enabled":true,"_links":{"self":[{"href":"https:\/\/dekohra.eu\/de\/wp-json\/wp\/v2\/product\/11034","targetHints":{"allow":["GET"]}}],"collection":[{"href":"https:\/\/dekohra.eu\/de\/wp-json\/wp\/v2\/product"}],"about":[{"href":"https:\/\/dekohra.eu\/de\/wp-json\/wp\/v2\/types\/product"}],"replies":[{"embeddable":true,"href":"https:\/\/dekohra.eu\/de\/wp-json\/wp\/v2\/comments?post=11034"}],"wp:featuredmedia":[{"embeddable":true,"href":"https:\/\/dekohra.eu\/de\/wp-json\/wp\/v2\/media\/2082"}],"wp:attachment":[{"href":"https:\/\/dekohra.eu\/de\/wp-json\/wp\/v2\/media?parent=11034"}],"wp:term":[{"taxonomy":"product_brand","embeddable":true,"href":"https:\/\/dekohra.eu\/de\/wp-json\/wp\/v2\/product_brand?post=11034"},{"taxonomy":"product_cat","embeddable":true,"href":"https:\/\/dekohra.eu\/de\/wp-json\/wp\/v2\/product_cat?post=11034"},{"taxonomy":"product_tag","embeddable":true,"href":"https:\/\/dekohra.eu\/de\/wp-json\/wp\/v2\/product_tag?post=11034"}],"curies":[{"name":"wp","href":"https:\/\/api.w.org\/{rel}","templated":true}]}}