{"id":11036,"date":"2024-10-22T14:41:40","date_gmt":"2024-10-22T12:41:40","guid":{"rendered":"https:\/\/bazar-komoda.cz\/?post_type=product&#038;p=11036"},"modified":"2026-04-01T10:54:25","modified_gmt":"2026-04-01T08:54:25","slug":"zapich-na-svatebni-dort-mr-mrs-12x13cm-2ks","status":"publish","type":"product","link":"https:\/\/dekohra.eu\/de\/produkt\/zapich-na-svatebni-dort-mr-mrs-12x13cm-2ks\/","title":{"rendered":"Hochzeitstortenaufsatz - Mr, Mrs 12x13cm, 2St"},"content":{"rendered":"<h2 style=\"text-align: left;\"><strong>Hochzeitstortenaufsatz - Herr, Frau 12x13cm, 2St.<\/strong><\/h2>\n<p><strong>Hochzeitstortenaufsatz - Mr, Mrs 12x13cm, 2St<\/strong> Diese Dekoration verleiht Ihrem Kuchen eine einzigartige Note und schafft <strong>unvergessliche Atmosph\u00e4re.<\/strong><\/p>\n<h3>Hochwertige Materialien<\/h3>\n<ul>\n<li>Die Rillen bestehen aus <strong>hochwertige 3 mm starke Faserplatte<\/strong>was f\u00fcr St\u00e4rke und lange Lebensdauer sorgt.<\/li>\n<\/ul>\n<h3>Design und Kreativit\u00e4t<\/h3>\n<ul>\n<li>Diese Mr.- und Mrs.-Ausschnitte verleihen Ihrem Kuchen einen Hauch von Klasse. <strong>elegantes und einzigartiges Aussehen<\/strong>. Sie k\u00f6nnen ganz nach Ihrem Geschmack mit Blumen, B\u00e4ndern oder anderen Verzierungen geschm\u00fcckt werden.<\/li>\n<\/ul>\n<h3>Produktvorteile<\/h3>\n<ul>\n<li>Hergestellt aus massiver Faserplatte, die gew\u00e4hrleistet <strong>lange Lebensdauer<\/strong> Dekorationen.<\/li>\n<\/ul>\n<ul>\n<li>Die Ausschnitte lassen sich ganz einfach mit Dekorationen nach Ihrem Geschmack individuell gestalten, sodass sie zu jedem Hochzeitsthema passen.<\/li>\n<\/ul>\n<h3>Praktische Tipps<\/h3>\n<ul>\n<li><strong>Wartung:<\/strong> Wischen Sie die Rillen vor dem Gebrauch vorsichtig mit einem trockenen Tuch ab, um sie sauber und einsatzbereit zu halten.<\/li>\n<li><strong>Wiederverwendung:<\/strong> Nach der Hochzeit k\u00f6nnen Sie sie als Dekoration in Ihrem Zuhause verwenden, beispielsweise in Blumenarrangements oder als Teil eines Hochzeitsfotorahmens.<\/li>\n<\/ul>\n<p>&nbsp;<\/p>\n<h3>Parameter:<\/h3>\n<ul>\n<li style=\"list-style-type: none;\">\n<ul>\n<li><strong>Material:<\/strong>\u00a0<a href=\"https:\/\/dekohra.eu\/de\/drevovlaknita-deska-3mm-idealni-material-pro-vyrobu-obrazu\/\">Faserplatte, einseitig lackiert<\/a><\/li>\n<li><strong>Produktdicke:\u00a0<\/strong>3 mm<\/li>\n<li><strong>Hersteller:\u00a0<\/strong><a href=\"http:\/\/dekohra.de\/\" target=\"_blank\" rel=\"noopener\">Dekohra.eu<\/a><\/li>\n<li><strong>Kategorie:\u00a0<\/strong><a href=\"https:\/\/dekohra.eu\/de\/produkt-kategorie\/dorty\/svatebni\/\">Hochzeitstorten<\/a><\/li>\n<li><strong>Abmessungen:<\/strong> 12x13cm<\/li>\n<li><strong>Menge:<\/strong> 2 St\u00fcck<\/li>\n<\/ul>\n<\/li>\n<\/ul>","protected":false},"excerpt":{"rendered":"<p>Z\u00e1pich na svatebn\u00ed dort- Mr, Mrs 12x13cm, 2ks. Z\u00e1pich na svatebn\u00ed dort- Mr, Mrs 12x13cm, 2ks tato dekorace dod\u00e1 va\u0161emu [&hellip;]<\/p>","protected":false},"featured_media":19330,"comment_status":"open","ping_status":"closed","template":"","meta":{"site-sidebar-layout":"default","site-content-layout":"","ast-site-content-layout":"default","site-content-style":"default","site-sidebar-style":"default","ast-global-header-display":"","ast-banner-title-visibility":"","ast-main-header-display":"","ast-hfb-above-header-display":"","ast-hfb-below-header-display":"","ast-hfb-mobile-header-display":"","site-post-title":"","ast-breadcrumbs-content":"","ast-featured-img":"","footer-sml-layout":"","theme-transparent-header-meta":"default","adv-header-id-meta":"","stick-header-meta":"","header-above-stick-meta":"","header-main-stick-meta":"","header-below-stick-meta":"","astra-migrate-meta-layouts":"set","ast-page-background-enabled":"default","ast-page-background-meta":{"desktop":{"background-color":"var(--ast-global-color-4)","background-image":"","background-repeat":"repeat","background-position":"center center","background-size":"auto","background-attachment":"scroll","background-type":"","background-media":"","overlay-type":"","overlay-color":"","overlay-opacity":"","overlay-gradient":""},"tablet":{"background-color":"","background-image":"","background-repeat":"repeat","background-position":"center center","background-size":"auto","background-attachment":"scroll","background-type":"","background-media":"","overlay-type":"","overlay-color":"","overlay-opacity":"","overlay-gradient":""},"mobile":{"background-color":"","background-image":"","background-repeat":"repeat","background-position":"center center","background-size":"auto","background-attachment":"scroll","background-type":"","background-media":"","overlay-type":"","overlay-color":"","overlay-opacity":"","overlay-gradient":""}},"ast-content-background-meta":{"desktop":{"background-color":"var(--ast-global-color-5)","background-image":"","background-repeat":"repeat","background-position":"center center","background-size":"auto","background-attachment":"scroll","background-type":"","background-media":"","overlay-type":"","overlay-color":"","overlay-opacity":"","overlay-gradient":""},"tablet":{"background-color":"var(--ast-global-color-5)","background-image":"","background-repeat":"repeat","background-position":"center center","background-size":"auto","background-attachment":"scroll","background-type":"","background-media":"","overlay-type":"","overlay-color":"","overlay-opacity":"","overlay-gradient":""},"mobile":{"background-color":"var(--ast-global-color-5)","background-image":"","background-repeat":"repeat","background-position":"center center","background-size":"auto","background-attachment":"scroll","background-type":"","background-media":"","overlay-type":"","overlay-color":"","overlay-opacity":"","overlay-gradient":""}},"jetpack_post_was_ever_published":false},"product_brand":[],"product_cat":[621,622],"product_tag":[],"class_list":{"0":"post-11036","1":"product","2":"type-product","3":"status-publish","4":"has-post-thumbnail","6":"product_cat-dorty","7":"product_cat-svatebni-dorty","8":"pa_barva-cerna","9":"pa_barva-antracit","10":"pa_barva-bila","11":"pa_barva-cervena","12":"pa_barva-fialova","13":"pa_barva-modra","14":"pa_barva-oranzova","15":"pa_barva-orech","16":"pa_barva-ruzova","17":"pa_barva-topolova-preklizka","18":"pa_barva-zelena","19":"pa_barva-zluta","20":"desktop-align-left","21":"tablet-align-left","22":"mobile-align-left","24":"first","25":"instock","26":"shipping-taxable","27":"purchasable","28":"product-type-variable"},"jetpack_sharing_enabled":true,"_links":{"self":[{"href":"https:\/\/dekohra.eu\/de\/wp-json\/wp\/v2\/product\/11036","targetHints":{"allow":["GET"]}}],"collection":[{"href":"https:\/\/dekohra.eu\/de\/wp-json\/wp\/v2\/product"}],"about":[{"href":"https:\/\/dekohra.eu\/de\/wp-json\/wp\/v2\/types\/product"}],"replies":[{"embeddable":true,"href":"https:\/\/dekohra.eu\/de\/wp-json\/wp\/v2\/comments?post=11036"}],"wp:featuredmedia":[{"embeddable":true,"href":"https:\/\/dekohra.eu\/de\/wp-json\/wp\/v2\/media\/19330"}],"wp:attachment":[{"href":"https:\/\/dekohra.eu\/de\/wp-json\/wp\/v2\/media?parent=11036"}],"wp:term":[{"taxonomy":"product_brand","embeddable":true,"href":"https:\/\/dekohra.eu\/de\/wp-json\/wp\/v2\/product_brand?post=11036"},{"taxonomy":"product_cat","embeddable":true,"href":"https:\/\/dekohra.eu\/de\/wp-json\/wp\/v2\/product_cat?post=11036"},{"taxonomy":"product_tag","embeddable":true,"href":"https:\/\/dekohra.eu\/de\/wp-json\/wp\/v2\/product_tag?post=11036"}],"curies":[{"name":"wp","href":"https:\/\/api.w.org\/{rel}","templated":true}]}}