{"id":11039,"date":"2024-10-22T14:41:41","date_gmt":"2024-10-22T12:41:41","guid":{"rendered":"https:\/\/bazar-komoda.cz\/?post_type=product&#038;p=11039"},"modified":"2026-04-03T08:32:00","modified_gmt":"2026-04-03T06:32:00","slug":"dreveny-dortovy-zapich-happy-birthday-2ks","status":"publish","type":"product","link":"https:\/\/dekohra.eu\/de\/produkt\/dreveny-dortovy-zapich-happy-birthday-2ks\/","title":{"rendered":"Tortenaufsatz aus Holz HAPPY BIRTHDAY 2St"},"content":{"rendered":"<h2 style=\"text-align: left;\">Tortenaufsatz aus Holz HAPPY BIRTHDAY, 2 Stk.<\/h2>\n<p style=\"text-align: left;\">Der h\u00f6lzerne Tortenaufsatz HAPPY BIRTHDAY (2 St\u00fcck) ist das perfekte Accessoire f\u00fcr eine Geburtstagstorte. Dieser stylische Schnitt wird die Feierlichkeiten bereichern <strong>elegante und festliche Note.<\/strong><\/p>\n<h3>Design und Kreativit\u00e4t<\/h3>\n<ul>\n<li>Die Nische ist mit viel Liebe zum Detail und \u00c4sthetik gestaltet. <strong>Modernes Laserschneiden<\/strong> erm\u00f6glicht Ihnen ein pr\u00e4zises und elegantes Design, das zu jeder Geburtstagstorte passt.<\/li>\n<\/ul>\n<h3>Praktischer Nutzen<\/h3>\n<ul>\n<li>Die Einkerbungen sind leicht zu bedienen und praktisch. Sie sind so konzipiert, dass sie sich leicht in einen Kuchen einsetzen lassen und eine stabile und attraktive Dekoration ergeben.<\/li>\n<\/ul>\n<h3>Elegantes und stilvolles Erscheinungsbild<\/h3>\n<ul>\n<li>Edles Design und moderner Laserschnitt verleihen dem Ausschnitt eine luxuri\u00f6se Optik. Dieses Produkt ist die ideale Wahl f\u00fcr alle, die ihren Geburtstag mit einem \u00e4sthetisch ansprechenden und praktischen Accessoire feiern m\u00f6chten.<\/li>\n<\/ul>\n<p>&nbsp;<\/p>\n<p>Der HAPPY BIRTHDAY Holzkuchenaufsatz 2-teilig ist eine tolle M\u00f6glichkeit, hinzuzuf\u00fcgen <strong>Verleihen Sie einer Geburtstagsfeier eine elegante und pers\u00f6nliche Note.<\/strong> Moderne Laserschnitte sorgen f\u00fcr eine Rille <strong>luxuri\u00f6sen Look und erm\u00f6glicht Ihnen, ein einzigartiges Accessoire zu kreieren.<\/strong> Bestellen Sie diese einzigartige Gravur und beeindrucken Sie das Geburtstagskind und die G\u00e4ste.<\/p>\n<h3>Parameter:<\/h3>\n<ul>\n<li><strong>Material:<\/strong>\u00a0<a href=\"https:\/\/dekohra.eu\/de\/drevovlaknita-deska-3mm-idealni-material-pro-vyrobu-obrazu\/\">Faserplatte, einseitig lackiert<\/a><\/li>\n<li><strong>Produktdicke:\u00a0<\/strong>3 mm<\/li>\n<li><strong>Hersteller:\u00a0<\/strong><a href=\"http:\/\/dekohra.de\/\" target=\"_blank\" rel=\"noopener\">Dekohra.eu<\/a><\/li>\n<li><strong>Kategorie:\u00a0<\/strong><a href=\"https:\/\/dekohra.eu\/de\/produkt-kategorie\/dorty\/narozeninove\/\">Geburtstagskuchen<\/a><\/li>\n<li><strong>Abmessungen: <\/strong>16,5 x 17 cm<\/li>\n<li><strong>Rille: <\/strong>5 cm<\/li>\n<li><strong>Menge: <\/strong>2 St\u00fcck<\/li>\n<\/ul>","protected":false},"excerpt":{"rendered":"<p>D\u0159ev\u011bn\u00fd dortov\u00fd z\u00e1pich HAPPY BIRTHDAY 2ks. D\u0159ev\u011bn\u00fd dortov\u00fd z\u00e1pich HAPPY BIRTHDAY 2ks je perfektn\u00edm dopl\u0148kem k narozeninov\u00e9mu dortu. Tento stylov\u00fd [&hellip;]<\/p>","protected":false},"featured_media":19366,"comment_status":"open","ping_status":"closed","template":"","meta":{"site-sidebar-layout":"default","site-content-layout":"","ast-site-content-layout":"default","site-content-style":"default","site-sidebar-style":"default","ast-global-header-display":"","ast-banner-title-visibility":"","ast-main-header-display":"","ast-hfb-above-header-display":"","ast-hfb-below-header-display":"","ast-hfb-mobile-header-display":"","site-post-title":"","ast-breadcrumbs-content":"","ast-featured-img":"","footer-sml-layout":"","theme-transparent-header-meta":"default","adv-header-id-meta":"","stick-header-meta":"","header-above-stick-meta":"","header-main-stick-meta":"","header-below-stick-meta":"","astra-migrate-meta-layouts":"set","ast-page-background-enabled":"default","ast-page-background-meta":{"desktop":{"background-color":"var(--ast-global-color-4)","background-image":"","background-repeat":"repeat","background-position":"center center","background-size":"auto","background-attachment":"scroll","background-type":"","background-media":"","overlay-type":"","overlay-color":"","overlay-opacity":"","overlay-gradient":""},"tablet":{"background-color":"","background-image":"","background-repeat":"repeat","background-position":"center center","background-size":"auto","background-attachment":"scroll","background-type":"","background-media":"","overlay-type":"","overlay-color":"","overlay-opacity":"","overlay-gradient":""},"mobile":{"background-color":"","background-image":"","background-repeat":"repeat","background-position":"center center","background-size":"auto","background-attachment":"scroll","background-type":"","background-media":"","overlay-type":"","overlay-color":"","overlay-opacity":"","overlay-gradient":""}},"ast-content-background-meta":{"desktop":{"background-color":"var(--ast-global-color-5)","background-image":"","background-repeat":"repeat","background-position":"center center","background-size":"auto","background-attachment":"scroll","background-type":"","background-media":"","overlay-type":"","overlay-color":"","overlay-opacity":"","overlay-gradient":""},"tablet":{"background-color":"var(--ast-global-color-5)","background-image":"","background-repeat":"repeat","background-position":"center center","background-size":"auto","background-attachment":"scroll","background-type":"","background-media":"","overlay-type":"","overlay-color":"","overlay-opacity":"","overlay-gradient":""},"mobile":{"background-color":"var(--ast-global-color-5)","background-image":"","background-repeat":"repeat","background-position":"center center","background-size":"auto","background-attachment":"scroll","background-type":"","background-media":"","overlay-type":"","overlay-color":"","overlay-opacity":"","overlay-gradient":""}},"jetpack_post_was_ever_published":false},"product_brand":[],"product_cat":[621,623],"product_tag":[],"class_list":{"0":"post-11039","1":"product","2":"type-product","3":"status-publish","4":"has-post-thumbnail","6":"product_cat-dorty","7":"product_cat-narozeninove-dorty","8":"pa_barva-cerna","9":"pa_barva-antracit","10":"pa_barva-bila","11":"pa_barva-cervena","12":"pa_barva-fialova","13":"pa_barva-modra","14":"pa_barva-oranzova","15":"pa_barva-orech","16":"pa_barva-ruzova","17":"pa_barva-zelena","18":"pa_barva-zluta","19":"desktop-align-left","20":"tablet-align-left","21":"mobile-align-left","23":"first","24":"instock","25":"shipping-taxable","26":"purchasable","27":"product-type-variable"},"jetpack_sharing_enabled":true,"_links":{"self":[{"href":"https:\/\/dekohra.eu\/de\/wp-json\/wp\/v2\/product\/11039","targetHints":{"allow":["GET"]}}],"collection":[{"href":"https:\/\/dekohra.eu\/de\/wp-json\/wp\/v2\/product"}],"about":[{"href":"https:\/\/dekohra.eu\/de\/wp-json\/wp\/v2\/types\/product"}],"replies":[{"embeddable":true,"href":"https:\/\/dekohra.eu\/de\/wp-json\/wp\/v2\/comments?post=11039"}],"wp:featuredmedia":[{"embeddable":true,"href":"https:\/\/dekohra.eu\/de\/wp-json\/wp\/v2\/media\/19366"}],"wp:attachment":[{"href":"https:\/\/dekohra.eu\/de\/wp-json\/wp\/v2\/media?parent=11039"}],"wp:term":[{"taxonomy":"product_brand","embeddable":true,"href":"https:\/\/dekohra.eu\/de\/wp-json\/wp\/v2\/product_brand?post=11039"},{"taxonomy":"product_cat","embeddable":true,"href":"https:\/\/dekohra.eu\/de\/wp-json\/wp\/v2\/product_cat?post=11039"},{"taxonomy":"product_tag","embeddable":true,"href":"https:\/\/dekohra.eu\/de\/wp-json\/wp\/v2\/product_tag?post=11039"}],"curies":[{"name":"wp","href":"https:\/\/api.w.org\/{rel}","templated":true}]}}