{"id":11040,"date":"2024-10-22T14:42:00","date_gmt":"2024-10-22T12:42:00","guid":{"rendered":"https:\/\/bazar-komoda.cz\/?post_type=product&#038;p=11040"},"modified":"2025-02-18T11:12:14","modified_gmt":"2025-02-18T10:12:14","slug":"dreveny-obrazek-mandala-slunce","status":"publish","type":"product","link":"https:\/\/dekohra.eu\/de\/produkt\/dreveny-obrazek-mandala-slunce\/","title":{"rendered":"Holzbild Mandala SONNE"},"content":{"rendered":"<p><!-- upraveno html4output --><\/p>\n<h3>Holzbild des SONNEN-Mandala.<\/h3>\n<p>Das Holzbild des SONNEN-Mandala ist eine wundersch\u00f6ne Dekoration, die Ihrem Zuhause einen Hauch von Eleganz verleiht. <strong>Es bringt Energie, Freude und Positivit\u00e4t.<\/strong> Dieses k\u00fcnstlerische St\u00fcck ist ideal f\u00fcr alle, die eine \u00e4sthetische und spirituelle Bereicherung ihres Interieurs suchen.<\/p>\n<h3>Design und Materialien:<\/h3>\n<ul>\n<li>Das Holz-Mandalabild SONNE ist aus hochwertigem Holz mit einer St\u00e4rke von 3 mm gefertigt. <strong>Pr\u00e4zisions-Laserschneiden<\/strong> Es erm\u00f6glicht die Erstellung komplexer und filigraner Muster mit hoher Pr\u00e4zision und gew\u00e4hrleistet scharfe und saubere Kanten, die den \u00e4sthetischen Wert des Mandalas hervorheben.<\/li>\n<\/ul>\n<h3>Symbolik und Bedeutung:<\/h3>\n<ul>\n<li>Mandalas symbolisieren traditionell das Universum und die Einheit und bringen Harmonie und spirituelles Gleichgewicht. <strong>Das SONNEN-Mandala steht f\u00fcr Sonnenenergie und Vitalit\u00e4t und bringt Ruhe und positive Energie.<\/strong> zu jedem Raum, in dem es platziert wird.<\/li>\n<\/ul>\n<h3>Installation und Verwendung:<\/h3>\n<ul>\n<li>Die Installation des Mandalas ist einfach und flexibel. Es kann angebracht werden <strong>mit doppelseitigem Klebeband oder Minin\u00e4geln<\/strong>, wodurch die W\u00e4nde nicht besch\u00e4digt werden und ein einfacher Standortwechsel m\u00f6glich ist. Die Leichtbauweise erleichtert die Handhabung und Installation.<\/li>\n<\/ul>\n<h3>Mandala im Innenraum:<\/h3>\n<ul>\n<li>Das Mandalabild SONNE aus Holz ist eine universelle Dekoration, die in verschiedene R\u00e4ume passt. Es kann im Wohnzimmer, Schlafzimmer oder Arbeitszimmer aufgestellt werden. Es tr\u00e4gt dazu bei, eine angenehme und harmonische Atmosph\u00e4re zu schaffen.<\/li>\n<\/ul>\n<h3>Vorteile:<\/h3>\n<ul>\n<li><strong>Elegantes und zeitloses Design<\/strong>: Stilvolles Erscheinungsbild, das zu jedem Interieur passt.<\/li>\n<li><strong>Spiritueller Nutzen<\/strong>: Die Symbolik des Mandalas f\u00f6rdert Meditation, Ruhe und positive Energie.<\/li>\n<li><strong>Flexibilit\u00e4t in der Nutzung<\/strong>: Zur einfachen Integration in verschiedenen Gr\u00f6\u00dfen und Farben erh\u00e4ltlich.<\/li>\n<li><strong>Einfache Montage<\/strong>: Einfache und schnelle Befestigung ohne Bohren.<\/li>\n<li><strong>Hohe Qualit\u00e4t<\/strong>: Pr\u00e4zises Laserschneiden gew\u00e4hrleistet detailliertes Design und lange Lebensdauer.<\/li>\n<\/ul>\n<h3><strong>Mandala f\u00fcr jeden Raum:<\/strong><\/h3>\n<ul>\n<li><strong>Wohnzimmer:<\/strong> Platzieren Sie das Mandala \u00fcber dem Sofa oder Kamin, um es zum Mittelpunkt des Raumes zu machen.<\/li>\n<li><strong>Schlafzimmer:<\/strong> F\u00fcgen Sie Ihrem Schlafzimmer ein Mandala hinzu, um eine ruhige und entspannende Atmosph\u00e4re zu schaffen.<\/li>\n<li><strong>Studie:<\/strong> F\u00fcgen Sie Ihrem B\u00fcro ein Mandala hinzu, um sich bei der Arbeit inspirieren und mit Energie versorgen zu lassen.<\/li>\n<li><strong>Kinderzimmer:<\/strong> Auch f\u00fcr das Kinderzimmer eignet sich das Mandala hervorragend, da es die Kreativit\u00e4t und Fantasie Ihres Nachwuchses f\u00f6rdert.<\/li>\n<\/ul>\n<h3>Parameter:<\/h3>\n<ul>\n<li><strong>Material:<\/strong>\u00a0<a href=\"https:\/\/dekohra.eu\/de\/drevovlaknita-deska-3mm-idealni-material-pro-vyrobu-obrazu\/\">Faserplatte, einseitig lackiert<\/a><\/li>\n<li><strong>Produktdicke:\u00a0<\/strong>3 mm<\/li>\n<li><strong>Hersteller:\u00a0<\/strong><a href=\"http:\/\/dekohra.de\/\" target=\"_blank\" rel=\"noopener\">Dekohra.eu<\/a><\/li>\n<li><strong style=\"font-size: 16px;\">Kategorie:<\/strong> <a style=\"font-size: 16px; background-color: #ffffff;\" href=\"https:\/\/dekohra.eu\/de\/produkt-kategorie\/bytove-dekorace\/mandaly-na-zed\/\">Holzmandala an der Wand<\/a><\/li>\n<li><strong>Montage:<\/strong> <a href=\"https:\/\/dekohra.eu\/de\/navod-k-obsluze-a-montazi\/\">Mit doppelseitigem Klebeband oder Minin\u00e4geln<\/a><\/li>\n<li><strong>Technologie: <\/strong><a href=\"https:\/\/dekohra.eu\/de\/moderni-laserova-technologie-rezani-a-gravirovani\/\">Moderne Laserschneidtechnologie<\/a><\/li>\n<\/ul>\n<p>&nbsp;<\/p>\n<p><img decoding=\"async\" src=\"https:\/\/dekohra.eu\/_obchody\/go4874\/prilohy\/4\/vyber-velikostimandala.jpg.big.jpg\" alt=\"\" width=\"500\" \/><\/p>\n<p>Wandmontage durch Kleben, Kleber ist nicht im Lieferumfang enthalten.<\/p>","protected":false},"excerpt":{"rendered":"<p>D\u0159ev\u011bn\u00fd obrazek mandala SLUNCE. D\u0159ev\u011bn\u00fd obrazek mandala SLUNCE je n\u00e1dhern\u00e1 dekorace, kter\u00e1 do va\u0161eho domova p\u0159in\u00e1\u0161\u00ed energii, radost a pozitivitu. [&hellip;]<\/p>","protected":false},"featured_media":1623,"comment_status":"open","ping_status":"closed","template":"","meta":{"site-sidebar-layout":"default","site-content-layout":"","ast-site-content-layout":"default","site-content-style":"default","site-sidebar-style":"default","ast-global-header-display":"","ast-banner-title-visibility":"","ast-main-header-display":"","ast-hfb-above-header-display":"","ast-hfb-below-header-display":"","ast-hfb-mobile-header-display":"","site-post-title":"","ast-breadcrumbs-content":"","ast-featured-img":"","footer-sml-layout":"","theme-transparent-header-meta":"default","adv-header-id-meta":"","stick-header-meta":"","header-above-stick-meta":"","header-main-stick-meta":"","header-below-stick-meta":"","astra-migrate-meta-layouts":"set","ast-page-background-enabled":"default","ast-page-background-meta":{"desktop":{"background-color":"var(--ast-global-color-4)","background-image":"","background-repeat":"repeat","background-position":"center center","background-size":"auto","background-attachment":"scroll","background-type":"","background-media":"","overlay-type":"","overlay-color":"","overlay-opacity":"","overlay-gradient":""},"tablet":{"background-color":"","background-image":"","background-repeat":"repeat","background-position":"center center","background-size":"auto","background-attachment":"scroll","background-type":"","background-media":"","overlay-type":"","overlay-color":"","overlay-opacity":"","overlay-gradient":""},"mobile":{"background-color":"","background-image":"","background-repeat":"repeat","background-position":"center center","background-size":"auto","background-attachment":"scroll","background-type":"","background-media":"","overlay-type":"","overlay-color":"","overlay-opacity":"","overlay-gradient":""}},"ast-content-background-meta":{"desktop":{"background-color":"var(--ast-global-color-5)","background-image":"","background-repeat":"repeat","background-position":"center center","background-size":"auto","background-attachment":"scroll","background-type":"","background-media":"","overlay-type":"","overlay-color":"","overlay-opacity":"","overlay-gradient":""},"tablet":{"background-color":"var(--ast-global-color-5)","background-image":"","background-repeat":"repeat","background-position":"center center","background-size":"auto","background-attachment":"scroll","background-type":"","background-media":"","overlay-type":"","overlay-color":"","overlay-opacity":"","overlay-gradient":""},"mobile":{"background-color":"var(--ast-global-color-5)","background-image":"","background-repeat":"repeat","background-position":"center center","background-size":"auto","background-attachment":"scroll","background-type":"","background-media":"","overlay-type":"","overlay-color":"","overlay-opacity":"","overlay-gradient":""}},"jetpack_post_was_ever_published":false},"product_brand":[],"product_cat":[565],"product_tag":[],"class_list":{"0":"post-11040","1":"product","2":"type-product","3":"status-publish","4":"has-post-thumbnail","6":"product_cat-drevena-mandala-na-zed","7":"pa_barva-cerna","8":"pa_barva-antracit","9":"pa_barva-bila","10":"pa_barva-cervena","11":"pa_barva-fialova","12":"pa_barva-modra","13":"pa_barva-oranzova","14":"pa_barva-orech","15":"pa_barva-ruzova","16":"pa_barva-zelena","17":"pa_barva-zluta","18":"pa_rozmery-20x20-cm","19":"pa_rozmery-30x30-cm","20":"pa_rozmery-45x45-cm","21":"pa_rozmery-55x55-cm","22":"pa_rozmery-70x70-cm","23":"desktop-align-left","24":"tablet-align-left","25":"mobile-align-left","27":"first","28":"instock","29":"shipping-taxable","30":"purchasable","31":"product-type-variable"},"jetpack_sharing_enabled":true,"_links":{"self":[{"href":"https:\/\/dekohra.eu\/de\/wp-json\/wp\/v2\/product\/11040","targetHints":{"allow":["GET"]}}],"collection":[{"href":"https:\/\/dekohra.eu\/de\/wp-json\/wp\/v2\/product"}],"about":[{"href":"https:\/\/dekohra.eu\/de\/wp-json\/wp\/v2\/types\/product"}],"replies":[{"embeddable":true,"href":"https:\/\/dekohra.eu\/de\/wp-json\/wp\/v2\/comments?post=11040"}],"wp:featuredmedia":[{"embeddable":true,"href":"https:\/\/dekohra.eu\/de\/wp-json\/wp\/v2\/media\/1623"}],"wp:attachment":[{"href":"https:\/\/dekohra.eu\/de\/wp-json\/wp\/v2\/media?parent=11040"}],"wp:term":[{"taxonomy":"product_brand","embeddable":true,"href":"https:\/\/dekohra.eu\/de\/wp-json\/wp\/v2\/product_brand?post=11040"},{"taxonomy":"product_cat","embeddable":true,"href":"https:\/\/dekohra.eu\/de\/wp-json\/wp\/v2\/product_cat?post=11040"},{"taxonomy":"product_tag","embeddable":true,"href":"https:\/\/dekohra.eu\/de\/wp-json\/wp\/v2\/product_tag?post=11040"}],"curies":[{"name":"wp","href":"https:\/\/api.w.org\/{rel}","templated":true}]}}