{"id":11051,"date":"2024-10-22T14:42:02","date_gmt":"2024-10-22T12:42:02","guid":{"rendered":"https:\/\/bazar-komoda.cz\/?post_type=product&#038;p=11051"},"modified":"2025-05-26T10:39:27","modified_gmt":"2025-05-26T08:39:27","slug":"vanocni-stromek-ze-dreva-dekorace-na-zaveseni","status":"publish","type":"product","link":"https:\/\/dekohra.eu\/de\/produkt\/vanocni-stromek-ze-dreva-dekorace-na-zaveseni\/","title":{"rendered":"Weihnachtsbaum aus Holz \u2013 H\u00e4ngedekoration 10 Stk"},"content":{"rendered":"<h2 style=\"text-align: left;\"><strong>Weihnachtsbaum aus Holz - H\u00e4ngedekoration 10 Stk. <\/strong><\/h2>\n<p>&nbsp;<\/p>\n<p style=\"text-align: left;\"><strong>Weihnachtsbaum aus Holz \u2013 H\u00e4ngedekoration<\/strong> Es bringt sofort eine weihnachtliche Atmosph\u00e4re in Ihr Zuhause! Dieser originelle Baumschmuck ist aus <strong>aus hochwertigen Materialien mit Pr\u00e4zision gefertigt,<\/strong> damit es sch\u00f6n und realistisch aussieht. <strong>Der Baum kann als Dekoration auf einem Tisch, Regal oder Fenster verwendet werden. <\/strong>Mit diesem Baum wird Ihre Weihnachtsdekoration komplett!<\/p>\n<p style=\"text-align: left;\"><strong>Schmuck f\u00fcr Ihren Baum, den Adventskranz oder zum Basteln von Dekorationen.<\/strong><\/p>\n<ul>\n<li>Abmessungen: <strong>4,2 x 4 cm<\/strong><\/li>\n<\/ul>\n<ul>\n<li style=\"text-align: left;\">Material: 3mm Faserplatte, einseitig lackiert<\/li>\n<\/ul>\n<ul>\n<li style=\"text-align: left;\">Set mit 10 St\u00fcck<\/li>\n<\/ul>\n<h3>Parameter:<\/h3>\n<ul>\n<li><strong>Material:<\/strong> Pappelsperrholz<\/li>\n<li><strong>Produktdicke:\u00a0<\/strong>3 mm<\/li>\n<li><strong>Hersteller:\u00a0<\/strong><a href=\"http:\/\/dekohra.de\/\" target=\"_blank\" rel=\"noopener\">Dekohra.eu<\/a><\/li>\n<li><strong>Kategorie: <\/strong><a href=\"https:\/\/dekohra.eu\/de\/produkt-kategorie\/sezonni-dekorace\/vanoce\/\">Weihnachtsdekorationen<\/a><\/li>\n<li><strong>Technologie: <\/strong><a href=\"https:\/\/dekohra.eu\/de\/moderni-laserova-technologie-rezani-a-gravirovani\/\">Moderne Laserschneidtechnologie<\/a><\/li>\n<li><strong>Farbe:<\/strong> Holz<\/li>\n<\/ul>\n<p>&nbsp;<\/p>","protected":false},"excerpt":{"rendered":"<p>V\u00e1no\u010dn\u00ed stromek ze d\u0159eva &#8211; Dekorace na zav\u011b\u0161en\u00ed 10 ks. &nbsp; V\u00e1no\u010dn\u00ed stromek ze d\u0159eva &#8211; Dekorace na zav\u011b\u0161en\u00ed v\u00e1m [&hellip;]<\/p>","protected":false},"featured_media":16344,"comment_status":"open","ping_status":"closed","template":"","meta":{"site-sidebar-layout":"default","site-content-layout":"","ast-site-content-layout":"default","site-content-style":"default","site-sidebar-style":"default","ast-global-header-display":"","ast-banner-title-visibility":"","ast-main-header-display":"","ast-hfb-above-header-display":"","ast-hfb-below-header-display":"","ast-hfb-mobile-header-display":"","site-post-title":"","ast-breadcrumbs-content":"","ast-featured-img":"","footer-sml-layout":"","theme-transparent-header-meta":"default","adv-header-id-meta":"","stick-header-meta":"","header-above-stick-meta":"","header-main-stick-meta":"","header-below-stick-meta":"","astra-migrate-meta-layouts":"set","ast-page-background-enabled":"default","ast-page-background-meta":{"desktop":{"background-color":"var(--ast-global-color-4)","background-image":"","background-repeat":"repeat","background-position":"center center","background-size":"auto","background-attachment":"scroll","background-type":"","background-media":"","overlay-type":"","overlay-color":"","overlay-opacity":"","overlay-gradient":""},"tablet":{"background-color":"","background-image":"","background-repeat":"repeat","background-position":"center center","background-size":"auto","background-attachment":"scroll","background-type":"","background-media":"","overlay-type":"","overlay-color":"","overlay-opacity":"","overlay-gradient":""},"mobile":{"background-color":"","background-image":"","background-repeat":"repeat","background-position":"center center","background-size":"auto","background-attachment":"scroll","background-type":"","background-media":"","overlay-type":"","overlay-color":"","overlay-opacity":"","overlay-gradient":""}},"ast-content-background-meta":{"desktop":{"background-color":"var(--ast-global-color-5)","background-image":"","background-repeat":"repeat","background-position":"center center","background-size":"auto","background-attachment":"scroll","background-type":"","background-media":"","overlay-type":"","overlay-color":"","overlay-opacity":"","overlay-gradient":""},"tablet":{"background-color":"var(--ast-global-color-5)","background-image":"","background-repeat":"repeat","background-position":"center center","background-size":"auto","background-attachment":"scroll","background-type":"","background-media":"","overlay-type":"","overlay-color":"","overlay-opacity":"","overlay-gradient":""},"mobile":{"background-color":"var(--ast-global-color-5)","background-image":"","background-repeat":"repeat","background-position":"center center","background-size":"auto","background-attachment":"scroll","background-type":"","background-media":"","overlay-type":"","overlay-color":"","overlay-opacity":"","overlay-gradient":""}},"jetpack_post_was_ever_published":false},"product_brand":[],"product_cat":[553],"product_tag":[],"class_list":{"0":"post-11051","1":"product","2":"type-product","3":"status-publish","4":"has-post-thumbnail","6":"product_cat-vanocni-dekorace","7":"pa_barva-cerna","8":"pa_barva-antracit","9":"pa_barva-bila","10":"pa_barva-cervena","11":"pa_barva-fialova","12":"pa_barva-modra","13":"pa_barva-oranzova","14":"pa_barva-orech","15":"pa_barva-ruzova","16":"pa_barva-zelena","17":"pa_barva-zluta","18":"desktop-align-left","19":"tablet-align-left","20":"mobile-align-left","22":"first","23":"instock","24":"shipping-taxable","25":"purchasable","26":"product-type-simple"},"jetpack_sharing_enabled":true,"_links":{"self":[{"href":"https:\/\/dekohra.eu\/de\/wp-json\/wp\/v2\/product\/11051","targetHints":{"allow":["GET"]}}],"collection":[{"href":"https:\/\/dekohra.eu\/de\/wp-json\/wp\/v2\/product"}],"about":[{"href":"https:\/\/dekohra.eu\/de\/wp-json\/wp\/v2\/types\/product"}],"replies":[{"embeddable":true,"href":"https:\/\/dekohra.eu\/de\/wp-json\/wp\/v2\/comments?post=11051"}],"wp:featuredmedia":[{"embeddable":true,"href":"https:\/\/dekohra.eu\/de\/wp-json\/wp\/v2\/media\/16344"}],"wp:attachment":[{"href":"https:\/\/dekohra.eu\/de\/wp-json\/wp\/v2\/media?parent=11051"}],"wp:term":[{"taxonomy":"product_brand","embeddable":true,"href":"https:\/\/dekohra.eu\/de\/wp-json\/wp\/v2\/product_brand?post=11051"},{"taxonomy":"product_cat","embeddable":true,"href":"https:\/\/dekohra.eu\/de\/wp-json\/wp\/v2\/product_cat?post=11051"},{"taxonomy":"product_tag","embeddable":true,"href":"https:\/\/dekohra.eu\/de\/wp-json\/wp\/v2\/product_tag?post=11051"}],"curies":[{"name":"wp","href":"https:\/\/api.w.org\/{rel}","templated":true}]}}