{"id":11056,"date":"2024-10-22T14:42:03","date_gmt":"2024-10-22T12:42:03","guid":{"rendered":"https:\/\/bazar-komoda.cz\/?post_type=product&#038;p=11056"},"modified":"2025-02-16T20:22:05","modified_gmt":"2025-02-16T19:22:05","slug":"3d-dekorace-na-zed-kava","status":"publish","type":"product","link":"https:\/\/dekohra.eu\/de\/produkt\/3d-dekorace-na-zed-kava\/","title":{"rendered":"3D Wanddekoration KAFFEE"},"content":{"rendered":"<p><!-- upraveno html4output --><\/p>\n<h2 style=\"text-align: left;\">3D Wanddekoration KAFFEE<\/h2>\n<p style=\"text-align: left;\">\n<p><strong>Wanddekoration mit Kaffeemotiven<\/strong> bringt die Atmosph\u00e4re eines gem\u00fctlichen Caf\u00e9s zu Ihnen nach Hause. Dieses wundersch\u00f6n gestaltete <strong>Holzbild mit 3D Effekt<\/strong> verleiht dem Innenraum ein modernes und stilvolles Aussehen, das <strong>ideal f\u00fcr Kaffeeliebhaber und stylisches Design.<\/strong><\/p>\n<h3>Hochwertige Materialien<\/h3>\n<ul>\n<li>Die Dekoration besteht aus hochwertiger 3 mm starker Faserplatte, die Stabilit\u00e4t und Haltbarkeit gew\u00e4hrleistet.<\/li>\n<li>Bei der Dekoration wurde Wert auf Details und \u00c4sthetik gelegt. <strong>Moderner Laserschnitt sorgt f\u00fcr pr\u00e4zises und elegantes Design<\/strong>, das in jedes Interieur passt. Sie k\u00f6nnen aus mehreren Farboptionen w\u00e4hlen, beispielsweise Schwarz, Wei\u00df und Walnuss.<\/li>\n<\/ul>\n<h3>Einfache Montage<\/h3>\n<ul>\n<li>Die Dekoration ist praktisch und einfach anzubringen. Sie k\u00f6nnen es an der Wand befestigen mit <strong>doppelseitiges Klebeband oder Minin\u00e4gel<\/strong>, was eine schnelle und einfache Montage ohne Besch\u00e4digung der W\u00e4nde gew\u00e4hrleistet.<\/li>\n<\/ul>\n<p><strong>Wanddekoration mit Kaffeemotiven<\/strong> Es ist die perfekte Wahl f\u00fcr jede K\u00fcche oder jedes Wohnzimmer, das ein einzigartiges und elegantes Element ben\u00f6tigt. <strong>Hergestellt aus hochwertiger Faserplatte,<\/strong> Diese Dekoration bietet eine lange Lebensdauer und ein \u00e4sthetisches Erscheinungsbild. Bestellen Sie diese Dekoration und <strong>Verleihen Sie Ihrem Zuhause einen Hauch von Kaffee-Eleganz.<\/strong><\/p>\n<p>&nbsp;<\/p>\n<h3>Parameter:<\/h3>\n<ul>\n<li><strong>Material:<\/strong>\u00a0<a href=\"https:\/\/dekohra.eu\/de\/drevovlaknita-deska-3mm-idealni-material-pro-vyrobu-obrazu\/\">Faserplatte, einseitig lackiert<\/a><\/li>\n<li><strong>Produktdicke:\u00a0<\/strong>3 mm<\/li>\n<li><strong>Hersteller:\u00a0<\/strong><a href=\"http:\/\/dekohra.de\/\" target=\"_blank\" rel=\"noopener\">Dekohra.eu<\/a><\/li>\n<li><strong>Kategorie:<\/strong> <a href=\"https:\/\/dekohra.eu\/de\/produkt-kategorie\/bytove-dekorace\/kuchyne\/\">K\u00fcchendekoration<\/a><\/li>\n<\/ul>\n<p><strong>Welche Gr\u00f6\u00dfe des Holzbildes soll ich w\u00e4hlen:<\/strong><\/p>\n<p><a href=\"https:\/\/dekohra.eu\/de\/clanek\/velikost-drevenych-obrazu-prakticky-pruvodce\/\"><img decoding=\"async\" src=\"https:\/\/dekohra.eu\/_obchody\/go4874\/prilohy\/4\/vyber-velikosti.jpg.big.jpg\" alt=\"\" width=\"400\" \/><\/a><\/p>\n<p>Wandmontage durch Kleben, Kleber ist nicht im Lieferumfang enthalten.<\/p>","protected":false},"excerpt":{"rendered":"<p>3d dekorace na ze\u010f K\u00c1VA Dekorace na ze\u010f s motivem k\u00e1vy p\u0159in\u00e1\u0161\u00ed do va\u0161eho domova atmosf\u00e9ru \u00fatuln\u00e9 kav\u00e1rny. Tento n\u00e1dhern\u011b [&hellip;]<\/p>","protected":false},"featured_media":2131,"comment_status":"open","ping_status":"closed","template":"","meta":{"site-sidebar-layout":"default","site-content-layout":"","ast-site-content-layout":"default","site-content-style":"default","site-sidebar-style":"default","ast-global-header-display":"","ast-banner-title-visibility":"","ast-main-header-display":"","ast-hfb-above-header-display":"","ast-hfb-below-header-display":"","ast-hfb-mobile-header-display":"","site-post-title":"","ast-breadcrumbs-content":"","ast-featured-img":"","footer-sml-layout":"","theme-transparent-header-meta":"default","adv-header-id-meta":"","stick-header-meta":"","header-above-stick-meta":"","header-main-stick-meta":"","header-below-stick-meta":"","astra-migrate-meta-layouts":"set","ast-page-background-enabled":"default","ast-page-background-meta":{"desktop":{"background-color":"var(--ast-global-color-4)","background-image":"","background-repeat":"repeat","background-position":"center center","background-size":"auto","background-attachment":"scroll","background-type":"","background-media":"","overlay-type":"","overlay-color":"","overlay-opacity":"","overlay-gradient":""},"tablet":{"background-color":"","background-image":"","background-repeat":"repeat","background-position":"center center","background-size":"auto","background-attachment":"scroll","background-type":"","background-media":"","overlay-type":"","overlay-color":"","overlay-opacity":"","overlay-gradient":""},"mobile":{"background-color":"","background-image":"","background-repeat":"repeat","background-position":"center center","background-size":"auto","background-attachment":"scroll","background-type":"","background-media":"","overlay-type":"","overlay-color":"","overlay-opacity":"","overlay-gradient":""}},"ast-content-background-meta":{"desktop":{"background-color":"var(--ast-global-color-5)","background-image":"","background-repeat":"repeat","background-position":"center center","background-size":"auto","background-attachment":"scroll","background-type":"","background-media":"","overlay-type":"","overlay-color":"","overlay-opacity":"","overlay-gradient":""},"tablet":{"background-color":"var(--ast-global-color-5)","background-image":"","background-repeat":"repeat","background-position":"center center","background-size":"auto","background-attachment":"scroll","background-type":"","background-media":"","overlay-type":"","overlay-color":"","overlay-opacity":"","overlay-gradient":""},"mobile":{"background-color":"var(--ast-global-color-5)","background-image":"","background-repeat":"repeat","background-position":"center center","background-size":"auto","background-attachment":"scroll","background-type":"","background-media":"","overlay-type":"","overlay-color":"","overlay-opacity":"","overlay-gradient":""}},"jetpack_post_was_ever_published":false},"product_brand":[],"product_cat":[567],"product_tag":[],"class_list":{"0":"post-11056","1":"product","2":"type-product","3":"status-publish","4":"has-post-thumbnail","6":"product_cat-obrazy-do-kuchyne","7":"pa_barva-cerna","8":"pa_barva-antracit","9":"pa_barva-bila","10":"pa_barva-cervena","11":"pa_barva-fialova","12":"pa_barva-modra","13":"pa_barva-oranzova","14":"pa_barva-orech","15":"pa_barva-ruzova","16":"pa_barva-zelena","17":"pa_barva-zluta","18":"pa_rozmery-50x15-cm","19":"desktop-align-left","20":"tablet-align-left","21":"mobile-align-left","23":"first","24":"instock","25":"shipping-taxable","26":"purchasable","27":"product-type-variable"},"jetpack_sharing_enabled":true,"_links":{"self":[{"href":"https:\/\/dekohra.eu\/de\/wp-json\/wp\/v2\/product\/11056","targetHints":{"allow":["GET"]}}],"collection":[{"href":"https:\/\/dekohra.eu\/de\/wp-json\/wp\/v2\/product"}],"about":[{"href":"https:\/\/dekohra.eu\/de\/wp-json\/wp\/v2\/types\/product"}],"replies":[{"embeddable":true,"href":"https:\/\/dekohra.eu\/de\/wp-json\/wp\/v2\/comments?post=11056"}],"wp:featuredmedia":[{"embeddable":true,"href":"https:\/\/dekohra.eu\/de\/wp-json\/wp\/v2\/media\/2131"}],"wp:attachment":[{"href":"https:\/\/dekohra.eu\/de\/wp-json\/wp\/v2\/media?parent=11056"}],"wp:term":[{"taxonomy":"product_brand","embeddable":true,"href":"https:\/\/dekohra.eu\/de\/wp-json\/wp\/v2\/product_brand?post=11056"},{"taxonomy":"product_cat","embeddable":true,"href":"https:\/\/dekohra.eu\/de\/wp-json\/wp\/v2\/product_cat?post=11056"},{"taxonomy":"product_tag","embeddable":true,"href":"https:\/\/dekohra.eu\/de\/wp-json\/wp\/v2\/product_tag?post=11056"}],"curies":[{"name":"wp","href":"https:\/\/api.w.org\/{rel}","templated":true}]}}