{"id":11059,"date":"2024-10-22T14:42:04","date_gmt":"2024-10-22T12:42:04","guid":{"rendered":"https:\/\/bazar-komoda.cz\/?post_type=product&#038;p=11059"},"modified":"2025-02-25T10:07:55","modified_gmt":"2025-02-25T09:07:55","slug":"svatebni-dekorace-na-zed","status":"publish","type":"product","link":"https:\/\/dekohra.eu\/de\/produkt\/svatebni-dekorace-na-zed\/","title":{"rendered":"Wanddekoration zur Hochzeit MR&amp;MRS Wunschtext"},"content":{"rendered":"<h2 style=\"text-align: left;\"><strong>Hochzeitswanddekoration MR&amp;MRS, individueller Text, H\u00f6he 15 cm.<\/strong><\/h2>\n<p><strong>Hochzeitswanddekorationen MR&amp;MRS<\/strong> mit Ihrem eigenen Text bereichern sie Ihre Hochzeit <strong>eine pers\u00f6nliche und einzigartige Note.<\/strong> Dieses elegante Accessoire eignet sich ideal f\u00fcr Hochzeitsfeiern und sorgt f\u00fcr eine unvergessliche Atmosph\u00e4re.<\/p>\n<h3>Hochwertige Materialien<\/h3>\n<ul>\n<li>Die Dekorationen bestehen aus <strong>hochwertige Faserplatte<\/strong> 3 mm dick, was Robustheit und lange Lebensdauer gew\u00e4hrleistet.<\/li>\n<\/ul>\n<h3>Personalisierung<\/h3>\n<ul>\n<li>Dekorationen k\u00f6nnen individuell angepasst werden mit <strong>benutzerdefinierter Text, wie Namen, Hochzeitsdatum oder eine besondere Nachricht.<\/strong> Dieser Text ist lasergraviert.<\/li>\n<\/ul>\n<h3>Design und Kreativit\u00e4t<\/h3>\n<ul>\n<li><strong>Personalisierte Dekorationen mit den Aufschriften MR und MRS<\/strong> und f\u00fcgen Sie Ihren eigenen Text hinzu <strong>eleganter und einzigartiger Look f\u00fcr Ihre Hochzeitsdekoration.<\/strong> Sie k\u00f6nnen ganz nach Ihrem Geschmack mit Blumen, B\u00e4ndern oder anderen Verzierungen geschm\u00fcckt werden.<\/li>\n<\/ul>\n<h3>Praktischer Nutzen<\/h3>\n<ul>\n<li>Die Dekorationen sind leicht und einfach zu tragen, ideal zum Platzieren auf Hochzeitstischen, am Eingang oder als Teil einer Fotokabine. Die Montage ist mittels doppelseitigem Klebeband oder Minin\u00e4geln (separat erh\u00e4ltlich) m\u00f6glich.<\/li>\n<\/ul>\n<h3>Parameter:<\/h3>\n<ul>\n<li><strong>Material:<\/strong>\u00a0<a href=\"https:\/\/dekohra.eu\/de\/drevovlaknita-deska-3mm-idealni-material-pro-vyrobu-obrazu\/\">Faserplatte, einseitig lackiert<\/a><\/li>\n<li><strong>Produktdicke:\u00a0<\/strong>3 mm<\/li>\n<li><strong>Hersteller:\u00a0<\/strong><a href=\"http:\/\/dekohra.de\/\" target=\"_blank\" rel=\"noopener\">Dekohra.eu<\/a><\/li>\n<li><strong>Kategorie: <\/strong><a href=\"https:\/\/dekohra.eu\/de\/produkt-kategorie\/svatebni-vyzdoba\/\">Hochzeitsdekoration<\/a><\/li>\n<li><strong>Technologie: <\/strong><a href=\"https:\/\/dekohra.eu\/de\/moderni-laserova-technologie-rezani-a-gravirovani\/\">Moderne Laserschneidtechnologie<\/a><\/li>\n<li><strong>Abmessungen:<\/strong> Buchstabenh\u00f6he 15 cm<\/li>\n<\/ul>","protected":false},"excerpt":{"rendered":"<p>Svatebn\u00ed dekorace na ze\u010f MR&amp;MRS vlastn\u00ed text v\u00fd\u0161ka 15cm. Svatebn\u00ed dekorace na ze\u010f MR&amp;MRS s vlastn\u00edm textem p\u0159idaj\u00ed va\u0161\u00ed svatb\u011b [&hellip;]<\/p>","protected":false},"featured_media":2138,"comment_status":"open","ping_status":"closed","template":"","meta":{"site-sidebar-layout":"default","site-content-layout":"","ast-site-content-layout":"default","site-content-style":"default","site-sidebar-style":"default","ast-global-header-display":"","ast-banner-title-visibility":"","ast-main-header-display":"","ast-hfb-above-header-display":"","ast-hfb-below-header-display":"","ast-hfb-mobile-header-display":"","site-post-title":"","ast-breadcrumbs-content":"","ast-featured-img":"","footer-sml-layout":"","theme-transparent-header-meta":"default","adv-header-id-meta":"","stick-header-meta":"","header-above-stick-meta":"","header-main-stick-meta":"","header-below-stick-meta":"","astra-migrate-meta-layouts":"set","ast-page-background-enabled":"default","ast-page-background-meta":{"desktop":{"background-color":"var(--ast-global-color-4)","background-image":"","background-repeat":"repeat","background-position":"center center","background-size":"auto","background-attachment":"scroll","background-type":"","background-media":"","overlay-type":"","overlay-color":"","overlay-opacity":"","overlay-gradient":""},"tablet":{"background-color":"","background-image":"","background-repeat":"repeat","background-position":"center center","background-size":"auto","background-attachment":"scroll","background-type":"","background-media":"","overlay-type":"","overlay-color":"","overlay-opacity":"","overlay-gradient":""},"mobile":{"background-color":"","background-image":"","background-repeat":"repeat","background-position":"center center","background-size":"auto","background-attachment":"scroll","background-type":"","background-media":"","overlay-type":"","overlay-color":"","overlay-opacity":"","overlay-gradient":""}},"ast-content-background-meta":{"desktop":{"background-color":"var(--ast-global-color-5)","background-image":"","background-repeat":"repeat","background-position":"center center","background-size":"auto","background-attachment":"scroll","background-type":"","background-media":"","overlay-type":"","overlay-color":"","overlay-opacity":"","overlay-gradient":""},"tablet":{"background-color":"var(--ast-global-color-5)","background-image":"","background-repeat":"repeat","background-position":"center center","background-size":"auto","background-attachment":"scroll","background-type":"","background-media":"","overlay-type":"","overlay-color":"","overlay-opacity":"","overlay-gradient":""},"mobile":{"background-color":"var(--ast-global-color-5)","background-image":"","background-repeat":"repeat","background-position":"center center","background-size":"auto","background-attachment":"scroll","background-type":"","background-media":"","overlay-type":"","overlay-color":"","overlay-opacity":"","overlay-gradient":""}},"jetpack_post_was_ever_published":false},"product_brand":[],"product_cat":[558],"product_tag":[],"class_list":{"0":"post-11059","1":"product","2":"type-product","3":"status-publish","4":"has-post-thumbnail","6":"product_cat-svatebni-vyzdoba","7":"pa_barva-cerna","8":"pa_barva-antracit","9":"pa_barva-bila","10":"pa_barva-cervena","11":"pa_barva-fialova","12":"pa_barva-modra","13":"pa_barva-oranzova","14":"pa_barva-orech","15":"pa_barva-ruzova","16":"pa_barva-zelena","17":"pa_barva-zluta","18":"desktop-align-left","19":"tablet-align-left","20":"mobile-align-left","22":"first","23":"instock","24":"shipping-taxable","25":"purchasable","26":"product-type-variable"},"jetpack_sharing_enabled":true,"_links":{"self":[{"href":"https:\/\/dekohra.eu\/de\/wp-json\/wp\/v2\/product\/11059","targetHints":{"allow":["GET"]}}],"collection":[{"href":"https:\/\/dekohra.eu\/de\/wp-json\/wp\/v2\/product"}],"about":[{"href":"https:\/\/dekohra.eu\/de\/wp-json\/wp\/v2\/types\/product"}],"replies":[{"embeddable":true,"href":"https:\/\/dekohra.eu\/de\/wp-json\/wp\/v2\/comments?post=11059"}],"wp:featuredmedia":[{"embeddable":true,"href":"https:\/\/dekohra.eu\/de\/wp-json\/wp\/v2\/media\/2138"}],"wp:attachment":[{"href":"https:\/\/dekohra.eu\/de\/wp-json\/wp\/v2\/media?parent=11059"}],"wp:term":[{"taxonomy":"product_brand","embeddable":true,"href":"https:\/\/dekohra.eu\/de\/wp-json\/wp\/v2\/product_brand?post=11059"},{"taxonomy":"product_cat","embeddable":true,"href":"https:\/\/dekohra.eu\/de\/wp-json\/wp\/v2\/product_cat?post=11059"},{"taxonomy":"product_tag","embeddable":true,"href":"https:\/\/dekohra.eu\/de\/wp-json\/wp\/v2\/product_tag?post=11059"}],"curies":[{"name":"wp","href":"https:\/\/api.w.org\/{rel}","templated":true}]}}