{"id":11060,"date":"2024-10-22T14:42:04","date_gmt":"2024-10-22T12:42:04","guid":{"rendered":"https:\/\/bazar-komoda.cz\/?post_type=product&#038;p=11060"},"modified":"2025-02-16T20:22:04","modified_gmt":"2025-02-16T19:22:04","slug":"obraz-lev-drevena-dekorace-na-zed","status":"publish","type":"product","link":"https:\/\/dekohra.eu\/de\/produkt\/obraz-lev-drevena-dekorace-na-zed\/","title":{"rendered":"L\u00d6WE Bild \u2013 Wanddekoration aus Holz"},"content":{"rendered":"<p><!-- upraveno html4output --><\/p>\n<h2 style=\"text-align: left;\"><strong>L\u00d6WE-Gem\u00e4lde - Wanddekoration aus Holz, moderne Heimdekoration.<\/strong><\/h2>\n<p>L\u00d6WE Malerei \u2013 Holzwanddekoration symbolisiert <strong>St\u00e4rke, Mut und Majest\u00e4t.<\/strong> Dieses wundersch\u00f6n gearbeitete Holzgem\u00e4lde bringt ein elegantes und eindrucksvolles Element in den Innenraum, das jeden Besucher in seinen Bann zieht. <strong>Ideal f\u00fcr Kinderzimmer, Wohnzimmer oder B\u00fcros,<\/strong> wo es dem Raum Pers\u00f6nlichkeit und Stil verleiht.<\/p>\n<h3>Hochwertige Materialien<\/h3>\n<ul>\n<li>Die Dekoration besteht aus hochwertiger 3 mm starker Faserplatte, die Stabilit\u00e4t und Haltbarkeit gew\u00e4hrleistet.<\/li>\n<li>Bei der Dekoration wurde Wert auf Details und \u00c4sthetik gelegt. <strong>Moderner Laserschnitt sorgt f\u00fcr pr\u00e4zises und elegantes Design<\/strong>, das in jedes Interieur passt. Sie k\u00f6nnen aus mehreren Farboptionen w\u00e4hlen, beispielsweise Schwarz, Wei\u00df und Walnuss.<\/li>\n<\/ul>\n<h3>Einfache Montage<\/h3>\n<ul>\n<li>Die Dekoration ist praktisch und einfach anzubringen. Sie k\u00f6nnen es an der Wand befestigen mit <strong>doppelseitiges Klebeband oder Minin\u00e4gel<\/strong>, was eine schnelle und einfache Montage ohne Besch\u00e4digung der W\u00e4nde gew\u00e4hrleistet.<\/li>\n<\/ul>\n<p>Das Gem\u00e4lde \u201eL\u00d6WE\u201c \u2013 Wanddekoration aus Holz \u2013 ist die perfekte Wahl f\u00fcr alle, die ihrer Inneneinrichtung ein einzigartiges und inspirierendes Element hinzuf\u00fcgen m\u00f6chten. <strong>Aus hochwertiger Faserplatte<\/strong> und in mehreren Farboptionen erh\u00e4ltlich, gew\u00e4hrleistet diese Dekoration eine lange Lebensdauer und ein \u00e4sthetisches Erscheinungsbild. Bestellen Sie diese Dekoration und<strong> Verleihen Sie Ihrem Zuhause einen Hauch von St\u00e4rke und Eleganz.<\/strong><\/p>\n<h3>Parameter:<\/h3>\n<ul>\n<li><strong>Material:<\/strong>\u00a0<a href=\"https:\/\/dekohra.eu\/de\/drevovlaknita-deska-3mm-idealni-material-pro-vyrobu-obrazu\/\">Faserplatte, einseitig lackiert<\/a><\/li>\n<li><strong>Produktdicke:\u00a0<\/strong>3 mm<\/li>\n<li><strong>Hersteller:\u00a0<\/strong><a href=\"http:\/\/dekohra.de\/\" target=\"_blank\" rel=\"noopener\">Dekohra.eu<\/a><\/li>\n<li><strong>Kategorie:\u00a0<\/strong><a href=\"https:\/\/dekohra.eu\/de\/produkt-kategorie\/bytove-dekorace\/detsky-pokoj\/\">Dekoration f\u00fcr das Kinderzimmer<\/a><\/li>\n<li><strong>Montage:<\/strong>\u00a0<a href=\"https:\/\/dekohra.eu\/de\/navod-k-obsluze-a-montazi\/\">Mit doppelseitigem Klebeband oder Minin\u00e4geln<\/a><\/li>\n<\/ul>\n<p>&nbsp;<\/p>\n<p><a href=\"https:\/\/dekohra.eu\/de\/clanek\/velikost-drevenych-obrazu-prakticky-pruvodce\/\"><img decoding=\"async\" src=\"https:\/\/dekohra.eu\/_obchody\/go4874\/prilohy\/4\/vyber-velikosti.jpg.big.jpg\" alt=\"\" width=\"400\" \/><\/a><\/p>\n<p>Wandmontage durch Kleben, Kleber ist nicht im Lieferumfang enthalten.<\/p>","protected":false},"excerpt":{"rendered":"<p>Obraz LEV &#8211; D\u0159ev\u011bn\u00e1 dekorace na ze\u010f, modern\u00ed bytov\u00e1 dekorace. Obraz LEV &#8211; D\u0159ev\u011bn\u00e1 dekorace na ze\u010f symbolizuje s\u00edlu, odvahu [&hellip;]<\/p>","protected":false},"featured_media":2140,"comment_status":"open","ping_status":"closed","template":"","meta":{"site-sidebar-layout":"default","site-content-layout":"","ast-site-content-layout":"default","site-content-style":"default","site-sidebar-style":"default","ast-global-header-display":"","ast-banner-title-visibility":"","ast-main-header-display":"","ast-hfb-above-header-display":"","ast-hfb-below-header-display":"","ast-hfb-mobile-header-display":"","site-post-title":"","ast-breadcrumbs-content":"","ast-featured-img":"","footer-sml-layout":"","theme-transparent-header-meta":"default","adv-header-id-meta":"","stick-header-meta":"","header-above-stick-meta":"","header-main-stick-meta":"","header-below-stick-meta":"","astra-migrate-meta-layouts":"set","ast-page-background-enabled":"default","ast-page-background-meta":{"desktop":{"background-color":"var(--ast-global-color-4)","background-image":"","background-repeat":"repeat","background-position":"center center","background-size":"auto","background-attachment":"scroll","background-type":"","background-media":"","overlay-type":"","overlay-color":"","overlay-opacity":"","overlay-gradient":""},"tablet":{"background-color":"","background-image":"","background-repeat":"repeat","background-position":"center center","background-size":"auto","background-attachment":"scroll","background-type":"","background-media":"","overlay-type":"","overlay-color":"","overlay-opacity":"","overlay-gradient":""},"mobile":{"background-color":"","background-image":"","background-repeat":"repeat","background-position":"center center","background-size":"auto","background-attachment":"scroll","background-type":"","background-media":"","overlay-type":"","overlay-color":"","overlay-opacity":"","overlay-gradient":""}},"ast-content-background-meta":{"desktop":{"background-color":"var(--ast-global-color-5)","background-image":"","background-repeat":"repeat","background-position":"center center","background-size":"auto","background-attachment":"scroll","background-type":"","background-media":"","overlay-type":"","overlay-color":"","overlay-opacity":"","overlay-gradient":""},"tablet":{"background-color":"var(--ast-global-color-5)","background-image":"","background-repeat":"repeat","background-position":"center center","background-size":"auto","background-attachment":"scroll","background-type":"","background-media":"","overlay-type":"","overlay-color":"","overlay-opacity":"","overlay-gradient":""},"mobile":{"background-color":"var(--ast-global-color-5)","background-image":"","background-repeat":"repeat","background-position":"center center","background-size":"auto","background-attachment":"scroll","background-type":"","background-media":"","overlay-type":"","overlay-color":"","overlay-opacity":"","overlay-gradient":""}},"jetpack_post_was_ever_published":false},"product_brand":[],"product_cat":[556],"product_tag":[],"class_list":{"0":"post-11060","1":"product","2":"type-product","3":"status-publish","4":"has-post-thumbnail","6":"product_cat-obrazy-do-detskeho-pokoje","7":"pa_barva-cerna","8":"pa_barva-antracit","9":"pa_barva-bila","10":"pa_barva-cervena","11":"pa_barva-fialova","12":"pa_barva-modra","13":"pa_barva-oranzova","14":"pa_barva-orech","15":"pa_barva-ruzova","16":"pa_barva-zelena","17":"pa_barva-zluta","18":"pa_rozmery-38x35-cm","19":"pa_rozmery-57x52-cm","20":"desktop-align-left","21":"tablet-align-left","22":"mobile-align-left","24":"first","25":"instock","26":"shipping-taxable","27":"purchasable","28":"product-type-variable"},"jetpack_sharing_enabled":true,"_links":{"self":[{"href":"https:\/\/dekohra.eu\/de\/wp-json\/wp\/v2\/product\/11060","targetHints":{"allow":["GET"]}}],"collection":[{"href":"https:\/\/dekohra.eu\/de\/wp-json\/wp\/v2\/product"}],"about":[{"href":"https:\/\/dekohra.eu\/de\/wp-json\/wp\/v2\/types\/product"}],"replies":[{"embeddable":true,"href":"https:\/\/dekohra.eu\/de\/wp-json\/wp\/v2\/comments?post=11060"}],"wp:featuredmedia":[{"embeddable":true,"href":"https:\/\/dekohra.eu\/de\/wp-json\/wp\/v2\/media\/2140"}],"wp:attachment":[{"href":"https:\/\/dekohra.eu\/de\/wp-json\/wp\/v2\/media?parent=11060"}],"wp:term":[{"taxonomy":"product_brand","embeddable":true,"href":"https:\/\/dekohra.eu\/de\/wp-json\/wp\/v2\/product_brand?post=11060"},{"taxonomy":"product_cat","embeddable":true,"href":"https:\/\/dekohra.eu\/de\/wp-json\/wp\/v2\/product_cat?post=11060"},{"taxonomy":"product_tag","embeddable":true,"href":"https:\/\/dekohra.eu\/de\/wp-json\/wp\/v2\/product_tag?post=11060"}],"curies":[{"name":"wp","href":"https:\/\/api.w.org\/{rel}","templated":true}]}}