{"id":11062,"date":"2024-10-22T14:42:04","date_gmt":"2024-10-22T12:42:04","guid":{"rendered":"https:\/\/bazar-komoda.cz\/?post_type=product&#038;p=11062"},"modified":"2026-04-03T08:15:13","modified_gmt":"2026-04-03T06:15:13","slug":"dreveny-zapich-do-dortu-narozeniny-2ks","status":"publish","type":"product","link":"https:\/\/dekohra.eu\/de\/produkt\/dreveny-zapich-do-dortu-narozeniny-2ks\/","title":{"rendered":"Tortenaufsatz aus Holz Geburtstag 2St"},"content":{"rendered":"<h2 style=\"text-align: left;\"><strong>2 St\u00fcck h\u00f6lzerner Geburtstagstortenaufsatz zur Geburtstagsfeier.<\/strong><\/h2>\n<p>Der h\u00f6lzerne Geburtstagstortenaufsatz (2 St\u00fcck) ist ein tolles Accessoire f\u00fcr eine Geburtstagsfeier. Dieses elegante Topping verleiht Ihrem Kuchen eine einzigartige und festliche Note. <strong>wird alle G\u00e4ste beeindrucken.<\/strong><\/p>\n<h3>Hochwertige Materialien<\/h3>\n<ul>\n<li>Die Aussparungen bestehen aus hochwertiger 3 mm dicker Faserplatte, die f\u00fcr Stabilit\u00e4t sorgt und <strong>lange Lebensdauer.<\/strong><\/li>\n<\/ul>\n<h3>Design und Kreativit\u00e4t<\/h3>\n<ul>\n<li>Die Nische ist mit viel Liebe zum Detail und \u00c4sthetik gestaltet. Modernes Laserschneiden erm\u00f6glicht Ihnen die Erstellung <strong>pr\u00e4zises und elegantes Design,<\/strong> das zu jeder Geburtstagstorte passt.<\/li>\n<\/ul>\n<h3>Praktischer Nutzen<\/h3>\n<ul>\n<li>Die Einkerbungen sind leicht zu bedienen und praktisch. Sie sind so konzipiert, dass sie sich leicht in einen Kuchen einsetzen lassen und eine stabile und attraktive Dekoration ergeben.<\/li>\n<\/ul>\n<p>Ein Tortenaufsatz mit der Aufschrift \u201eHappy Birthday\u201c ist eine tolle M\u00f6glichkeit, einer Geburtstagsfeier eine elegante und pers\u00f6nliche Note zu verleihen. <strong>Modernes Laserschneiden liefert<\/strong> Aussparung <strong>luxuri\u00f6ses Aussehen<\/strong> und erm\u00f6glicht Ihnen, ein einzigartiges Accessoire zu kreieren. Bestellen Sie diese einzigartige Gravur und beeindrucken Sie das Geburtstagskind und die G\u00e4ste.<\/p>\n<h3>Parameter:<\/h3>\n<ul>\n<li><strong>Material:<\/strong>\u00a0<a href=\"https:\/\/dekohra.eu\/de\/drevovlaknita-deska-3mm-idealni-material-pro-vyrobu-obrazu\/\">Faserplatte, einseitig lackiert<\/a><\/li>\n<li><strong>Produktdicke:\u00a0<\/strong>3 mm<\/li>\n<li><strong>Hersteller:\u00a0<\/strong><a href=\"http:\/\/dekohra.de\/\" target=\"_blank\" rel=\"noopener\">Dekohra.eu<\/a><\/li>\n<li><strong>Kategorie:\u00a0<\/strong><a href=\"https:\/\/dekohra.eu\/de\/produkt-kategorie\/dorty\/narozeninove\/\">Geburtstagskuchen<\/a><\/li>\n<li><strong>Abmessungen: <\/strong>15\u00d78,5 cm<\/li>\n<li><strong>Menge: 2 St\u00fcck<\/strong><\/li>\n<\/ul>","protected":false},"excerpt":{"rendered":"<p>D\u0159ev\u011bn\u00fd z\u00e1pich do dortu narozeniny 2ks pro oslavu narozenin. D\u0159ev\u011bn\u00fd z\u00e1pich do dortu narozeniny 2ks je skv\u011bl\u00fdm dopl\u0148kem k oslav\u011b [&hellip;]<\/p>","protected":false},"featured_media":19362,"comment_status":"open","ping_status":"closed","template":"","meta":{"site-sidebar-layout":"default","site-content-layout":"","ast-site-content-layout":"default","site-content-style":"default","site-sidebar-style":"default","ast-global-header-display":"","ast-banner-title-visibility":"","ast-main-header-display":"","ast-hfb-above-header-display":"","ast-hfb-below-header-display":"","ast-hfb-mobile-header-display":"","site-post-title":"","ast-breadcrumbs-content":"","ast-featured-img":"","footer-sml-layout":"","theme-transparent-header-meta":"default","adv-header-id-meta":"","stick-header-meta":"","header-above-stick-meta":"","header-main-stick-meta":"","header-below-stick-meta":"","astra-migrate-meta-layouts":"set","ast-page-background-enabled":"default","ast-page-background-meta":{"desktop":{"background-color":"var(--ast-global-color-4)","background-image":"","background-repeat":"repeat","background-position":"center center","background-size":"auto","background-attachment":"scroll","background-type":"","background-media":"","overlay-type":"","overlay-color":"","overlay-opacity":"","overlay-gradient":""},"tablet":{"background-color":"","background-image":"","background-repeat":"repeat","background-position":"center center","background-size":"auto","background-attachment":"scroll","background-type":"","background-media":"","overlay-type":"","overlay-color":"","overlay-opacity":"","overlay-gradient":""},"mobile":{"background-color":"","background-image":"","background-repeat":"repeat","background-position":"center center","background-size":"auto","background-attachment":"scroll","background-type":"","background-media":"","overlay-type":"","overlay-color":"","overlay-opacity":"","overlay-gradient":""}},"ast-content-background-meta":{"desktop":{"background-color":"var(--ast-global-color-5)","background-image":"","background-repeat":"repeat","background-position":"center center","background-size":"auto","background-attachment":"scroll","background-type":"","background-media":"","overlay-type":"","overlay-color":"","overlay-opacity":"","overlay-gradient":""},"tablet":{"background-color":"var(--ast-global-color-5)","background-image":"","background-repeat":"repeat","background-position":"center center","background-size":"auto","background-attachment":"scroll","background-type":"","background-media":"","overlay-type":"","overlay-color":"","overlay-opacity":"","overlay-gradient":""},"mobile":{"background-color":"var(--ast-global-color-5)","background-image":"","background-repeat":"repeat","background-position":"center center","background-size":"auto","background-attachment":"scroll","background-type":"","background-media":"","overlay-type":"","overlay-color":"","overlay-opacity":"","overlay-gradient":""}},"jetpack_post_was_ever_published":false},"product_brand":[],"product_cat":[621,623],"product_tag":[],"class_list":{"0":"post-11062","1":"product","2":"type-product","3":"status-publish","4":"has-post-thumbnail","6":"product_cat-dorty","7":"product_cat-narozeninove-dorty","8":"pa_barva-cerna","9":"pa_barva-antracit","10":"pa_barva-bila","11":"pa_barva-cervena","12":"pa_barva-fialova","13":"pa_barva-modra","14":"pa_barva-oranzova","15":"pa_barva-orech","16":"pa_barva-ruzova","17":"pa_barva-zelena","18":"pa_barva-zluta","19":"desktop-align-left","20":"tablet-align-left","21":"mobile-align-left","23":"first","24":"instock","25":"shipping-taxable","26":"purchasable","27":"product-type-variable"},"jetpack_sharing_enabled":true,"_links":{"self":[{"href":"https:\/\/dekohra.eu\/de\/wp-json\/wp\/v2\/product\/11062","targetHints":{"allow":["GET"]}}],"collection":[{"href":"https:\/\/dekohra.eu\/de\/wp-json\/wp\/v2\/product"}],"about":[{"href":"https:\/\/dekohra.eu\/de\/wp-json\/wp\/v2\/types\/product"}],"replies":[{"embeddable":true,"href":"https:\/\/dekohra.eu\/de\/wp-json\/wp\/v2\/comments?post=11062"}],"wp:featuredmedia":[{"embeddable":true,"href":"https:\/\/dekohra.eu\/de\/wp-json\/wp\/v2\/media\/19362"}],"wp:attachment":[{"href":"https:\/\/dekohra.eu\/de\/wp-json\/wp\/v2\/media?parent=11062"}],"wp:term":[{"taxonomy":"product_brand","embeddable":true,"href":"https:\/\/dekohra.eu\/de\/wp-json\/wp\/v2\/product_brand?post=11062"},{"taxonomy":"product_cat","embeddable":true,"href":"https:\/\/dekohra.eu\/de\/wp-json\/wp\/v2\/product_cat?post=11062"},{"taxonomy":"product_tag","embeddable":true,"href":"https:\/\/dekohra.eu\/de\/wp-json\/wp\/v2\/product_tag?post=11062"}],"curies":[{"name":"wp","href":"https:\/\/api.w.org\/{rel}","templated":true}]}}