{"id":11065,"date":"2024-10-22T14:42:05","date_gmt":"2024-10-22T12:42:05","guid":{"rendered":"https:\/\/bazar-komoda.cz\/?post_type=product&#038;p=11065"},"modified":"2026-04-03T07:46:53","modified_gmt":"2026-04-03T05:46:53","slug":"zapich-na-dort-se-jmenem","status":"publish","type":"product","link":"https:\/\/dekohra.eu\/de\/produkt\/zapich-na-dort-se-jmenem\/","title":{"rendered":"Tortenaufsatz aus Holz mit Namen - Wunschtext"},"content":{"rendered":"<h2 style=\"text-align: left;\"><strong>Tortenaufsatz aus Holz mit Namen \u2013 individueller Text 2 cm.<\/strong><\/h2>\n<p style=\"text-align: left;\">Ein Tortenaufsatz aus Holz mit Namen ist die perfekte Erg\u00e4nzung f\u00fcr jede Feier. Diese personalisierte Gravur <strong>verleiht Ihrer Torte eine einzigartige und pers\u00f6nliche Note<\/strong>und macht es zu einem unvergesslichen Element jeder Geburtstagsfeier, Hochzeit oder jedes anderen wichtigen Tages.<\/p>\n<h3>Hochwertige Materialien<\/h3>\n<ul>\n<li>Die Aussparung besteht aus hochwertiger 3 mm starker Faserplatte, was ihre Stabilit\u00e4t und Langlebigkeit gew\u00e4hrleistet.<\/li>\n<li>Die Aussparung ist \u00e4sthetisch ansprechend gestaltet und kann nach Ihren W\u00fcnschen personalisiert werden. <strong>Modernes Laserschneiden erm\u00f6glicht pr\u00e4zise Details und die M\u00f6glichkeit, Texte individuell anzupassen.<\/strong><\/li>\n<\/ul>\n<h3>Pers\u00f6nliche Note<\/h3>\n<ul>\n<li>Durch die Personalisierungsoption kannst Du die Gravur mit dem Namen des Geburtstagskindes oder einem anderen Wunschtext erg\u00e4nzen und so jede Feier einzigartig und unvergesslich machen.<\/li>\n<\/ul>\n<p>Mit einem Tortenaufsatz mit Namen verleihen Sie jeder Feier eine pers\u00f6nliche und stilvolle Note. Dank des hochwertigen Materials und der M\u00f6glichkeit zur Personalisierung ist dieses Produkt eine ideale Wahl f\u00fcr diverse festliche Anl\u00e4sse. Moderner Laserschnitt verleiht der Gravur eine luxuri\u00f6se Optik und erm\u00f6glicht die Herstellung eines einzigartigen Accessoires. <strong>Bestellen Sie diese einzigartige Gravur und beeindrucken Sie das Geburtstagskind und die G\u00e4ste.<\/strong><\/p>\n<p>&nbsp;<\/p>\n<h3>Parameter:<\/h3>\n<ul>\n<li><strong>Material:<\/strong>\u00a0<a href=\"https:\/\/dekohra.eu\/de\/drevovlaknita-deska-3mm-idealni-material-pro-vyrobu-obrazu\/\">Faserplatte, einseitig lackiert<\/a><\/li>\n<li><strong>Produktdicke:\u00a0<\/strong>3 mm<\/li>\n<li><strong>Hersteller:\u00a0<\/strong><a href=\"http:\/\/dekohra.de\/\" target=\"_blank\" rel=\"noopener\">Dekohra.eu<\/a><\/li>\n<li><strong>Kategorie:\u00a0<\/strong><a href=\"https:\/\/dekohra.eu\/de\/produkt-kategorie\/dorty\/narozeninove\/\">Geburtstagskuchen<\/a><\/li>\n<li><strong>Abmessungen: <strong>Schrifth\u00f6he 2cm<\/strong><\/strong><\/li>\n<li><strong>Menge: 1 St\u00fcck<\/strong><\/li>\n<\/ul>","protected":false},"excerpt":{"rendered":"<p>D\u0159ev\u011bn\u00fd z\u00e1pich na dort se jm\u00e9nem &#8211; vlastn\u00ed text 2cm. D\u0159ev\u011bn\u00fd z\u00e1pich na dort se jm\u00e9nem je perfektn\u00edm dopl\u0148kem pro [&hellip;]<\/p>","protected":false},"featured_media":19359,"comment_status":"open","ping_status":"closed","template":"","meta":{"site-sidebar-layout":"default","site-content-layout":"","ast-site-content-layout":"default","site-content-style":"default","site-sidebar-style":"default","ast-global-header-display":"","ast-banner-title-visibility":"","ast-main-header-display":"","ast-hfb-above-header-display":"","ast-hfb-below-header-display":"","ast-hfb-mobile-header-display":"","site-post-title":"","ast-breadcrumbs-content":"","ast-featured-img":"","footer-sml-layout":"","theme-transparent-header-meta":"default","adv-header-id-meta":"","stick-header-meta":"","header-above-stick-meta":"","header-main-stick-meta":"","header-below-stick-meta":"","astra-migrate-meta-layouts":"set","ast-page-background-enabled":"default","ast-page-background-meta":{"desktop":{"background-color":"var(--ast-global-color-4)","background-image":"","background-repeat":"repeat","background-position":"center center","background-size":"auto","background-attachment":"scroll","background-type":"","background-media":"","overlay-type":"","overlay-color":"","overlay-opacity":"","overlay-gradient":""},"tablet":{"background-color":"","background-image":"","background-repeat":"repeat","background-position":"center center","background-size":"auto","background-attachment":"scroll","background-type":"","background-media":"","overlay-type":"","overlay-color":"","overlay-opacity":"","overlay-gradient":""},"mobile":{"background-color":"","background-image":"","background-repeat":"repeat","background-position":"center center","background-size":"auto","background-attachment":"scroll","background-type":"","background-media":"","overlay-type":"","overlay-color":"","overlay-opacity":"","overlay-gradient":""}},"ast-content-background-meta":{"desktop":{"background-color":"var(--ast-global-color-5)","background-image":"","background-repeat":"repeat","background-position":"center center","background-size":"auto","background-attachment":"scroll","background-type":"","background-media":"","overlay-type":"","overlay-color":"","overlay-opacity":"","overlay-gradient":""},"tablet":{"background-color":"var(--ast-global-color-5)","background-image":"","background-repeat":"repeat","background-position":"center center","background-size":"auto","background-attachment":"scroll","background-type":"","background-media":"","overlay-type":"","overlay-color":"","overlay-opacity":"","overlay-gradient":""},"mobile":{"background-color":"var(--ast-global-color-5)","background-image":"","background-repeat":"repeat","background-position":"center center","background-size":"auto","background-attachment":"scroll","background-type":"","background-media":"","overlay-type":"","overlay-color":"","overlay-opacity":"","overlay-gradient":""}},"jetpack_post_was_ever_published":false},"product_brand":[],"product_cat":[621,623],"product_tag":[],"class_list":{"0":"post-11065","1":"product","2":"type-product","3":"status-publish","4":"has-post-thumbnail","6":"product_cat-dorty","7":"product_cat-narozeninove-dorty","8":"pa_barva-cerna","9":"pa_barva-antracit","10":"pa_barva-bila","11":"pa_barva-cervena","12":"pa_barva-fialova","13":"pa_barva-modra","14":"pa_barva-oranzova","15":"pa_barva-orech","16":"pa_barva-ruzova","17":"pa_barva-zelena","18":"pa_barva-zluta","19":"desktop-align-left","20":"tablet-align-left","21":"mobile-align-left","23":"first","24":"instock","25":"shipping-taxable","26":"purchasable","27":"product-type-variable"},"jetpack_sharing_enabled":true,"_links":{"self":[{"href":"https:\/\/dekohra.eu\/de\/wp-json\/wp\/v2\/product\/11065","targetHints":{"allow":["GET"]}}],"collection":[{"href":"https:\/\/dekohra.eu\/de\/wp-json\/wp\/v2\/product"}],"about":[{"href":"https:\/\/dekohra.eu\/de\/wp-json\/wp\/v2\/types\/product"}],"replies":[{"embeddable":true,"href":"https:\/\/dekohra.eu\/de\/wp-json\/wp\/v2\/comments?post=11065"}],"wp:featuredmedia":[{"embeddable":true,"href":"https:\/\/dekohra.eu\/de\/wp-json\/wp\/v2\/media\/19359"}],"wp:attachment":[{"href":"https:\/\/dekohra.eu\/de\/wp-json\/wp\/v2\/media?parent=11065"}],"wp:term":[{"taxonomy":"product_brand","embeddable":true,"href":"https:\/\/dekohra.eu\/de\/wp-json\/wp\/v2\/product_brand?post=11065"},{"taxonomy":"product_cat","embeddable":true,"href":"https:\/\/dekohra.eu\/de\/wp-json\/wp\/v2\/product_cat?post=11065"},{"taxonomy":"product_tag","embeddable":true,"href":"https:\/\/dekohra.eu\/de\/wp-json\/wp\/v2\/product_tag?post=11065"}],"curies":[{"name":"wp","href":"https:\/\/api.w.org\/{rel}","templated":true}]}}