{"id":11066,"date":"2024-10-22T14:42:05","date_gmt":"2024-10-22T12:42:05","guid":{"rendered":"https:\/\/bazar-komoda.cz\/?post_type=product&#038;p=11066"},"modified":"2026-04-10T10:08:23","modified_gmt":"2026-04-10T08:08:23","slug":"skladacka-pro-deti-raketa-25x21cm","status":"publish","type":"product","link":"https:\/\/dekohra.eu\/de\/produkt\/skladacka-pro-deti-raketa-25x21cm\/","title":{"rendered":"Puzzle f\u00fcr Kinder RAKETE 25x21cm"},"content":{"rendered":"<h2 style=\"text-align: left;\"><strong>Puzzle f\u00fcr Kinder RAKETE 25x21cm.<\/strong><\/h2>\n<p style=\"text-align: left;\">Das RAKETA-Puzzle f\u00fcr Kinder macht nicht nur gro\u00dfen Spa\u00df, sondern ist auch ein hervorragendes Hilfsmittel zur Entwicklung der F\u00e4higkeiten und des kreativen Denkens bei Kindern. Wir pr\u00e4sentieren Ihnen ein einzigartiges Kinder <strong>ein raketenf\u00f6rmiges Puzzle,<\/strong> das f\u00fcr wertvolle Unterhaltung sorgt und gleichzeitig die Entwicklung des Kindes unterst\u00fctzt. Dieses Produkt wurde sorgf\u00e4ltig entworfen, um nicht nur \u00e4sthetisch ansprechend, sondern auch sicher und lehrreich zu sein.<\/p>\n<h3 style=\"text-align: left;\">Eigenschaften und Material:<\/h3>\n<ul>\n<li style=\"text-align: left;\">Unser Raketa-Puzzle besteht aus hochwertiger 3 mm starker Faserplatte. Dieses Material ist f\u00fcr seine Festigkeit und Haltbarkeit bekannt, was eine lange Produktlebensdauer gew\u00e4hrleistet. Kinder k\u00f6nnen die einzelnen Puzzleteile sicher handhaben, ohne Angst vor Verletzungen haben zu m\u00fcssen.<\/li>\n<\/ul>\n<h3>Design und Kreativit\u00e4t:<\/h3>\n<ul>\n<li>Ein einzigartiges Merkmal dieses Puzzles ist seine wei\u00dfe Oberfl\u00e4che, die es Kindern erm\u00f6glicht, die Rakete nach Belieben auszumalen. Dies f\u00f6rdert ihre Kreativit\u00e4t und gibt ihnen das Gef\u00fchl, etwas erreicht zu haben, was sie mit ihrer Handarbeit erreicht haben. Kinder k\u00f6nnen mit Buntstiften, Filzstiften oder Farben ein einzigartiges Spielzeug herstellen, das ihre Pers\u00f6nlichkeit widerspiegelt.<\/li>\n<\/ul>\n<p>Das RAKETA Kinderpuzzle ist eine ausgezeichnete Wahl f\u00fcr alle Eltern, die m\u00f6chten, dass ihre Kinder <strong>bieten nicht nur Unterhaltung, sondern auch ein Werkzeug zur Entwicklung ihrer F\u00e4higkeiten und Kreativit\u00e4t<\/strong>.Dieses Puzzle vereint Freude, Bildung und Sicherheit in einem Produkt. Bestellen Sie jetzt und machen Sie Ihren Kindern ein Geschenk, das ihnen Spa\u00df macht und ihnen gleichzeitig etwas Neues beibringt.<\/p>\n<h3>Parameter:<\/h3>\n<ul>\n<li><strong>Material:<\/strong>\u00a0<a href=\"https:\/\/dekohra.eu\/de\/drevovlaknita-deska-3mm-idealni-material-pro-vyrobu-obrazu\/\">Faserplatte, einseitig lackiert<\/a><\/li>\n<li><strong>Produktdicke:\u00a0<\/strong>3 mm<\/li>\n<li><strong>Hersteller:\u00a0<\/strong><a href=\"http:\/\/dekohra.de\/\" target=\"_blank\" rel=\"noopener\">Dekohra.eu<\/a><\/li>\n<li><strong>Kategorie:\u00a0<\/strong><a href=\"https:\/\/dekohra.eu\/de\/produkt-kategorie\/hracky-pro-deti\/\">Spielzeug f\u00fcr Kinder<\/a><\/li>\n<li><strong>Farbe:<\/strong> Wei\u00df<\/li>\n<li><strong>Abmessungen:<\/strong> 6x25x21cm<\/li>\n<\/ul>\n<p><em>Notiz:<\/em>\u00a0Das Produkt ist nicht f\u00fcr Kinder unter 3 Jahren geeignet.<\/p>","protected":false},"excerpt":{"rendered":"<p>Skl\u00e1da\u010dka pro d\u011bti RAKETA 25x21cm. Skl\u00e1da\u010dka pro d\u011bti RAKETA je nejen skv\u011blou z\u00e1bavou, ale tak\u00e9 vynikaj\u00edc\u00edm n\u00e1strojem pro rozvoj dovednost\u00ed [&hellip;]<\/p>","protected":false},"featured_media":19555,"comment_status":"open","ping_status":"closed","template":"","meta":{"site-sidebar-layout":"default","site-content-layout":"","ast-site-content-layout":"default","site-content-style":"default","site-sidebar-style":"default","ast-global-header-display":"","ast-banner-title-visibility":"","ast-main-header-display":"","ast-hfb-above-header-display":"","ast-hfb-below-header-display":"","ast-hfb-mobile-header-display":"","site-post-title":"","ast-breadcrumbs-content":"","ast-featured-img":"","footer-sml-layout":"","theme-transparent-header-meta":"default","adv-header-id-meta":"","stick-header-meta":"","header-above-stick-meta":"","header-main-stick-meta":"","header-below-stick-meta":"","astra-migrate-meta-layouts":"set","ast-page-background-enabled":"default","ast-page-background-meta":{"desktop":{"background-color":"var(--ast-global-color-4)","background-image":"","background-repeat":"repeat","background-position":"center center","background-size":"auto","background-attachment":"scroll","background-type":"","background-media":"","overlay-type":"","overlay-color":"","overlay-opacity":"","overlay-gradient":""},"tablet":{"background-color":"","background-image":"","background-repeat":"repeat","background-position":"center center","background-size":"auto","background-attachment":"scroll","background-type":"","background-media":"","overlay-type":"","overlay-color":"","overlay-opacity":"","overlay-gradient":""},"mobile":{"background-color":"","background-image":"","background-repeat":"repeat","background-position":"center center","background-size":"auto","background-attachment":"scroll","background-type":"","background-media":"","overlay-type":"","overlay-color":"","overlay-opacity":"","overlay-gradient":""}},"ast-content-background-meta":{"desktop":{"background-color":"var(--ast-global-color-5)","background-image":"","background-repeat":"repeat","background-position":"center center","background-size":"auto","background-attachment":"scroll","background-type":"","background-media":"","overlay-type":"","overlay-color":"","overlay-opacity":"","overlay-gradient":""},"tablet":{"background-color":"var(--ast-global-color-5)","background-image":"","background-repeat":"repeat","background-position":"center center","background-size":"auto","background-attachment":"scroll","background-type":"","background-media":"","overlay-type":"","overlay-color":"","overlay-opacity":"","overlay-gradient":""},"mobile":{"background-color":"var(--ast-global-color-5)","background-image":"","background-repeat":"repeat","background-position":"center center","background-size":"auto","background-attachment":"scroll","background-type":"","background-media":"","overlay-type":"","overlay-color":"","overlay-opacity":"","overlay-gradient":""}},"jetpack_post_was_ever_published":false},"product_brand":[],"product_cat":[568],"product_tag":[],"class_list":{"0":"post-11066","1":"product","2":"type-product","3":"status-publish","4":"has-post-thumbnail","6":"product_cat-hracky-pro-deti","7":"pa_barva-bila","8":"pa_barva-topolova-preklizka","9":"desktop-align-left","10":"tablet-align-left","11":"mobile-align-left","13":"first","14":"instock","15":"shipping-taxable","16":"purchasable","17":"product-type-variable"},"jetpack_sharing_enabled":true,"_links":{"self":[{"href":"https:\/\/dekohra.eu\/de\/wp-json\/wp\/v2\/product\/11066","targetHints":{"allow":["GET"]}}],"collection":[{"href":"https:\/\/dekohra.eu\/de\/wp-json\/wp\/v2\/product"}],"about":[{"href":"https:\/\/dekohra.eu\/de\/wp-json\/wp\/v2\/types\/product"}],"replies":[{"embeddable":true,"href":"https:\/\/dekohra.eu\/de\/wp-json\/wp\/v2\/comments?post=11066"}],"wp:featuredmedia":[{"embeddable":true,"href":"https:\/\/dekohra.eu\/de\/wp-json\/wp\/v2\/media\/19555"}],"wp:attachment":[{"href":"https:\/\/dekohra.eu\/de\/wp-json\/wp\/v2\/media?parent=11066"}],"wp:term":[{"taxonomy":"product_brand","embeddable":true,"href":"https:\/\/dekohra.eu\/de\/wp-json\/wp\/v2\/product_brand?post=11066"},{"taxonomy":"product_cat","embeddable":true,"href":"https:\/\/dekohra.eu\/de\/wp-json\/wp\/v2\/product_cat?post=11066"},{"taxonomy":"product_tag","embeddable":true,"href":"https:\/\/dekohra.eu\/de\/wp-json\/wp\/v2\/product_tag?post=11066"}],"curies":[{"name":"wp","href":"https:\/\/api.w.org\/{rel}","templated":true}]}}