{"id":11068,"date":"2024-10-22T14:42:06","date_gmt":"2024-10-22T12:42:06","guid":{"rendered":"https:\/\/bazar-komoda.cz\/?post_type=product&#038;p=11068"},"modified":"2026-04-10T09:53:54","modified_gmt":"2026-04-10T07:53:54","slug":"drevena-abeceda-skladacka-pro-deti","status":"publish","type":"product","link":"https:\/\/dekohra.eu\/de\/produkt\/drevena-abeceda-skladacka-pro-deti\/","title":{"rendered":"Holzalphabet-Puzzle f\u00fcr Kinder"},"content":{"rendered":"<h2 style=\"text-align: left;\"><strong>Holzalphabet - Puzzle f\u00fcr Kinder 32x32cm.<\/strong><\/h2>\n<p><strong>Holzalphabet-Puzzle f\u00fcr Kinder<\/strong> ist ein ausgezeichnetes Spielzeug, das <strong>verbindet Spa\u00df mit Lernen<\/strong>. Dieses Holzpuzzle ist<strong> aus hochwertigen Materialien<\/strong> und ist sicher f\u00fcr Kinder. Jeder Buchstabe des Alphabets ist pr\u00e4zise geschnitzt mit<strong> Lasertechnologien<\/strong>, was Genauigkeit und Detailliertheit gew\u00e4hrleistet.<\/p>\n<h3>Qualit\u00e4t und Sicherheit<\/h3>\n<ul>\n<li>Unser R\u00e4tsel ist <strong>aus hochwertigem Holz<\/strong>das f\u00fcr Kinder sicher ist. Die Oberfl\u00e4chen sind glatt und die St\u00fccke sind gro\u00df genug, um<strong> minimiert das Risiko des Verschluckens<\/strong>. Wir verwenden ungiftige Farben, die auch bei l\u00e4ngerer Anwendung unbedenklich sind.<\/li>\n<\/ul>\n<h3>Design und \u00c4sthetik<\/h3>\n<ul>\n<li>Das alphabetische Puzzle ist nicht nur funktional, sondern auch \u00e4sthetisch ansprechend. Durch die Lasergravur werden jedem St\u00fcck Details und Sch\u00f6nheit verliehen, wodurch das Spielzeug einzigartig und attraktiv wird.<\/li>\n<\/ul>\n<h3>Bildungswert<\/h3>\n<p>Dieses Puzzle bietet Kindern viele p\u00e4dagogische Vorteile:<\/p>\n<ul>\n<li><strong>Feinmotorik:<\/strong> Verbessert die Koordination und Feinmotorik beim Manipulieren von Teilen.<\/li>\n<li><strong>Logisches Denken:<\/strong> Es lehrt Kinder, Formen und Gr\u00f6\u00dfen zu erkennen und dar\u00fcber nachzudenken, wie Teile zusammenpassen.<\/li>\n<li><strong>Kreativit\u00e4t:<\/strong> Durch die vielf\u00e4ltigen Kombinationsm\u00f6glichkeiten werden Fantasie und Kreativit\u00e4t gef\u00f6rdert.<\/li>\n<li><strong>Geduld und Konzentration:<\/strong> Beim Komponieren sind Konzentration und Geduld erforderlich.<\/li>\n<\/ul>\n<h3>Parameter:<\/h3>\n<ul>\n<li><strong>Material:<\/strong>\u00a0<a href=\"https:\/\/dekohra.eu\/de\/drevovlaknita-deska-3mm-idealni-material-pro-vyrobu-obrazu\/\">Faserplatte, einseitig lackiert<\/a><\/li>\n<li><strong>Produktdicke:\u00a0<\/strong>3 mm<\/li>\n<li><strong>Hersteller:\u00a0<\/strong><a href=\"http:\/\/dekohra.de\/\" target=\"_blank\" rel=\"noopener\">Dekohra.eu<\/a><\/li>\n<li><strong>Kategorie:\u00a0<\/strong><a href=\"https:\/\/dekohra.eu\/de\/produkt-kategorie\/hracky-pro-deti\/\">Spielzeug f\u00fcr Kinder<\/a><\/li>\n<li><strong>Farbe:<\/strong> Wei\u00df<\/li>\n<li><strong>Abmessungen:<\/strong> 0,6 x 32 x 32 cm<\/li>\n<\/ul>\n<p><em>Notiz:<\/em>\u00a0Das Produkt ist nicht f\u00fcr Kinder unter 3 Jahren geeignet.<\/p>","protected":false},"excerpt":{"rendered":"<p>D\u0159ev\u011bn\u00e1 abeceda &#8211; Skl\u00e1da\u010dka pro d\u011bti 32x32cm. D\u0159ev\u011bn\u00e1 abeceda &#8211; Skl\u00e1da\u010dka pro d\u011bti je vynikaj\u00edc\u00ed hra\u010dkou, kter\u00e1 spojuje z\u00e1bavu s [&hellip;]<\/p>","protected":false},"featured_media":19547,"comment_status":"open","ping_status":"closed","template":"","meta":{"site-sidebar-layout":"default","site-content-layout":"","ast-site-content-layout":"default","site-content-style":"default","site-sidebar-style":"default","ast-global-header-display":"","ast-banner-title-visibility":"","ast-main-header-display":"","ast-hfb-above-header-display":"","ast-hfb-below-header-display":"","ast-hfb-mobile-header-display":"","site-post-title":"","ast-breadcrumbs-content":"","ast-featured-img":"","footer-sml-layout":"","theme-transparent-header-meta":"default","adv-header-id-meta":"","stick-header-meta":"","header-above-stick-meta":"","header-main-stick-meta":"","header-below-stick-meta":"","astra-migrate-meta-layouts":"set","ast-page-background-enabled":"default","ast-page-background-meta":{"desktop":{"background-color":"var(--ast-global-color-4)","background-image":"","background-repeat":"repeat","background-position":"center center","background-size":"auto","background-attachment":"scroll","background-type":"","background-media":"","overlay-type":"","overlay-color":"","overlay-opacity":"","overlay-gradient":""},"tablet":{"background-color":"","background-image":"","background-repeat":"repeat","background-position":"center center","background-size":"auto","background-attachment":"scroll","background-type":"","background-media":"","overlay-type":"","overlay-color":"","overlay-opacity":"","overlay-gradient":""},"mobile":{"background-color":"","background-image":"","background-repeat":"repeat","background-position":"center center","background-size":"auto","background-attachment":"scroll","background-type":"","background-media":"","overlay-type":"","overlay-color":"","overlay-opacity":"","overlay-gradient":""}},"ast-content-background-meta":{"desktop":{"background-color":"var(--ast-global-color-5)","background-image":"","background-repeat":"repeat","background-position":"center center","background-size":"auto","background-attachment":"scroll","background-type":"","background-media":"","overlay-type":"","overlay-color":"","overlay-opacity":"","overlay-gradient":""},"tablet":{"background-color":"var(--ast-global-color-5)","background-image":"","background-repeat":"repeat","background-position":"center center","background-size":"auto","background-attachment":"scroll","background-type":"","background-media":"","overlay-type":"","overlay-color":"","overlay-opacity":"","overlay-gradient":""},"mobile":{"background-color":"var(--ast-global-color-5)","background-image":"","background-repeat":"repeat","background-position":"center center","background-size":"auto","background-attachment":"scroll","background-type":"","background-media":"","overlay-type":"","overlay-color":"","overlay-opacity":"","overlay-gradient":""}},"jetpack_post_was_ever_published":false},"product_brand":[],"product_cat":[568],"product_tag":[],"class_list":{"0":"post-11068","1":"product","2":"type-product","3":"status-publish","4":"has-post-thumbnail","6":"product_cat-hracky-pro-deti","7":"pa_barva-bila","8":"pa_barva-topolova-preklizka","9":"desktop-align-left","10":"tablet-align-left","11":"mobile-align-left","13":"first","14":"instock","15":"shipping-taxable","16":"purchasable","17":"product-type-variable"},"jetpack_sharing_enabled":true,"_links":{"self":[{"href":"https:\/\/dekohra.eu\/de\/wp-json\/wp\/v2\/product\/11068","targetHints":{"allow":["GET"]}}],"collection":[{"href":"https:\/\/dekohra.eu\/de\/wp-json\/wp\/v2\/product"}],"about":[{"href":"https:\/\/dekohra.eu\/de\/wp-json\/wp\/v2\/types\/product"}],"replies":[{"embeddable":true,"href":"https:\/\/dekohra.eu\/de\/wp-json\/wp\/v2\/comments?post=11068"}],"wp:featuredmedia":[{"embeddable":true,"href":"https:\/\/dekohra.eu\/de\/wp-json\/wp\/v2\/media\/19547"}],"wp:attachment":[{"href":"https:\/\/dekohra.eu\/de\/wp-json\/wp\/v2\/media?parent=11068"}],"wp:term":[{"taxonomy":"product_brand","embeddable":true,"href":"https:\/\/dekohra.eu\/de\/wp-json\/wp\/v2\/product_brand?post=11068"},{"taxonomy":"product_cat","embeddable":true,"href":"https:\/\/dekohra.eu\/de\/wp-json\/wp\/v2\/product_cat?post=11068"},{"taxonomy":"product_tag","embeddable":true,"href":"https:\/\/dekohra.eu\/de\/wp-json\/wp\/v2\/product_tag?post=11068"}],"curies":[{"name":"wp","href":"https:\/\/api.w.org\/{rel}","templated":true}]}}