{"id":11072,"date":"2024-10-22T14:42:27","date_gmt":"2024-10-22T12:42:27","guid":{"rendered":"https:\/\/bazar-komoda.cz\/?post_type=product&#038;p=11072"},"modified":"2026-04-10T08:35:57","modified_gmt":"2026-04-10T06:35:57","slug":"drevena-skladacka-pro-deti-zvirata","status":"publish","type":"product","link":"https:\/\/dekohra.eu\/de\/produkt\/drevena-skladacka-pro-deti-zvirata\/","title":{"rendered":"Holzpuzzle f\u00fcr Kinder TIERE"},"content":{"rendered":"<h2 style=\"text-align: left;\"><strong>Holzpuzzle f\u00fcr Kinder TIERE 30x21cm.<\/strong><\/h2>\n<p><strong>Holzpuzzle f\u00fcr Kinder TIERE\u00a0<\/strong>ist ein lustiges und lehrreiches Spielzeug, das Kreativit\u00e4t, logisches Denken und Feinmotorik kombiniert. Dank der Verwendung <strong>moderne Lasertechnologien<\/strong> Die Details jedes Tieres sind pr\u00e4zise und ansprechend.<\/p>\n<h3>Qualit\u00e4t und Sicherheit<\/h3>\n<ul>\n<li>Unser Puzzle besteht aus <strong>hochwertiges Holz<\/strong>das f\u00fcr Kinder sicher ist. Glatte Kanten und ausreichend gro\u00dfe St\u00fccke minimieren die Gefahr des Verschluckens. Schadstofffreie Lacke garantieren, dass das Spielzeug auch bei l\u00e4ngerem Gebrauch gesundheitlich unbedenklich ist.<\/li>\n<\/ul>\n<h3>Design und \u00c4sthetik<\/h3>\n<ul>\n<li>Das Puzzle in Tierform ist nicht nur funktional, sondern auch sch\u00f6n gestaltet. Dank der farbenfrohen und abwechslungsreichen Teile k\u00f6nnen Kinder Spa\u00df am Spiel haben und gleichzeitig ihre Fantasie entwickeln. Durch die Lasergravur erh\u00e4lt jedes Tier ein einzigartiges und detailliertes Design, das Kinder lieben.<\/li>\n<\/ul>\n<h3>Bildungswert<\/h3>\n<p>Dieses Puzzle bietet Kindern viele p\u00e4dagogische Vorteile:<\/p>\n<ul>\n<li><strong>Feinmotorik:<\/strong> Verbessert die Koordination und Feinmotorik beim Manipulieren von Teilen.<\/li>\n<li><strong>Logisches Denken:<\/strong> Es lehrt Kinder, Formen und Gr\u00f6\u00dfen zu erkennen und dar\u00fcber nachzudenken, wie Teile zusammenpassen.<\/li>\n<li><strong>Kreativit\u00e4t:<\/strong> Durch die vielf\u00e4ltigen Kombinationsm\u00f6glichkeiten werden Fantasie und Kreativit\u00e4t gef\u00f6rdert.<\/li>\n<li><strong>Geduld und Konzentration:<\/strong> Beim Komponieren sind Konzentration und Geduld erforderlich.<\/li>\n<\/ul>\n<h3>Parameter:<\/h3>\n<ul>\n<li><strong>Material:<\/strong>\u00a0<a href=\"https:\/\/dekohra.eu\/de\/drevovlaknita-deska-3mm-idealni-material-pro-vyrobu-obrazu\/\">Faserplatte, einseitig lackiert<\/a><\/li>\n<li><strong>Produktdicke:\u00a0<\/strong>3 mm<\/li>\n<li><strong>Hersteller:\u00a0<\/strong><a href=\"http:\/\/dekohra.de\/\" target=\"_blank\" rel=\"noopener\">Dekohra.eu<\/a><\/li>\n<li><strong>Kategorie:\u00a0<\/strong><a href=\"https:\/\/dekohra.eu\/de\/produkt-kategorie\/hracky-pro-deti\/\">Spielzeug f\u00fcr Kinder<\/a><\/li>\n<li><strong>Farbe:<\/strong> Wei\u00df<\/li>\n<li><strong>Abmessungen:<\/strong> 6x30x21cm<\/li>\n<\/ul>\n<p><em>Notiz:<\/em>\u00a0Das Produkt ist nicht f\u00fcr Kinder unter 3 Jahren geeignet.<\/p>","protected":false},"excerpt":{"rendered":"<p>D\u0159ev\u011bn\u00e1 skl\u00e1da\u010dka pro d\u011bti ZV\u00cd\u0158ATA 30x21cm. D\u0159ev\u011bn\u00e1 skl\u00e1da\u010dka pro d\u011bti ZV\u00cd\u0158ATA\u00a0je z\u00e1bavnou a vzd\u011bl\u00e1vac\u00ed hra\u010dkou, kter\u00e1 kombinuje kreativitu, logick\u00e9 my\u0161len\u00ed [&hellip;]<\/p>","protected":false},"featured_media":19541,"comment_status":"open","ping_status":"closed","template":"","meta":{"site-sidebar-layout":"default","site-content-layout":"","ast-site-content-layout":"default","site-content-style":"default","site-sidebar-style":"default","ast-global-header-display":"","ast-banner-title-visibility":"","ast-main-header-display":"","ast-hfb-above-header-display":"","ast-hfb-below-header-display":"","ast-hfb-mobile-header-display":"","site-post-title":"","ast-breadcrumbs-content":"","ast-featured-img":"","footer-sml-layout":"","theme-transparent-header-meta":"default","adv-header-id-meta":"","stick-header-meta":"","header-above-stick-meta":"","header-main-stick-meta":"","header-below-stick-meta":"","astra-migrate-meta-layouts":"set","ast-page-background-enabled":"default","ast-page-background-meta":{"desktop":{"background-color":"var(--ast-global-color-4)","background-image":"","background-repeat":"repeat","background-position":"center center","background-size":"auto","background-attachment":"scroll","background-type":"","background-media":"","overlay-type":"","overlay-color":"","overlay-opacity":"","overlay-gradient":""},"tablet":{"background-color":"","background-image":"","background-repeat":"repeat","background-position":"center center","background-size":"auto","background-attachment":"scroll","background-type":"","background-media":"","overlay-type":"","overlay-color":"","overlay-opacity":"","overlay-gradient":""},"mobile":{"background-color":"","background-image":"","background-repeat":"repeat","background-position":"center center","background-size":"auto","background-attachment":"scroll","background-type":"","background-media":"","overlay-type":"","overlay-color":"","overlay-opacity":"","overlay-gradient":""}},"ast-content-background-meta":{"desktop":{"background-color":"var(--ast-global-color-5)","background-image":"","background-repeat":"repeat","background-position":"center center","background-size":"auto","background-attachment":"scroll","background-type":"","background-media":"","overlay-type":"","overlay-color":"","overlay-opacity":"","overlay-gradient":""},"tablet":{"background-color":"var(--ast-global-color-5)","background-image":"","background-repeat":"repeat","background-position":"center center","background-size":"auto","background-attachment":"scroll","background-type":"","background-media":"","overlay-type":"","overlay-color":"","overlay-opacity":"","overlay-gradient":""},"mobile":{"background-color":"var(--ast-global-color-5)","background-image":"","background-repeat":"repeat","background-position":"center center","background-size":"auto","background-attachment":"scroll","background-type":"","background-media":"","overlay-type":"","overlay-color":"","overlay-opacity":"","overlay-gradient":""}},"jetpack_post_was_ever_published":false},"product_brand":[],"product_cat":[568],"product_tag":[],"class_list":{"0":"post-11072","1":"product","2":"type-product","3":"status-publish","4":"has-post-thumbnail","6":"product_cat-hracky-pro-deti","7":"pa_barva-bila","8":"pa_barva-topolova-preklizka","9":"desktop-align-left","10":"tablet-align-left","11":"mobile-align-left","13":"first","14":"instock","15":"shipping-taxable","16":"purchasable","17":"product-type-variable"},"jetpack_sharing_enabled":true,"_links":{"self":[{"href":"https:\/\/dekohra.eu\/de\/wp-json\/wp\/v2\/product\/11072","targetHints":{"allow":["GET"]}}],"collection":[{"href":"https:\/\/dekohra.eu\/de\/wp-json\/wp\/v2\/product"}],"about":[{"href":"https:\/\/dekohra.eu\/de\/wp-json\/wp\/v2\/types\/product"}],"replies":[{"embeddable":true,"href":"https:\/\/dekohra.eu\/de\/wp-json\/wp\/v2\/comments?post=11072"}],"wp:featuredmedia":[{"embeddable":true,"href":"https:\/\/dekohra.eu\/de\/wp-json\/wp\/v2\/media\/19541"}],"wp:attachment":[{"href":"https:\/\/dekohra.eu\/de\/wp-json\/wp\/v2\/media?parent=11072"}],"wp:term":[{"taxonomy":"product_brand","embeddable":true,"href":"https:\/\/dekohra.eu\/de\/wp-json\/wp\/v2\/product_brand?post=11072"},{"taxonomy":"product_cat","embeddable":true,"href":"https:\/\/dekohra.eu\/de\/wp-json\/wp\/v2\/product_cat?post=11072"},{"taxonomy":"product_tag","embeddable":true,"href":"https:\/\/dekohra.eu\/de\/wp-json\/wp\/v2\/product_tag?post=11072"}],"curies":[{"name":"wp","href":"https:\/\/api.w.org\/{rel}","templated":true}]}}