{"id":11074,"date":"2024-10-22T14:42:28","date_gmt":"2024-10-22T12:42:28","guid":{"rendered":"https:\/\/bazar-komoda.cz\/?post_type=product&#038;p=11074"},"modified":"2026-04-10T08:30:12","modified_gmt":"2026-04-10T06:30:12","slug":"drevena-detska-skladacka-28x23cm","status":"publish","type":"product","link":"https:\/\/dekohra.eu\/de\/produkt\/drevena-detska-skladacka-28x23cm\/","title":{"rendered":"Holzpuzzle f\u00fcr Kinder, 28 x 23 cm"},"content":{"rendered":"<h2 style=\"text-align: left;\"><strong>Holzpuzzle f\u00fcr Kinder, 28 x 23 cm.<\/strong><\/h2>\n<p>Das h\u00f6lzerne Kinderpuzzle (28 x 23 cm) ist ein perfektes Beispiel f\u00fcr ein Spielzeug, das nicht nur <strong>unterhaltsam, sondern auch lehrreich.<\/strong> Dieses Produkt bietet Kindern die M\u00f6glichkeit, <strong>entwickeln<\/strong> verschieden <strong>F\u00e4higkeiten, von der Feinmotorik bis zum logischen Denken<\/strong>, durch interaktives Spielen, das sowohl sicher als auch \u00e4sthetisch ansprechend ist.<\/p>\n<h4>Qualit\u00e4t und Sicherheit<\/h4>\n<ul>\n<li>Unser Puzzle besteht aus <strong>Qualit\u00e4tsholz<\/strong>das sorgf\u00e4ltig verarbeitet wird, um f\u00fcr Kinder sicher zu sein. Die Oberfl\u00e4che ist glatt und die St\u00fccke gro\u00df genug, um das Risiko des Verschluckens zu minimieren. Wir verwenden ungiftige Farben, die auch bei l\u00e4ngerer Anwendung sicher f\u00fcr Kinder sind.<\/li>\n<\/ul>\n<h4>Bildungswert<\/h4>\n<p>Das Spielen mit diesem Puzzle hilft Kindern, eine Reihe wichtiger F\u00e4higkeiten zu entwickeln:<\/p>\n<ul>\n<li><strong>Feinmotorik:<\/strong> Durch das Manipulieren der einzelnen Teile werden die Koordination und die Feinmotorik verbessert.<\/li>\n<li><strong>Logisches Denken:<\/strong> Kinder lernen, Formen und Gr\u00f6\u00dfen zu erkennen und dar\u00fcber nachzudenken, wie Teile zusammenpassen.<\/li>\n<li><strong>Kreativit\u00e4t:<\/strong> Durch die M\u00f6glichkeit, den Baum auf unterschiedliche Weise zusammenzusetzen, wird die Kreativit\u00e4t und Fantasie der Kinder gef\u00f6rdert.<\/li>\n<li><strong>Geduld und Konzentration:<\/strong> Komponieren erfordert Geduld und die F\u00e4higkeit, sich auf die Aufgabe zu konzentrieren.<\/li>\n<\/ul>\n<h4>Ideales Geschenk<\/h4>\n<ul>\n<li>Der Holz-Kindereinsatz STROMEK ist ein tolles Geschenk f\u00fcr alle kleinen Entdecker. Es eignet sich f\u00fcr die verschiedensten Anl\u00e4sse wie Geburtstage, Weihnachten oder andere Feste. Dank seiner p\u00e4dagogischen und unterhaltsamen Funktionen ist dieses Spielzeug ideal f\u00fcr Eltern, die die Entwicklung ihrer Kinder auf spielerische Weise unterst\u00fctzen m\u00f6chten.<\/li>\n<\/ul>\n<h3>Parameter:<\/h3>\n<ul>\n<li><strong>Material:<\/strong>\u00a0<a href=\"https:\/\/dekohra.eu\/de\/drevovlaknita-deska-3mm-idealni-material-pro-vyrobu-obrazu\/\">Faserplatte, einseitig lackiert<\/a><\/li>\n<li><strong>Produktdicke:\u00a0<\/strong>3 mm<\/li>\n<li><strong>Hersteller:\u00a0<\/strong><a href=\"http:\/\/dekohra.de\/\" target=\"_blank\" rel=\"noopener\">Dekohra.eu<\/a><\/li>\n<li><strong>Kategorie:\u00a0<\/strong><a href=\"https:\/\/dekohra.eu\/de\/produkt-kategorie\/hracky-pro-deti\/\">Spielzeug f\u00fcr Kinder<\/a><\/li>\n<li><strong>Farbe:<\/strong> Wei\u00df<\/li>\n<li><strong>Abmessungen:<\/strong> 6x28x23cm<\/li>\n<\/ul>\n<p><em>Notiz:<\/em>\u00a0Das Produkt ist nicht f\u00fcr Kinder unter 3 Jahren geeignet.<\/p>","protected":false},"excerpt":{"rendered":"<p>D\u0159ev\u011bn\u00e1 d\u011btsk\u00e1 skl\u00e1da\u010dka\u00a0 28x23cm. D\u0159ev\u011bn\u00e1 d\u011btsk\u00e1 skl\u00e1da\u010dka 28x23cm \u00a0je dokonal\u00fdm p\u0159\u00edkladem hra\u010dky, kter\u00e1 je nejen z\u00e1bavn\u00e1, ale tak\u00e9 vzd\u011bl\u00e1vac\u00ed. Tento [&hellip;]<\/p>","protected":false},"featured_media":19538,"comment_status":"open","ping_status":"closed","template":"","meta":{"site-sidebar-layout":"default","site-content-layout":"","ast-site-content-layout":"default","site-content-style":"default","site-sidebar-style":"default","ast-global-header-display":"","ast-banner-title-visibility":"","ast-main-header-display":"","ast-hfb-above-header-display":"","ast-hfb-below-header-display":"","ast-hfb-mobile-header-display":"","site-post-title":"","ast-breadcrumbs-content":"","ast-featured-img":"","footer-sml-layout":"","theme-transparent-header-meta":"default","adv-header-id-meta":"","stick-header-meta":"","header-above-stick-meta":"","header-main-stick-meta":"","header-below-stick-meta":"","astra-migrate-meta-layouts":"set","ast-page-background-enabled":"default","ast-page-background-meta":{"desktop":{"background-color":"var(--ast-global-color-4)","background-image":"","background-repeat":"repeat","background-position":"center center","background-size":"auto","background-attachment":"scroll","background-type":"","background-media":"","overlay-type":"","overlay-color":"","overlay-opacity":"","overlay-gradient":""},"tablet":{"background-color":"","background-image":"","background-repeat":"repeat","background-position":"center center","background-size":"auto","background-attachment":"scroll","background-type":"","background-media":"","overlay-type":"","overlay-color":"","overlay-opacity":"","overlay-gradient":""},"mobile":{"background-color":"","background-image":"","background-repeat":"repeat","background-position":"center center","background-size":"auto","background-attachment":"scroll","background-type":"","background-media":"","overlay-type":"","overlay-color":"","overlay-opacity":"","overlay-gradient":""}},"ast-content-background-meta":{"desktop":{"background-color":"var(--ast-global-color-5)","background-image":"","background-repeat":"repeat","background-position":"center center","background-size":"auto","background-attachment":"scroll","background-type":"","background-media":"","overlay-type":"","overlay-color":"","overlay-opacity":"","overlay-gradient":""},"tablet":{"background-color":"var(--ast-global-color-5)","background-image":"","background-repeat":"repeat","background-position":"center center","background-size":"auto","background-attachment":"scroll","background-type":"","background-media":"","overlay-type":"","overlay-color":"","overlay-opacity":"","overlay-gradient":""},"mobile":{"background-color":"var(--ast-global-color-5)","background-image":"","background-repeat":"repeat","background-position":"center center","background-size":"auto","background-attachment":"scroll","background-type":"","background-media":"","overlay-type":"","overlay-color":"","overlay-opacity":"","overlay-gradient":""}},"jetpack_post_was_ever_published":false},"product_brand":[],"product_cat":[568],"product_tag":[],"class_list":{"0":"post-11074","1":"product","2":"type-product","3":"status-publish","4":"has-post-thumbnail","6":"product_cat-hracky-pro-deti","7":"pa_barva-bila","8":"pa_barva-topolova-preklizka","9":"desktop-align-left","10":"tablet-align-left","11":"mobile-align-left","13":"first","14":"instock","15":"shipping-taxable","16":"purchasable","17":"product-type-variable"},"jetpack_sharing_enabled":true,"_links":{"self":[{"href":"https:\/\/dekohra.eu\/de\/wp-json\/wp\/v2\/product\/11074","targetHints":{"allow":["GET"]}}],"collection":[{"href":"https:\/\/dekohra.eu\/de\/wp-json\/wp\/v2\/product"}],"about":[{"href":"https:\/\/dekohra.eu\/de\/wp-json\/wp\/v2\/types\/product"}],"replies":[{"embeddable":true,"href":"https:\/\/dekohra.eu\/de\/wp-json\/wp\/v2\/comments?post=11074"}],"wp:featuredmedia":[{"embeddable":true,"href":"https:\/\/dekohra.eu\/de\/wp-json\/wp\/v2\/media\/19538"}],"wp:attachment":[{"href":"https:\/\/dekohra.eu\/de\/wp-json\/wp\/v2\/media?parent=11074"}],"wp:term":[{"taxonomy":"product_brand","embeddable":true,"href":"https:\/\/dekohra.eu\/de\/wp-json\/wp\/v2\/product_brand?post=11074"},{"taxonomy":"product_cat","embeddable":true,"href":"https:\/\/dekohra.eu\/de\/wp-json\/wp\/v2\/product_cat?post=11074"},{"taxonomy":"product_tag","embeddable":true,"href":"https:\/\/dekohra.eu\/de\/wp-json\/wp\/v2\/product_tag?post=11074"}],"curies":[{"name":"wp","href":"https:\/\/api.w.org\/{rel}","templated":true}]}}