{"id":11095,"date":"2024-10-22T14:42:49","date_gmt":"2024-10-22T12:42:49","guid":{"rendered":"https:\/\/bazar-komoda.cz\/?post_type=product&#038;p=11095"},"modified":"2026-04-08T09:09:51","modified_gmt":"2026-04-08T07:09:51","slug":"drevena-cedule-na-dvere-se-jmenem","status":"publish","type":"product","link":"https:\/\/dekohra.eu\/de\/produkt\/drevena-cedule-na-dvere-se-jmenem\/","title":{"rendered":"T\u00fcrschild aus Holz mit Namen und Wunschtext"},"content":{"rendered":"<h2 style=\"text-align: left;\"><strong>Holzt\u00fcrschild mit Namen und individuellem Text, originelle Wohndekoration.<\/strong><\/h2>\n<p><strong>Ein T\u00fcrschild aus Holz mit Namen und eigenem Text verleiht Ihrer Wohnung eine pers\u00f6nliche Note.\u00a0<\/strong> Sie k\u00f6nnen dieses sch\u00f6ne <strong>Willkommens-Namensschild an der Wohnungst\u00fcr mit eigenem Text<\/strong>. Das Namensschild ist aus hochwertigem Material gefertigt. Sie k\u00f6nnen Ihren Namen darauf anbringen lassen oder <strong>beliebiger anderer Text<\/strong>der Ihre G\u00e4ste an der Haust\u00fcr begr\u00fc\u00dft. Erstellen Sie einen originellen Gru\u00df und <strong>Machen Sie Ihre Wohnung zu einem wirklich einzigartigen Raum.<\/strong><\/p>\n<h3>Hochwertige Materialien<\/h3>\n<ul>\n<li>Die Dekoration besteht aus hochwertiger 3 mm starker Faserplatte, die Stabilit\u00e4t und Haltbarkeit gew\u00e4hrleistet.<\/li>\n<li>Bei der Dekoration wurde Wert auf Details und \u00c4sthetik gelegt. <strong>Moderner Laserschnitt sorgt f\u00fcr pr\u00e4zises und elegantes Design<\/strong>, das in jedes Interieur passt. Sie k\u00f6nnen aus mehreren Farboptionen w\u00e4hlen, beispielsweise Schwarz, Wei\u00df und Walnuss.<\/li>\n<\/ul>\n<h3>Einfache Montage<\/h3>\n<ul>\n<li>Die Dekoration ist praktisch und einfach anzubringen. Sie k\u00f6nnen es an der Wand befestigen mit <strong>doppelseitiges Klebeband oder Minin\u00e4gel<\/strong>, was eine schnelle und einfache Installation gew\u00e4hrleistet.<\/li>\n<\/ul>\n<h3>Parameter:<\/h3>\n<ul>\n<li style=\"list-style-type: none;\">\n<ul>\n<li><strong>Material:<\/strong>\u00a0<a href=\"https:\/\/dekohra.eu\/de\/drevovlaknita-deska-3mm-idealni-material-pro-vyrobu-obrazu\/\">Faserplatte, einseitig lackiert<\/a><\/li>\n<li><strong>Produktdicke:\u00a0<\/strong>3 mm<\/li>\n<li><strong>Hersteller:\u00a0<\/strong><a href=\"http:\/\/dekohra.de\/\" target=\"_blank\" rel=\"noopener\">Dekohra.eu<\/a><\/li>\n<li><strong>Kategorie:\u00a0<\/strong><a href=\"https:\/\/dekohra.eu\/de\/produkt-kategorie\/vyroba-na-zakazku\/jmenovky\/\">Namensschilder<\/a><\/li>\n<li><strong style=\"font-size: 16px;\">Montage:<\/strong><span style=\"font-size: 16px;\">\u00a0<\/span><a style=\"font-size: 16px; background-color: #ffffff;\" href=\"https:\/\/dekohra.eu\/de\/navod-k-obsluze-a-montazi\/\">Mit doppelseitigem Klebeband oder Minin\u00e4geln<\/a><\/li>\n<\/ul>\n<\/li>\n<\/ul>\n<p>Wandmontage durch Kleben, Kleber ist nicht im Lieferumfang enthalten.<\/p>\n<p>&nbsp;<\/p>","protected":false},"excerpt":{"rendered":"<p>D\u0159ev\u011bn\u00e1 cedule na dve\u0159e se jm\u00e9nem a vlastn\u00edm textem, origin\u00e1ln\u00ed bytov\u00e1 dekorace. D\u0159ev\u011bn\u00e1 cedule na dve\u0159e se jm\u00e9nem a vlastn\u00edm [&hellip;]<\/p>","protected":false},"featured_media":19457,"comment_status":"open","ping_status":"closed","template":"","meta":{"site-sidebar-layout":"default","site-content-layout":"","ast-site-content-layout":"default","site-content-style":"default","site-sidebar-style":"default","ast-global-header-display":"","ast-banner-title-visibility":"","ast-main-header-display":"","ast-hfb-above-header-display":"","ast-hfb-below-header-display":"","ast-hfb-mobile-header-display":"","site-post-title":"","ast-breadcrumbs-content":"","ast-featured-img":"","footer-sml-layout":"","theme-transparent-header-meta":"default","adv-header-id-meta":"","stick-header-meta":"","header-above-stick-meta":"","header-main-stick-meta":"","header-below-stick-meta":"","astra-migrate-meta-layouts":"set","ast-page-background-enabled":"default","ast-page-background-meta":{"desktop":{"background-color":"var(--ast-global-color-4)","background-image":"","background-repeat":"repeat","background-position":"center center","background-size":"auto","background-attachment":"scroll","background-type":"","background-media":"","overlay-type":"","overlay-color":"","overlay-opacity":"","overlay-gradient":""},"tablet":{"background-color":"","background-image":"","background-repeat":"repeat","background-position":"center center","background-size":"auto","background-attachment":"scroll","background-type":"","background-media":"","overlay-type":"","overlay-color":"","overlay-opacity":"","overlay-gradient":""},"mobile":{"background-color":"","background-image":"","background-repeat":"repeat","background-position":"center center","background-size":"auto","background-attachment":"scroll","background-type":"","background-media":"","overlay-type":"","overlay-color":"","overlay-opacity":"","overlay-gradient":""}},"ast-content-background-meta":{"desktop":{"background-color":"var(--ast-global-color-5)","background-image":"","background-repeat":"repeat","background-position":"center center","background-size":"auto","background-attachment":"scroll","background-type":"","background-media":"","overlay-type":"","overlay-color":"","overlay-opacity":"","overlay-gradient":""},"tablet":{"background-color":"var(--ast-global-color-5)","background-image":"","background-repeat":"repeat","background-position":"center center","background-size":"auto","background-attachment":"scroll","background-type":"","background-media":"","overlay-type":"","overlay-color":"","overlay-opacity":"","overlay-gradient":""},"mobile":{"background-color":"var(--ast-global-color-5)","background-image":"","background-repeat":"repeat","background-position":"center center","background-size":"auto","background-attachment":"scroll","background-type":"","background-media":"","overlay-type":"","overlay-color":"","overlay-opacity":"","overlay-gradient":""}},"jetpack_post_was_ever_published":false},"product_brand":[],"product_cat":[563],"product_tag":[],"class_list":{"0":"post-11095","1":"product","2":"type-product","3":"status-publish","4":"has-post-thumbnail","6":"product_cat-drevene-jmenovky","7":"pa_barva-cerna","8":"pa_barva-antracit","9":"pa_barva-bila","10":"pa_barva-cervena","11":"pa_barva-fialova","12":"pa_barva-modra","13":"pa_barva-oranzova","14":"pa_barva-orech","15":"pa_barva-ruzova","16":"pa_barva-zelena","17":"pa_barva-zluta","18":"pa_rozmery-25x23-cm","19":"pa_rozmery-30x28-cm","20":"pa_rozmery-50x46-cm","21":"desktop-align-left","22":"tablet-align-left","23":"mobile-align-left","25":"first","26":"instock","27":"shipping-taxable","28":"purchasable","29":"product-type-variable"},"jetpack_sharing_enabled":true,"_links":{"self":[{"href":"https:\/\/dekohra.eu\/de\/wp-json\/wp\/v2\/product\/11095","targetHints":{"allow":["GET"]}}],"collection":[{"href":"https:\/\/dekohra.eu\/de\/wp-json\/wp\/v2\/product"}],"about":[{"href":"https:\/\/dekohra.eu\/de\/wp-json\/wp\/v2\/types\/product"}],"replies":[{"embeddable":true,"href":"https:\/\/dekohra.eu\/de\/wp-json\/wp\/v2\/comments?post=11095"}],"wp:featuredmedia":[{"embeddable":true,"href":"https:\/\/dekohra.eu\/de\/wp-json\/wp\/v2\/media\/19457"}],"wp:attachment":[{"href":"https:\/\/dekohra.eu\/de\/wp-json\/wp\/v2\/media?parent=11095"}],"wp:term":[{"taxonomy":"product_brand","embeddable":true,"href":"https:\/\/dekohra.eu\/de\/wp-json\/wp\/v2\/product_brand?post=11095"},{"taxonomy":"product_cat","embeddable":true,"href":"https:\/\/dekohra.eu\/de\/wp-json\/wp\/v2\/product_cat?post=11095"},{"taxonomy":"product_tag","embeddable":true,"href":"https:\/\/dekohra.eu\/de\/wp-json\/wp\/v2\/product_tag?post=11095"}],"curies":[{"name":"wp","href":"https:\/\/api.w.org\/{rel}","templated":true}]}}