{"id":11135,"date":"2024-10-22T14:43:14","date_gmt":"2024-10-22T12:43:14","guid":{"rendered":"https:\/\/bazar-komoda.cz\/?post_type=product&#038;p=11135"},"modified":"2025-09-04T10:34:53","modified_gmt":"2025-09-04T08:34:53","slug":"cedule-oteviraci-doba-vlastni-text","status":"publish","type":"product","link":"https:\/\/dekohra.eu\/de\/produkt\/cedule-oteviraci-doba-vlastni-text\/","title":{"rendered":"\u00d6ffnungszeitenschild, Wunschtext"},"content":{"rendered":"<h2 style=\"text-align: left;\"><strong>\u00d6ffnungszeitenschild mit Wunschtext.<\/strong><\/h2>\n<p>Unsere \u00d6ffnungszeitenschilder sind auf die individuellen Bed\u00fcrfnisse von Kunden zugeschnitten, die auf stilvolle und effektive Weise \u00fcber die \u00d6ffnungszeiten ihrer Unternehmen, B\u00fcros oder Gesch\u00e4fte informieren m\u00f6chten. Das Besondere an dieser Kategorie ist die M\u00f6glichkeit, eigene Texte hinzuzuf\u00fcgen, wodurch Sie das Schild nach Ihren W\u00fcnschen personalisieren k\u00f6nnen.<\/p>\n<p>W\u00e4hlen Sie aus unserer gro\u00dfen Auswahl an Designs und Materialien und passen Sie Ihr Schild individuell an die Art Ihres Unternehmens an. Egal, ob Sie ein modernes minimalistisches Design oder einen klassisch-eleganten Look bevorzugen, mit unseren Schildern k\u00f6nnen Sie ein einzigartiges Element f\u00fcr Ihre Umgebung schaffen.<\/p>\n<p style=\"text-align: left;\"><strong>Das Schild ist f\u00fcr den Au\u00dfenbereich konzipiert und weist eine hohe Witterungsbest\u00e4ndigkeit auf.<\/strong><\/p>\n<p>&nbsp;<\/p>\n<h3>Parameter:<\/h3>\n<ul>\n<li><strong>Produktdicke:\u00a0<\/strong>3 mm<\/li>\n<li><strong>Hersteller:\u00a0<\/strong><a href=\"http:\/\/dekohra.de\/\" target=\"_blank\" rel=\"noopener\">Dekohra.eu<\/a><\/li>\n<li><strong>Kategorie:<\/strong>\u00a0<a href=\"https:\/\/dekohra.eu\/de\/produkt-kategorie\/vyroba-na-zakazku\/logo-firmy-a-firemni-darky\/\">Logo und Firmengeschenke<\/a><\/li>\n<li><strong>Montage:<\/strong>\u00a0<a href=\"https:\/\/dekohra.eu\/de\/navod-k-obsluze-a-montazi\/\">Mit doppelseitigem Klebeband oder Minin\u00e4geln<\/a><\/li>\n<li><strong>Technologie:\u00a0<\/strong><a href=\"https:\/\/dekohra.eu\/de\/moderni-laserova-technologie-rezani-a-gravirovani\/\">Moderne Laserschneidtechnologie<\/a><\/li>\n<li style=\"text-align: left;\">Textfarbe: <strong>Schwarz<\/strong><\/li>\n<li style=\"text-align: left;\">Material:<strong> Jacke<\/strong><\/li>\n<li>Schildabmessungen:<b> je nach Wahl der Variante<\/b><\/li>\n<\/ul>\n<p style=\"text-align: left;\">Senden Sie uns eine Vorlage an unsere E-Mail, wir erstellen jeden beliebigen Text und jedes Logo f\u00fcr Sie.<\/p>\n<div class=\"ast-oembed-container\" style=\"height: 100%;\"><iframe title=\"\u00d6ffnungszeitenschild mit Wunschtext. Demonstration der Lasergravur.\" width=\"500\" height=\"281\" src=\"https:\/\/www.youtube.com\/embed\/MpGa5JtrDnA?feature=oembed\" frameborder=\"0\" allow=\"accelerometer; autoplay; clipboard-write; encrypted-media; gyroscope; picture-in-picture; web-share\" referrerpolicy=\"strict-origin-when-cross-origin\" allowfullscreen><\/iframe><\/div>","protected":false},"excerpt":{"rendered":"<p>Cedule otev\u00edrac\u00ed doba s volbou vlastn\u00edho textu. Na\u0161e cedule otev\u00edrac\u00ed doba je navr\u017eena s ohledem na individu\u00e1ln\u00ed pot\u0159eby z\u00e1kazn\u00edk\u016f, kte\u0159\u00ed [&hellip;]<\/p>","protected":false},"featured_media":17375,"comment_status":"open","ping_status":"closed","template":"","meta":{"site-sidebar-layout":"default","site-content-layout":"","ast-site-content-layout":"default","site-content-style":"default","site-sidebar-style":"default","ast-global-header-display":"","ast-banner-title-visibility":"","ast-main-header-display":"","ast-hfb-above-header-display":"","ast-hfb-below-header-display":"","ast-hfb-mobile-header-display":"","site-post-title":"","ast-breadcrumbs-content":"","ast-featured-img":"","footer-sml-layout":"","theme-transparent-header-meta":"default","adv-header-id-meta":"","stick-header-meta":"","header-above-stick-meta":"","header-main-stick-meta":"","header-below-stick-meta":"","astra-migrate-meta-layouts":"set","ast-page-background-enabled":"default","ast-page-background-meta":{"desktop":{"background-color":"var(--ast-global-color-4)","background-image":"","background-repeat":"repeat","background-position":"center center","background-size":"auto","background-attachment":"scroll","background-type":"","background-media":"","overlay-type":"","overlay-color":"","overlay-opacity":"","overlay-gradient":""},"tablet":{"background-color":"","background-image":"","background-repeat":"repeat","background-position":"center center","background-size":"auto","background-attachment":"scroll","background-type":"","background-media":"","overlay-type":"","overlay-color":"","overlay-opacity":"","overlay-gradient":""},"mobile":{"background-color":"","background-image":"","background-repeat":"repeat","background-position":"center center","background-size":"auto","background-attachment":"scroll","background-type":"","background-media":"","overlay-type":"","overlay-color":"","overlay-opacity":"","overlay-gradient":""}},"ast-content-background-meta":{"desktop":{"background-color":"var(--ast-global-color-5)","background-image":"","background-repeat":"repeat","background-position":"center center","background-size":"auto","background-attachment":"scroll","background-type":"","background-media":"","overlay-type":"","overlay-color":"","overlay-opacity":"","overlay-gradient":""},"tablet":{"background-color":"var(--ast-global-color-5)","background-image":"","background-repeat":"repeat","background-position":"center center","background-size":"auto","background-attachment":"scroll","background-type":"","background-media":"","overlay-type":"","overlay-color":"","overlay-opacity":"","overlay-gradient":""},"mobile":{"background-color":"var(--ast-global-color-5)","background-image":"","background-repeat":"repeat","background-position":"center center","background-size":"auto","background-attachment":"scroll","background-type":"","background-media":"","overlay-type":"","overlay-color":"","overlay-opacity":"","overlay-gradient":""}},"jetpack_post_was_ever_published":false},"product_brand":[],"product_cat":[570],"product_tag":[],"class_list":{"0":"post-11135","1":"product","2":"type-product","3":"status-publish","4":"has-post-thumbnail","6":"product_cat-reklamni-predmety-a-firemni-darky","7":"pa_barva-bila","8":"pa_barva-cervena","9":"pa_barva-fialova","10":"pa_barva-modra","11":"pa_barva-oranzova","12":"pa_barva-ruzova","13":"pa_barva-stribrna","14":"pa_barva-zelena","15":"pa_barva-zluta","16":"pa_rozmery-100x70-cm","17":"pa_rozmery-20x30-cm","18":"pa_rozmery-27x40-cm","19":"pa_rozmery-40x60-cm","20":"desktop-align-left","21":"tablet-align-left","22":"mobile-align-left","24":"first","25":"instock","26":"shipping-taxable","27":"purchasable","28":"product-type-variable"},"jetpack_sharing_enabled":true,"_links":{"self":[{"href":"https:\/\/dekohra.eu\/de\/wp-json\/wp\/v2\/product\/11135","targetHints":{"allow":["GET"]}}],"collection":[{"href":"https:\/\/dekohra.eu\/de\/wp-json\/wp\/v2\/product"}],"about":[{"href":"https:\/\/dekohra.eu\/de\/wp-json\/wp\/v2\/types\/product"}],"replies":[{"embeddable":true,"href":"https:\/\/dekohra.eu\/de\/wp-json\/wp\/v2\/comments?post=11135"}],"wp:featuredmedia":[{"embeddable":true,"href":"https:\/\/dekohra.eu\/de\/wp-json\/wp\/v2\/media\/17375"}],"wp:attachment":[{"href":"https:\/\/dekohra.eu\/de\/wp-json\/wp\/v2\/media?parent=11135"}],"wp:term":[{"taxonomy":"product_brand","embeddable":true,"href":"https:\/\/dekohra.eu\/de\/wp-json\/wp\/v2\/product_brand?post=11135"},{"taxonomy":"product_cat","embeddable":true,"href":"https:\/\/dekohra.eu\/de\/wp-json\/wp\/v2\/product_cat?post=11135"},{"taxonomy":"product_tag","embeddable":true,"href":"https:\/\/dekohra.eu\/de\/wp-json\/wp\/v2\/product_tag?post=11135"}],"curies":[{"name":"wp","href":"https:\/\/api.w.org\/{rel}","templated":true}]}}