{"id":11140,"date":"2024-10-22T14:43:15","date_gmt":"2024-10-22T12:43:15","guid":{"rendered":"https:\/\/bazar-komoda.cz\/?post_type=product&#038;p=11140"},"modified":"2025-02-16T20:18:12","modified_gmt":"2025-02-16T19:18:12","slug":"stromecek-ze-dreva-na-zed-elegant","status":"publish","type":"product","link":"https:\/\/dekohra.eu\/de\/produkt\/stromecek-ze-dreva-na-zed-elegant\/","title":{"rendered":"Holzbaum an der Wand ELEGANT"},"content":{"rendered":"<p><!-- upraveno html4output --><\/p>\n<div class=\"group\/conversation-turn relative flex w-full min-w-0 flex-col agent-turn\">\n<div class=\"flex-col gap-1 md:gap-3\">\n<div class=\"flex flex-grow flex-col max-w-full\">\n<div class=\"min-h-[20px] text-message flex w-full flex-col items-end gap-2 whitespace-pre-wrap break-words [.text-message+&amp;]:mt-5 overflow-x-auto\" dir=\"auto\" data-message-author-role=\"assistant\" data-message-id=\"78d9b41f-f71f-4932-8465-41e2605e60c6\">\n<div class=\"flex w-full flex-col gap-1 empty:hidden first:pt-[3px]\">\n<div class=\"markdown prose w-full break-words dark:prose-invert light\">\n<h2>Holzbaum an der Wand. ELEGANTE, moderne Dekoration.<\/h2>\n<p>Der ELEGANTE Wandbaum aus Holz ist eine tolle M\u00f6glichkeit, diese Symbolik in Ihr Zuhause zu bringen. B\u00e4umen werden seit der Antike besondere Kr\u00e4fte zugeschrieben. In vielen Kulturen und Religionen symbolisiert der Baum das Energiezentrum, die Verbindung zwischen Erde und Himmel, Weisheit und Stabilit\u00e4t.<\/p>\n<p>Dieses aus hochwertigem Holz gefertigte Gem\u00e4lde vereint ein modernes und elegantes Design mit einem traditionellen Lebensbaum-Motiv.<\/p>\n<p>Die Anbringung des Bildes gestaltet sich einfach, dank der Befestigungsm\u00f6glichkeiten mittels doppelseitigem Klebeband oder N\u00e4geln, welche f\u00fcr eine feste und sichere Befestigung des Bildes an der Wand sorgen.<\/p>\n<h3>Warum sollten Sie sich f\u00fcr das ELEGANTE Baumbild entscheiden?<\/h3>\n<ul>\n<li><strong>Symbolik und Design<\/strong>: Der Lebensbaum ist ein Symbol f\u00fcr Weisheit, St\u00e4rke und Schutz und sein elegantes Design ist ein Blickfang in jedem Interieur.<\/li>\n<li><strong>Hochwertige Materialien<\/strong>: Hergestellt aus hochwertigem Holz, das f\u00fcr eine lange Lebensdauer sorgf\u00e4ltig verarbeitet wurde.<\/li>\n<li><strong>Einfache Installation<\/strong>: Einfache Montage mit Klebeband oder N\u00e4geln.<\/li>\n<\/ul>\n<h3>Ideale Lage:<\/h3>\n<ul>\n<li><strong>Wohnzimmer<\/strong>: H\u00e4ngen Sie ein Gem\u00e4lde \u00fcber ein Sofa oder einen Kamin, um es zum Mittelpunkt des Raumes zu machen.<\/li>\n<li><strong>Schlafzimmer<\/strong>: H\u00e4ngen Sie das Gem\u00e4lde ins Schlafzimmer, um eine ruhige und entspannende Atmosph\u00e4re zu schaffen.<\/li>\n<li><strong>Studie<\/strong>: Dekorieren Sie Ihr B\u00fcro so, dass es Sie bei der Arbeit inspiriert und mit Energie versorgt.<\/li>\n<\/ul>\n<\/div>\n<\/div>\n<\/div>\n<\/div>\n<\/div>\n<\/div>\n<h3>Parameter:<\/h3>\n<ul>\n<li style=\"list-style-type: none;\">\n<ul>\n<li style=\"list-style-type: none;\">\n<ul>\n<li style=\"list-style-type: none;\">\n<ul>\n<li><strong>Material:<\/strong>\u00a0<a href=\"https:\/\/dekohra.eu\/de\/drevovlaknita-deska-3mm-idealni-material-pro-vyrobu-obrazu\/\">Faserplatte, einseitig lackiert<\/a><\/li>\n<li><strong>Produktdicke:\u00a0<\/strong>3 mm<\/li>\n<li><strong>Hersteller:\u00a0<\/strong><a href=\"http:\/\/dekohra.de\/\" target=\"_blank\" rel=\"noopener\">Dekohra.eu<\/a><\/li>\n<li><strong>Kategorie:<\/strong> <a href=\"https:\/\/dekohra.eu\/de\/produkt-kategorie\/bytove-dekorace\/strom-zivota\/\">Baum des Lebens<\/a><\/li>\n<li><strong>Montage:<\/strong> <a href=\"https:\/\/dekohra.eu\/de\/navod-k-obsluze-a-montazi\/\">Mit doppelseitigem Klebeband oder Minin\u00e4geln<\/a><\/li>\n<li><strong>Technologie: <\/strong><a href=\"https:\/\/dekohra.eu\/de\/moderni-laserova-technologie-rezani-a-gravirovani\/\">Moderne Laserschneidtechnologie<\/a><\/li>\n<\/ul>\n<\/li>\n<\/ul>\n<\/li>\n<\/ul>\n<\/li>\n<\/ul>\n<p><strong> Welche Gr\u00f6\u00dfe des Holzbildes soll ich w\u00e4hlen:<\/strong><\/p>\n<p><img decoding=\"async\" src=\"https:\/\/dekohra.eu\/_obchody\/go4874\/prilohy\/4\/vyber-velikosti.jpg.big.jpg\" alt=\"\" width=\"500\" \/><\/p>\n<p>&nbsp;<\/p>\n<p>Wandmontage durch Kleben, Kleber ist nicht im Lieferumfang enthalten.<\/p>","protected":false},"excerpt":{"rendered":"<p>Strome\u010dek ze d\u0159eva na ze\u010f ELEGANT modern\u00ed dekorace. Strome\u010dek ze d\u0159eva na ze\u010f ELEGANT je skv\u011bl\u00fdm zp\u016fsobem, jak p\u0159in\u00e9st tuto [&hellip;]<\/p>","protected":false},"featured_media":1491,"comment_status":"open","ping_status":"closed","template":"","meta":{"site-sidebar-layout":"default","site-content-layout":"","ast-site-content-layout":"default","site-content-style":"default","site-sidebar-style":"default","ast-global-header-display":"","ast-banner-title-visibility":"","ast-main-header-display":"","ast-hfb-above-header-display":"","ast-hfb-below-header-display":"","ast-hfb-mobile-header-display":"","site-post-title":"","ast-breadcrumbs-content":"","ast-featured-img":"","footer-sml-layout":"","theme-transparent-header-meta":"default","adv-header-id-meta":"","stick-header-meta":"","header-above-stick-meta":"","header-main-stick-meta":"","header-below-stick-meta":"","astra-migrate-meta-layouts":"set","ast-page-background-enabled":"default","ast-page-background-meta":{"desktop":{"background-color":"var(--ast-global-color-4)","background-image":"","background-repeat":"repeat","background-position":"center center","background-size":"auto","background-attachment":"scroll","background-type":"","background-media":"","overlay-type":"","overlay-color":"","overlay-opacity":"","overlay-gradient":""},"tablet":{"background-color":"","background-image":"","background-repeat":"repeat","background-position":"center center","background-size":"auto","background-attachment":"scroll","background-type":"","background-media":"","overlay-type":"","overlay-color":"","overlay-opacity":"","overlay-gradient":""},"mobile":{"background-color":"","background-image":"","background-repeat":"repeat","background-position":"center center","background-size":"auto","background-attachment":"scroll","background-type":"","background-media":"","overlay-type":"","overlay-color":"","overlay-opacity":"","overlay-gradient":""}},"ast-content-background-meta":{"desktop":{"background-color":"var(--ast-global-color-5)","background-image":"","background-repeat":"repeat","background-position":"center center","background-size":"auto","background-attachment":"scroll","background-type":"","background-media":"","overlay-type":"","overlay-color":"","overlay-opacity":"","overlay-gradient":""},"tablet":{"background-color":"var(--ast-global-color-5)","background-image":"","background-repeat":"repeat","background-position":"center center","background-size":"auto","background-attachment":"scroll","background-type":"","background-media":"","overlay-type":"","overlay-color":"","overlay-opacity":"","overlay-gradient":""},"mobile":{"background-color":"var(--ast-global-color-5)","background-image":"","background-repeat":"repeat","background-position":"center center","background-size":"auto","background-attachment":"scroll","background-type":"","background-media":"","overlay-type":"","overlay-color":"","overlay-opacity":"","overlay-gradient":""}},"jetpack_post_was_ever_published":false},"product_brand":[],"product_cat":[560],"product_tag":[],"class_list":{"0":"post-11140","1":"product","2":"type-product","3":"status-publish","4":"has-post-thumbnail","6":"product_cat-obrazy-stromu-zivota","7":"pa_barva-cerna","8":"pa_barva-antracit","9":"pa_barva-bila","10":"pa_barva-cervena","11":"pa_barva-fialova","12":"pa_barva-modra","13":"pa_barva-oranzova","14":"pa_barva-orech","15":"pa_barva-ruzova","16":"pa_barva-zelena","17":"pa_barva-zluta","18":"pa_rozmery-27x32-cm","19":"pa_rozmery-45x54-cm","20":"pa_rozmery-50x60-cm","21":"pa_rozmery-55x65-cm","22":"desktop-align-left","23":"tablet-align-left","24":"mobile-align-left","26":"first","27":"instock","28":"shipping-taxable","29":"purchasable","30":"product-type-variable"},"jetpack_sharing_enabled":true,"_links":{"self":[{"href":"https:\/\/dekohra.eu\/de\/wp-json\/wp\/v2\/product\/11140","targetHints":{"allow":["GET"]}}],"collection":[{"href":"https:\/\/dekohra.eu\/de\/wp-json\/wp\/v2\/product"}],"about":[{"href":"https:\/\/dekohra.eu\/de\/wp-json\/wp\/v2\/types\/product"}],"replies":[{"embeddable":true,"href":"https:\/\/dekohra.eu\/de\/wp-json\/wp\/v2\/comments?post=11140"}],"wp:featuredmedia":[{"embeddable":true,"href":"https:\/\/dekohra.eu\/de\/wp-json\/wp\/v2\/media\/1491"}],"wp:attachment":[{"href":"https:\/\/dekohra.eu\/de\/wp-json\/wp\/v2\/media?parent=11140"}],"wp:term":[{"taxonomy":"product_brand","embeddable":true,"href":"https:\/\/dekohra.eu\/de\/wp-json\/wp\/v2\/product_brand?post=11140"},{"taxonomy":"product_cat","embeddable":true,"href":"https:\/\/dekohra.eu\/de\/wp-json\/wp\/v2\/product_cat?post=11140"},{"taxonomy":"product_tag","embeddable":true,"href":"https:\/\/dekohra.eu\/de\/wp-json\/wp\/v2\/product_tag?post=11140"}],"curies":[{"name":"wp","href":"https:\/\/api.w.org\/{rel}","templated":true}]}}