{"id":11146,"date":"2024-10-22T14:43:15","date_gmt":"2024-10-22T12:43:15","guid":{"rendered":"https:\/\/bazar-komoda.cz\/?post_type=product&#038;p=11146"},"modified":"2025-02-18T10:24:08","modified_gmt":"2025-02-18T09:24:08","slug":"drevena-mandala-na-zed-geometria","status":"publish","type":"product","link":"https:\/\/dekohra.eu\/de\/produkt\/drevena-mandala-na-zed-geometria\/","title":{"rendered":"Holzmandala f\u00fcr die Wand GEOMETRIA"},"content":{"rendered":"<p><!-- upraveno html4output --><\/p>\n<h2>Holzmandala f\u00fcr die Wand GEOMETRIA<\/h2>\n<p><strong>Holzmandala f\u00fcr die Wand GEOMETRIA<\/strong> Es besticht durch seine \u00e4sthetische Sch\u00f6nheit und tiefe Symbolik. Dieses Designst\u00fcck ist ideal f\u00fcr diejenigen, die ihr Zuhause bereichern m\u00f6chten mit <strong>Elemente von Frieden, Harmonie und Eleganz<\/strong>. Mandalas werden traditionell als Werkzeuge verwendet <strong>zur Meditation und Verbesserung des inneren Gleichgewichts,<\/strong> Das macht dieses Produkt nicht nur optisch ansprechend, sondern auch spirituell bereichernd.<\/p>\n<h3>Design und Materialien<\/h3>\n<ul>\n<li>Das GEOMETRIA Mandala besteht aus <strong>hochwertiges Holz, 3 mm stark<\/strong>das garantiert <strong>Haltbarkeit und lange Lebensdauer.<\/strong> Dank Laserschnitt ist jedes Mandala bis ins kleinste Detail pr\u00e4zise verarbeitet.<\/li>\n<\/ul>\n<h3>Anwendung und Installation<\/h3>\n<ul>\n<li>Die Anbringung des Mandalas an der Wand ist einfach und schnell. Die Befestigung erfolgt \u00fcber <strong>doppelseitiges Klebeband oder Minin\u00e4gel.<\/strong> Diese Montageart erm\u00f6glicht eine einfache Verlegung ohne Besch\u00e4digung der W\u00e4nde. Das Mandala hat ein geringes Gewicht, sodass es bei der Installation einfach zu handhaben ist.<\/li>\n<\/ul>\n<h3>Innenbereich<\/h3>\n<ul>\n<li>Das Holzmandala GEOMETRIA ist eine universelle Dekoration, die in verschiedene R\u00e4ume des Hauses passt. Es kann platziert werden <strong>im Wohnzimmer als zentrales Dekorationselement<\/strong>, <strong>im Schlafzimmer, um eine beruhigende Atmosph\u00e4re zu schaffen, oder im Arbeitszimmer als inspirierendes und die Konzentration f\u00f6rderndes Element.<\/strong> Auch in gewerblichen R\u00e4umen wie B\u00fcros, Wellness-Zentren oder Yoga-Studios eignet sich Mandala gut, wo es zu einer angenehmen und harmonischen Atmosph\u00e4re beitr\u00e4gt.<\/li>\n<\/ul>\n<h3>Vorteile<\/h3>\n<ul>\n<li><strong>\u00c4sthetischer Wert<\/strong>: Modernes und elegantes Design verleiht dem Raum ein anspruchsvolles Aussehen.<\/li>\n<li><strong>Spirituelle Bereicherung<\/strong>: Die Symbolik des Mandalas f\u00f6rdert Meditation und inneren Frieden.<\/li>\n<li><strong>Flexibilit\u00e4t<\/strong>: Die Verf\u00fcgbarkeit in verschiedenen Gr\u00f6\u00dfen und Farben erm\u00f6glicht eine einfache Integration in jedes Interieur.<\/li>\n<li><strong>Einfache Installation<\/strong>: Leicht und einfach zu befestigen, ohne in W\u00e4nde bohren zu m\u00fcssen.<\/li>\n<\/ul>\n<h3>Parameter:<\/h3>\n<ul>\n<li><strong>Material:<\/strong>\u00a0<a href=\"https:\/\/dekohra.eu\/de\/drevovlaknita-deska-3mm-idealni-material-pro-vyrobu-obrazu\/\">Faserplatte, einseitig lackiert<\/a><\/li>\n<li><strong>Produktdicke:\u00a0<\/strong>3 mm<\/li>\n<li><strong>Hersteller:\u00a0<\/strong><a href=\"http:\/\/dekohra.de\/\" target=\"_blank\" rel=\"noopener\">Dekohra.eu<\/a><\/li>\n<li><strong style=\"font-size: 16px;\">Kategorie:<\/strong> <a style=\"font-size: 16px; background-color: #ffffff;\" href=\"https:\/\/dekohra.eu\/de\/produkt-kategorie\/bytove-dekorace\/mandaly-na-zed\/\">Holzmandala an der Wand<\/a><\/li>\n<li><strong>Montage:<\/strong> <a href=\"https:\/\/dekohra.eu\/de\/navod-k-obsluze-a-montazi\/\">Mit doppelseitigem Klebeband oder Minin\u00e4geln<\/a><\/li>\n<li><strong>Technologie: <\/strong><a href=\"https:\/\/dekohra.eu\/de\/moderni-laserova-technologie-rezani-a-gravirovani\/\">Moderne Laserschneidtechnologie<\/a><\/li>\n<\/ul>\n<p><img decoding=\"async\" src=\"https:\/\/dekohra.eu\/_obchody\/go4874\/prilohy\/4\/vyber-velikostimandala.jpg.big.jpg\" alt=\"\" width=\"500\" \/><\/p>\n<p>Wandmontage durch Kleben, Kleber ist nicht im Lieferumfang enthalten.<\/p>\n<p>&nbsp;<\/p>","protected":false},"excerpt":{"rendered":"<p>D\u0159ev\u011bn\u00e1 mandala na ze\u010f GEOMETRIA D\u0159ev\u011bn\u00e1 mandala na ze\u010f GEOMETRIA zaujme svou estetickou kr\u00e1sou a hlubokou symbolikou. Tento designov\u00fd kousek [&hellip;]<\/p>","protected":false},"featured_media":1672,"comment_status":"open","ping_status":"closed","template":"","meta":{"site-sidebar-layout":"default","site-content-layout":"","ast-site-content-layout":"default","site-content-style":"default","site-sidebar-style":"default","ast-global-header-display":"","ast-banner-title-visibility":"","ast-main-header-display":"","ast-hfb-above-header-display":"","ast-hfb-below-header-display":"","ast-hfb-mobile-header-display":"","site-post-title":"","ast-breadcrumbs-content":"","ast-featured-img":"","footer-sml-layout":"","theme-transparent-header-meta":"default","adv-header-id-meta":"","stick-header-meta":"","header-above-stick-meta":"","header-main-stick-meta":"","header-below-stick-meta":"","astra-migrate-meta-layouts":"set","ast-page-background-enabled":"default","ast-page-background-meta":{"desktop":{"background-color":"var(--ast-global-color-4)","background-image":"","background-repeat":"repeat","background-position":"center center","background-size":"auto","background-attachment":"scroll","background-type":"","background-media":"","overlay-type":"","overlay-color":"","overlay-opacity":"","overlay-gradient":""},"tablet":{"background-color":"","background-image":"","background-repeat":"repeat","background-position":"center center","background-size":"auto","background-attachment":"scroll","background-type":"","background-media":"","overlay-type":"","overlay-color":"","overlay-opacity":"","overlay-gradient":""},"mobile":{"background-color":"","background-image":"","background-repeat":"repeat","background-position":"center center","background-size":"auto","background-attachment":"scroll","background-type":"","background-media":"","overlay-type":"","overlay-color":"","overlay-opacity":"","overlay-gradient":""}},"ast-content-background-meta":{"desktop":{"background-color":"var(--ast-global-color-5)","background-image":"","background-repeat":"repeat","background-position":"center center","background-size":"auto","background-attachment":"scroll","background-type":"","background-media":"","overlay-type":"","overlay-color":"","overlay-opacity":"","overlay-gradient":""},"tablet":{"background-color":"var(--ast-global-color-5)","background-image":"","background-repeat":"repeat","background-position":"center center","background-size":"auto","background-attachment":"scroll","background-type":"","background-media":"","overlay-type":"","overlay-color":"","overlay-opacity":"","overlay-gradient":""},"mobile":{"background-color":"var(--ast-global-color-5)","background-image":"","background-repeat":"repeat","background-position":"center center","background-size":"auto","background-attachment":"scroll","background-type":"","background-media":"","overlay-type":"","overlay-color":"","overlay-opacity":"","overlay-gradient":""}},"jetpack_post_was_ever_published":false},"product_brand":[],"product_cat":[565],"product_tag":[],"class_list":{"0":"post-11146","1":"product","2":"type-product","3":"status-publish","4":"has-post-thumbnail","6":"product_cat-drevena-mandala-na-zed","7":"pa_barva-cerna","8":"pa_barva-antracit","9":"pa_barva-bila","10":"pa_barva-cervena","11":"pa_barva-fialova","12":"pa_barva-modra","13":"pa_barva-oranzova","14":"pa_barva-orech","15":"pa_barva-ruzova","16":"pa_barva-zelena","17":"pa_barva-zluta","18":"pa_rozmery-20x20-cm","19":"pa_rozmery-30x30-cm","20":"pa_rozmery-55x55-cm","21":"pa_rozmery-70x70-cm","22":"desktop-align-left","23":"tablet-align-left","24":"mobile-align-left","26":"first","27":"instock","28":"shipping-taxable","29":"purchasable","30":"product-type-variable"},"jetpack_sharing_enabled":true,"_links":{"self":[{"href":"https:\/\/dekohra.eu\/de\/wp-json\/wp\/v2\/product\/11146","targetHints":{"allow":["GET"]}}],"collection":[{"href":"https:\/\/dekohra.eu\/de\/wp-json\/wp\/v2\/product"}],"about":[{"href":"https:\/\/dekohra.eu\/de\/wp-json\/wp\/v2\/types\/product"}],"replies":[{"embeddable":true,"href":"https:\/\/dekohra.eu\/de\/wp-json\/wp\/v2\/comments?post=11146"}],"wp:featuredmedia":[{"embeddable":true,"href":"https:\/\/dekohra.eu\/de\/wp-json\/wp\/v2\/media\/1672"}],"wp:attachment":[{"href":"https:\/\/dekohra.eu\/de\/wp-json\/wp\/v2\/media?parent=11146"}],"wp:term":[{"taxonomy":"product_brand","embeddable":true,"href":"https:\/\/dekohra.eu\/de\/wp-json\/wp\/v2\/product_brand?post=11146"},{"taxonomy":"product_cat","embeddable":true,"href":"https:\/\/dekohra.eu\/de\/wp-json\/wp\/v2\/product_cat?post=11146"},{"taxonomy":"product_tag","embeddable":true,"href":"https:\/\/dekohra.eu\/de\/wp-json\/wp\/v2\/product_tag?post=11146"}],"curies":[{"name":"wp","href":"https:\/\/api.w.org\/{rel}","templated":true}]}}