{"id":11191,"date":"2024-10-22T14:44:02","date_gmt":"2024-10-22T12:44:02","guid":{"rendered":"https:\/\/bazar-komoda.cz\/?post_type=product&#038;p=11191"},"modified":"2025-02-18T16:32:49","modified_gmt":"2025-02-18T15:32:49","slug":"strom-zivota-obrazek-na-zed-buddha","status":"publish","type":"product","link":"https:\/\/dekohra.eu\/de\/produkt\/strom-zivota-obrazek-na-zed-buddha\/","title":{"rendered":"Lebensbaum Wandbild \u2013 BUDDHA Gem\u00e4lde"},"content":{"rendered":"<p><!-- upraveno html4output --><\/p>\n<h2 class=\"flex-shrink-0 flex flex-col relative items-end\">Lebensbaum Wandbild \u2013 BUDDHA Gem\u00e4lde<\/h2>\n<div class=\"group\/conversation-turn relative flex w-full min-w-0 flex-col agent-turn\">\n<div class=\"flex-col gap-1 md:gap-3\">\n<div class=\"flex flex-grow flex-col max-w-full\">\n<div class=\"min-h-[20px] text-message flex w-full flex-col items-end gap-2 whitespace-pre-wrap break-words [.text-message+&amp;]:mt-5 overflow-x-auto\" dir=\"auto\" data-message-author-role=\"assistant\" data-message-id=\"78d9b41f-f71f-4932-8465-41e2605e60c6\">\n<div class=\"flex w-full flex-col gap-1 empty:hidden first:pt-[3px]\">\n<div class=\"markdown prose w-full break-words dark:prose-invert light\">\n<p><strong>Lebensbaum Wandbild \u2013 BUDDHA Gem\u00e4lde<\/strong> ist ein au\u00dfergew\u00f6hnliches Dekorationselement, das Frieden, Harmonie und spirituelle Energie in Ihr Zuhause bringt. Dieses Holzbild ist von buddhistischen Motiven inspiriert und symbolisiert die Verbindung zwischen Erde und Himmel. Es strahlt ein Gef\u00fchl von Frieden und Stabilit\u00e4t aus und ist somit ideal, um in Ihrem Wohnzimmer, Schlafzimmer oder Meditationsraum eine entspannende Atmosph\u00e4re zu schaffen.<\/p>\n<h3>Produkteigenschaften:<\/h3>\n<ol>\n<li><strong>Design und Symbolik:<\/strong>\n<ul>\n<li>Das Gem\u00e4lde kombiniert das Motiv des Lebensbaums und der Figur Buddhas.<\/li>\n<li>Der Lebensbaum gilt in vielen Kulturen als Symbol f\u00fcr Weisheit, St\u00e4rke und Schutz.<\/li>\n<li>Buddha bringt ein Element des Friedens, der Meditation und des spirituellen Gleichgewichts in den Raum.<\/li>\n<\/ul>\n<\/li>\n<li><strong>Material und Qualit\u00e4t:<\/strong>\n<ul>\n<li>Hergestellt aus Qualit\u00e4tsholz, das f\u00fcr eine lange Lebensdauer sorgf\u00e4ltig verarbeitet und oberfl\u00e4chenbehandelt wurde.<\/li>\n<li>Die edle Oberfl\u00e4che verleiht dem Bild eine moderne Optik, die in vielf\u00e4ltige Einrichtungsstile passt.<\/li>\n<\/ul>\n<\/li>\n<li><strong>Abmessungen und Installation:<\/strong>\n<ul>\n<li>Das Gem\u00e4lde ist in mehreren Gr\u00f6\u00dfen erh\u00e4ltlich, beispielsweise 45\u00d745 cm, sodass Sie dasjenige ausw\u00e4hlen k\u00f6nnen, das am besten zu Ihrem Raum passt.<\/li>\n<li>Einfache Installation mit Klebeband oder N\u00e4geln, um eine feste und sichere Befestigung an der Wand zu gew\u00e4hrleisten.<\/li>\n<\/ul>\n<\/li>\n<\/ol>\n<h3>Warum dieses Gem\u00e4lde w\u00e4hlen?<\/h3>\n<ul>\n<li><strong>Spirituelle Harmonie:<\/strong> Die Kombination aus Lebensbaum und Buddha bringt Harmonie und spirituellen Frieden in Ihr Zuhause.<\/li>\n<li><strong>\u00c4sthetischer Wert:<\/strong> Das moderne Design f\u00e4llt in jedem Interieur auf und wird zum Mittelpunkt Ihres Zuhauses.<\/li>\n<li><strong>Einfache Wartung:<\/strong> Die Lackierung ist langlebig und leicht sauber zu halten, sodass Sie lange Freude daran haben.<\/li>\n<\/ul>\n<h3>Nutzung und Standort:<\/h3>\n<ul>\n<li><strong>Wohnzimmer:<\/strong> H\u00e4ngen Sie das Gem\u00e4lde \u00fcber ein Sofa oder einen Kamin, um eine elegante und ruhige Umgebung zum Entspannen zu schaffen.<\/li>\n<li><strong>Schlafzimmer:<\/strong> H\u00e4ngen Sie das Gem\u00e4lde in Ihr Schlafzimmer, um eine beruhigende Atmosph\u00e4re zu schaffen, die Ihren Schlaf f\u00f6rdert.<\/li>\n<li><strong>Meditationsraum:<\/strong> Die perfekte Erg\u00e4nzung f\u00fcr Ihre Meditationsecke, wo es Ihnen hilft, innere Ruhe und Konzentration zu erlangen.<\/li>\n<\/ul>\n<\/div>\n<\/div>\n<\/div>\n<\/div>\n<\/div>\n<\/div>\n<h3>Parameter:<\/h3>\n<ul>\n<li style=\"list-style-type: none;\">\n<ul>\n<li style=\"list-style-type: none;\">\n<ul>\n<li style=\"list-style-type: none;\">\n<ul>\n<li><strong>Material:<\/strong>\u00a0<a href=\"https:\/\/dekohra.eu\/de\/drevovlaknita-deska-3mm-idealni-material-pro-vyrobu-obrazu\/\">Faserplatte, einseitig lackiert<\/a><\/li>\n<li><strong>Produktdicke:\u00a0<\/strong>3 mm<\/li>\n<li><strong>Hersteller:\u00a0<\/strong><a href=\"http:\/\/dekohra.de\/\" target=\"_blank\" rel=\"noopener\">Dekohra.eu<\/a><\/li>\n<li><strong>Kategorie:<\/strong> <a href=\"https:\/\/dekohra.eu\/de\/produkt-kategorie\/bytove-dekorace\/strom-zivota\/\">Baum des Lebens<\/a><\/li>\n<li><strong>Montage:<\/strong> <a href=\"https:\/\/dekohra.eu\/de\/navod-k-obsluze-a-montazi\/\">Mit doppelseitigem Klebeband oder Minin\u00e4geln<\/a><\/li>\n<li><strong>Technologie: <\/strong><a href=\"https:\/\/dekohra.eu\/de\/moderni-laserova-technologie-rezani-a-gravirovani\/\">Moderne Laserschneidtechnologie<\/a><\/li>\n<\/ul>\n<\/li>\n<\/ul>\n<\/li>\n<\/ul>\n<\/li>\n<\/ul>\n<p style=\"text-align: left;\"><span style=\"font-size: 16px;\"><strong> Welche Gr\u00f6\u00dfe des Holzbildes soll ich w\u00e4hlen:<\/strong><\/span><\/p>\n<p><img decoding=\"async\" style=\"display: block; margin-left: auto; margin-right: auto;\" src=\"https:\/\/dekohra.eu\/_obchody\/go4874\/prilohy\/4\/vyber-velikosti.jpg.big.jpg\" alt=\"\" width=\"500\" \/><\/p>\n<p>Wandmontage durch Kleben, Kleber ist nicht im Lieferumfang enthalten.<\/p>","protected":false},"excerpt":{"rendered":"<p>Strom \u017eivota obr\u00e1zek na ze\u010f &#8211; obraz BUDDHA Strom \u017eivota obr\u00e1zek na ze\u010f &#8211; obraz BUDDHA je v\u00fdjime\u010dn\u00fd dekorativn\u00ed prvek, [&hellip;]<\/p>","protected":false},"featured_media":1500,"comment_status":"open","ping_status":"closed","template":"","meta":{"site-sidebar-layout":"default","site-content-layout":"","ast-site-content-layout":"default","site-content-style":"default","site-sidebar-style":"default","ast-global-header-display":"","ast-banner-title-visibility":"","ast-main-header-display":"","ast-hfb-above-header-display":"","ast-hfb-below-header-display":"","ast-hfb-mobile-header-display":"","site-post-title":"","ast-breadcrumbs-content":"","ast-featured-img":"","footer-sml-layout":"","theme-transparent-header-meta":"default","adv-header-id-meta":"","stick-header-meta":"","header-above-stick-meta":"","header-main-stick-meta":"","header-below-stick-meta":"","astra-migrate-meta-layouts":"set","ast-page-background-enabled":"default","ast-page-background-meta":{"desktop":{"background-color":"var(--ast-global-color-4)","background-image":"","background-repeat":"repeat","background-position":"center center","background-size":"auto","background-attachment":"scroll","background-type":"","background-media":"","overlay-type":"","overlay-color":"","overlay-opacity":"","overlay-gradient":""},"tablet":{"background-color":"","background-image":"","background-repeat":"repeat","background-position":"center center","background-size":"auto","background-attachment":"scroll","background-type":"","background-media":"","overlay-type":"","overlay-color":"","overlay-opacity":"","overlay-gradient":""},"mobile":{"background-color":"","background-image":"","background-repeat":"repeat","background-position":"center center","background-size":"auto","background-attachment":"scroll","background-type":"","background-media":"","overlay-type":"","overlay-color":"","overlay-opacity":"","overlay-gradient":""}},"ast-content-background-meta":{"desktop":{"background-color":"var(--ast-global-color-5)","background-image":"","background-repeat":"repeat","background-position":"center center","background-size":"auto","background-attachment":"scroll","background-type":"","background-media":"","overlay-type":"","overlay-color":"","overlay-opacity":"","overlay-gradient":""},"tablet":{"background-color":"var(--ast-global-color-5)","background-image":"","background-repeat":"repeat","background-position":"center center","background-size":"auto","background-attachment":"scroll","background-type":"","background-media":"","overlay-type":"","overlay-color":"","overlay-opacity":"","overlay-gradient":""},"mobile":{"background-color":"var(--ast-global-color-5)","background-image":"","background-repeat":"repeat","background-position":"center center","background-size":"auto","background-attachment":"scroll","background-type":"","background-media":"","overlay-type":"","overlay-color":"","overlay-opacity":"","overlay-gradient":""}},"jetpack_post_was_ever_published":false},"product_brand":[],"product_cat":[560],"product_tag":[],"class_list":{"0":"post-11191","1":"product","2":"type-product","3":"status-publish","4":"has-post-thumbnail","6":"product_cat-obrazy-stromu-zivota","7":"pa_barva-cerna","8":"pa_barva-antracit","9":"pa_barva-bila","10":"pa_barva-cervena","11":"pa_barva-fialova","12":"pa_barva-modra","13":"pa_barva-oranzova","14":"pa_barva-orech","15":"pa_barva-ruzova","16":"pa_barva-zelena","17":"pa_barva-zluta","18":"pa_rozmery-30x30-cm","19":"pa_rozmery-45x45-cm","20":"pa_rozmery-55x55-cm","21":"pa_rozmery-60x60-cm","22":"desktop-align-left","23":"tablet-align-left","24":"mobile-align-left","26":"first","27":"instock","28":"shipping-taxable","29":"purchasable","30":"product-type-variable"},"jetpack_sharing_enabled":true,"_links":{"self":[{"href":"https:\/\/dekohra.eu\/de\/wp-json\/wp\/v2\/product\/11191","targetHints":{"allow":["GET"]}}],"collection":[{"href":"https:\/\/dekohra.eu\/de\/wp-json\/wp\/v2\/product"}],"about":[{"href":"https:\/\/dekohra.eu\/de\/wp-json\/wp\/v2\/types\/product"}],"replies":[{"embeddable":true,"href":"https:\/\/dekohra.eu\/de\/wp-json\/wp\/v2\/comments?post=11191"}],"wp:featuredmedia":[{"embeddable":true,"href":"https:\/\/dekohra.eu\/de\/wp-json\/wp\/v2\/media\/1500"}],"wp:attachment":[{"href":"https:\/\/dekohra.eu\/de\/wp-json\/wp\/v2\/media?parent=11191"}],"wp:term":[{"taxonomy":"product_brand","embeddable":true,"href":"https:\/\/dekohra.eu\/de\/wp-json\/wp\/v2\/product_brand?post=11191"},{"taxonomy":"product_cat","embeddable":true,"href":"https:\/\/dekohra.eu\/de\/wp-json\/wp\/v2\/product_cat?post=11191"},{"taxonomy":"product_tag","embeddable":true,"href":"https:\/\/dekohra.eu\/de\/wp-json\/wp\/v2\/product_tag?post=11191"}],"curies":[{"name":"wp","href":"https:\/\/api.w.org\/{rel}","templated":true}]}}