{"id":11211,"date":"2024-10-22T14:44:06","date_gmt":"2024-10-22T12:44:06","guid":{"rendered":"https:\/\/bazar-komoda.cz\/?post_type=product&#038;p=11211"},"modified":"2025-02-21T14:34:33","modified_gmt":"2025-02-21T13:34:33","slug":"darek-pro-hrace-drevena-dekorace-na-zed","status":"publish","type":"product","link":"https:\/\/dekohra.eu\/de\/produkt\/darek-pro-hrace-drevena-dekorace-na-zed\/","title":{"rendered":"Geschenk f\u00fcr Gamer \u2013 Wanddeko aus Holz Game Controller"},"content":{"rendered":"<p><!-- upraveno html4output --><\/p>\n<h2 style=\"text-align: left;\"><strong>Geschenk f\u00fcr Gamer - Wanddekoration aus Holz Gamecontroller. <\/strong><\/h2>\n<p>&nbsp;<\/p>\n<p>Geschenk f\u00fcr Gamer \u2013 Wanddekoration aus Holz Der Game Controller symbolisiert <strong>eine Leidenschaft f\u00fcr Videospiele, Unterhaltung und Entspannung.<\/strong> 3D Wanddekoration \u2013 Bringen Sie einen Game Controller zu Ihnen nach Hause<strong> Gaming-Atmosph\u00e4re und modernes Design.<\/strong> Dieses Holzbild ist aus hochwertiger Faserplatte gefertigt, was seine Stabilit\u00e4t und Haltbarkeit gew\u00e4hrleistet. Pr\u00e4zise Verarbeitung und <strong>moderne Optik<\/strong> garantieren, dass dieses dekorative Element zum Mittelpunkt der Aufmerksamkeit wird und <strong>verleiht Ihrem Interieur einen einzigartigen Stil.<\/strong><\/p>\n<h3><strong>Hochwertige Materialien<\/strong><\/h3>\n<ul>\n<li>Die Dekoration besteht aus hochwertiger 3 mm starker Faserplatte, die Stabilit\u00e4t und Haltbarkeit gew\u00e4hrleistet.<\/li>\n<li>Bei der Dekoration wurde Wert auf Details und \u00c4sthetik gelegt. <strong>Moderner Laserschnitt sorgt f\u00fcr pr\u00e4zises und elegantes Design<\/strong>, das in jedes Interieur passt. Sie k\u00f6nnen aus mehreren Farboptionen w\u00e4hlen.<\/li>\n<\/ul>\n<h3>Einfache Montage<\/h3>\n<ul>\n<li>Die Dekoration ist praktisch und einfach anzubringen. Sie k\u00f6nnen es an der Wand befestigen mit <strong>doppelseitiges Klebeband oder Minin\u00e4gel<\/strong>, was eine schnelle und einfache Montage ohne Besch\u00e4digung der W\u00e4nde gew\u00e4hrleistet.<\/li>\n<\/ul>\n<div class=\"flex flex-grow flex-col max-w-full\">\n<div class=\"min-h-[20px] text-message flex w-full flex-col items-end gap-2 whitespace-pre-wrap break-words [.text-message+&amp;]:mt-5 overflow-x-auto\" dir=\"auto\" data-message-author-role=\"assistant\" data-message-id=\"d9d77c60-7872-436a-98f0-436dfe538b71\">\n<div class=\"flex w-full flex-col gap-1 empty:hidden first:pt-[3px]\">\n<div class=\"markdown prose w-full break-words dark:prose-invert light\">\n<div class=\"flex flex-grow flex-col max-w-full\">\n<div class=\"min-h-[20px] text-message flex w-full flex-col items-end gap-2 whitespace-pre-wrap break-words [.text-message+&amp;]:mt-5 overflow-x-auto\" dir=\"auto\" data-message-author-role=\"assistant\" data-message-id=\"aea7c2e9-9fa6-4ca7-9223-6d3c5bad4579\">\n<div class=\"flex w-full flex-col gap-1 empty:hidden first:pt-[3px]\">\n<div class=\"markdown prose w-full break-words dark:prose-invert light\">\n<p>Geschenk f\u00fcr Gamer \u2013 Die Wanddekoration aus Holz f\u00fcr Gamecontroller ist eine ideale Wahl f\u00fcr jedes Interieur, das nach einem originellen und inspirierenden Element sucht. Bestellen Sie diese Dekoration und<strong> Verleihen Sie Ihrem Zuhause einen Hauch von Eleganz und Verspieltheit.<\/strong><\/p>\n<\/div>\n<\/div>\n<\/div>\n<\/div>\n<p>&nbsp;<\/p>\n<\/div>\n<\/div>\n<\/div>\n<\/div>\n<p>&nbsp;<\/p>\n<h3>Parameter:<\/h3>\n<ul>\n<li><strong>Material:<\/strong>\u00a0<a href=\"https:\/\/dekohra.eu\/de\/drevovlaknita-deska-3mm-idealni-material-pro-vyrobu-obrazu\/\">Faserplatte, einseitig lackiert<\/a><\/li>\n<li><strong>Produktdicke:\u00a0<\/strong>3 mm<\/li>\n<li><strong>Hersteller:\u00a0<\/strong><a href=\"http:\/\/dekohra.de\/\" target=\"_blank\" rel=\"noopener\">Dekohra.eu<\/a><\/li>\n<li><strong>Kategorie: <\/strong><a href=\"https:\/\/dekohra.eu\/de\/produkt-kategorie\/darky\/sportovni-aktivity\/\">Geschenke f\u00fcr Sportler<\/a><\/li>\n<li><strong>Montage:<\/strong>\u00a0<a href=\"https:\/\/dekohra.eu\/de\/navod-k-obsluze-a-montazi\/\">Mit doppelseitigem Klebeband oder Minin\u00e4geln<\/a><\/li>\n<\/ul>\n<p>&nbsp;<\/p>\n<p><a href=\"https:\/\/dekohra.eu\/de\/clanek\/velikost-drevenych-obrazu-prakticky-pruvodce\/\"><img decoding=\"async\" src=\"https:\/\/dekohra.eu\/_obchody\/go4874\/prilohy\/4\/vyber-velikosti.jpg.big.jpg\" alt=\"\" width=\"400\" \/><\/a><\/p>\n<p>Wandmontage durch Kleben, Kleber ist nicht im Lieferumfang enthalten.<\/p>","protected":false},"excerpt":{"rendered":"<p>D\u00e1rek pro hr\u00e1\u010de &#8211; D\u0159ev\u011bn\u00e1 dekorace na ze\u010f Hern\u00ed ovlada\u010d. &nbsp; D\u00e1rek pro hr\u00e1\u010de &#8211; D\u0159ev\u011bn\u00e1 dekorace na ze\u010f Hern\u00ed [&hellip;]<\/p>","protected":false},"featured_media":2804,"comment_status":"open","ping_status":"closed","template":"","meta":{"site-sidebar-layout":"default","site-content-layout":"","ast-site-content-layout":"default","site-content-style":"default","site-sidebar-style":"default","ast-global-header-display":"","ast-banner-title-visibility":"","ast-main-header-display":"","ast-hfb-above-header-display":"","ast-hfb-below-header-display":"","ast-hfb-mobile-header-display":"","site-post-title":"","ast-breadcrumbs-content":"","ast-featured-img":"","footer-sml-layout":"","theme-transparent-header-meta":"default","adv-header-id-meta":"","stick-header-meta":"","header-above-stick-meta":"","header-main-stick-meta":"","header-below-stick-meta":"","astra-migrate-meta-layouts":"set","ast-page-background-enabled":"default","ast-page-background-meta":{"desktop":{"background-color":"var(--ast-global-color-4)","background-image":"","background-repeat":"repeat","background-position":"center center","background-size":"auto","background-attachment":"scroll","background-type":"","background-media":"","overlay-type":"","overlay-color":"","overlay-opacity":"","overlay-gradient":""},"tablet":{"background-color":"","background-image":"","background-repeat":"repeat","background-position":"center center","background-size":"auto","background-attachment":"scroll","background-type":"","background-media":"","overlay-type":"","overlay-color":"","overlay-opacity":"","overlay-gradient":""},"mobile":{"background-color":"","background-image":"","background-repeat":"repeat","background-position":"center center","background-size":"auto","background-attachment":"scroll","background-type":"","background-media":"","overlay-type":"","overlay-color":"","overlay-opacity":"","overlay-gradient":""}},"ast-content-background-meta":{"desktop":{"background-color":"var(--ast-global-color-5)","background-image":"","background-repeat":"repeat","background-position":"center center","background-size":"auto","background-attachment":"scroll","background-type":"","background-media":"","overlay-type":"","overlay-color":"","overlay-opacity":"","overlay-gradient":""},"tablet":{"background-color":"var(--ast-global-color-5)","background-image":"","background-repeat":"repeat","background-position":"center center","background-size":"auto","background-attachment":"scroll","background-type":"","background-media":"","overlay-type":"","overlay-color":"","overlay-opacity":"","overlay-gradient":""},"mobile":{"background-color":"var(--ast-global-color-5)","background-image":"","background-repeat":"repeat","background-position":"center center","background-size":"auto","background-attachment":"scroll","background-type":"","background-media":"","overlay-type":"","overlay-color":"","overlay-opacity":"","overlay-gradient":""}},"jetpack_post_was_ever_published":false},"product_brand":[],"product_cat":[552],"product_tag":[],"class_list":{"0":"post-11211","1":"product","2":"type-product","3":"status-publish","4":"has-post-thumbnail","6":"product_cat-darky-pro-sportovce","7":"pa_barva-cerna","8":"pa_barva-antracit","9":"pa_barva-bila","10":"pa_barva-cervena","11":"pa_barva-fialova","12":"pa_barva-modra","13":"pa_barva-oranzova","14":"pa_barva-orech","15":"pa_barva-ruzova","16":"pa_barva-zelena","17":"pa_barva-zluta","18":"pa_rozmery-24x14-cm","19":"pa_rozmery-30x18-cm","20":"pa_rozmery-45x27-cm","21":"pa_rozmery-60x36-cm","22":"desktop-align-left","23":"tablet-align-left","24":"mobile-align-left","26":"first","27":"instock","28":"shipping-taxable","29":"purchasable","30":"product-type-variable"},"jetpack_sharing_enabled":true,"_links":{"self":[{"href":"https:\/\/dekohra.eu\/de\/wp-json\/wp\/v2\/product\/11211","targetHints":{"allow":["GET"]}}],"collection":[{"href":"https:\/\/dekohra.eu\/de\/wp-json\/wp\/v2\/product"}],"about":[{"href":"https:\/\/dekohra.eu\/de\/wp-json\/wp\/v2\/types\/product"}],"replies":[{"embeddable":true,"href":"https:\/\/dekohra.eu\/de\/wp-json\/wp\/v2\/comments?post=11211"}],"wp:featuredmedia":[{"embeddable":true,"href":"https:\/\/dekohra.eu\/de\/wp-json\/wp\/v2\/media\/2804"}],"wp:attachment":[{"href":"https:\/\/dekohra.eu\/de\/wp-json\/wp\/v2\/media?parent=11211"}],"wp:term":[{"taxonomy":"product_brand","embeddable":true,"href":"https:\/\/dekohra.eu\/de\/wp-json\/wp\/v2\/product_brand?post=11211"},{"taxonomy":"product_cat","embeddable":true,"href":"https:\/\/dekohra.eu\/de\/wp-json\/wp\/v2\/product_cat?post=11211"},{"taxonomy":"product_tag","embeddable":true,"href":"https:\/\/dekohra.eu\/de\/wp-json\/wp\/v2\/product_tag?post=11211"}],"curies":[{"name":"wp","href":"https:\/\/api.w.org\/{rel}","templated":true}]}}