{"id":11213,"date":"2024-10-22T14:44:26","date_gmt":"2024-10-22T12:44:26","guid":{"rendered":"https:\/\/bazar-komoda.cz\/?post_type=product&#038;p=11213"},"modified":"2025-02-21T13:41:22","modified_gmt":"2025-02-21T12:41:22","slug":"karate-dekorace-3d-dekorace-na-zed","status":"publish","type":"product","link":"https:\/\/dekohra.eu\/de\/produkt\/karate-dekorace-3d-dekorace-na-zed\/","title":{"rendered":"Karate Dekoration \u2013 3D Wanddekoration"},"content":{"rendered":"<p><!-- upraveno html4output --><\/p>\n<h2 style=\"text-align: left;\"><strong>Karate-Dekoration \u2013 3D-Wanddekoration, originelle Heimdekoration. <\/strong><\/h2>\n<p>&nbsp;<\/p>\n<p>Karate Dekoration \u2013 3D Wanddekoration, <strong>symbolisiert St\u00e4rke, Disziplin und Ausdauer.<\/strong> 3D Wanddekoration \u2013 Bringt Karate zu Ihnen nach Hause<strong> Inspiration und Sportatmosph\u00e4re<\/strong>. Dieses sch\u00f6ne Holzbild ist<strong> aus hochwertiger Faserplatte<\/strong>, was Robustheit und lange Lebensdauer gew\u00e4hrleistet. Pr\u00e4zise Verarbeitung und modernes Design garantieren, dass dieses dekorative Element zum Mittelpunkt der Aufmerksamkeit wird und <strong>verleiht Ihrem Interieur einen einzigartigen Stil.<\/strong><\/p>\n<h3><strong>Hochwertige Materialien<\/strong><\/h3>\n<ul>\n<li>Die Dekoration besteht aus hochwertiger 3 mm starker Faserplatte, die Stabilit\u00e4t und Haltbarkeit gew\u00e4hrleistet.<\/li>\n<li>Bei der Dekoration wurde Wert auf Details und \u00c4sthetik gelegt. <strong>Moderner Laserschnitt sorgt f\u00fcr pr\u00e4zises und elegantes Design<\/strong>, das in jedes Interieur passt. Sie k\u00f6nnen aus mehreren Farboptionen w\u00e4hlen.<\/li>\n<\/ul>\n<h3>Einfache Montage<\/h3>\n<ul>\n<li>Die Dekoration ist praktisch und einfach anzubringen. Sie k\u00f6nnen es an der Wand befestigen mit <strong>doppelseitiges Klebeband oder Minin\u00e4gel<\/strong>, was eine schnelle und einfache Montage ohne Besch\u00e4digung der W\u00e4nde gew\u00e4hrleistet.<\/li>\n<\/ul>\n<div class=\"flex flex-grow flex-col max-w-full\">\n<div class=\"min-h-[20px] text-message flex w-full flex-col items-end gap-2 whitespace-pre-wrap break-words [.text-message+&amp;]:mt-5 overflow-x-auto\" dir=\"auto\" data-message-author-role=\"assistant\" data-message-id=\"d9d77c60-7872-436a-98f0-436dfe538b71\">\n<div class=\"flex w-full flex-col gap-1 empty:hidden first:pt-[3px]\">\n<div class=\"markdown prose w-full break-words dark:prose-invert light\">\n<div class=\"flex flex-grow flex-col max-w-full\">\n<div class=\"min-h-[20px] text-message flex w-full flex-col items-end gap-2 whitespace-pre-wrap break-words [.text-message+&amp;]:mt-5 overflow-x-auto\" dir=\"auto\" data-message-author-role=\"assistant\" data-message-id=\"df7d67b1-038d-4eb7-b0ba-214d2cd5042b\">\n<div class=\"flex w-full flex-col gap-1 empty:hidden first:pt-[3px]\">\n<div class=\"markdown prose w-full break-words dark:prose-invert light\">\n<p>Karate-Dekoration \u2013 3D-Wanddekoration ist eine ideale Wahl f\u00fcr jedes Interieur, das ein originelles und inspirierendes Element sucht. Bestellen Sie diese Dekoration und <strong>Verleihen Sie Ihrem Zuhause einen Hauch von Eleganz und Kampfgeist.<\/strong><\/p>\n<\/div>\n<\/div>\n<\/div>\n<\/div>\n<\/div>\n<\/div>\n<\/div>\n<\/div>\n<p>&nbsp;<\/p>\n<h3>Parameter:<\/h3>\n<ul>\n<li><strong>Material:<\/strong>\u00a0<a href=\"https:\/\/dekohra.eu\/de\/drevovlaknita-deska-3mm-idealni-material-pro-vyrobu-obrazu\/\">Faserplatte, einseitig lackiert<\/a><\/li>\n<li><strong>Produktdicke:\u00a0<\/strong>3 mm<\/li>\n<li><strong>Hersteller:\u00a0<\/strong><a href=\"http:\/\/dekohra.de\/\" target=\"_blank\" rel=\"noopener\">Dekohra.eu<\/a><\/li>\n<li><strong>Kategorie: <\/strong><a href=\"https:\/\/dekohra.eu\/de\/produkt-kategorie\/darky\/sportovni-aktivity\/\">Geschenke f\u00fcr Sportler<\/a><\/li>\n<li><strong>Montage:<\/strong>\u00a0<a href=\"https:\/\/dekohra.eu\/de\/navod-k-obsluze-a-montazi\/\">Mit doppelseitigem Klebeband oder Minin\u00e4geln<\/a><\/li>\n<\/ul>\n<p>&nbsp;<\/p>\n<p><a href=\"https:\/\/dekohra.eu\/de\/clanek\/velikost-drevenych-obrazu-prakticky-pruvodce\/\"><img decoding=\"async\" src=\"https:\/\/dekohra.eu\/_obchody\/go4874\/prilohy\/4\/vyber-velikosti.jpg.big.jpg\" alt=\"\" width=\"400\" \/><\/a><\/p>\n<p>Wandmontage durch Kleben, Kleber ist nicht im Lieferumfang enthalten.<\/p>","protected":false},"excerpt":{"rendered":"<p>Karate dekorace &#8211; 3d dekorace na ze\u010f, origin\u00e1ln\u00ed bytov\u00e1 dekorace. &nbsp; Karate dekorace &#8211; 3d dekorace na ze\u010f , symbolizuje [&hellip;]<\/p>","protected":false},"featured_media":2857,"comment_status":"open","ping_status":"closed","template":"","meta":{"site-sidebar-layout":"default","site-content-layout":"","ast-site-content-layout":"default","site-content-style":"default","site-sidebar-style":"default","ast-global-header-display":"","ast-banner-title-visibility":"","ast-main-header-display":"","ast-hfb-above-header-display":"","ast-hfb-below-header-display":"","ast-hfb-mobile-header-display":"","site-post-title":"","ast-breadcrumbs-content":"","ast-featured-img":"","footer-sml-layout":"","theme-transparent-header-meta":"default","adv-header-id-meta":"","stick-header-meta":"","header-above-stick-meta":"","header-main-stick-meta":"","header-below-stick-meta":"","astra-migrate-meta-layouts":"set","ast-page-background-enabled":"default","ast-page-background-meta":{"desktop":{"background-color":"var(--ast-global-color-4)","background-image":"","background-repeat":"repeat","background-position":"center center","background-size":"auto","background-attachment":"scroll","background-type":"","background-media":"","overlay-type":"","overlay-color":"","overlay-opacity":"","overlay-gradient":""},"tablet":{"background-color":"","background-image":"","background-repeat":"repeat","background-position":"center center","background-size":"auto","background-attachment":"scroll","background-type":"","background-media":"","overlay-type":"","overlay-color":"","overlay-opacity":"","overlay-gradient":""},"mobile":{"background-color":"","background-image":"","background-repeat":"repeat","background-position":"center center","background-size":"auto","background-attachment":"scroll","background-type":"","background-media":"","overlay-type":"","overlay-color":"","overlay-opacity":"","overlay-gradient":""}},"ast-content-background-meta":{"desktop":{"background-color":"var(--ast-global-color-5)","background-image":"","background-repeat":"repeat","background-position":"center center","background-size":"auto","background-attachment":"scroll","background-type":"","background-media":"","overlay-type":"","overlay-color":"","overlay-opacity":"","overlay-gradient":""},"tablet":{"background-color":"var(--ast-global-color-5)","background-image":"","background-repeat":"repeat","background-position":"center center","background-size":"auto","background-attachment":"scroll","background-type":"","background-media":"","overlay-type":"","overlay-color":"","overlay-opacity":"","overlay-gradient":""},"mobile":{"background-color":"var(--ast-global-color-5)","background-image":"","background-repeat":"repeat","background-position":"center center","background-size":"auto","background-attachment":"scroll","background-type":"","background-media":"","overlay-type":"","overlay-color":"","overlay-opacity":"","overlay-gradient":""}},"jetpack_post_was_ever_published":false},"product_brand":[],"product_cat":[552],"product_tag":[],"class_list":{"0":"post-11213","1":"product","2":"type-product","3":"status-publish","4":"has-post-thumbnail","6":"product_cat-darky-pro-sportovce","7":"pa_barva-cerna","8":"pa_barva-antracit","9":"pa_barva-bila","10":"pa_barva-cervena","11":"pa_barva-fialova","12":"pa_barva-modra","13":"pa_barva-oranzova","14":"pa_barva-orech","15":"pa_barva-ruzova","16":"pa_barva-zelena","17":"pa_barva-zluta","18":"pa_rozmery-70x64-cm","19":"desktop-align-left","20":"tablet-align-left","21":"mobile-align-left","23":"first","24":"instock","25":"shipping-taxable","26":"purchasable","27":"product-type-variable"},"jetpack_sharing_enabled":true,"_links":{"self":[{"href":"https:\/\/dekohra.eu\/de\/wp-json\/wp\/v2\/product\/11213","targetHints":{"allow":["GET"]}}],"collection":[{"href":"https:\/\/dekohra.eu\/de\/wp-json\/wp\/v2\/product"}],"about":[{"href":"https:\/\/dekohra.eu\/de\/wp-json\/wp\/v2\/types\/product"}],"replies":[{"embeddable":true,"href":"https:\/\/dekohra.eu\/de\/wp-json\/wp\/v2\/comments?post=11213"}],"wp:featuredmedia":[{"embeddable":true,"href":"https:\/\/dekohra.eu\/de\/wp-json\/wp\/v2\/media\/2857"}],"wp:attachment":[{"href":"https:\/\/dekohra.eu\/de\/wp-json\/wp\/v2\/media?parent=11213"}],"wp:term":[{"taxonomy":"product_brand","embeddable":true,"href":"https:\/\/dekohra.eu\/de\/wp-json\/wp\/v2\/product_brand?post=11213"},{"taxonomy":"product_cat","embeddable":true,"href":"https:\/\/dekohra.eu\/de\/wp-json\/wp\/v2\/product_cat?post=11213"},{"taxonomy":"product_tag","embeddable":true,"href":"https:\/\/dekohra.eu\/de\/wp-json\/wp\/v2\/product_tag?post=11213"}],"curies":[{"name":"wp","href":"https:\/\/api.w.org\/{rel}","templated":true}]}}