{"id":11225,"date":"2024-10-22T14:44:28","date_gmt":"2024-10-22T12:44:28","guid":{"rendered":"https:\/\/bazar-komoda.cz\/?post_type=product&#038;p=11225"},"modified":"2026-03-04T11:00:21","modified_gmt":"2026-03-04T10:00:21","slug":"domovni-cislo-styl-vlastni-text-20x40cm","status":"publish","type":"product","link":"https:\/\/dekohra.eu\/de\/produkt\/domovni-cislo-styl-vlastni-text-20x40cm\/","title":{"rendered":"Hausnummer STYL, Wunschtext 20x40cm"},"content":{"rendered":"<p><!-- upraveno html4output --><\/p>\n<h2><strong>STYL-Hausnummer mit Wunschtext.<\/strong><\/h2>\n<p>&nbsp;<\/p>\n<p>Die Hausnummer enth\u00e4lt die Option <strong>eigener Text<\/strong>, das kann zum Beispiel sein:<strong> Hausname oder Ihr Lieblingsmotto.<\/strong> Der Tisch ist aus hochwertigem Material gefertigt, das eine lange Lebensdauer gew\u00e4hrleistet. <strong>Tisch aus Kunststoff<\/strong> ist eine ideale Wahl f\u00fcr Orte mit <strong>widrige Wetterbedingungen.<\/strong><\/p>\n<p>&nbsp;<\/p>\n<h3><strong>Plastik<\/strong><strong> Platte<\/strong> (Ausseneinsatz, Temperaturbest\u00e4ndigkeit bis +90\u00b0C) St\u00e4rke 3mm.<\/h3>\n<ul>\n<li><strong>HOHE FESTIGKEIT<\/strong> \u2013 Als Polymer weist Acrylat eine un\u00fcbertroffene <strong>Best\u00e4ndigkeit gegen Sonnenlicht<\/strong> und Umgebungsbedingungen und ist als robustes Element \u00fcber viele Jahre einsetzbar!<\/li>\n<\/ul>\n<ul>\n<li><strong>WETTERBEST\u00c4NDIGE OBERFL\u00c4CHE <\/strong>\u2013 Die Hausnummer vergilbt nicht und erf\u00e4hrt keine nennenswerten physikalischen Ver\u00e4nderungen, sodass die urspr\u00fcngliche Farbe und Oberfl\u00e4chenbeschaffenheit erhalten bleibt <strong>wird viele Jahre halten!<\/strong><\/li>\n<\/ul>\n<ul>\n<li><strong>PRODUKTMERKMALE<\/strong> \u2013 Gewicht: 900 g (50 x 50 cm) \/ 3600 g (100 x 100 cm) \/\/ Dicke: 3 mm \/\/ Zugfestigkeit: 70 MPa \/\/ Bruchdehnung: 4 %<\/li>\n<\/ul>\n<ul>\n<li><strong>MATERIAL: <a href=\"https:\/\/floordirekt.com\/\" target=\"_blank\" rel=\"noopener\">Bodendirekt <img decoding=\"async\" src=\"https:\/\/dekohra.eu\/_obchody\/go4874\/prilohy\/3\/vlajka-sxc.jpg.big.jpg\" alt=\"\" width=\"20\" \/><\/a><\/strong><\/li>\n<\/ul>\n<ul>\n<li><strong>EINFACHE MONTAGE <\/strong>\u2013 Durchmesser der L\u00f6cher f\u00fcr die Schraube 5 mm, durch Kleben (Sie k\u00f6nnen ein Brett ohne L\u00f6cher anfordern, schreiben Sie es einfach in die Anmerkungen bei der Bestellung)<\/li>\n<\/ul>\n<ul>\n<li><strong>FARBE<\/strong> \u2013 schwarz gl\u00e4nzend<\/li>\n<\/ul>\n<ul>\n<li><strong>GARANTIE \u2013 5 Jahre<\/strong><\/li>\n<\/ul>\n<ul>\n<li><strong><strong>ABMESSUNGEN<\/strong> \u2013 3 x 200 x 400 mm.<\/strong><\/li>\n<\/ul>\n<p>&nbsp;<\/p>\n<h3>Parameter:<\/h3>\n<ul>\n<li style=\"list-style-type: none;\">\n<ul>\n<li><strong>Produktdicke: <\/strong>3 mm<\/li>\n<li><strong>Hersteller: <\/strong><a href=\"https:\/\/dekohra.eu\/de\/\">Dekohra.eu<\/a><\/li>\n<li><strong>Kategorie:<\/strong> <a href=\"https:\/\/dekohra.eu\/de\/produkt-kategorie\/vyroba-na-zakazku\/cislo-popisne\/\">Beschreibende Nummer<\/a><\/li>\n<li><strong>Montage:<\/strong>\u00a0<a href=\"https:\/\/dekohra.eu\/de\/navod-k-obsluze-a-montazi\/\">Mit doppelseitigem Klebeband oder Minin\u00e4geln<\/a><\/li>\n<li><strong style=\"font-size: 16px;\">Technologie: <\/strong><a style=\"font-size: 16px; background-color: #ffffff;\" href=\"https:\/\/dekohra.eu\/de\/moderni-laserova-technologie-rezani-a-gravirovani\/\">Moderne Laserschneidtechnologie<\/a><\/li>\n<\/ul>\n<\/li>\n<\/ul>\n<p><strong>Wir laserschneiden Ihren Text. <\/strong><\/p>\n<p>Artikel:<\/p>\n<p><a href=\"https:\/\/dekohra.eu\/de\/jak-spravne-umistit-ceduli-cislo-popisne-na-budove-pro-snadnou-identifikaci\/\">Wie platziert man die Hausnummer richtig?<\/a><\/p>\n<p><a href=\"https:\/\/dekohra.eu\/de\/co-je-cislo-popisne-vyznam-a-historie-cisel-popisnych\/\">Was ist eine beschreibende Nummer?<\/a><\/p>","protected":false},"excerpt":{"rendered":"<p>Domovn\u00ed \u010d\u00edslo STYL s volbou vlastn\u00edho textu. &nbsp; Domovn\u00ed \u010d\u00edslo obsahuje mo\u017enost vlastn\u00edho textu, kter\u00fd m\u016f\u017ee b\u00fdt nap\u0159\u00edklad jm\u00e9no domu [&hellip;]<\/p>","protected":false},"featured_media":18973,"comment_status":"open","ping_status":"closed","template":"","meta":{"site-sidebar-layout":"default","site-content-layout":"","ast-site-content-layout":"default","site-content-style":"default","site-sidebar-style":"default","ast-global-header-display":"","ast-banner-title-visibility":"","ast-main-header-display":"","ast-hfb-above-header-display":"","ast-hfb-below-header-display":"","ast-hfb-mobile-header-display":"","site-post-title":"","ast-breadcrumbs-content":"","ast-featured-img":"","footer-sml-layout":"","theme-transparent-header-meta":"default","adv-header-id-meta":"","stick-header-meta":"","header-above-stick-meta":"","header-main-stick-meta":"","header-below-stick-meta":"","astra-migrate-meta-layouts":"set","ast-page-background-enabled":"default","ast-page-background-meta":{"desktop":{"background-color":"var(--ast-global-color-4)","background-image":"","background-repeat":"repeat","background-position":"center center","background-size":"auto","background-attachment":"scroll","background-type":"","background-media":"","overlay-type":"","overlay-color":"","overlay-opacity":"","overlay-gradient":""},"tablet":{"background-color":"","background-image":"","background-repeat":"repeat","background-position":"center center","background-size":"auto","background-attachment":"scroll","background-type":"","background-media":"","overlay-type":"","overlay-color":"","overlay-opacity":"","overlay-gradient":""},"mobile":{"background-color":"","background-image":"","background-repeat":"repeat","background-position":"center center","background-size":"auto","background-attachment":"scroll","background-type":"","background-media":"","overlay-type":"","overlay-color":"","overlay-opacity":"","overlay-gradient":""}},"ast-content-background-meta":{"desktop":{"background-color":"var(--ast-global-color-5)","background-image":"","background-repeat":"repeat","background-position":"center center","background-size":"auto","background-attachment":"scroll","background-type":"","background-media":"","overlay-type":"","overlay-color":"","overlay-opacity":"","overlay-gradient":""},"tablet":{"background-color":"var(--ast-global-color-5)","background-image":"","background-repeat":"repeat","background-position":"center center","background-size":"auto","background-attachment":"scroll","background-type":"","background-media":"","overlay-type":"","overlay-color":"","overlay-opacity":"","overlay-gradient":""},"mobile":{"background-color":"var(--ast-global-color-5)","background-image":"","background-repeat":"repeat","background-position":"center center","background-size":"auto","background-attachment":"scroll","background-type":"","background-media":"","overlay-type":"","overlay-color":"","overlay-opacity":"","overlay-gradient":""}},"jetpack_post_was_ever_published":false},"product_brand":[],"product_cat":[557],"product_tag":[],"class_list":{"0":"post-11225","1":"product","2":"type-product","3":"status-publish","4":"has-post-thumbnail","6":"product_cat-cislo-popisne","7":"desktop-align-left","8":"tablet-align-left","9":"mobile-align-left","11":"first","12":"instock","13":"shipping-taxable","14":"purchasable","15":"product-type-variable"},"jetpack_sharing_enabled":true,"_links":{"self":[{"href":"https:\/\/dekohra.eu\/de\/wp-json\/wp\/v2\/product\/11225","targetHints":{"allow":["GET"]}}],"collection":[{"href":"https:\/\/dekohra.eu\/de\/wp-json\/wp\/v2\/product"}],"about":[{"href":"https:\/\/dekohra.eu\/de\/wp-json\/wp\/v2\/types\/product"}],"replies":[{"embeddable":true,"href":"https:\/\/dekohra.eu\/de\/wp-json\/wp\/v2\/comments?post=11225"}],"wp:featuredmedia":[{"embeddable":true,"href":"https:\/\/dekohra.eu\/de\/wp-json\/wp\/v2\/media\/18973"}],"wp:attachment":[{"href":"https:\/\/dekohra.eu\/de\/wp-json\/wp\/v2\/media?parent=11225"}],"wp:term":[{"taxonomy":"product_brand","embeddable":true,"href":"https:\/\/dekohra.eu\/de\/wp-json\/wp\/v2\/product_brand?post=11225"},{"taxonomy":"product_cat","embeddable":true,"href":"https:\/\/dekohra.eu\/de\/wp-json\/wp\/v2\/product_cat?post=11225"},{"taxonomy":"product_tag","embeddable":true,"href":"https:\/\/dekohra.eu\/de\/wp-json\/wp\/v2\/product_tag?post=11225"}],"curies":[{"name":"wp","href":"https:\/\/api.w.org\/{rel}","templated":true}]}}