{"id":11235,"date":"2024-10-22T14:44:29","date_gmt":"2024-10-22T12:44:29","guid":{"rendered":"https:\/\/bazar-komoda.cz\/?post_type=product&#038;p=11235"},"modified":"2025-02-16T20:15:53","modified_gmt":"2025-02-16T19:15:53","slug":"obraz-strom-zivota-tvare","status":"publish","type":"product","link":"https:\/\/dekohra.eu\/de\/produkt\/obraz-strom-zivota-tvare\/","title":{"rendered":"Lebensbaum Bild GESICHTER \u2013 3-teiliges Bild"},"content":{"rendered":"<p><!-- upraveno html4output --><\/p>\n<h2 class=\"flex-shrink-0 flex flex-col relative items-end\"><strong>Lebensbaum-Gem\u00e4lde \u2013 Gesichter<\/strong><\/h2>\n<div class=\"flex-shrink-0 flex flex-col relative items-end\">\n<div class=\"flex-shrink-0 flex flex-col relative items-end\">\n<p>B\u00e4umen werden seit der Antike besondere Kr\u00e4fte zugeschrieben. Sie symbolisierten das Zentrum <strong>Energie, Verbindung der Erde mit dem Himmel, Weisheit und Stabilit\u00e4t<\/strong>. Ein Lebensbaum-Wandbild ist eine wunderbare M\u00f6glichkeit, diese Symbolik in Ihr Zuhause zu bringen. Dieses dekorative Element wird nicht nur Ihr Interieur schm\u00fccken, sondern auch bringen <strong>Harmonie und Frieden<\/strong> in dein Leben.<\/p>\n<\/div>\n<div class=\"group\/conversation-turn relative flex w-full min-w-0 flex-col agent-turn\">\n<div class=\"flex-col gap-1 md:gap-3\">\n<div class=\"flex flex-grow flex-col max-w-full\">\n<div class=\"min-h-[20px] text-message flex w-full flex-col items-end gap-2 whitespace-pre-wrap break-words [.text-message+&amp;]:mt-5 overflow-x-auto\" dir=\"auto\" data-message-author-role=\"assistant\" data-message-id=\"78d9b41f-f71f-4932-8465-41e2605e60c6\">\n<div class=\"flex w-full flex-col gap-1 empty:hidden first:pt-[3px]\">\n<div class=\"markdown prose w-full break-words dark:prose-invert light\">\n<p><strong>Material:<\/strong><\/p>\n<ul>\n<li>Dieses Bild ist von hoher Qualit\u00e4t <strong>Faserplatte.<\/strong> Dieses Material ist <strong>robust und langlebig<\/strong>, die garantiert <strong>lange Lebensdauer<\/strong> Bild. Die Dicke der Platte von 3 mm ist optimal f\u00fcr eine feste Befestigung an der Wand und zugleich leicht genug f\u00fcr eine einfache Handhabung.<\/li>\n<\/ul>\n<p><strong>Konstruktion:<\/strong><\/p>\n<ul>\n<li>Das Aufziehen des Bildes ist ganz einfach und f\u00fcr jeden m\u00f6glich. Sie k\u00f6nnen doppelseitiges Klebeband oder Minin\u00e4gel verwenden. Das doppelseitige Klebeband eignet sich optimal f\u00fcr glatte sowie k\u00f6rnige Oberfl\u00e4chen und erm\u00f6glicht eine schnelle und einfache Montage ohne Bohren.<\/li>\n<\/ul>\n<p><strong>Modernes Design:<\/strong><\/p>\n<ul>\n<li>Unsere 3-teiligen Malshows <strong>majest\u00e4tischer Baum des Lebens<\/strong>, dessen \u00c4ste und Wurzeln sich in harmonischen geometrischen Formen ausbreiten. Dieses Design verbindet die traditionelle Symbolik des Baumes mit <strong>moderne k\u00fcnstlerische Elemente<\/strong>, wodurch ein wundersch\u00f6nes visuelles Erlebnis entsteht. Jeder der drei Teile des Gem\u00e4ldes f\u00fcgt seine eigene Perspektive und Dimension hinzu und schafft so ein dynamisches und attraktives Element f\u00fcr Ihr Interieur.<\/li>\n<\/ul>\n<p><strong>Vorteile:<\/strong><\/p>\n<ul>\n<li><strong>Hochwertige Materialien:<\/strong> Hergestellt aus langlebigen Materialien, die eine lange Lebensdauer des Bildes garantieren.<\/li>\n<li><strong>Einfache Installation:<\/strong> Einfache und schnelle Montage mittels Klebeband oder N\u00e4geln.<\/li>\n<li><strong>Elegantes Design:<\/strong> Ein moderner und zeitloser Look, der in jedes Interieur passt.<\/li>\n<\/ul>\n<p><strong>Dekorationen f\u00fcr jeden Raum:<\/strong><\/p>\n<ul>\n<li><strong>Wohnzimmer:<\/strong> H\u00e4ngen Sie das Gem\u00e4lde \u00fcber das Sofa oder den Kamin, um es zum Mittelpunkt des Raumes zu machen.<\/li>\n<li><strong>Schlafzimmer:<\/strong> H\u00e4ngen Sie das Gem\u00e4lde in Ihr Schlafzimmer, um eine ruhige und entspannende Atmosph\u00e4re zu schaffen.<\/li>\n<li><strong>Studie:<\/strong> Dekorieren Sie Ihr B\u00fcro so, dass es Sie bei der Arbeit inspiriert und mit Energie versorgt.<\/li>\n<li><strong>Kinderzimmer:<\/strong> Auch f\u00fcr das Kinderzimmer eignet sich das Bild hervorragend, da es die Kreativit\u00e4t und Fantasie Ihres Nachwuchses f\u00f6rdert.<\/li>\n<\/ul>\n<\/div>\n<\/div>\n<\/div>\n<\/div>\n<\/div>\n<\/div>\n<\/div>\n<div class=\"flex-shrink-0 flex flex-col relative items-end\">\n<p>&nbsp;<\/p>\n<\/div>\n<div class=\"group\/conversation-turn relative flex w-full min-w-0 flex-col agent-turn\">\n<div class=\"flex-col gap-1 md:gap-3\">\n<div class=\"flex flex-grow flex-col max-w-full\">\n<div class=\"min-h-[20px] text-message flex w-full flex-col items-end gap-2 whitespace-pre-wrap break-words [.text-message+&amp;]:mt-5 overflow-x-auto\" dir=\"auto\" data-message-author-role=\"assistant\" data-message-id=\"78d9b41f-f71f-4932-8465-41e2605e60c6\">\n<div class=\"flex w-full flex-col gap-1 empty:hidden first:pt-[3px]\">\n<div class=\"markdown prose w-full break-words dark:prose-invert light\"><\/div>\n<\/div>\n<\/div>\n<\/div>\n<\/div>\n<\/div>\n<h3>Parameter:<\/h3>\n<ul>\n<li style=\"list-style-type: none;\">\n<ul>\n<li style=\"list-style-type: none;\">\n<ul>\n<li style=\"list-style-type: none;\">\n<ul>\n<li><strong>Material:<\/strong>\u00a0<a href=\"https:\/\/dekohra.eu\/de\/drevovlaknita-deska-3mm-idealni-material-pro-vyrobu-obrazu\/\">Faserplatte, einseitig lackiert<\/a><\/li>\n<li><strong>Produktdicke:\u00a0<\/strong>3 mm<\/li>\n<li><strong>Hersteller:\u00a0<\/strong><a href=\"http:\/\/dekohra.de\/\" target=\"_blank\" rel=\"noopener\">Dekohra.eu<\/a><\/li>\n<li><strong>Kategorie:<\/strong> <a href=\"https:\/\/dekohra.eu\/de\/produkt-kategorie\/bytove-dekorace\/strom-zivota\/\">Baum des Lebens<\/a><\/li>\n<li><strong>Montage:<\/strong> <a href=\"https:\/\/dekohra.eu\/de\/navod-k-obsluze-a-montazi\/\">Mit doppelseitigem Klebeband oder Minin\u00e4geln<\/a><\/li>\n<li><strong>Technologie: <\/strong><a href=\"https:\/\/dekohra.eu\/de\/moderni-laserova-technologie-rezani-a-gravirovani\/\">Moderne Laserschneidtechnologie<\/a><\/li>\n<\/ul>\n<\/li>\n<\/ul>\n<\/li>\n<\/ul>\n<\/li>\n<\/ul>\n<p><strong> Welche Gr\u00f6\u00dfe des Holzbildes soll ich w\u00e4hlen:<\/strong><\/p>\n<p><img decoding=\"async\" src=\"https:\/\/dekohra.eu\/_obchody\/go4874\/prilohy\/4\/vyber-velikosti.jpg.big.jpg\" alt=\"\" width=\"500\" \/><\/p>\n<p>&nbsp;<\/p>\n<p>Wandmontage durch Kleben, Kleber ist nicht im Lieferumfang enthalten.<\/p>","protected":false},"excerpt":{"rendered":"<p>Obraz Strom \u017eivota &#8211; Tv\u00e1\u0159e Strom\u016fm se od prad\u00e1vna p\u0159isuzovala zvl\u00e1\u0161tn\u00ed moc. Symbolizovaly centrum energie, propojen\u00ed zem\u011b s nebem, moudrost [&hellip;]<\/p>","protected":false},"featured_media":1509,"comment_status":"open","ping_status":"closed","template":"","meta":{"site-sidebar-layout":"default","site-content-layout":"","ast-site-content-layout":"default","site-content-style":"default","site-sidebar-style":"default","ast-global-header-display":"","ast-banner-title-visibility":"","ast-main-header-display":"","ast-hfb-above-header-display":"","ast-hfb-below-header-display":"","ast-hfb-mobile-header-display":"","site-post-title":"","ast-breadcrumbs-content":"","ast-featured-img":"","footer-sml-layout":"","theme-transparent-header-meta":"default","adv-header-id-meta":"","stick-header-meta":"","header-above-stick-meta":"","header-main-stick-meta":"","header-below-stick-meta":"","astra-migrate-meta-layouts":"set","ast-page-background-enabled":"default","ast-page-background-meta":{"desktop":{"background-color":"var(--ast-global-color-4)","background-image":"","background-repeat":"repeat","background-position":"center center","background-size":"auto","background-attachment":"scroll","background-type":"","background-media":"","overlay-type":"","overlay-color":"","overlay-opacity":"","overlay-gradient":""},"tablet":{"background-color":"","background-image":"","background-repeat":"repeat","background-position":"center center","background-size":"auto","background-attachment":"scroll","background-type":"","background-media":"","overlay-type":"","overlay-color":"","overlay-opacity":"","overlay-gradient":""},"mobile":{"background-color":"","background-image":"","background-repeat":"repeat","background-position":"center center","background-size":"auto","background-attachment":"scroll","background-type":"","background-media":"","overlay-type":"","overlay-color":"","overlay-opacity":"","overlay-gradient":""}},"ast-content-background-meta":{"desktop":{"background-color":"var(--ast-global-color-5)","background-image":"","background-repeat":"repeat","background-position":"center center","background-size":"auto","background-attachment":"scroll","background-type":"","background-media":"","overlay-type":"","overlay-color":"","overlay-opacity":"","overlay-gradient":""},"tablet":{"background-color":"var(--ast-global-color-5)","background-image":"","background-repeat":"repeat","background-position":"center center","background-size":"auto","background-attachment":"scroll","background-type":"","background-media":"","overlay-type":"","overlay-color":"","overlay-opacity":"","overlay-gradient":""},"mobile":{"background-color":"var(--ast-global-color-5)","background-image":"","background-repeat":"repeat","background-position":"center center","background-size":"auto","background-attachment":"scroll","background-type":"","background-media":"","overlay-type":"","overlay-color":"","overlay-opacity":"","overlay-gradient":""}},"jetpack_post_was_ever_published":false},"product_brand":[],"product_cat":[560],"product_tag":[],"class_list":{"0":"post-11235","1":"product","2":"type-product","3":"status-publish","4":"has-post-thumbnail","6":"product_cat-obrazy-stromu-zivota","7":"pa_barva-cerna","8":"pa_barva-antracit","9":"pa_barva-bila","10":"pa_barva-cervena","11":"pa_barva-fialova","12":"pa_barva-modra","13":"pa_barva-oranzova","14":"pa_barva-orech","15":"pa_barva-ruzova","16":"pa_barva-zelena","17":"pa_barva-zluta","18":"pa_rozmery-120x76-cm","19":"pa_rozmery-140x90-cm","20":"pa_rozmery-44x28-cm","21":"pa_rozmery-88x56-cm","22":"desktop-align-left","23":"tablet-align-left","24":"mobile-align-left","26":"first","27":"instock","28":"shipping-taxable","29":"purchasable","30":"product-type-variable"},"jetpack_sharing_enabled":true,"_links":{"self":[{"href":"https:\/\/dekohra.eu\/de\/wp-json\/wp\/v2\/product\/11235","targetHints":{"allow":["GET"]}}],"collection":[{"href":"https:\/\/dekohra.eu\/de\/wp-json\/wp\/v2\/product"}],"about":[{"href":"https:\/\/dekohra.eu\/de\/wp-json\/wp\/v2\/types\/product"}],"replies":[{"embeddable":true,"href":"https:\/\/dekohra.eu\/de\/wp-json\/wp\/v2\/comments?post=11235"}],"wp:featuredmedia":[{"embeddable":true,"href":"https:\/\/dekohra.eu\/de\/wp-json\/wp\/v2\/media\/1509"}],"wp:attachment":[{"href":"https:\/\/dekohra.eu\/de\/wp-json\/wp\/v2\/media?parent=11235"}],"wp:term":[{"taxonomy":"product_brand","embeddable":true,"href":"https:\/\/dekohra.eu\/de\/wp-json\/wp\/v2\/product_brand?post=11235"},{"taxonomy":"product_cat","embeddable":true,"href":"https:\/\/dekohra.eu\/de\/wp-json\/wp\/v2\/product_cat?post=11235"},{"taxonomy":"product_tag","embeddable":true,"href":"https:\/\/dekohra.eu\/de\/wp-json\/wp\/v2\/product_tag?post=11235"}],"curies":[{"name":"wp","href":"https:\/\/api.w.org\/{rel}","templated":true}]}}