{"id":11245,"date":"2024-10-22T14:44:51","date_gmt":"2024-10-22T12:44:51","guid":{"rendered":"https:\/\/bazar-komoda.cz\/?post_type=product&#038;p=11245"},"modified":"2026-04-07T11:07:56","modified_gmt":"2026-04-07T09:07:56","slug":"svatebni-drevene-prani-milion-korun-ceskych","status":"publish","type":"product","link":"https:\/\/dekohra.eu\/de\/produkt\/svatebni-drevene-prani-milion-korun-ceskych\/","title":{"rendered":"Hochzeitskarte aus Holz \u201eMillion Tschechische Kronen\u201c"},"content":{"rendered":"<h2 style=\"text-align: left;\">Hochzeitskarte aus Holz \u201eMillion Tschechische Kronen\u201c<\/h2>\n<p style=\"text-align: left;\">Hochzeitskarte aus Holz \u201eMillionen Tschechische Kronen\u201c<strong>Es ist eine originelle und unterhaltsame Art, Frischverm\u00e4hlten Geld zu schenken.<\/strong> Dieser stilvolle Umschlag mit originalgetreuem Design der Banknote bietet eine einzigartige und witzige M\u00f6glichkeit, zum gemeinsamen Leben beizutragen.<\/p>\n<h3>Hochwertige Materialien<\/h3>\n<ul>\n<li>Der Umschlag besteht aus hochwertiger, 3 mm dicker Faserplatte, die f\u00fcr Stabilit\u00e4t und Haltbarkeit sorgt.<\/li>\n<li>Dieses Produkt ist speziell f\u00fcr <strong>Tschechische Banknoten 100, 200, 500, 1000, 2000 und 5000 CZK. <\/strong><\/li>\n<li>Der Umschlag ist im originalgetreuen Design der Banknote gestaltet, was ihm ein authentisches und witziges Aussehen verleiht. <strong>Durch moderne Lasergravur k\u00f6nnen Sie detaillierte Gravurmuster erstellen.<\/strong><\/li>\n<\/ul>\n<h3>Lustiges und originelles Geschenk<\/h3>\n<ul>\n<li>Eine Million Kronen als Hochzeitsgeschenk ist eine lustige und originelle Art, dem Brautpaar Geld zu schenken.<\/li>\n<\/ul>\n<p style=\"text-align: left;\"><strong>Mit der h\u00f6lzernen Hochzeitskarte \u201eMillion Tschechische Kronen\u201c verleihen Sie Ihrer Hochzeitsfeier auf perfekte Weise Spa\u00df und Humor. Dieses einzigartige und originelle Geschenk mit der M\u00f6glichkeit, echtes Geld zu investieren, ist sicherlich ein unvergessliches Accessoire, das jedes Brautpaar begeistern wird.<\/strong><\/p>\n<h3>Parameter:<\/h3>\n<ul>\n<li><strong>Material:<\/strong>\u00a0<a href=\"https:\/\/dekohra.eu\/de\/drevovlaknita-deska-3mm-idealni-material-pro-vyrobu-obrazu\/\">Faserplatte, einseitig lackiert<\/a><\/li>\n<li><strong>Produktdicke:\u00a0<\/strong>3 mm<\/li>\n<li><strong>Hersteller:\u00a0<\/strong><a href=\"http:\/\/dekohra.de\/\" target=\"_blank\" rel=\"noopener\">Dekohra.eu<\/a><\/li>\n<li><strong>Kategorie: <\/strong><a href=\"https:\/\/dekohra.eu\/de\/produkt-kategorie\/svatebni-vyzdoba\/\">Hochzeitsdekoration<\/a><\/li>\n<li><strong>Technologie: <\/strong><a href=\"https:\/\/dekohra.eu\/de\/moderni-laserova-technologie-rezani-a-gravirovani\/\">Moderne Laserschneidtechnologie<\/a><\/li>\n<li><strong>Abmessungen: <\/strong>9\u00d716,2 cm<\/li>\n<li><strong>Farbe:<\/strong> Wei\u00df<\/li>\n<\/ul>","protected":false},"excerpt":{"rendered":"<p>Svatebn\u00ed d\u0159ev\u011bn\u00e9 p\u0159\u00e1n\u00ed Milion Korun \u010cesk\u00fdch Svatebn\u00ed d\u0159ev\u011bn\u00e9 p\u0159\u00e1n\u00ed Milion Korun \u010cesk\u00fdch je origin\u00e1ln\u00ed a z\u00e1bavn\u00fd zp\u016fsob, jak darovat novoman\u017eel\u016fm [&hellip;]<\/p>","protected":false},"featured_media":19436,"comment_status":"open","ping_status":"closed","template":"","meta":{"site-sidebar-layout":"default","site-content-layout":"","ast-site-content-layout":"default","site-content-style":"default","site-sidebar-style":"default","ast-global-header-display":"","ast-banner-title-visibility":"","ast-main-header-display":"","ast-hfb-above-header-display":"","ast-hfb-below-header-display":"","ast-hfb-mobile-header-display":"","site-post-title":"","ast-breadcrumbs-content":"","ast-featured-img":"","footer-sml-layout":"","theme-transparent-header-meta":"default","adv-header-id-meta":"","stick-header-meta":"","header-above-stick-meta":"","header-main-stick-meta":"","header-below-stick-meta":"","astra-migrate-meta-layouts":"set","ast-page-background-enabled":"default","ast-page-background-meta":{"desktop":{"background-color":"var(--ast-global-color-4)","background-image":"","background-repeat":"repeat","background-position":"center center","background-size":"auto","background-attachment":"scroll","background-type":"","background-media":"","overlay-type":"","overlay-color":"","overlay-opacity":"","overlay-gradient":""},"tablet":{"background-color":"","background-image":"","background-repeat":"repeat","background-position":"center center","background-size":"auto","background-attachment":"scroll","background-type":"","background-media":"","overlay-type":"","overlay-color":"","overlay-opacity":"","overlay-gradient":""},"mobile":{"background-color":"","background-image":"","background-repeat":"repeat","background-position":"center center","background-size":"auto","background-attachment":"scroll","background-type":"","background-media":"","overlay-type":"","overlay-color":"","overlay-opacity":"","overlay-gradient":""}},"ast-content-background-meta":{"desktop":{"background-color":"var(--ast-global-color-5)","background-image":"","background-repeat":"repeat","background-position":"center center","background-size":"auto","background-attachment":"scroll","background-type":"","background-media":"","overlay-type":"","overlay-color":"","overlay-opacity":"","overlay-gradient":""},"tablet":{"background-color":"var(--ast-global-color-5)","background-image":"","background-repeat":"repeat","background-position":"center center","background-size":"auto","background-attachment":"scroll","background-type":"","background-media":"","overlay-type":"","overlay-color":"","overlay-opacity":"","overlay-gradient":""},"mobile":{"background-color":"var(--ast-global-color-5)","background-image":"","background-repeat":"repeat","background-position":"center center","background-size":"auto","background-attachment":"scroll","background-type":"","background-media":"","overlay-type":"","overlay-color":"","overlay-opacity":"","overlay-gradient":""}},"jetpack_post_was_ever_published":false},"product_brand":[],"product_cat":[558],"product_tag":[],"class_list":{"0":"post-11245","1":"product","2":"type-product","3":"status-publish","4":"has-post-thumbnail","6":"product_cat-svatebni-vyzdoba","7":"pa_barva-cerna","8":"pa_barva-antracit","9":"pa_barva-bila","10":"pa_barva-cervena","11":"pa_barva-fialova","12":"pa_barva-modra","13":"pa_barva-oranzova","14":"pa_barva-orech","15":"pa_barva-ruzova","16":"pa_barva-zelena","17":"pa_barva-zluta","18":"desktop-align-left","19":"tablet-align-left","20":"mobile-align-left","22":"first","23":"instock","24":"shipping-taxable","25":"purchasable","26":"product-type-simple"},"jetpack_sharing_enabled":true,"_links":{"self":[{"href":"https:\/\/dekohra.eu\/de\/wp-json\/wp\/v2\/product\/11245","targetHints":{"allow":["GET"]}}],"collection":[{"href":"https:\/\/dekohra.eu\/de\/wp-json\/wp\/v2\/product"}],"about":[{"href":"https:\/\/dekohra.eu\/de\/wp-json\/wp\/v2\/types\/product"}],"replies":[{"embeddable":true,"href":"https:\/\/dekohra.eu\/de\/wp-json\/wp\/v2\/comments?post=11245"}],"wp:featuredmedia":[{"embeddable":true,"href":"https:\/\/dekohra.eu\/de\/wp-json\/wp\/v2\/media\/19436"}],"wp:attachment":[{"href":"https:\/\/dekohra.eu\/de\/wp-json\/wp\/v2\/media?parent=11245"}],"wp:term":[{"taxonomy":"product_brand","embeddable":true,"href":"https:\/\/dekohra.eu\/de\/wp-json\/wp\/v2\/product_brand?post=11245"},{"taxonomy":"product_cat","embeddable":true,"href":"https:\/\/dekohra.eu\/de\/wp-json\/wp\/v2\/product_cat?post=11245"},{"taxonomy":"product_tag","embeddable":true,"href":"https:\/\/dekohra.eu\/de\/wp-json\/wp\/v2\/product_tag?post=11245"}],"curies":[{"name":"wp","href":"https:\/\/api.w.org\/{rel}","templated":true}]}}