{"id":11246,"date":"2024-10-22T14:44:52","date_gmt":"2024-10-22T12:44:52","guid":{"rendered":"https:\/\/bazar-komoda.cz\/?post_type=product&#038;p=11246"},"modified":"2026-03-26T18:38:23","modified_gmt":"2026-03-26T17:38:23","slug":"drevena-vkladacka-pro-deti-prasatko","status":"publish","type":"product","link":"https:\/\/dekohra.eu\/de\/produkt\/drevena-vkladacka-pro-deti-prasatko\/","title":{"rendered":"Spardose aus Holz f\u00fcr Kinder SPARSCHWEIN"},"content":{"rendered":"<h2 style=\"text-align: left;\"><strong>Holzeinsatz f\u00fcr Kinder SPARSCHWEIN.<\/strong><\/h2>\n<p><strong>Spardose aus Holz f\u00fcr Kinder SPARSCHWEIN<\/strong> Das Puzzle wird gro\u00dfen Spa\u00df machen und gleichzeitig <strong>helfen, die F\u00e4higkeiten und das kreative Denken der Kinder zu entwickeln<\/strong>. Wir stellen das Ferkel-Puzzle vor, das \u00e4sthetisch ansprechend, sicher und lehrreich ist.<\/p>\n<p>&nbsp;<\/p>\n<h2 style=\"text-align: left;\"><strong style=\"font-size: 27.2px;\">\u00a0 \u00a0 \u00a0 \u00a0 \u00a0 \u00a0 \u00a0 \u00a0 \u00a0 \u00a0 \u00a0 \u00a0 \u00a0 \u00a0 \u00a0 \u00a0 \u00a0 \u00a0 \u00a0 \u00a0 \u00a0 \u00a0 \u00a0 \u00a0 \u00a0 \u00a0 \u00a0 \u00a0 \u00a0 \u00a0 <\/strong><\/h2>\n<div class=\"ast-oembed-container\" style=\"height: 100%;\"><iframe title=\"D\u0159ev\u011bn\u00e1 skl\u00e1da\u010dka pras\u00e1tko\" width=\"422\" height=\"750\" src=\"https:\/\/www.youtube.com\/embed\/dZLu2khqHD0?feature=oembed&#038;enablejsapi=1&#038;origin=https:\/\/dekohra.eu\" frameborder=\"0\" allow=\"accelerometer; autoplay; clipboard-write; encrypted-media; gyroscope; picture-in-picture; web-share\" referrerpolicy=\"strict-origin-when-cross-origin\" allowfullscreen><\/iframe><\/div>\n<p>&nbsp;<\/p>\n<h3>Hochwertige Materialien<\/h3>\n<ul>\n<li>Unser Ferkelpuzzle ist aus massiver 3mm Faserplatte gefertigt, was eine lange Lebensdauer garantiert.<\/li>\n<\/ul>\n<h3>Kindesentwicklung<\/h3>\n<ul>\n<li>Das Puzzle f\u00f6rdert die Entwicklung der Feinmotorik, der Hand-Auge-Koordination und der r\u00e4umlichen Wahrnehmung. Kinder k\u00f6nnen das Sparschwein nach ihrer Fantasie bemalen, was ihre Kreativit\u00e4t f\u00f6rdert.<\/li>\n<\/ul>\n<h3>Design und Kreativit\u00e4t<\/h3>\n<ul>\n<li>Das Puzzle hat eine wei\u00dfe Oberfl\u00e4che, die Kinder nach Belieben ausmalen k\u00f6nnen. Dieses kreative Element f\u00f6rdert ihre Vorstellungskraft und erm\u00f6glicht ihnen, ihr eigenes, originelles Spielzeug zu schaffen.<\/li>\n<\/ul>\n<p>&nbsp;<\/p>\n<h3>Parameter:<\/h3>\n<ul>\n<li><strong>Material:<\/strong>\u00a0<a href=\"https:\/\/dekohra.eu\/de\/drevovlaknita-deska-3mm-idealni-material-pro-vyrobu-obrazu\/\">Faserplatte, einseitig lackiert<\/a><\/li>\n<li><strong>Produktdicke:\u00a0<\/strong>3 mm<\/li>\n<li><strong>Hersteller:\u00a0<\/strong><a href=\"http:\/\/dekohra.de\/\" target=\"_blank\" rel=\"noopener\">Dekohra.eu<\/a><\/li>\n<li><strong>Kategorie: <\/strong><a href=\"https:\/\/dekohra.eu\/de\/produkt-kategorie\/hracky-pro-deti\/\">Spielzeug f\u00fcr Kinder<\/a><\/li>\n<li><strong>Farbe:<\/strong> Wei\u00df<\/li>\n<li><strong>Abmessungen:<\/strong> 10x10x1,6 cm<\/li>\n<\/ul>\n<p><em>Notiz:<\/em>\u00a0Das Produkt ist nicht f\u00fcr Kinder unter 3 Jahren geeignet.<\/p>","protected":false},"excerpt":{"rendered":"<p>D\u0159ev\u011bn\u00e1 vkl\u00e1da\u010dka pro d\u011bti PRAS\u00c1TKO. D\u0159ev\u011bn\u00e1 vkl\u00e1da\u010dka pro d\u011bti PRAS\u00c1TKO skl\u00e1da\u010dka bude\u00a0skv\u011blou z\u00e1bavou a z\u00e1rove\u0148 pom\u00e1haj\u00ed rozv\u00edjet dovednosti a kreativn\u00ed [&hellip;]<\/p>","protected":false},"featured_media":19187,"comment_status":"open","ping_status":"closed","template":"","meta":{"site-sidebar-layout":"default","site-content-layout":"","ast-site-content-layout":"default","site-content-style":"default","site-sidebar-style":"default","ast-global-header-display":"","ast-banner-title-visibility":"","ast-main-header-display":"","ast-hfb-above-header-display":"","ast-hfb-below-header-display":"","ast-hfb-mobile-header-display":"","site-post-title":"","ast-breadcrumbs-content":"","ast-featured-img":"","footer-sml-layout":"","theme-transparent-header-meta":"default","adv-header-id-meta":"","stick-header-meta":"","header-above-stick-meta":"","header-main-stick-meta":"","header-below-stick-meta":"","astra-migrate-meta-layouts":"set","ast-page-background-enabled":"default","ast-page-background-meta":{"desktop":{"background-color":"var(--ast-global-color-4)","background-image":"","background-repeat":"repeat","background-position":"center center","background-size":"auto","background-attachment":"scroll","background-type":"","background-media":"","overlay-type":"","overlay-color":"","overlay-opacity":"","overlay-gradient":""},"tablet":{"background-color":"","background-image":"","background-repeat":"repeat","background-position":"center center","background-size":"auto","background-attachment":"scroll","background-type":"","background-media":"","overlay-type":"","overlay-color":"","overlay-opacity":"","overlay-gradient":""},"mobile":{"background-color":"","background-image":"","background-repeat":"repeat","background-position":"center center","background-size":"auto","background-attachment":"scroll","background-type":"","background-media":"","overlay-type":"","overlay-color":"","overlay-opacity":"","overlay-gradient":""}},"ast-content-background-meta":{"desktop":{"background-color":"var(--ast-global-color-5)","background-image":"","background-repeat":"repeat","background-position":"center center","background-size":"auto","background-attachment":"scroll","background-type":"","background-media":"","overlay-type":"","overlay-color":"","overlay-opacity":"","overlay-gradient":""},"tablet":{"background-color":"var(--ast-global-color-5)","background-image":"","background-repeat":"repeat","background-position":"center center","background-size":"auto","background-attachment":"scroll","background-type":"","background-media":"","overlay-type":"","overlay-color":"","overlay-opacity":"","overlay-gradient":""},"mobile":{"background-color":"var(--ast-global-color-5)","background-image":"","background-repeat":"repeat","background-position":"center center","background-size":"auto","background-attachment":"scroll","background-type":"","background-media":"","overlay-type":"","overlay-color":"","overlay-opacity":"","overlay-gradient":""}},"jetpack_post_was_ever_published":false},"product_brand":[],"product_cat":[568],"product_tag":[],"class_list":{"0":"post-11246","1":"product","2":"type-product","3":"status-publish","4":"has-post-thumbnail","6":"product_cat-hracky-pro-deti","7":"pa_barva-cerna","8":"pa_barva-antracit","9":"pa_barva-bila","10":"pa_barva-cervena","11":"pa_barva-fialova","12":"pa_barva-modra","13":"pa_barva-oranzova","14":"pa_barva-orech","15":"pa_barva-ruzova","16":"pa_barva-zelena","17":"pa_barva-zluta","18":"desktop-align-left","19":"tablet-align-left","20":"mobile-align-left","22":"first","23":"instock","24":"shipping-taxable","25":"purchasable","26":"product-type-simple"},"jetpack_sharing_enabled":true,"_links":{"self":[{"href":"https:\/\/dekohra.eu\/de\/wp-json\/wp\/v2\/product\/11246","targetHints":{"allow":["GET"]}}],"collection":[{"href":"https:\/\/dekohra.eu\/de\/wp-json\/wp\/v2\/product"}],"about":[{"href":"https:\/\/dekohra.eu\/de\/wp-json\/wp\/v2\/types\/product"}],"replies":[{"embeddable":true,"href":"https:\/\/dekohra.eu\/de\/wp-json\/wp\/v2\/comments?post=11246"}],"wp:featuredmedia":[{"embeddable":true,"href":"https:\/\/dekohra.eu\/de\/wp-json\/wp\/v2\/media\/19187"}],"wp:attachment":[{"href":"https:\/\/dekohra.eu\/de\/wp-json\/wp\/v2\/media?parent=11246"}],"wp:term":[{"taxonomy":"product_brand","embeddable":true,"href":"https:\/\/dekohra.eu\/de\/wp-json\/wp\/v2\/product_brand?post=11246"},{"taxonomy":"product_cat","embeddable":true,"href":"https:\/\/dekohra.eu\/de\/wp-json\/wp\/v2\/product_cat?post=11246"},{"taxonomy":"product_tag","embeddable":true,"href":"https:\/\/dekohra.eu\/de\/wp-json\/wp\/v2\/product_tag?post=11246"}],"curies":[{"name":"wp","href":"https:\/\/api.w.org\/{rel}","templated":true}]}}