{"id":11252,"date":"2024-10-22T14:44:53","date_gmt":"2024-10-22T12:44:53","guid":{"rendered":"https:\/\/bazar-komoda.cz\/?post_type=product&#038;p=11252"},"modified":"2026-03-31T14:42:10","modified_gmt":"2026-03-31T12:42:10","slug":"drevena-vkladacka-zviratka","status":"publish","type":"product","link":"https:\/\/dekohra.eu\/de\/produkt\/drevena-vkladacka-zviratka\/","title":{"rendered":"Holzeinlage TIERE"},"content":{"rendered":"<h2 style=\"text-align: left;\"><strong>Holzeinlage TIERE 19x19cm.<\/strong><\/h2>\n<p>Der h\u00f6lzerne TIER-Einsatz ist nicht nur ein Spa\u00dffaktor, sondern auch ein wichtiges Hilfsmittel f\u00fcr <strong>Entwicklung der F\u00e4higkeiten und des kreativen Denkens bei Kindern.<\/strong> Wir pr\u00e4sentieren Ihnen ein einzigartiges Kinderpuzzle namens Tiere, das nicht nur Freude bereitet, sondern auch die kognitive und motorische Entwicklung unterst\u00fctzt. Dieses Produkt wurde sorgf\u00e4ltig entworfen, um \u00e4sthetisch ansprechend, sicher und lehrreich zu sein.<\/p>\n<h3>Hochwertige Materialien<\/h3>\n<ul>\n<li>Unser Tierpuzzle besteht aus hochwertiger 3 mm starker Faserplatte. Dieses Material ist robust, langlebig und garantiert eine lange Lebensdauer des Spielzeugs. Kinder k\u00f6nnen die einzelnen Puzzleteile sicher handhaben, ohne Angst vor Verletzungen haben zu m\u00fcssen.<\/li>\n<\/ul>\n<h3>Kindesentwicklung<\/h3>\n<ul>\n<li>Dieses Puzzle ist nicht nur ein Spielzeug, sondern auch ein Lernmittel. Es hilft Kindern, Feinmotorik, Hand-Auge-Koordination und r\u00e4umliche Wahrnehmung zu entwickeln. Die M\u00f6glichkeit, die Tiere selbst auszumalen, f\u00f6rdert die Kreativit\u00e4t und Vorstellungskraft der Kinder, was f\u00fcr ihre geistige Entwicklung von entscheidender Bedeutung ist. Das Tiere-Puzzle ist f\u00fcr Kinder ab 3 Jahren geeignet und somit ein ideales Spielzeug f\u00fcr Vorschulkinder.<\/li>\n<\/ul>\n<h3>Design und Kreativit\u00e4t<\/h3>\n<ul>\n<li>Das Besondere an diesem Puzzle ist die wei\u00dfe Oberfl\u00e4che, die es den Kindern erm\u00f6glicht, die einzelnen Tiere nach Lust und Laune auszumalen. Dieses kreative Element f\u00f6rdert die Vorstellungskraft der Kinder und gibt ihnen die M\u00f6glichkeit, ihr eigenes, originelles Spielzeug zu schaffen. Kinder k\u00f6nnen mit Buntstiften, Markern oder Farben ein einzigartiges Design erstellen, das ihre Pers\u00f6nlichkeit widerspiegelt.<\/li>\n<\/ul>\n<h3>Parameter:<\/h3>\n<ul>\n<li><strong>Material:<\/strong>\u00a0<a href=\"https:\/\/dekohra.eu\/de\/drevovlaknita-deska-3mm-idealni-material-pro-vyrobu-obrazu\/\">Faserplatte, einseitig lackiert<\/a><\/li>\n<li><strong>Produktdicke:\u00a0<\/strong>3 mm<\/li>\n<li><strong>Hersteller:\u00a0<\/strong><a href=\"http:\/\/dekohra.de\/\" target=\"_blank\" rel=\"noopener\">Dekohra.eu<\/a><\/li>\n<li><strong>Kategorie: <\/strong><a href=\"https:\/\/dekohra.eu\/de\/produkt-kategorie\/hracky-pro-deti\/\">Spielzeug f\u00fcr Kinder<\/a><\/li>\n<li><strong>Farbe:<\/strong> Wei\u00df<\/li>\n<li><strong>Abmessungen:<\/strong> 19x19cm<\/li>\n<\/ul>\n<p><em>Notiz:<\/em>\u00a0Das Produkt ist nicht f\u00fcr Kinder unter 3 Jahren geeignet.<\/p>","protected":false},"excerpt":{"rendered":"<p>D\u0159ev\u011bn\u00e1 vkl\u00e1da\u010dka ZV\u00cd\u0158\u00c1TKA 19x19cm. D\u0159ev\u011bn\u00e1 vkl\u00e1da\u010dka ZV\u00cd\u0158\u00c1TKA je nejen zdrojem z\u00e1bavy, ale tak\u00e9 v\u00fdznamn\u00fdm n\u00e1strojem pro rozvoj dovednost\u00ed a kreativn\u00edho [&hellip;]<\/p>","protected":false},"featured_media":19309,"comment_status":"open","ping_status":"closed","template":"","meta":{"site-sidebar-layout":"default","site-content-layout":"","ast-site-content-layout":"default","site-content-style":"default","site-sidebar-style":"default","ast-global-header-display":"","ast-banner-title-visibility":"","ast-main-header-display":"","ast-hfb-above-header-display":"","ast-hfb-below-header-display":"","ast-hfb-mobile-header-display":"","site-post-title":"","ast-breadcrumbs-content":"","ast-featured-img":"","footer-sml-layout":"","theme-transparent-header-meta":"default","adv-header-id-meta":"","stick-header-meta":"","header-above-stick-meta":"","header-main-stick-meta":"","header-below-stick-meta":"","astra-migrate-meta-layouts":"set","ast-page-background-enabled":"default","ast-page-background-meta":{"desktop":{"background-color":"var(--ast-global-color-4)","background-image":"","background-repeat":"repeat","background-position":"center center","background-size":"auto","background-attachment":"scroll","background-type":"","background-media":"","overlay-type":"","overlay-color":"","overlay-opacity":"","overlay-gradient":""},"tablet":{"background-color":"","background-image":"","background-repeat":"repeat","background-position":"center center","background-size":"auto","background-attachment":"scroll","background-type":"","background-media":"","overlay-type":"","overlay-color":"","overlay-opacity":"","overlay-gradient":""},"mobile":{"background-color":"","background-image":"","background-repeat":"repeat","background-position":"center center","background-size":"auto","background-attachment":"scroll","background-type":"","background-media":"","overlay-type":"","overlay-color":"","overlay-opacity":"","overlay-gradient":""}},"ast-content-background-meta":{"desktop":{"background-color":"var(--ast-global-color-5)","background-image":"","background-repeat":"repeat","background-position":"center center","background-size":"auto","background-attachment":"scroll","background-type":"","background-media":"","overlay-type":"","overlay-color":"","overlay-opacity":"","overlay-gradient":""},"tablet":{"background-color":"var(--ast-global-color-5)","background-image":"","background-repeat":"repeat","background-position":"center center","background-size":"auto","background-attachment":"scroll","background-type":"","background-media":"","overlay-type":"","overlay-color":"","overlay-opacity":"","overlay-gradient":""},"mobile":{"background-color":"var(--ast-global-color-5)","background-image":"","background-repeat":"repeat","background-position":"center center","background-size":"auto","background-attachment":"scroll","background-type":"","background-media":"","overlay-type":"","overlay-color":"","overlay-opacity":"","overlay-gradient":""}},"jetpack_post_was_ever_published":false},"product_brand":[],"product_cat":[568],"product_tag":[],"class_list":{"0":"post-11252","1":"product","2":"type-product","3":"status-publish","4":"has-post-thumbnail","6":"product_cat-hracky-pro-deti","7":"pa_barva-cerna","8":"pa_barva-antracit","9":"pa_barva-bila","10":"pa_barva-cervena","11":"pa_barva-fialova","12":"pa_barva-modra","13":"pa_barva-oranzova","14":"pa_barva-orech","15":"pa_barva-ruzova","16":"pa_barva-zelena","17":"pa_barva-zluta","18":"desktop-align-left","19":"tablet-align-left","20":"mobile-align-left","22":"first","23":"instock","24":"shipping-taxable","25":"purchasable","26":"product-type-simple"},"jetpack_sharing_enabled":true,"_links":{"self":[{"href":"https:\/\/dekohra.eu\/de\/wp-json\/wp\/v2\/product\/11252","targetHints":{"allow":["GET"]}}],"collection":[{"href":"https:\/\/dekohra.eu\/de\/wp-json\/wp\/v2\/product"}],"about":[{"href":"https:\/\/dekohra.eu\/de\/wp-json\/wp\/v2\/types\/product"}],"replies":[{"embeddable":true,"href":"https:\/\/dekohra.eu\/de\/wp-json\/wp\/v2\/comments?post=11252"}],"wp:featuredmedia":[{"embeddable":true,"href":"https:\/\/dekohra.eu\/de\/wp-json\/wp\/v2\/media\/19309"}],"wp:attachment":[{"href":"https:\/\/dekohra.eu\/de\/wp-json\/wp\/v2\/media?parent=11252"}],"wp:term":[{"taxonomy":"product_brand","embeddable":true,"href":"https:\/\/dekohra.eu\/de\/wp-json\/wp\/v2\/product_brand?post=11252"},{"taxonomy":"product_cat","embeddable":true,"href":"https:\/\/dekohra.eu\/de\/wp-json\/wp\/v2\/product_cat?post=11252"},{"taxonomy":"product_tag","embeddable":true,"href":"https:\/\/dekohra.eu\/de\/wp-json\/wp\/v2\/product_tag?post=11252"}],"curies":[{"name":"wp","href":"https:\/\/api.w.org\/{rel}","templated":true}]}}