{"id":12210,"date":"2024-10-24T15:25:03","date_gmt":"2024-10-24T13:25:03","guid":{"rendered":"https:\/\/bazar-komoda.cz\/?post_type=product&#038;p=12210"},"modified":"2025-02-25T17:10:57","modified_gmt":"2025-02-25T16:10:57","slug":"drevene-mandaly-na-zed","status":"publish","type":"product","link":"https:\/\/dekohra.eu\/de\/produkt\/drevene-mandaly-na-zed\/","title":{"rendered":"Holzmandala f\u00fcr die Wand \u2013 Edle Dekoration"},"content":{"rendered":"<p><!-- upraveno html4output --><\/p>\n<h2 style=\"text-align: left;\">Holzmandala f\u00fcr die Wand \u2013 Edle Dekoration.<\/h2>\n<p><strong>Elegante und originelle Holzmandalas f\u00fcr die Wand sind ideal f\u00fcr Blumenl\u00e4den, kleinere Gesch\u00e4fte und Boutiquen,<\/strong> die ihren Kunden eine einzigartige Dekoration oder ein einzigartiges Geschenk anbieten m\u00f6chten. Holzmandalas auf der Dekohra-Website sind originelle Dekorationen aus hochdichter Faserplatte mit den Ma\u00dfen 28 x 28 cm und einer Dicke von 3 mm.<\/p>\n<p><strong>Gesch\u00e4ftsvorteile:<\/strong> Floristen und kleine Gesch\u00e4fte k\u00f6nnen Holzmandalas in unserem E-Shop kaufen <strong>zum erm\u00e4\u00dfigten Preis bei Gro\u00dfbestellungen<\/strong> und diese dann zu einem h\u00f6heren Preis weiterzuverkaufen, wobei der Endkunde die Versandkosten in unserem E-Shop spart.<\/p>\n<p><strong>Verf\u00fcgbarkeit:<\/strong> Produktion und Versand innerhalb von 4 Wochen ab Bestellung.<\/p>\n<h3>Parameter:<\/h3>\n<ul>\n<li><strong>Material:<\/strong> <a href=\"https:\/\/dekohra.eu\/de\/drevovlaknita-deska-3mm-idealni-material-pro-vyrobu-obrazu\/\">Faserplatte, einseitig lackiert<\/a><\/li>\n<li><strong>Produktdicke: <\/strong>3 mm<\/li>\n<li><strong>Hersteller: <\/strong><a href=\"https:\/\/dekohra.eu\/de\/\">Dekohra.eu<\/a><\/li>\n<li><strong>Abmessungen: <\/strong>28x28cm<\/li>\n<li><strong>Farbe:<\/strong> Wei\u00df<\/li>\n<\/ul>\n<p><span style=\"text-decoration: underline;\"><strong>Teilen Sie uns die Anforderungen Ihrer Kunden mit und wir pr\u00fcfen, ob diese gegen einen Sonderpreis in die Serienproduktion einbezogen werden k\u00f6nnen.<\/strong><\/span><\/p>\n<p>&nbsp;<\/p>","protected":false},"excerpt":{"rendered":"<p>D\u0159ev\u011bn\u00e9 mandaly na ze\u010f &#8211; Elegantn\u00ed dekorace . Elegantn\u00ed a origin\u00e1ln\u00ed d\u0159ev\u011bn\u00e9 mandaly na ze\u010f jsou ide\u00e1ln\u00ed pro kv\u011btin\u00e1\u0159stv\u00ed, men\u0161\u00ed [&hellip;]<\/p>","protected":false},"featured_media":3086,"comment_status":"open","ping_status":"closed","template":"","meta":{"site-sidebar-layout":"default","site-content-layout":"","ast-site-content-layout":"default","site-content-style":"default","site-sidebar-style":"default","ast-global-header-display":"","ast-banner-title-visibility":"","ast-main-header-display":"","ast-hfb-above-header-display":"","ast-hfb-below-header-display":"","ast-hfb-mobile-header-display":"","site-post-title":"","ast-breadcrumbs-content":"","ast-featured-img":"","footer-sml-layout":"","theme-transparent-header-meta":"default","adv-header-id-meta":"","stick-header-meta":"","header-above-stick-meta":"","header-main-stick-meta":"","header-below-stick-meta":"","astra-migrate-meta-layouts":"set","ast-page-background-enabled":"default","ast-page-background-meta":{"desktop":{"background-color":"var(--ast-global-color-4)","background-image":"","background-repeat":"repeat","background-position":"center center","background-size":"auto","background-attachment":"scroll","background-type":"","background-media":"","overlay-type":"","overlay-color":"","overlay-opacity":"","overlay-gradient":""},"tablet":{"background-color":"","background-image":"","background-repeat":"repeat","background-position":"center center","background-size":"auto","background-attachment":"scroll","background-type":"","background-media":"","overlay-type":"","overlay-color":"","overlay-opacity":"","overlay-gradient":""},"mobile":{"background-color":"","background-image":"","background-repeat":"repeat","background-position":"center center","background-size":"auto","background-attachment":"scroll","background-type":"","background-media":"","overlay-type":"","overlay-color":"","overlay-opacity":"","overlay-gradient":""}},"ast-content-background-meta":{"desktop":{"background-color":"var(--ast-global-color-5)","background-image":"","background-repeat":"repeat","background-position":"center center","background-size":"auto","background-attachment":"scroll","background-type":"","background-media":"","overlay-type":"","overlay-color":"","overlay-opacity":"","overlay-gradient":""},"tablet":{"background-color":"var(--ast-global-color-5)","background-image":"","background-repeat":"repeat","background-position":"center center","background-size":"auto","background-attachment":"scroll","background-type":"","background-media":"","overlay-type":"","overlay-color":"","overlay-opacity":"","overlay-gradient":""},"mobile":{"background-color":"var(--ast-global-color-5)","background-image":"","background-repeat":"repeat","background-position":"center center","background-size":"auto","background-attachment":"scroll","background-type":"","background-media":"","overlay-type":"","overlay-color":"","overlay-opacity":"","overlay-gradient":""}},"jetpack_post_was_ever_published":false},"product_brand":[],"product_cat":[831],"product_tag":[],"class_list":{"0":"post-12210","1":"product","2":"type-product","3":"status-publish","4":"has-post-thumbnail","6":"product_cat-velkoobchodni-nabidky","7":"pa_rozmery-20011-drevena-mandala-28x28-cm","8":"pa_rozmery-20012-drevena-mandala-28x28-cm","9":"pa_rozmery-20013-drevena-mandala-28x28-cm","10":"pa_rozmery-20014-drevena-mandala-28x28-cm","11":"pa_rozmery-20015-drevena-mandala-28x28-cm","12":"desktop-align-left","13":"tablet-align-left","14":"mobile-align-left","16":"first","17":"instock","18":"shipping-taxable","19":"purchasable","20":"product-type-variable"},"jetpack_sharing_enabled":true,"_links":{"self":[{"href":"https:\/\/dekohra.eu\/de\/wp-json\/wp\/v2\/product\/12210","targetHints":{"allow":["GET"]}}],"collection":[{"href":"https:\/\/dekohra.eu\/de\/wp-json\/wp\/v2\/product"}],"about":[{"href":"https:\/\/dekohra.eu\/de\/wp-json\/wp\/v2\/types\/product"}],"replies":[{"embeddable":true,"href":"https:\/\/dekohra.eu\/de\/wp-json\/wp\/v2\/comments?post=12210"}],"wp:featuredmedia":[{"embeddable":true,"href":"https:\/\/dekohra.eu\/de\/wp-json\/wp\/v2\/media\/3086"}],"wp:attachment":[{"href":"https:\/\/dekohra.eu\/de\/wp-json\/wp\/v2\/media?parent=12210"}],"wp:term":[{"taxonomy":"product_brand","embeddable":true,"href":"https:\/\/dekohra.eu\/de\/wp-json\/wp\/v2\/product_brand?post=12210"},{"taxonomy":"product_cat","embeddable":true,"href":"https:\/\/dekohra.eu\/de\/wp-json\/wp\/v2\/product_cat?post=12210"},{"taxonomy":"product_tag","embeddable":true,"href":"https:\/\/dekohra.eu\/de\/wp-json\/wp\/v2\/product_tag?post=12210"}],"curies":[{"name":"wp","href":"https:\/\/api.w.org\/{rel}","templated":true}]}}