{"id":13632,"date":"2024-11-25T15:22:38","date_gmt":"2024-11-25T14:22:38","guid":{"rendered":"https:\/\/dekohra.eu\/?post_type=product&#038;p=13632"},"modified":"2025-07-13T07:19:59","modified_gmt":"2025-07-13T05:19:59","slug":"stojan-na-albi-knihy-a-tuzku","status":"publish","type":"product","link":"https:\/\/dekohra.eu\/de\/produkt\/stojan-na-albi-knihy-a-tuzku\/","title":{"rendered":"Albi Buch- und Bleistiftst\u00e4nder \u2013 F\u00fcr 10 B\u00fccher \u2013 30 \u00d7 24 \u00d7 10 cm \u2013 Kompatibles Aftermarket-Zubeh\u00f6r"},"content":{"rendered":"<h2>Albi Buch- und Bleistiftst\u00e4nder \u2013 Kompatibles, nicht originales Zubeh\u00f6r.<\/h2>\n<p data-pm-slice=\"1 1 []\">Albi Buch- und Bleistiftst\u00e4nder \u2013 F\u00fcr 10 B\u00fccher \u2013 30 \u00d7 24 \u00d7 10 cm \u2013 Kompatibles nicht originales Zubeh\u00f6r. Liebhaber interaktiver B\u00fccher aus der Serie <a href=\"https:\/\/www.kouzelnecteni.cz\/produkty\" target=\"_blank\" rel=\"noopener\"><strong>Magisches Lesen und mehr<\/strong><\/a> werden sicherlich die praktische <strong>Holzst\u00e4nder f\u00fcr interaktive B\u00fccher wie Albi-B\u00fccher und einen Bleistift<\/strong>, mit dem Sie alle Ihre Lieblingstitel \u00fcbersichtlich zusammen aufbewahren k\u00f6nnen. Dieser elegante und funktionale St\u00e4nder ist aus hochwertigem <a href=\"https:\/\/dekohra.eu\/de\/co-je-preklizka-5-vyhod-tohoto-materialu\/\"><strong>Pappelsperrholz<\/strong><\/a>, das leicht, aber stark genug ist, um Stabilit\u00e4t und Langlebigkeit zu gew\u00e4hrleisten.<\/p>\n<h3><strong>Warum einen Holzst\u00e4nder kaufen?<\/strong><\/h3>\n<ol start=\"1\" data-spread=\"false\">\n<li><strong>\u00dcbersichtliches Layout<\/strong> \u2013 Der St\u00e4nder h\u00e4lt bis zu <strong>10 B\u00fccher<\/strong> aus der Magic Reading Edition und bietet gleichzeitig Platz f\u00fcr den interaktiven Albi-Bleistift und anderes Zubeh\u00f6r.<\/li>\n<li><strong>Elegantes Design<\/strong> \u2013 Durch die schlichte aber stilvolle Optik passt es in jedes Kinderzimmer oder B\u00fccherregal.<\/li>\n<li><strong>Einfache Erreichbarkeit<\/strong> \u2013 Sie k\u00f6nnen Ihre B\u00fccher nach Beliebtheit oder nach dem Buch, das Sie gerade lesen, sortieren und haben sie immer zur Hand.<\/li>\n<li><strong>Hochwertiges Material<\/strong> \u2013 <strong>Pappelsperrholz<\/strong> Es ist \u00f6kologisch, leicht und stabil zugleich, was eine lange Lebensdauer des St\u00e4nders garantiert.<\/li>\n<\/ol>\n<h3><strong>Produktspezifikationen:<\/strong><\/h3>\n<ul data-spread=\"false\">\n<li><strong>Abmessungen:<\/strong> 30 \u00d7 24 \u00d7 10 cm<\/li>\n<li><strong>Material:<\/strong> <a href=\"https:\/\/dekohra.eu\/de\/co-je-preklizka-5-vyhod-tohoto-materialu\/\">Pappelsperrholz<\/a><\/li>\n<li><strong>Kapazit\u00e4t:<\/strong> bis zu 10 B\u00fccher + Albi-Bleistift und anderes Zubeh\u00f6r<\/li>\n<li><strong>M\u00f6glichkeit, den St\u00e4nder mit einem eigenen Text zu versehen<\/strong><\/li>\n<\/ul>\n<h3><strong>Ideales Geschenk f\u00fcr Kinder<\/strong><\/h3>\n<p>Ein Buchst\u00e4nder aus Holz ist nicht nur ein praktisches Accessoire, sondern auch ein tolles <strong>ein Geschenk f\u00fcr kleine Leser<\/strong>die gerne in die Welt interaktiver Geschichten eintauchen. Es hilft dabei, ihre B\u00fccher zu organisieren und schafft eine einladende Umgebung f\u00fcr das Entdecken neuer Abenteuer mit Magical Reading.<\/p>\n<p>Holen Sie sich einen interaktiven B\u00fccherst\u00e4nder und freuen Sie sich \u00fcber perfekte Ordnung und eine \u00e4sthetische Erg\u00e4nzung f\u00fcr das Zimmer Ihres Kindes!<\/p>\n<p>&nbsp;<\/p>\n<p><strong data-start=\"800\" data-end=\"813\">Notiz:<\/strong> Albi Buch- und Bleistiftst\u00e4nder \u2013 F\u00fcr 10 B\u00fccher \u2013 30 \u00d7 24 \u00d7 10 cm \u2013 Kompatibles, nicht originales Zubeh\u00f6r wird von ALBI \u010cesk\u00e1 republika as nicht hergestellt oder vertrieben<br data-start=\"894\" data-end=\"897\" \/>Die Verwendung des Namens Albi dient ausschlie\u00dflich der Kennzeichnung der Produktkompatibilit\u00e4t.<\/p>","protected":false},"excerpt":{"rendered":"<p>Stojan na Albi knihy a tu\u017eku \u2013 Kompatibiln\u00ed neorigin\u00e1ln\u00ed p\u0159\u00edslu\u0161enstv\u00ed. Stojan na Albi knihy a tu\u017eku &#8211; Pro 10 knih [&hellip;]<\/p>","protected":false},"featured_media":16156,"comment_status":"open","ping_status":"closed","template":"","meta":{"site-sidebar-layout":"default","site-content-layout":"","ast-site-content-layout":"default","site-content-style":"default","site-sidebar-style":"default","ast-global-header-display":"","ast-banner-title-visibility":"","ast-main-header-display":"","ast-hfb-above-header-display":"","ast-hfb-below-header-display":"","ast-hfb-mobile-header-display":"","site-post-title":"","ast-breadcrumbs-content":"","ast-featured-img":"","footer-sml-layout":"","theme-transparent-header-meta":"default","adv-header-id-meta":"","stick-header-meta":"","header-above-stick-meta":"","header-main-stick-meta":"","header-below-stick-meta":"","astra-migrate-meta-layouts":"set","ast-page-background-enabled":"default","ast-page-background-meta":{"desktop":{"background-color":"var(--ast-global-color-4)","background-image":"","background-repeat":"repeat","background-position":"center center","background-size":"auto","background-attachment":"scroll","background-type":"","background-media":"","overlay-type":"","overlay-color":"","overlay-opacity":"","overlay-gradient":""},"tablet":{"background-color":"","background-image":"","background-repeat":"repeat","background-position":"center center","background-size":"auto","background-attachment":"scroll","background-type":"","background-media":"","overlay-type":"","overlay-color":"","overlay-opacity":"","overlay-gradient":""},"mobile":{"background-color":"","background-image":"","background-repeat":"repeat","background-position":"center center","background-size":"auto","background-attachment":"scroll","background-type":"","background-media":"","overlay-type":"","overlay-color":"","overlay-opacity":"","overlay-gradient":""}},"ast-content-background-meta":{"desktop":{"background-color":"var(--ast-global-color-5)","background-image":"","background-repeat":"repeat","background-position":"center center","background-size":"auto","background-attachment":"scroll","background-type":"","background-media":"","overlay-type":"","overlay-color":"","overlay-opacity":"","overlay-gradient":""},"tablet":{"background-color":"var(--ast-global-color-5)","background-image":"","background-repeat":"repeat","background-position":"center center","background-size":"auto","background-attachment":"scroll","background-type":"","background-media":"","overlay-type":"","overlay-color":"","overlay-opacity":"","overlay-gradient":""},"mobile":{"background-color":"var(--ast-global-color-5)","background-image":"","background-repeat":"repeat","background-position":"center center","background-size":"auto","background-attachment":"scroll","background-type":"","background-media":"","overlay-type":"","overlay-color":"","overlay-opacity":"","overlay-gradient":""}},"jetpack_post_was_ever_published":false},"product_brand":[],"product_cat":[856,550],"product_tag":[],"class_list":{"0":"post-13632","1":"product","2":"type-product","3":"status-publish","4":"has-post-thumbnail","6":"product_cat-drevene-pokladnicky-a-krabicky","7":"product_cat-darky-pro-deti","8":"pa_vlastni-text-bez-vlastniho-textu","9":"pa_vlastni-text-s-vlastnim-textem","10":"desktop-align-left","11":"tablet-align-left","12":"mobile-align-left","14":"first","15":"instock","16":"shipping-taxable","17":"purchasable","18":"product-type-variable"},"jetpack_sharing_enabled":true,"_links":{"self":[{"href":"https:\/\/dekohra.eu\/de\/wp-json\/wp\/v2\/product\/13632","targetHints":{"allow":["GET"]}}],"collection":[{"href":"https:\/\/dekohra.eu\/de\/wp-json\/wp\/v2\/product"}],"about":[{"href":"https:\/\/dekohra.eu\/de\/wp-json\/wp\/v2\/types\/product"}],"replies":[{"embeddable":true,"href":"https:\/\/dekohra.eu\/de\/wp-json\/wp\/v2\/comments?post=13632"}],"wp:featuredmedia":[{"embeddable":true,"href":"https:\/\/dekohra.eu\/de\/wp-json\/wp\/v2\/media\/16156"}],"wp:attachment":[{"href":"https:\/\/dekohra.eu\/de\/wp-json\/wp\/v2\/media?parent=13632"}],"wp:term":[{"taxonomy":"product_brand","embeddable":true,"href":"https:\/\/dekohra.eu\/de\/wp-json\/wp\/v2\/product_brand?post=13632"},{"taxonomy":"product_cat","embeddable":true,"href":"https:\/\/dekohra.eu\/de\/wp-json\/wp\/v2\/product_cat?post=13632"},{"taxonomy":"product_tag","embeddable":true,"href":"https:\/\/dekohra.eu\/de\/wp-json\/wp\/v2\/product_tag?post=13632"}],"curies":[{"name":"wp","href":"https:\/\/api.w.org\/{rel}","templated":true}]}}