{"id":13658,"date":"2024-11-26T15:46:09","date_gmt":"2024-11-26T14:46:09","guid":{"rendered":"https:\/\/dekohra.eu\/?post_type=product&#038;p=13658"},"modified":"2025-02-25T17:14:00","modified_gmt":"2025-02-25T16:14:00","slug":"vlastni-produkt","status":"publish","type":"product","link":"https:\/\/dekohra.eu\/de\/produkt\/vlastni-produkt\/","title":{"rendered":"Ihr eigenes Produkt \u2013 KOSTENLOSE unverbindliche Preiskalkulation"},"content":{"rendered":"<p>Sie k\u00f6nnen auch Ihr eigenes Produkt erstellen. Senden Sie uns Ihren Produktvorschlag und wir erstellen Ihnen umgehend ein individuelles Angebot. Ihr Vorschlag kann eine Skizze, ein Bild oder eine detaillierte Beschreibung enthalten, auf deren Grundlage wir eine genaue Berechnung und den Entwurf der idealen L\u00f6sung durchf\u00fchren. Anschlie\u00dfend kannst Du es in den Warenkorb legen und eine UNVERBINDLICHE, KOSTENLOSE Bestellung aufgeben. Wir freuen uns auf Ihre Bestellung!<\/p>","protected":false},"excerpt":{"rendered":"<p>Senden Sie uns Ihren Produktvorschlag und wir erstellen Ihnen umgehend ein individuelles Angebot. Ihr Vorschlag kann eine Skizze, ein Bild oder eine detaillierte Beschreibung enthalten, auf deren Grundlage wir eine genaue Berechnung und den Entwurf der idealen L\u00f6sung durchf\u00fchren. Sie k\u00f6nnen unten ein Foto oder einen Text ausw\u00e4hlen. Anschlie\u00dfend kannst Du es in den Warenkorb legen und eine UNVERBINDLICHE, KOSTENLOSE Bestellung aufgeben. Wir freuen uns auf Ihre Bestellung!<\/p>","protected":false},"featured_media":14951,"comment_status":"open","ping_status":"closed","template":"","meta":{"site-sidebar-layout":"default","site-content-layout":"","ast-site-content-layout":"default","site-content-style":"default","site-sidebar-style":"default","ast-global-header-display":"","ast-banner-title-visibility":"","ast-main-header-display":"","ast-hfb-above-header-display":"","ast-hfb-below-header-display":"","ast-hfb-mobile-header-display":"","site-post-title":"","ast-breadcrumbs-content":"","ast-featured-img":"","footer-sml-layout":"","theme-transparent-header-meta":"default","adv-header-id-meta":"","stick-header-meta":"","header-above-stick-meta":"","header-main-stick-meta":"","header-below-stick-meta":"","astra-migrate-meta-layouts":"set","ast-page-background-enabled":"default","ast-page-background-meta":{"desktop":{"background-color":"var(--ast-global-color-4)","background-image":"","background-repeat":"repeat","background-position":"center center","background-size":"auto","background-attachment":"scroll","background-type":"","background-media":"","overlay-type":"","overlay-color":"","overlay-opacity":"","overlay-gradient":""},"tablet":{"background-color":"","background-image":"","background-repeat":"repeat","background-position":"center center","background-size":"auto","background-attachment":"scroll","background-type":"","background-media":"","overlay-type":"","overlay-color":"","overlay-opacity":"","overlay-gradient":""},"mobile":{"background-color":"","background-image":"","background-repeat":"repeat","background-position":"center center","background-size":"auto","background-attachment":"scroll","background-type":"","background-media":"","overlay-type":"","overlay-color":"","overlay-opacity":"","overlay-gradient":""}},"ast-content-background-meta":{"desktop":{"background-color":"var(--ast-global-color-5)","background-image":"","background-repeat":"repeat","background-position":"center center","background-size":"auto","background-attachment":"scroll","background-type":"","background-media":"","overlay-type":"","overlay-color":"","overlay-opacity":"","overlay-gradient":""},"tablet":{"background-color":"var(--ast-global-color-5)","background-image":"","background-repeat":"repeat","background-position":"center center","background-size":"auto","background-attachment":"scroll","background-type":"","background-media":"","overlay-type":"","overlay-color":"","overlay-opacity":"","overlay-gradient":""},"mobile":{"background-color":"var(--ast-global-color-5)","background-image":"","background-repeat":"repeat","background-position":"center center","background-size":"auto","background-attachment":"scroll","background-type":"","background-media":"","overlay-type":"","overlay-color":"","overlay-opacity":"","overlay-gradient":""}},"jetpack_post_was_ever_published":false},"product_brand":[],"product_cat":[628],"product_tag":[],"class_list":{"0":"post-13658","1":"product","2":"type-product","3":"status-publish","4":"has-post-thumbnail","6":"product_cat-vlastni-produkt","7":"desktop-align-left","8":"tablet-align-left","9":"mobile-align-left","11":"first","12":"instock","13":"shipping-taxable","14":"purchasable","15":"product-type-simple"},"jetpack_sharing_enabled":true,"_links":{"self":[{"href":"https:\/\/dekohra.eu\/de\/wp-json\/wp\/v2\/product\/13658","targetHints":{"allow":["GET"]}}],"collection":[{"href":"https:\/\/dekohra.eu\/de\/wp-json\/wp\/v2\/product"}],"about":[{"href":"https:\/\/dekohra.eu\/de\/wp-json\/wp\/v2\/types\/product"}],"replies":[{"embeddable":true,"href":"https:\/\/dekohra.eu\/de\/wp-json\/wp\/v2\/comments?post=13658"}],"wp:featuredmedia":[{"embeddable":true,"href":"https:\/\/dekohra.eu\/de\/wp-json\/wp\/v2\/media\/14951"}],"wp:attachment":[{"href":"https:\/\/dekohra.eu\/de\/wp-json\/wp\/v2\/media?parent=13658"}],"wp:term":[{"taxonomy":"product_brand","embeddable":true,"href":"https:\/\/dekohra.eu\/de\/wp-json\/wp\/v2\/product_brand?post=13658"},{"taxonomy":"product_cat","embeddable":true,"href":"https:\/\/dekohra.eu\/de\/wp-json\/wp\/v2\/product_cat?post=13658"},{"taxonomy":"product_tag","embeddable":true,"href":"https:\/\/dekohra.eu\/de\/wp-json\/wp\/v2\/product_tag?post=13658"}],"curies":[{"name":"wp","href":"https:\/\/api.w.org\/{rel}","templated":true}]}}