{"id":14021,"date":"2025-01-02T11:24:43","date_gmt":"2025-01-02T10:24:43","guid":{"rendered":"https:\/\/dekohra.eu\/?post_type=product&#038;p=14021"},"modified":"2026-04-02T13:08:15","modified_gmt":"2026-04-02T11:08:15","slug":"dreveny-svatebni-zapich-do-dortu-laska-13x16cm","status":"publish","type":"product","link":"https:\/\/dekohra.eu\/de\/produkt\/dreveny-svatebni-zapich-do-dortu-laska-13x16cm\/","title":{"rendered":"Holz-Tortenaufsatz Love, 13x16cm, 2St"},"content":{"rendered":"<h2 style=\"text-align: left;\">Tortenaufsatz aus Holz \u201eLove\u201c, 13x16cm, 2St.<\/h2>\n<p>Verzieren Sie Ihre Torte mit einem edlen Ausschnitt mit der Aufschrift \u201eLove\u201c. Diese Dekorationen werden den Kuchen versch\u00f6nern<strong> romantische Note und wird eine unvergessliche Atmosph\u00e4re schaffen<\/strong> bei Ihrer Feier.<\/p>\n<h3>Hochwertige Materialien<\/h3>\n<ul>\n<li>Die Rillen sind <strong>aus hochwertigem Pappelsperrholz, 3 mm stark<\/strong>, was Robustheit und lange Lebensdauer gew\u00e4hrleistet.<\/li>\n<\/ul>\n<h3>Design und Kreativit\u00e4t<\/h3>\n<ul>\n<li>Edle Einkerbungen mit der Aufschrift \u201eLove\u201c verleihen der Torte ein einzigartiges und romantisches Aussehen. Sie k\u00f6nnen sie ganz nach Ihrem Geschmack mit Blumen, B\u00e4ndern oder anderen Dekorationen verzieren.<\/li>\n<\/ul>\n<h3>Produktvorteile<\/h3>\n<ul>\n<li>Sie verleihen Ihrer Torte eine einzigartige Note und machen Ihre Feier unvergesslich.<\/li>\n<li>Aus massiver Faserplatte f\u00fcr lange Lebensdauer.<\/li>\n<li>Die Ausschnitte lassen sich ganz einfach mit Dekorationen nach Ihrem Geschmack individuell gestalten und passen so zu jedem Feierthema.<\/li>\n<\/ul>\n<p><strong>Ein Cake Topper mit dem Motiv \u201eLove\u201c ist die perfekte Erg\u00e4nzung f\u00fcr jede Feier. Begr\u00fc\u00dfen Sie Ihre G\u00e4ste mit Stil und machen Sie Ihren gro\u00dfen Tag mit dieser eleganten Dekoration unvergesslich.<\/strong><\/p>\n<h3>Parameter:<\/h3>\n<ul>\n<li><strong>Material:<\/strong>\u00a0Pappelsperrholz<\/li>\n<li><strong>Produktdicke:\u00a0<\/strong>3 mm<\/li>\n<li><strong>Hersteller:\u00a0<\/strong><a href=\"http:\/\/dekohra.de\/\" target=\"_blank\" rel=\"noopener\">Dekohra.eu<\/a><\/li>\n<li><strong>Kategorie:\u00a0<\/strong><a href=\"https:\/\/dekohra.eu\/de\/produkt-kategorie\/dorty\/svatebni\/\">Hochzeitstorten<\/a><\/li>\n<li><strong>Abmessungen:<\/strong> 13 x 16 cm<\/li>\n<li><strong>Menge:<\/strong> 2 St\u00fcck<\/li>\n<\/ul>","protected":false},"excerpt":{"rendered":"<p>D\u0159ev\u011bn\u00fd z\u00e1pich na dort L\u00e1ska, 13x16cm, 2Ks. Ozdobte sv\u016fj dort elegantn\u00edm z\u00e1pichem s n\u00e1pisem &#8222;L\u00e1ska&#8220;. Tyto dekorace dodaj\u00ed dortu romantick\u00fd [&hellip;]<\/p>","protected":false},"featured_media":19323,"comment_status":"open","ping_status":"closed","template":"","meta":{"site-sidebar-layout":"default","site-content-layout":"","ast-site-content-layout":"default","site-content-style":"default","site-sidebar-style":"default","ast-global-header-display":"","ast-banner-title-visibility":"","ast-main-header-display":"","ast-hfb-above-header-display":"","ast-hfb-below-header-display":"","ast-hfb-mobile-header-display":"","site-post-title":"","ast-breadcrumbs-content":"","ast-featured-img":"","footer-sml-layout":"","theme-transparent-header-meta":"default","adv-header-id-meta":"","stick-header-meta":"","header-above-stick-meta":"","header-main-stick-meta":"","header-below-stick-meta":"","astra-migrate-meta-layouts":"set","ast-page-background-enabled":"default","ast-page-background-meta":{"desktop":{"background-color":"var(--ast-global-color-4)","background-image":"","background-repeat":"repeat","background-position":"center center","background-size":"auto","background-attachment":"scroll","background-type":"","background-media":"","overlay-type":"","overlay-color":"","overlay-opacity":"","overlay-gradient":""},"tablet":{"background-color":"","background-image":"","background-repeat":"repeat","background-position":"center center","background-size":"auto","background-attachment":"scroll","background-type":"","background-media":"","overlay-type":"","overlay-color":"","overlay-opacity":"","overlay-gradient":""},"mobile":{"background-color":"","background-image":"","background-repeat":"repeat","background-position":"center center","background-size":"auto","background-attachment":"scroll","background-type":"","background-media":"","overlay-type":"","overlay-color":"","overlay-opacity":"","overlay-gradient":""}},"ast-content-background-meta":{"desktop":{"background-color":"var(--ast-global-color-5)","background-image":"","background-repeat":"repeat","background-position":"center center","background-size":"auto","background-attachment":"scroll","background-type":"","background-media":"","overlay-type":"","overlay-color":"","overlay-opacity":"","overlay-gradient":""},"tablet":{"background-color":"var(--ast-global-color-5)","background-image":"","background-repeat":"repeat","background-position":"center center","background-size":"auto","background-attachment":"scroll","background-type":"","background-media":"","overlay-type":"","overlay-color":"","overlay-opacity":"","overlay-gradient":""},"mobile":{"background-color":"var(--ast-global-color-5)","background-image":"","background-repeat":"repeat","background-position":"center center","background-size":"auto","background-attachment":"scroll","background-type":"","background-media":"","overlay-type":"","overlay-color":"","overlay-opacity":"","overlay-gradient":""}},"jetpack_post_was_ever_published":false},"product_brand":[],"product_cat":[621,622],"product_tag":[],"class_list":{"0":"post-14021","1":"product","2":"type-product","3":"status-publish","4":"has-post-thumbnail","6":"product_cat-dorty","7":"product_cat-svatebni-dorty","8":"pa_barva-cerna","9":"pa_barva-antracit","10":"pa_barva-bila","11":"pa_barva-cervena","12":"pa_barva-fialova","13":"pa_barva-modra","14":"pa_barva-oranzova","15":"pa_barva-orech","16":"pa_barva-ruzova","17":"pa_barva-topolova-preklizka","18":"pa_barva-zelena","19":"pa_barva-zluta","20":"desktop-align-left","21":"tablet-align-left","22":"mobile-align-left","24":"first","25":"instock","26":"shipping-taxable","27":"purchasable","28":"product-type-variable"},"jetpack_sharing_enabled":true,"_links":{"self":[{"href":"https:\/\/dekohra.eu\/de\/wp-json\/wp\/v2\/product\/14021","targetHints":{"allow":["GET"]}}],"collection":[{"href":"https:\/\/dekohra.eu\/de\/wp-json\/wp\/v2\/product"}],"about":[{"href":"https:\/\/dekohra.eu\/de\/wp-json\/wp\/v2\/types\/product"}],"replies":[{"embeddable":true,"href":"https:\/\/dekohra.eu\/de\/wp-json\/wp\/v2\/comments?post=14021"}],"wp:featuredmedia":[{"embeddable":true,"href":"https:\/\/dekohra.eu\/de\/wp-json\/wp\/v2\/media\/19323"}],"wp:attachment":[{"href":"https:\/\/dekohra.eu\/de\/wp-json\/wp\/v2\/media?parent=14021"}],"wp:term":[{"taxonomy":"product_brand","embeddable":true,"href":"https:\/\/dekohra.eu\/de\/wp-json\/wp\/v2\/product_brand?post=14021"},{"taxonomy":"product_cat","embeddable":true,"href":"https:\/\/dekohra.eu\/de\/wp-json\/wp\/v2\/product_cat?post=14021"},{"taxonomy":"product_tag","embeddable":true,"href":"https:\/\/dekohra.eu\/de\/wp-json\/wp\/v2\/product_tag?post=14021"}],"curies":[{"name":"wp","href":"https:\/\/api.w.org\/{rel}","templated":true}]}}