{"id":14049,"date":"2025-01-02T11:49:03","date_gmt":"2025-01-02T10:49:03","guid":{"rendered":"https:\/\/dekohra.eu\/?post_type=product&#038;p=14049"},"modified":"2025-05-27T08:19:25","modified_gmt":"2025-05-27T06:19:25","slug":"milnikove-karticky-pro-miminko-25ks","status":"publish","type":"product","link":"https:\/\/dekohra.eu\/de\/produkt\/milnikove-karticky-pro-miminko-25ks\/","title":{"rendered":"Baby Meilensteinkarten 25Stk"},"content":{"rendered":"<h2 style=\"text-align: left;\"><strong>Meilensteinkarten f\u00fcr Baby 25Stk.<\/strong><\/h2>\n<p>Baby-Meilensteinkarten sind eine wunderbare M\u00f6glichkeit, <strong>Die sch\u00f6nsten Momente festhalten und bewahren<\/strong> ab dem ersten Lebensjahr Ihres Kindes. Diese Karten sind nicht nur praktisch, sondern auch wundersch\u00f6n gestaltet, um jede Erinnerung einzigartig und unvergesslich zu machen.<\/p>\n<h4>Was sind Meilensteinkarten?<\/h4>\n<ul>\n<li>Meilensteinkarten sind Kartens\u00e4tze, die wichtige Meilensteine und Ereignisse im Leben eines Babys aufzeichnen. Jede Karte hat ein spezielles Design und bietet Platz f\u00fcr das Datum und kurze Notizen, sodass Eltern das Wachstum und die Entwicklung ihres Kindes dokumentieren k\u00f6nnen.<\/li>\n<\/ul>\n<h4>Lasergravur<\/h4>\n<ul>\n<li>Eines der einzigartigen Merkmale unserer Karten ist die Lasergravur. <strong>Lasergravur<\/strong> Es erm\u00f6glicht die pr\u00e4zise und detaillierte Gestaltung von Text und Bildern auf der Kartenoberfl\u00e4che und verleiht jedem St\u00fcck eine pers\u00f6nliche Note. Diese Technologie gew\u00e4hrleistet, dass die eingravierten Inschriften<strong> langlebig und verschlei\u00dffest<\/strong>, was wichtig ist, um diese Erinnerungen viele Jahre lang zu bewahren.<\/li>\n<\/ul>\n<h4>Wie verwende ich Meilensteinkarten?<\/h4>\n<ul>\n<li>Baby-Meilensteinkarten sind einfach und machen Spa\u00df. W\u00e4hlen Sie f\u00fcr jedes wichtige Ereignis in der Entwicklung Ihres Babys einfach die entsprechende Karte aus, schreiben Sie das Datum und alle Notizen auf, die Sie behalten m\u00f6chten. Anschlie\u00dfend k\u00f6nnen Sie die Karte neben das Baby legen und ein Foto machen. Diese Fotos k\u00f6nnen sp\u00e4ter in einem Fotoalbum oder Rahmen zusammengefasst werden, wodurch eine sch\u00f6ne und pers\u00f6nliche Erinnerung an das erste Lebensjahr Ihres Babys entsteht.<\/li>\n<\/ul>\n<h4>Das ideale Geschenk f\u00fcr frischgebackene Eltern<\/h4>\n<ul>\n<li>Baby-Meilensteinkarten sind auch ein tolles Geschenk f\u00fcr <strong>frischgebackene Eltern<\/strong>. Sie sind praktisch, sch\u00f6n und sehr pers\u00f6nlich, was sie <strong>ein ideales Geschenk zur Babyparty, zum Geburtstag oder zu anderen Anl\u00e4ssen<\/strong>. Alle Eltern werden die M\u00f6glichkeit zu sch\u00e4tzen wissen, diese kostbaren Momente in Form sch\u00f6ner und haltbarer Karten festzuhalten.<\/li>\n<\/ul>\n<h4>Warum sollten Sie sich f\u00fcr unsere Meilensteinkarten entscheiden?<\/h4>\n<ul>\n<li><strong>Qualit\u00e4t:<\/strong> Unsere Karten bestehen aus hochwertigem Material, das langlebig und angenehm anzufassen ist.<\/li>\n<li><strong>Design:<\/strong> Wir bieten eine gro\u00dfe Auswahl an Designs f\u00fcr unterschiedliche Geschm\u00e4cker und Vorlieben.<\/li>\n<li><strong>Benutzerfreundlichkeit:<\/strong> Einfach und unterhaltsam bei jedem wichtigen Ereignis zu verwenden.<\/li>\n<li><strong>Ideales Geschenk:<\/strong> Ein tolles und pers\u00f6nliches Geschenk f\u00fcr frischgebackene Eltern.<\/li>\n<\/ul>\n<h3>Parameter:<\/h3>\n<ul>\n<li><strong>Material:<\/strong> Pappelsperrholz 3mm<\/li>\n<li><strong>Produktdicke:\u00a0<\/strong>3 mm<\/li>\n<li><strong>Hersteller:\u00a0<\/strong><a href=\"http:\/\/dekohra.de\/\" target=\"_blank\" rel=\"noopener\">Dekohra.eu<\/a><\/li>\n<li><strong>Kategorie:\u00a0<\/strong><a href=\"https:\/\/dekohra.eu\/de\/produkt-kategorie\/hracky-pro-deti\/\">Spielzeug f\u00fcr Kinder<\/a><\/li>\n<li><strong>Farbe:<\/strong> Holz<\/li>\n<li><strong>Kartengr\u00f6\u00dfe:<\/strong> 10 cm<\/li>\n<li><strong>Anzahl der Karten:<\/strong> 25 Stck.<\/li>\n<\/ul>\n<p style=\"text-align: left;\"><em>Notiz:<\/em>\u00a0Das Produkt ist nicht f\u00fcr Kinder unter 3 Jahren geeignet.<\/p>","protected":false},"excerpt":{"rendered":"<p>Miln\u00edkov\u00e9 karti\u010dky pro miminko 25ks. Miln\u00edkov\u00e9 karti\u010dky pro miminko jsou \u00fa\u017easn\u00fdm zp\u016fsobem, jak zachytit a uchovat nejkr\u00e1sn\u011bj\u0161\u00ed okam\u017eiky z prvn\u00edho [&hellip;]<\/p>","protected":false},"featured_media":16422,"comment_status":"open","ping_status":"closed","template":"","meta":{"site-sidebar-layout":"default","site-content-layout":"","ast-site-content-layout":"default","site-content-style":"default","site-sidebar-style":"default","ast-global-header-display":"","ast-banner-title-visibility":"","ast-main-header-display":"","ast-hfb-above-header-display":"","ast-hfb-below-header-display":"","ast-hfb-mobile-header-display":"","site-post-title":"","ast-breadcrumbs-content":"","ast-featured-img":"","footer-sml-layout":"","theme-transparent-header-meta":"default","adv-header-id-meta":"","stick-header-meta":"","header-above-stick-meta":"","header-main-stick-meta":"","header-below-stick-meta":"","astra-migrate-meta-layouts":"set","ast-page-background-enabled":"default","ast-page-background-meta":{"desktop":{"background-color":"var(--ast-global-color-4)","background-image":"","background-repeat":"repeat","background-position":"center center","background-size":"auto","background-attachment":"scroll","background-type":"","background-media":"","overlay-type":"","overlay-color":"","overlay-opacity":"","overlay-gradient":""},"tablet":{"background-color":"","background-image":"","background-repeat":"repeat","background-position":"center center","background-size":"auto","background-attachment":"scroll","background-type":"","background-media":"","overlay-type":"","overlay-color":"","overlay-opacity":"","overlay-gradient":""},"mobile":{"background-color":"","background-image":"","background-repeat":"repeat","background-position":"center center","background-size":"auto","background-attachment":"scroll","background-type":"","background-media":"","overlay-type":"","overlay-color":"","overlay-opacity":"","overlay-gradient":""}},"ast-content-background-meta":{"desktop":{"background-color":"var(--ast-global-color-5)","background-image":"","background-repeat":"repeat","background-position":"center center","background-size":"auto","background-attachment":"scroll","background-type":"","background-media":"","overlay-type":"","overlay-color":"","overlay-opacity":"","overlay-gradient":""},"tablet":{"background-color":"var(--ast-global-color-5)","background-image":"","background-repeat":"repeat","background-position":"center center","background-size":"auto","background-attachment":"scroll","background-type":"","background-media":"","overlay-type":"","overlay-color":"","overlay-opacity":"","overlay-gradient":""},"mobile":{"background-color":"var(--ast-global-color-5)","background-image":"","background-repeat":"repeat","background-position":"center center","background-size":"auto","background-attachment":"scroll","background-type":"","background-media":"","overlay-type":"","overlay-color":"","overlay-opacity":"","overlay-gradient":""}},"jetpack_post_was_ever_published":false},"product_brand":[],"product_cat":[568],"product_tag":[],"class_list":{"0":"post-14049","1":"product","2":"type-product","3":"status-publish","4":"has-post-thumbnail","6":"product_cat-hracky-pro-deti","7":"pa_barva-cerna","8":"pa_barva-antracit","9":"pa_barva-bila","10":"pa_barva-cervena","11":"pa_barva-fialova","12":"pa_barva-modra","13":"pa_barva-oranzova","14":"pa_barva-orech","15":"pa_barva-ruzova","16":"pa_barva-zelena","17":"pa_barva-zluta","18":"desktop-align-left","19":"tablet-align-left","20":"mobile-align-left","22":"first","23":"instock","24":"shipping-taxable","25":"purchasable","26":"product-type-simple"},"jetpack_sharing_enabled":true,"_links":{"self":[{"href":"https:\/\/dekohra.eu\/de\/wp-json\/wp\/v2\/product\/14049","targetHints":{"allow":["GET"]}}],"collection":[{"href":"https:\/\/dekohra.eu\/de\/wp-json\/wp\/v2\/product"}],"about":[{"href":"https:\/\/dekohra.eu\/de\/wp-json\/wp\/v2\/types\/product"}],"replies":[{"embeddable":true,"href":"https:\/\/dekohra.eu\/de\/wp-json\/wp\/v2\/comments?post=14049"}],"wp:featuredmedia":[{"embeddable":true,"href":"https:\/\/dekohra.eu\/de\/wp-json\/wp\/v2\/media\/16422"}],"wp:attachment":[{"href":"https:\/\/dekohra.eu\/de\/wp-json\/wp\/v2\/media?parent=14049"}],"wp:term":[{"taxonomy":"product_brand","embeddable":true,"href":"https:\/\/dekohra.eu\/de\/wp-json\/wp\/v2\/product_brand?post=14049"},{"taxonomy":"product_cat","embeddable":true,"href":"https:\/\/dekohra.eu\/de\/wp-json\/wp\/v2\/product_cat?post=14049"},{"taxonomy":"product_tag","embeddable":true,"href":"https:\/\/dekohra.eu\/de\/wp-json\/wp\/v2\/product_tag?post=14049"}],"curies":[{"name":"wp","href":"https:\/\/api.w.org\/{rel}","templated":true}]}}