{"id":14062,"date":"2025-01-07T14:17:56","date_gmt":"2025-01-07T13:17:56","guid":{"rendered":"https:\/\/dekohra.eu\/?post_type=product&#038;p=14062"},"modified":"2025-06-19T10:24:54","modified_gmt":"2025-06-19T08:24:54","slug":"velikonocni-dekorace","status":"publish","type":"product","link":"https:\/\/dekohra.eu\/de\/produkt\/velikonocni-dekorace\/","title":{"rendered":"Osterdekoration"},"content":{"rendered":"<p><!-- upraveno html4output --><\/p>\n<h2 style=\"text-align: left;\">Osterdekoration.<\/h2>\n<p><strong>Elegante und originelle Osterdekorationen sind ideal f\u00fcr Blumenl\u00e4den, kleinere Gesch\u00e4fte und Boutiquen,<\/strong>\u00a0die ihren Kunden einzigartige Geschenkverpackungen zu verschiedenen Anl\u00e4ssen anbieten m\u00f6chten. Diese Dekorationen sind sorgf\u00e4ltig entworfen, um durch Design und Qualit\u00e4t zu beeindrucken.<\/p>\n<p><strong>Gesch\u00e4ftsvorteile:<\/strong> Floristen und kleine Gesch\u00e4fte k\u00f6nnen in unserem E-Shop Produkte zu einem verg\u00fcnstigten Preis in gro\u00dfen Mengen einkaufen und diese dann zu einem h\u00f6heren Preis weiterverkaufen, w\u00e4hrend Endkunden in unserem E-Shop die Versandkosten sparen.<\/p>\n<p><strong>Verf\u00fcgbarkeit:<\/strong> Produktion und Versand innerhalb von 3 Wochen nach Bestellung.<\/p>\n<h3>Parameter:<\/h3>\n<p><img fetchpriority=\"high\" decoding=\"async\" class=\"size-medium wp-image-14094 alignright\" src=\"https:\/\/dekohra.eu\/wp-content\/uploads\/2025\/01\/IMG_20250108_114730-300x225.jpg\" alt=\"Velikono\u010dn\u00ed v\u00fdrobky\" width=\"300\" height=\"225\" srcset=\"https:\/\/dekohra.eu\/wp-content\/uploads\/2025\/01\/IMG_20250108_114730-300x225.jpg 300w, https:\/\/dekohra.eu\/wp-content\/uploads\/2025\/01\/IMG_20250108_114730-1024x768.jpg 1024w, https:\/\/dekohra.eu\/wp-content\/uploads\/2025\/01\/IMG_20250108_114730-768x576.jpg 768w, https:\/\/dekohra.eu\/wp-content\/uploads\/2025\/01\/IMG_20250108_114730-1536x1152.jpg 1536w, https:\/\/dekohra.eu\/wp-content\/uploads\/2025\/01\/IMG_20250108_114730-2048x1536.jpg 2048w, https:\/\/dekohra.eu\/wp-content\/uploads\/2025\/01\/IMG_20250108_114730-16x12.jpg 16w, https:\/\/dekohra.eu\/wp-content\/uploads\/2025\/01\/IMG_20250108_114730-600x450.jpg 600w\" sizes=\"(max-width: 300px) 100vw, 300px\" \/><img decoding=\"async\" style=\"float: right;\" src=\"https:\/\/dekohra.eu\/_obchody\/go4874\/prilohy\/4\/img-20240721-090702.jpg.big.jpg\" alt=\"\" width=\"300\" \/><\/p>\n<ul>\n<li><strong>Material:<\/strong> Pappelsperrholz\/Faserplatte<\/li>\n<li><strong>Hersteller: <\/strong><a href=\"https:\/\/dekohra.eu\/de\/\">Dekohra.eu<\/a><\/li>\n<li><strong style=\"font-size: 16px;\">Abmessungen: <\/strong><span style=\"font-size: 16px;\">je nach Wahl der Variante<\/span><\/li>\n<li><strong>Farbe:<\/strong> Naturholz\/Wei\u00df<\/li>\n<\/ul>\n<p><span style=\"text-decoration: underline;\"><strong>Teilen Sie uns die Produktanforderungen Ihrer Kunden mit und wir pr\u00fcfen, ob wir diese gegen einen Sonderpreis in die Serienproduktion aufnehmen k\u00f6nnen.<\/strong><\/span><\/p>\n<p>&nbsp;<\/p>\n<p>&nbsp;<\/p>","protected":false},"excerpt":{"rendered":"<p>Velikono\u010dn\u00ed dekorace. Elegantn\u00ed a origin\u00e1ln\u00ed Velikono\u010dn\u00ed dekorace jsou ide\u00e1ln\u00ed pro kv\u011btin\u00e1\u0159stv\u00ed, men\u0161\u00ed obchody a obch\u016fdky,\u00a0kter\u00e9 cht\u011bj\u00ed sv\u00fdm z\u00e1kazn\u00edk\u016fm nab\u00eddnout jedine\u010dn\u00e9 [&hellip;]<\/p>","protected":false},"featured_media":3086,"comment_status":"open","ping_status":"closed","template":"","meta":{"site-sidebar-layout":"default","site-content-layout":"","ast-site-content-layout":"default","site-content-style":"default","site-sidebar-style":"default","ast-global-header-display":"","ast-banner-title-visibility":"","ast-main-header-display":"","ast-hfb-above-header-display":"","ast-hfb-below-header-display":"","ast-hfb-mobile-header-display":"","site-post-title":"","ast-breadcrumbs-content":"","ast-featured-img":"","footer-sml-layout":"","theme-transparent-header-meta":"default","adv-header-id-meta":"","stick-header-meta":"","header-above-stick-meta":"","header-main-stick-meta":"","header-below-stick-meta":"","astra-migrate-meta-layouts":"set","ast-page-background-enabled":"default","ast-page-background-meta":{"desktop":{"background-color":"var(--ast-global-color-4)","background-image":"","background-repeat":"repeat","background-position":"center center","background-size":"auto","background-attachment":"scroll","background-type":"","background-media":"","overlay-type":"","overlay-color":"","overlay-opacity":"","overlay-gradient":""},"tablet":{"background-color":"","background-image":"","background-repeat":"repeat","background-position":"center center","background-size":"auto","background-attachment":"scroll","background-type":"","background-media":"","overlay-type":"","overlay-color":"","overlay-opacity":"","overlay-gradient":""},"mobile":{"background-color":"","background-image":"","background-repeat":"repeat","background-position":"center center","background-size":"auto","background-attachment":"scroll","background-type":"","background-media":"","overlay-type":"","overlay-color":"","overlay-opacity":"","overlay-gradient":""}},"ast-content-background-meta":{"desktop":{"background-color":"var(--ast-global-color-5)","background-image":"","background-repeat":"repeat","background-position":"center center","background-size":"auto","background-attachment":"scroll","background-type":"","background-media":"","overlay-type":"","overlay-color":"","overlay-opacity":"","overlay-gradient":""},"tablet":{"background-color":"var(--ast-global-color-5)","background-image":"","background-repeat":"repeat","background-position":"center center","background-size":"auto","background-attachment":"scroll","background-type":"","background-media":"","overlay-type":"","overlay-color":"","overlay-opacity":"","overlay-gradient":""},"mobile":{"background-color":"var(--ast-global-color-5)","background-image":"","background-repeat":"repeat","background-position":"center center","background-size":"auto","background-attachment":"scroll","background-type":"","background-media":"","overlay-type":"","overlay-color":"","overlay-opacity":"","overlay-gradient":""}},"jetpack_post_was_ever_published":false},"product_brand":[],"product_cat":[831],"product_tag":[],"class_list":{"0":"post-14062","1":"product","2":"type-product","3":"status-publish","4":"has-post-thumbnail","6":"product_cat-velkoobchodni-nabidky","7":"pa_rozmery-velikonocni-dekorace-200013","8":"pa_rozmery-velikonocni-dekorace-200023","9":"pa_rozmery-velikonocni-dekorace-200033","10":"pa_rozmery-velikonocni-dekorace-200043","11":"pa_rozmery-velikonocni-dekorace-200053","12":"pa_rozmery-velikonocni-dekorace-200063","13":"pa_rozmery-velikonocni-dekorace-200073","14":"pa_rozmery-velikonocni-dekorace-200083","15":"pa_rozmery-velikonocni-dekorace-200093","16":"desktop-align-left","17":"tablet-align-left","18":"mobile-align-left","20":"first","21":"instock","22":"shipping-taxable","23":"purchasable","24":"product-type-variable"},"jetpack_sharing_enabled":true,"_links":{"self":[{"href":"https:\/\/dekohra.eu\/de\/wp-json\/wp\/v2\/product\/14062","targetHints":{"allow":["GET"]}}],"collection":[{"href":"https:\/\/dekohra.eu\/de\/wp-json\/wp\/v2\/product"}],"about":[{"href":"https:\/\/dekohra.eu\/de\/wp-json\/wp\/v2\/types\/product"}],"replies":[{"embeddable":true,"href":"https:\/\/dekohra.eu\/de\/wp-json\/wp\/v2\/comments?post=14062"}],"wp:featuredmedia":[{"embeddable":true,"href":"https:\/\/dekohra.eu\/de\/wp-json\/wp\/v2\/media\/3086"}],"wp:attachment":[{"href":"https:\/\/dekohra.eu\/de\/wp-json\/wp\/v2\/media?parent=14062"}],"wp:term":[{"taxonomy":"product_brand","embeddable":true,"href":"https:\/\/dekohra.eu\/de\/wp-json\/wp\/v2\/product_brand?post=14062"},{"taxonomy":"product_cat","embeddable":true,"href":"https:\/\/dekohra.eu\/de\/wp-json\/wp\/v2\/product_cat?post=14062"},{"taxonomy":"product_tag","embeddable":true,"href":"https:\/\/dekohra.eu\/de\/wp-json\/wp\/v2\/product_tag?post=14062"}],"curies":[{"name":"wp","href":"https:\/\/api.w.org\/{rel}","templated":true}]}}