{"id":14141,"date":"2025-01-10T21:07:55","date_gmt":"2025-01-10T20:07:55","guid":{"rendered":"https:\/\/dekohra.eu\/?post_type=product&#038;p=14141"},"modified":"2025-02-24T16:22:30","modified_gmt":"2025-02-24T15:22:30","slug":"velikonocni-dekorace-na-dvere","status":"publish","type":"product","link":"https:\/\/dekohra.eu\/de\/produkt\/velikonocni-dekorace-na-dvere\/","title":{"rendered":"Oster-T\u00fcrdeko \u2013 Frohe Ostern, 25 x 25cm"},"content":{"rendered":"<h2 style=\"text-align: left;\">Osterdeko \u2013 Frohe Ostern, 25 x 25cm<\/h2>\n<p>&nbsp;<\/p>\n<p><strong>Oster-T\u00fcrdeko \u2013 Frohe Ostern<\/strong>\u00a0Es eignet sich hervorragend f\u00fcr Fr\u00fchlings- und Osterdekorationen. Die Dekoration besteht aus hochwertiger Faserplatte, die f\u00fcr eine lange Lebensdauer und ein nat\u00fcrliches Aussehen sorgt.<\/p>\n<h3>Hauptmerkmale:<\/h3>\n<ul>\n<li><strong>Nat\u00fcrliches Material<\/strong>: Aus robustem Holz, umweltfreundlich.<\/li>\n<li><strong>Originelles Design<\/strong>: Die zarte und elegante Aufschrift \u201eFrohe Ostern\u201c wird jeden begeistern.<\/li>\n<li><strong>Einfach zu bedienen<\/strong>: Ideal als h\u00e4ngende Dekoration, Teil eines Kranzes oder als freistehendes Ornament.<\/li>\n<li><strong>Universalgr\u00f6\u00dfe<\/strong>: Gr\u00f6\u00dfe 25 x 25 cm passt auf einen Tisch, ein Regal, eine Fensterbank oder eine T\u00fcr.<\/li>\n<\/ul>\n<p><strong>Auch die \u00f6sterliche T\u00fcrdekoration ist <\/strong>Das perfekte Geschenk f\u00fcr Liebhaber traditioneller und nat\u00fcrlicher Dekoration.<\/p>\n<p>&nbsp;<\/p>\n<h3>Parameter:<\/h3>\n<ul>\n<li><strong>Material:<\/strong> <a href=\"https:\/\/dekohra.eu\/de\/drevovlaknita-deska-3mm-idealni-material-pro-vyrobu-obrazu\/\">Faserplatten<\/a><\/li>\n<li><strong>Produktdicke:\u00a0<\/strong>3 mm<\/li>\n<li><strong>Hersteller:\u00a0<\/strong><a href=\"http:\/\/dekohra.de\/\" target=\"_blank\" rel=\"noopener\">Dekohra.eu<\/a><\/li>\n<li><strong>Kategorie: <\/strong><a href=\"https:\/\/dekohra.eu\/de\/produkt-kategorie\/sezonni-dekorace\/velikonoce\/\">Osterdekoration<\/a><\/li>\n<li><strong>Abmessungen:<\/strong> 25 x 25 cm<\/li>\n<li><strong>Menge:<\/strong> 1 St\u00fcck<\/li>\n<\/ul>","protected":false},"excerpt":{"rendered":"<p>Velikono\u010dn\u00ed dekorace &#8211; Vesel\u00e9 Velikonoce, 25 x 25cm &nbsp; Velikono\u010dn\u00ed dekorace na dve\u0159e &#8211; Vesel\u00e9 Velikonoce\u00a0je ide\u00e1ln\u00ed pro jarn\u00ed a [&hellip;]<\/p>","protected":false},"featured_media":14090,"comment_status":"open","ping_status":"closed","template":"","meta":{"site-sidebar-layout":"default","site-content-layout":"","ast-site-content-layout":"default","site-content-style":"default","site-sidebar-style":"default","ast-global-header-display":"","ast-banner-title-visibility":"","ast-main-header-display":"","ast-hfb-above-header-display":"","ast-hfb-below-header-display":"","ast-hfb-mobile-header-display":"","site-post-title":"","ast-breadcrumbs-content":"","ast-featured-img":"","footer-sml-layout":"","theme-transparent-header-meta":"default","adv-header-id-meta":"","stick-header-meta":"","header-above-stick-meta":"","header-main-stick-meta":"","header-below-stick-meta":"","astra-migrate-meta-layouts":"set","ast-page-background-enabled":"default","ast-page-background-meta":{"desktop":{"background-color":"var(--ast-global-color-4)","background-image":"","background-repeat":"repeat","background-position":"center center","background-size":"auto","background-attachment":"scroll","background-type":"","background-media":"","overlay-type":"","overlay-color":"","overlay-opacity":"","overlay-gradient":""},"tablet":{"background-color":"","background-image":"","background-repeat":"repeat","background-position":"center center","background-size":"auto","background-attachment":"scroll","background-type":"","background-media":"","overlay-type":"","overlay-color":"","overlay-opacity":"","overlay-gradient":""},"mobile":{"background-color":"","background-image":"","background-repeat":"repeat","background-position":"center center","background-size":"auto","background-attachment":"scroll","background-type":"","background-media":"","overlay-type":"","overlay-color":"","overlay-opacity":"","overlay-gradient":""}},"ast-content-background-meta":{"desktop":{"background-color":"var(--ast-global-color-5)","background-image":"","background-repeat":"repeat","background-position":"center center","background-size":"auto","background-attachment":"scroll","background-type":"","background-media":"","overlay-type":"","overlay-color":"","overlay-opacity":"","overlay-gradient":""},"tablet":{"background-color":"var(--ast-global-color-5)","background-image":"","background-repeat":"repeat","background-position":"center center","background-size":"auto","background-attachment":"scroll","background-type":"","background-media":"","overlay-type":"","overlay-color":"","overlay-opacity":"","overlay-gradient":""},"mobile":{"background-color":"var(--ast-global-color-5)","background-image":"","background-repeat":"repeat","background-position":"center center","background-size":"auto","background-attachment":"scroll","background-type":"","background-media":"","overlay-type":"","overlay-color":"","overlay-opacity":"","overlay-gradient":""}},"jetpack_post_was_ever_published":false},"product_brand":[],"product_cat":[842],"product_tag":[],"class_list":{"0":"post-14141","1":"product","2":"type-product","3":"status-publish","4":"has-post-thumbnail","6":"product_cat-velikonocni-dekorace","7":"pa_barva-topolova-preklizka","8":"desktop-align-left","9":"tablet-align-left","10":"mobile-align-left","12":"first","13":"instock","14":"shipping-taxable","15":"purchasable","16":"product-type-simple"},"jetpack_sharing_enabled":true,"_links":{"self":[{"href":"https:\/\/dekohra.eu\/de\/wp-json\/wp\/v2\/product\/14141","targetHints":{"allow":["GET"]}}],"collection":[{"href":"https:\/\/dekohra.eu\/de\/wp-json\/wp\/v2\/product"}],"about":[{"href":"https:\/\/dekohra.eu\/de\/wp-json\/wp\/v2\/types\/product"}],"replies":[{"embeddable":true,"href":"https:\/\/dekohra.eu\/de\/wp-json\/wp\/v2\/comments?post=14141"}],"wp:featuredmedia":[{"embeddable":true,"href":"https:\/\/dekohra.eu\/de\/wp-json\/wp\/v2\/media\/14090"}],"wp:attachment":[{"href":"https:\/\/dekohra.eu\/de\/wp-json\/wp\/v2\/media?parent=14141"}],"wp:term":[{"taxonomy":"product_brand","embeddable":true,"href":"https:\/\/dekohra.eu\/de\/wp-json\/wp\/v2\/product_brand?post=14141"},{"taxonomy":"product_cat","embeddable":true,"href":"https:\/\/dekohra.eu\/de\/wp-json\/wp\/v2\/product_cat?post=14141"},{"taxonomy":"product_tag","embeddable":true,"href":"https:\/\/dekohra.eu\/de\/wp-json\/wp\/v2\/product_tag?post=14141"}],"curies":[{"name":"wp","href":"https:\/\/api.w.org\/{rel}","templated":true}]}}