{"id":14261,"date":"2025-01-16T13:34:32","date_gmt":"2025-01-16T12:34:32","guid":{"rendered":"https:\/\/dekohra.eu\/?post_type=product&#038;p=14261"},"modified":"2025-02-16T20:12:00","modified_gmt":"2025-02-16T19:12:00","slug":"fotoramecek-na-vice-fotografii","status":"publish","type":"product","link":"https:\/\/dekohra.eu\/de\/produkt\/fotoramecek-na-vice-fotografii\/","title":{"rendered":"Holz-Bilderrahmen f\u00fcr mehrere Fotos LOVE"},"content":{"rendered":"<h2 style=\"text-align: left;\"><strong>Bilderrahmen f\u00fcr mehrere Fotos LOVE.<\/strong><\/h2>\n<p>&nbsp;<\/p>\n<p><strong>Holz-Bilderrahmen f\u00fcr mehrere Fotos LOVE<\/strong>\u00a0ist die ideale L\u00f6sung zum Pr\u00e4sentieren Ihrer sch\u00f6nsten Erinnerungen. Dieser stilvolle Rahmen ist aus<strong> aus hochwertiger Faserplatte<\/strong> Die Dicke von 3 mm gew\u00e4hrleistet Robustheit und lange Lebensdauer. Dank moderner Laserschnitttechnik ist das Rahmendesign<strong> pr\u00e4zise und elegant,<\/strong> das Ihren Fotos eine einzigartige Note verleiht.<\/p>\n<h3>Hochwertige Materialien<\/h3>\n<ul>\n<li>Die Dekoration besteht aus <strong>hochwertige Faserplatte<\/strong> 3 mm dick, was Robustheit und lange Lebensdauer gew\u00e4hrleistet. Die Oberfl\u00e4che ist langlebig und pflegeleicht, sodass der Bilderrahmen <strong>es wird viele Jahre lang gro\u00dfartig aussehen.<\/strong><\/li>\n<\/ul>\n<h3>\u00c4sthetisches Design<\/h3>\n<ul>\n<li><strong>Modernes Laserschneiden<\/strong> sorgt f\u00fcr ein pr\u00e4zises und \u00e4sthetisch ansprechendes Design, das in jedes Interieur passt. Dies macht diesen Bilderrahmen zu einer idealen Erg\u00e4nzung f\u00fcr jedes Zuhause.<\/li>\n<\/ul>\n<h3>Einfache Montage<\/h3>\n<ul>\n<li><strong>Holz-Bilderrahmen f\u00fcr mehrere Fotos LOVE<\/strong> Es ist mit einem Schaumstoffklebeband ausgestattet, mit dem es sich ganz einfach an der Wand befestigen l\u00e4sst. Dieses praktische Befestigungssystem gew\u00e4hrleistet eine schnelle und einfache Installation, ohne die W\u00e4nde zu besch\u00e4digen. Im Lieferumfang ist alles enthalten, was Sie zur Befestigung von Rahmen und Fotos ben\u00f6tigen.<\/li>\n<\/ul>\n<p><strong>Verleihen Sie Ihrem Zuhause einen Hauch von Eleganz und bewahren Sie die Erinnerungen an Ihre wertvollsten Momente mit diesem einzigartigen und wundersch\u00f6nen Bilderrahmen.<\/strong><\/p>\n<p>&nbsp;<\/p>\n<h3>Parameter:<\/h3>\n<ul>\n<li><strong>Material:<\/strong>\u00a0<a href=\"https:\/\/dekohra.eu\/de\/drevovlaknita-deska-3mm-idealni-material-pro-vyrobu-obrazu\/\">Faserplatte, einseitig lackiert<\/a><\/li>\n<li><strong>Produktdicke:\u00a0<\/strong>3 mm<\/li>\n<li><strong>Hersteller:\u00a0<\/strong><a href=\"http:\/\/dekohra.de\/\" target=\"_blank\" rel=\"noopener\">Dekohra.eu<\/a><\/li>\n<li><strong>Kategorie:<\/strong> <a href=\"https:\/\/dekohra.eu\/de\/produkt-kategorie\/bytove-dekorace\/fotoramecky\/\">Bilderrahmen<\/a><\/li>\n<\/ul>","protected":false},"excerpt":{"rendered":"<p>Fotor\u00e1me\u010dek na v\u00edce fotografi\u00ed LOVE. &nbsp; D\u0159ev\u011bn\u00fd fotor\u00e1me\u010dek na v\u00edce fotografi\u00ed LOVE\u00a0je ide\u00e1ln\u00edm \u0159e\u0161en\u00edm pro vystaven\u00ed va\u0161ich nejkr\u00e1sn\u011bj\u0161\u00edch vzpom\u00ednek. Tento [&hellip;]<\/p>","protected":false},"featured_media":14263,"comment_status":"open","ping_status":"closed","template":"","meta":{"site-sidebar-layout":"default","site-content-layout":"","ast-site-content-layout":"default","site-content-style":"default","site-sidebar-style":"default","ast-global-header-display":"","ast-banner-title-visibility":"","ast-main-header-display":"","ast-hfb-above-header-display":"","ast-hfb-below-header-display":"","ast-hfb-mobile-header-display":"","site-post-title":"","ast-breadcrumbs-content":"","ast-featured-img":"","footer-sml-layout":"","theme-transparent-header-meta":"default","adv-header-id-meta":"","stick-header-meta":"","header-above-stick-meta":"","header-main-stick-meta":"","header-below-stick-meta":"","astra-migrate-meta-layouts":"set","ast-page-background-enabled":"default","ast-page-background-meta":{"desktop":{"background-color":"var(--ast-global-color-4)","background-image":"","background-repeat":"repeat","background-position":"center center","background-size":"auto","background-attachment":"scroll","background-type":"","background-media":"","overlay-type":"","overlay-color":"","overlay-opacity":"","overlay-gradient":""},"tablet":{"background-color":"","background-image":"","background-repeat":"repeat","background-position":"center center","background-size":"auto","background-attachment":"scroll","background-type":"","background-media":"","overlay-type":"","overlay-color":"","overlay-opacity":"","overlay-gradient":""},"mobile":{"background-color":"","background-image":"","background-repeat":"repeat","background-position":"center center","background-size":"auto","background-attachment":"scroll","background-type":"","background-media":"","overlay-type":"","overlay-color":"","overlay-opacity":"","overlay-gradient":""}},"ast-content-background-meta":{"desktop":{"background-color":"var(--ast-global-color-5)","background-image":"","background-repeat":"repeat","background-position":"center center","background-size":"auto","background-attachment":"scroll","background-type":"","background-media":"","overlay-type":"","overlay-color":"","overlay-opacity":"","overlay-gradient":""},"tablet":{"background-color":"var(--ast-global-color-5)","background-image":"","background-repeat":"repeat","background-position":"center center","background-size":"auto","background-attachment":"scroll","background-type":"","background-media":"","overlay-type":"","overlay-color":"","overlay-opacity":"","overlay-gradient":""},"mobile":{"background-color":"var(--ast-global-color-5)","background-image":"","background-repeat":"repeat","background-position":"center center","background-size":"auto","background-attachment":"scroll","background-type":"","background-media":"","overlay-type":"","overlay-color":"","overlay-opacity":"","overlay-gradient":""}},"jetpack_post_was_ever_published":false},"product_brand":[],"product_cat":[562,566],"product_tag":[],"class_list":{"0":"post-14261","1":"product","2":"type-product","3":"status-publish","4":"has-post-thumbnail","6":"product_cat-drevene-fotoramecky","7":"product_cat-valentynske-dekorace","8":"pa_barva-cerna","9":"pa_barva-antracit","10":"pa_barva-bila","11":"pa_barva-cervena","12":"pa_barva-fialova","13":"pa_barva-modra","14":"pa_barva-oranzova","15":"pa_barva-orech","16":"pa_barva-ruzova","17":"pa_barva-zelena","18":"pa_barva-zluta","19":"pa_rozmery-3x-fotografie-10x15cm-rozmer-20x49cm","20":"desktop-align-left","21":"tablet-align-left","22":"mobile-align-left","24":"first","25":"instock","26":"shipping-taxable","27":"purchasable","28":"product-type-variable"},"jetpack_sharing_enabled":true,"_links":{"self":[{"href":"https:\/\/dekohra.eu\/de\/wp-json\/wp\/v2\/product\/14261","targetHints":{"allow":["GET"]}}],"collection":[{"href":"https:\/\/dekohra.eu\/de\/wp-json\/wp\/v2\/product"}],"about":[{"href":"https:\/\/dekohra.eu\/de\/wp-json\/wp\/v2\/types\/product"}],"replies":[{"embeddable":true,"href":"https:\/\/dekohra.eu\/de\/wp-json\/wp\/v2\/comments?post=14261"}],"wp:featuredmedia":[{"embeddable":true,"href":"https:\/\/dekohra.eu\/de\/wp-json\/wp\/v2\/media\/14263"}],"wp:attachment":[{"href":"https:\/\/dekohra.eu\/de\/wp-json\/wp\/v2\/media?parent=14261"}],"wp:term":[{"taxonomy":"product_brand","embeddable":true,"href":"https:\/\/dekohra.eu\/de\/wp-json\/wp\/v2\/product_brand?post=14261"},{"taxonomy":"product_cat","embeddable":true,"href":"https:\/\/dekohra.eu\/de\/wp-json\/wp\/v2\/product_cat?post=14261"},{"taxonomy":"product_tag","embeddable":true,"href":"https:\/\/dekohra.eu\/de\/wp-json\/wp\/v2\/product_tag?post=14261"}],"curies":[{"name":"wp","href":"https:\/\/api.w.org\/{rel}","templated":true}]}}