{"id":14341,"date":"2025-01-16T18:33:23","date_gmt":"2025-01-16T17:33:23","guid":{"rendered":"https:\/\/dekohra.eu\/?post_type=product&#038;p=14341"},"modified":"2025-06-02T13:26:59","modified_gmt":"2025-06-02T11:26:59","slug":"drevena-pokladnicka-pro-deti-piratsky-poklad","status":"publish","type":"product","link":"https:\/\/dekohra.eu\/de\/produkt\/drevena-pokladnicka-pro-deti-piratsky-poklad\/","title":{"rendered":"Holzspardose f\u00fcr Kinder \u2013 Piratenschatz"},"content":{"rendered":"<h2 style=\"text-align: left;\">Holzspardose f\u00fcr Kinder - Piratenschatz.<\/h2>\n<p>&nbsp;<\/p>\n<div class=\"group\/conversation-turn relative flex w-full min-w-0 flex-col agent-turn\">\n<div class=\"flex-col gap-1 md:gap-3\">\n<div class=\"flex flex-grow flex-col max-w-full\">\n<div class=\"min-h-[20px] text-message flex w-full flex-col items-end gap-2 whitespace-pre-wrap break-words [.text-message+&amp;]:mt-5 overflow-x-auto\" dir=\"auto\" data-message-author-role=\"assistant\" data-message-id=\"78d9b41f-f71f-4932-8465-41e2605e60c6\">\n<div class=\"flex w-full flex-col gap-1 empty:hidden first:pt-[3px]\">\n<div class=\"markdown prose w-full break-words dark:prose-invert light\">\n<p>Holzspardose f\u00fcr Kinder - Piratenschatz Begeben Sie sich auf ein Abenteuer mit dieser einzigartigen Holzspardose im Stil eines Piratenschatzes! Diese aus hochwertigem Holz handgefertigte Spardose vereint sch\u00f6nes Design und Funktionalit\u00e4t. Auf den ersten Blick besticht sie durch ihr Piratentruhen-Motiv, das den perfekten Aufbewahrungsort f\u00fcr Wertgegenst\u00e4nde, M\u00fcnzen oder Kindersch\u00e4tze bietet.<\/p>\n<p>Die Spardose verf\u00fcgt \u00fcber einen leicht zu \u00f6ffnenden Deckel, sodass Sie jederzeit auf Ihr Erspartes zugreifen k\u00f6nnen, wenn Sie es brauchen. Gleichzeitig ist sie robust genug, um den Inhalt zu sch\u00fctzen. Es eignet sich perfekt als Dekoration f\u00fcrs Kinderzimmer oder als originelles Geschenk f\u00fcr gro\u00dfe und kleine Abenteurer.<\/p>\n<p>\ud83c\udf81 <strong>Hauptvorteile:<\/strong><\/p>\n<ul>\n<li>Attraktives Piraten-Design<\/li>\n<li>Aus Naturholz<\/li>\n<li>Praktische und stilvolle Dekoration<\/li>\n<li>Das ideale Geschenk f\u00fcr Piraten- und Abenteuerliebhaber<\/li>\n<\/ul>\n<p>Entdecken Sie die Magie der Holz-Spardose \u201ePiratenschatz\u201c und bringen Sie eine Prise Abenteuer in Ihren Alltag!<\/p>\n<\/div>\n<h3>Parameter:<\/h3>\n<ul>\n<li style=\"list-style-type: none;\">\n<ul>\n<li style=\"list-style-type: none;\">\n<ul>\n<li style=\"list-style-type: none;\">\n<ul>\n<li><strong>Material:<\/strong> Pappelsperrholz<\/li>\n<li><strong>Produktdicke:\u00a0<\/strong>3 mm<\/li>\n<li><strong>Hersteller:\u00a0<\/strong><a href=\"http:\/\/dekohra.de\/\" target=\"_blank\" rel=\"noopener\">Dekohra.eu<\/a><\/li>\n<li><strong>Kategorie: <\/strong><a href=\"https:\/\/dekohra.eu\/de\/produkt-kategorie\/darky\/drevene-pokladnicky\/\">Spardosen aus Holz<\/a><\/li>\n<li><strong>Technologie:\u00a0<\/strong><a href=\"https:\/\/dekohra.eu\/de\/moderni-laserova-technologie-rezani-a-gravirovani\/\">Moderne Laserschneidtechnologie<\/a><\/li>\n<li>Abmessungen: <strong>10,5 x 10,5 x 7,5 cm<\/strong><\/li>\n<\/ul>\n<\/li>\n<\/ul>\n<\/li>\n<\/ul>\n<\/li>\n<\/ul>\n<\/div>\n<\/div>\n<\/div>\n<\/div>\n<\/div>\n<p><img decoding=\"async\" class=\"lazyloaded\" src=\"https:\/\/dekohra.eu\/_obchody\/go4874\/prilohy\/4\/vyber-velikosti.jpg.big.jpg\" alt=\"\" width=\"500\" data-src=\"https:\/\/dekohra.eu\/_obchody\/go4874\/prilohy\/4\/vyber-velikosti.jpg.big.jpg\" \/><\/p>\n<p>&nbsp;<\/p>\n<p>&nbsp;<\/p>","protected":false},"excerpt":{"rendered":"<p>D\u0159ev\u011bn\u00e1 pokladni\u010dka pro d\u011bti &#8211; Pir\u00e1tsk\u00fd poklad. &nbsp; D\u0159ev\u011bn\u00e1 pokladni\u010dka pro d\u011bti &#8211; Pir\u00e1tsk\u00fd poklad vyplujte za dobrodru\u017estv\u00edm s touto [&hellip;]<\/p>","protected":false},"featured_media":15996,"comment_status":"open","ping_status":"closed","template":"","meta":{"site-sidebar-layout":"default","site-content-layout":"","ast-site-content-layout":"default","site-content-style":"default","site-sidebar-style":"default","ast-global-header-display":"","ast-banner-title-visibility":"","ast-main-header-display":"","ast-hfb-above-header-display":"","ast-hfb-below-header-display":"","ast-hfb-mobile-header-display":"","site-post-title":"","ast-breadcrumbs-content":"","ast-featured-img":"","footer-sml-layout":"","theme-transparent-header-meta":"default","adv-header-id-meta":"","stick-header-meta":"","header-above-stick-meta":"","header-main-stick-meta":"","header-below-stick-meta":"","astra-migrate-meta-layouts":"set","ast-page-background-enabled":"default","ast-page-background-meta":{"desktop":{"background-color":"var(--ast-global-color-4)","background-image":"","background-repeat":"repeat","background-position":"center center","background-size":"auto","background-attachment":"scroll","background-type":"","background-media":"","overlay-type":"","overlay-color":"","overlay-opacity":"","overlay-gradient":""},"tablet":{"background-color":"","background-image":"","background-repeat":"repeat","background-position":"center center","background-size":"auto","background-attachment":"scroll","background-type":"","background-media":"","overlay-type":"","overlay-color":"","overlay-opacity":"","overlay-gradient":""},"mobile":{"background-color":"","background-image":"","background-repeat":"repeat","background-position":"center center","background-size":"auto","background-attachment":"scroll","background-type":"","background-media":"","overlay-type":"","overlay-color":"","overlay-opacity":"","overlay-gradient":""}},"ast-content-background-meta":{"desktop":{"background-color":"var(--ast-global-color-5)","background-image":"","background-repeat":"repeat","background-position":"center center","background-size":"auto","background-attachment":"scroll","background-type":"","background-media":"","overlay-type":"","overlay-color":"","overlay-opacity":"","overlay-gradient":""},"tablet":{"background-color":"var(--ast-global-color-5)","background-image":"","background-repeat":"repeat","background-position":"center center","background-size":"auto","background-attachment":"scroll","background-type":"","background-media":"","overlay-type":"","overlay-color":"","overlay-opacity":"","overlay-gradient":""},"mobile":{"background-color":"var(--ast-global-color-5)","background-image":"","background-repeat":"repeat","background-position":"center center","background-size":"auto","background-attachment":"scroll","background-type":"","background-media":"","overlay-type":"","overlay-color":"","overlay-opacity":"","overlay-gradient":""}},"jetpack_post_was_ever_published":false},"product_brand":[],"product_cat":[856],"product_tag":[],"class_list":{"0":"post-14341","1":"product","2":"type-product","3":"status-publish","4":"has-post-thumbnail","6":"product_cat-drevene-pokladnicky-a-krabicky","7":"pa_vlastni-text-bez-vlastniho-textu","8":"pa_vlastni-text-s-vlastnim-textem","9":"desktop-align-left","10":"tablet-align-left","11":"mobile-align-left","13":"first","14":"instock","15":"shipping-taxable","16":"purchasable","17":"product-type-variable"},"jetpack_sharing_enabled":true,"_links":{"self":[{"href":"https:\/\/dekohra.eu\/de\/wp-json\/wp\/v2\/product\/14341","targetHints":{"allow":["GET"]}}],"collection":[{"href":"https:\/\/dekohra.eu\/de\/wp-json\/wp\/v2\/product"}],"about":[{"href":"https:\/\/dekohra.eu\/de\/wp-json\/wp\/v2\/types\/product"}],"replies":[{"embeddable":true,"href":"https:\/\/dekohra.eu\/de\/wp-json\/wp\/v2\/comments?post=14341"}],"wp:featuredmedia":[{"embeddable":true,"href":"https:\/\/dekohra.eu\/de\/wp-json\/wp\/v2\/media\/15996"}],"wp:attachment":[{"href":"https:\/\/dekohra.eu\/de\/wp-json\/wp\/v2\/media?parent=14341"}],"wp:term":[{"taxonomy":"product_brand","embeddable":true,"href":"https:\/\/dekohra.eu\/de\/wp-json\/wp\/v2\/product_brand?post=14341"},{"taxonomy":"product_cat","embeddable":true,"href":"https:\/\/dekohra.eu\/de\/wp-json\/wp\/v2\/product_cat?post=14341"},{"taxonomy":"product_tag","embeddable":true,"href":"https:\/\/dekohra.eu\/de\/wp-json\/wp\/v2\/product_tag?post=14341"}],"curies":[{"name":"wp","href":"https:\/\/api.w.org\/{rel}","templated":true}]}}