{"id":14365,"date":"2025-01-18T15:50:31","date_gmt":"2025-01-18T14:50:31","guid":{"rendered":"https:\/\/dekohra.eu\/?post_type=product&#038;p=14365"},"modified":"2026-03-06T14:19:55","modified_gmt":"2026-03-06T13:19:55","slug":"klicenka-srdce-se-jmenem","status":"publish","type":"product","link":"https:\/\/dekohra.eu\/de\/produkt\/klicenka-srdce-se-jmenem\/","title":{"rendered":"Herz-Schl\u00fcsselanh\u00e4nger mit Namen"},"content":{"rendered":"<h2 style=\"text-align: left;\">Herz-Schl\u00fcsselanh\u00e4nger mit Namen<\/h2>\n<p>Ein Herz-Schl\u00fcsselanh\u00e4nger mit Namen ist eine originelle Dekoration. Die Bestellung eines Namensschilds als Schl\u00fcsselanh\u00e4nger geht schnell und einfach. <strong>Schreiben Sie einfach den gew\u00fcnschten Text<\/strong> und wir k\u00fcmmern uns um den Rest.<\/p>\n<h3>Hochwertige Materialien<\/h3>\n<ul>\n<li>Die Dekoration ist aus hochwertigem 3 mm starkem Pappelsperrholz gefertigt, was Stabilit\u00e4t und Langlebigkeit gew\u00e4hrleistet.<\/li>\n<li>Bei der Dekoration wurde Wert auf Details und \u00c4sthetik gelegt. <strong>Moderner Laserschnitt sorgt f\u00fcr pr\u00e4zises und elegantes Design<\/strong>.<\/li>\n<\/ul>\n<h3>Parameter:<\/h3>\n<ul>\n<li><strong>Material:<\/strong> Pappelsperrholz<\/li>\n<li><strong>Produktdicke:\u00a0<\/strong>3 mm<\/li>\n<li><strong>Hersteller:\u00a0<\/strong><a href=\"http:\/\/dekohra.de\/\" target=\"_blank\" rel=\"noopener\">Dekohra.eu<\/a><\/li>\n<li><strong>Kategorie:\u00a0<\/strong><a href=\"https:\/\/dekohra.eu\/de\/produkt-kategorie\/vyroba-na-zakazku\/jmenovky\/\">Namensschilder<\/a><\/li>\n<li><strong style=\"font-size: 16px;\">Produktabmessungen: 6 x 6,4 cm<\/strong><\/li>\n<li><strong>Loch: <strong style=\"font-size: 16px;\">Durchmesser 5mm<\/strong><\/strong><\/li>\n<\/ul>\n<p>&nbsp;<\/p>","protected":false},"excerpt":{"rendered":"<p>Kl\u00ed\u010denka srdce se jm\u00e9nem Kl\u00ed\u010denka srdce se jm\u00e9nem je origin\u00e1ln\u00ed dekorace. Objedn\u00e1n\u00ed jmenovky kl\u00ed\u010denky je snadn\u00e9 a rychl\u00e9. Sta\u010d\u00ed napsat [&hellip;]<\/p>","protected":false},"featured_media":19020,"comment_status":"open","ping_status":"closed","template":"","meta":{"site-sidebar-layout":"default","site-content-layout":"","ast-site-content-layout":"default","site-content-style":"default","site-sidebar-style":"default","ast-global-header-display":"","ast-banner-title-visibility":"","ast-main-header-display":"","ast-hfb-above-header-display":"","ast-hfb-below-header-display":"","ast-hfb-mobile-header-display":"","site-post-title":"","ast-breadcrumbs-content":"","ast-featured-img":"","footer-sml-layout":"","theme-transparent-header-meta":"default","adv-header-id-meta":"","stick-header-meta":"","header-above-stick-meta":"","header-main-stick-meta":"","header-below-stick-meta":"","astra-migrate-meta-layouts":"set","ast-page-background-enabled":"default","ast-page-background-meta":{"desktop":{"background-color":"var(--ast-global-color-4)","background-image":"","background-repeat":"repeat","background-position":"center center","background-size":"auto","background-attachment":"scroll","background-type":"","background-media":"","overlay-type":"","overlay-color":"","overlay-opacity":"","overlay-gradient":""},"tablet":{"background-color":"","background-image":"","background-repeat":"repeat","background-position":"center center","background-size":"auto","background-attachment":"scroll","background-type":"","background-media":"","overlay-type":"","overlay-color":"","overlay-opacity":"","overlay-gradient":""},"mobile":{"background-color":"","background-image":"","background-repeat":"repeat","background-position":"center center","background-size":"auto","background-attachment":"scroll","background-type":"","background-media":"","overlay-type":"","overlay-color":"","overlay-opacity":"","overlay-gradient":""}},"ast-content-background-meta":{"desktop":{"background-color":"var(--ast-global-color-5)","background-image":"","background-repeat":"repeat","background-position":"center center","background-size":"auto","background-attachment":"scroll","background-type":"","background-media":"","overlay-type":"","overlay-color":"","overlay-opacity":"","overlay-gradient":""},"tablet":{"background-color":"var(--ast-global-color-5)","background-image":"","background-repeat":"repeat","background-position":"center center","background-size":"auto","background-attachment":"scroll","background-type":"","background-media":"","overlay-type":"","overlay-color":"","overlay-opacity":"","overlay-gradient":""},"mobile":{"background-color":"var(--ast-global-color-5)","background-image":"","background-repeat":"repeat","background-position":"center center","background-size":"auto","background-attachment":"scroll","background-type":"","background-media":"","overlay-type":"","overlay-color":"","overlay-opacity":"","overlay-gradient":""}},"jetpack_post_was_ever_published":false},"product_brand":[],"product_cat":[563,558,566],"product_tag":[],"class_list":{"0":"post-14365","1":"product","2":"type-product","3":"status-publish","4":"has-post-thumbnail","6":"product_cat-drevene-jmenovky","7":"product_cat-svatebni-vyzdoba","8":"product_cat-valentynske-dekorace","9":"desktop-align-left","10":"tablet-align-left","11":"mobile-align-left","13":"first","14":"instock","15":"featured","16":"shipping-taxable","17":"purchasable","18":"product-type-simple"},"jetpack_sharing_enabled":true,"_links":{"self":[{"href":"https:\/\/dekohra.eu\/de\/wp-json\/wp\/v2\/product\/14365","targetHints":{"allow":["GET"]}}],"collection":[{"href":"https:\/\/dekohra.eu\/de\/wp-json\/wp\/v2\/product"}],"about":[{"href":"https:\/\/dekohra.eu\/de\/wp-json\/wp\/v2\/types\/product"}],"replies":[{"embeddable":true,"href":"https:\/\/dekohra.eu\/de\/wp-json\/wp\/v2\/comments?post=14365"}],"wp:featuredmedia":[{"embeddable":true,"href":"https:\/\/dekohra.eu\/de\/wp-json\/wp\/v2\/media\/19020"}],"wp:attachment":[{"href":"https:\/\/dekohra.eu\/de\/wp-json\/wp\/v2\/media?parent=14365"}],"wp:term":[{"taxonomy":"product_brand","embeddable":true,"href":"https:\/\/dekohra.eu\/de\/wp-json\/wp\/v2\/product_brand?post=14365"},{"taxonomy":"product_cat","embeddable":true,"href":"https:\/\/dekohra.eu\/de\/wp-json\/wp\/v2\/product_cat?post=14365"},{"taxonomy":"product_tag","embeddable":true,"href":"https:\/\/dekohra.eu\/de\/wp-json\/wp\/v2\/product_tag?post=14365"}],"curies":[{"name":"wp","href":"https:\/\/api.w.org\/{rel}","templated":true}]}}