{"id":14373,"date":"2025-01-18T16:14:37","date_gmt":"2025-01-18T15:14:37","guid":{"rendered":"https:\/\/dekohra.eu\/?post_type=product&#038;p=14373"},"modified":"2025-02-16T20:11:57","modified_gmt":"2025-02-16T19:11:57","slug":"dreveny-ramecek-na-fotku-svatebni-ramecek","status":"publish","type":"product","link":"https:\/\/dekohra.eu\/de\/produkt\/dreveny-ramecek-na-fotku-svatebni-ramecek\/","title":{"rendered":"Holzfotorahmen \u2013 Hochzeitsrahmen"},"content":{"rendered":"<div class=\"flex flex-grow flex-col max-w-full\">\n<div class=\"min-h-[20px] text-message flex flex-col items-start whitespace-pre-wrap break-words [.text-message+&amp;]:mt-5 juice:w-full juice:items-end overflow-x-auto gap-2\" dir=\"auto\" data-message-author-role=\"assistant\" data-message-id=\"8ad4f04d-4099-4406-86f4-005018bc1eed\">\n<div class=\"flex w-full flex-col gap-1 juice:empty:hidden juice:first:pt-[3px]\">\n<div class=\"markdown prose w-full break-words dark:prose-invert light\">\n<div class=\"flex flex-grow flex-col max-w-full\">\n<div class=\"min-h-[20px] text-message flex flex-col items-start whitespace-pre-wrap break-words [.text-message+&amp;]:mt-5 juice:w-full juice:items-end overflow-x-auto gap-2\" dir=\"auto\" data-message-author-role=\"assistant\" data-message-id=\"8ad4f04d-4099-4406-86f4-005018bc1eed\">\n<div class=\"flex w-full flex-col gap-1 juice:empty:hidden juice:first:pt-[3px]\">\n<h2 class=\"markdown prose w-full break-words dark:prose-invert light\">Bilderrahmen aus Holz \u2013 Hochzeitsrahmen.<\/h2>\n<p><strong>Holzfotorahmen \u2013 Hochzeitsrahmen<\/strong> ist die ideale L\u00f6sung zum Pr\u00e4sentieren Ihrer sch\u00f6nsten Erinnerungen. Dieser stilvolle Rahmen ist aus<strong>\u00a0aus hochwertiger Faserplatte<\/strong>\u00a0Die Dicke von 3 mm gew\u00e4hrleistet Robustheit und lange Lebensdauer. Dank moderner Laserschnitttechnik ist das Rahmendesign<strong>\u00a0pr\u00e4zise und elegant,<\/strong>\u00a0das Ihren Fotos eine einzigartige Note verleiht.<\/p>\n<h3>Hochwertige Materialien<\/h3>\n<ul>\n<li>Die Dekoration besteht aus\u00a0<strong>hochwertige Faserplatte<\/strong>\u00a03 mm dick, was Robustheit und lange Lebensdauer gew\u00e4hrleistet. Die Oberfl\u00e4che ist langlebig und pflegeleicht, sodass der Bilderrahmen\u00a0<strong>es wird viele Jahre lang gro\u00dfartig aussehen.<\/strong><\/li>\n<\/ul>\n<h3>\u00c4sthetisches Design<\/h3>\n<ul>\n<li><strong>Modernes Laserschneiden<\/strong>\u00a0sorgt f\u00fcr ein pr\u00e4zises und \u00e4sthetisch ansprechendes Design, das in jedes Interieur passt. Dies macht diesen Bilderrahmen zu einer idealen Erg\u00e4nzung f\u00fcr jedes Zuhause.<\/li>\n<\/ul>\n<h3>Einfache Montage<\/h3>\n<ul>\n<li>Der Rahmen ist mit Schaumstoffklebeband ausgestattet, welches eine einfache Befestigung an der Wand erm\u00f6glicht. Dieses praktische Befestigungssystem gew\u00e4hrleistet eine schnelle und einfache Installation, ohne die W\u00e4nde zu besch\u00e4digen. Im Lieferumfang ist alles enthalten, was Sie zur Befestigung von Rahmen und Fotos ben\u00f6tigen.<\/li>\n<\/ul>\n<p><strong>Verleihen Sie Ihrem Zuhause einen Hauch von Eleganz und bewahren Sie die Erinnerungen an Ihre wertvollsten Momente mit diesem einzigartigen und wundersch\u00f6nen Bilderrahmen.<\/strong><\/p>\n<\/div>\n<\/div>\n<\/div>\n<\/div>\n<\/div>\n<\/div>\n<\/div>\n<h3>Parameter:<\/h3>\n<ul>\n<li><strong>Material:<\/strong>\u00a0<a href=\"https:\/\/dekohra.eu\/de\/drevovlaknita-deska-3mm-idealni-material-pro-vyrobu-obrazu\/\">Faserplatte, einseitig lackiert<\/a><\/li>\n<li><strong>Produktdicke:\u00a0<\/strong>3 mm<\/li>\n<li><strong>Hersteller:\u00a0<\/strong><a href=\"http:\/\/dekohra.de\/\" target=\"_blank\" rel=\"noopener\">Dekohra.eu<\/a><\/li>\n<li><strong>Kategorie: <\/strong><a href=\"https:\/\/dekohra.eu\/de\/produkt-kategorie\/svatebni-vyzdoba\/\">Hochzeitsdekoration<\/a><\/li>\n<li><strong>Technologie: <\/strong><a href=\"https:\/\/dekohra.eu\/de\/moderni-laserova-technologie-rezani-a-gravirovani\/\">Moderne Laserschneidtechnologie<\/a><\/li>\n<li><strong>Abmessungen:<\/strong> je nach Wahl der Variante<\/li>\n<\/ul>","protected":false},"excerpt":{"rendered":"<p>D\u0159ev\u011bn\u00fd r\u00e1me\u010dek na fotku &#8211; Svatebn\u00ed r\u00e1me\u010dek. D\u0159ev\u011bn\u00fd r\u00e1me\u010dek na fotku &#8211; Svatebn\u00ed r\u00e1me\u010dek je ide\u00e1ln\u00edm \u0159e\u0161en\u00edm pro vystaven\u00ed va\u0161ich [&hellip;]<\/p>","protected":false},"featured_media":14378,"comment_status":"open","ping_status":"closed","template":"","meta":{"site-sidebar-layout":"default","site-content-layout":"","ast-site-content-layout":"default","site-content-style":"default","site-sidebar-style":"default","ast-global-header-display":"","ast-banner-title-visibility":"","ast-main-header-display":"","ast-hfb-above-header-display":"","ast-hfb-below-header-display":"","ast-hfb-mobile-header-display":"","site-post-title":"","ast-breadcrumbs-content":"","ast-featured-img":"","footer-sml-layout":"","theme-transparent-header-meta":"default","adv-header-id-meta":"","stick-header-meta":"","header-above-stick-meta":"","header-main-stick-meta":"","header-below-stick-meta":"","astra-migrate-meta-layouts":"set","ast-page-background-enabled":"default","ast-page-background-meta":{"desktop":{"background-color":"var(--ast-global-color-4)","background-image":"","background-repeat":"repeat","background-position":"center center","background-size":"auto","background-attachment":"scroll","background-type":"","background-media":"","overlay-type":"","overlay-color":"","overlay-opacity":"","overlay-gradient":""},"tablet":{"background-color":"","background-image":"","background-repeat":"repeat","background-position":"center center","background-size":"auto","background-attachment":"scroll","background-type":"","background-media":"","overlay-type":"","overlay-color":"","overlay-opacity":"","overlay-gradient":""},"mobile":{"background-color":"","background-image":"","background-repeat":"repeat","background-position":"center center","background-size":"auto","background-attachment":"scroll","background-type":"","background-media":"","overlay-type":"","overlay-color":"","overlay-opacity":"","overlay-gradient":""}},"ast-content-background-meta":{"desktop":{"background-color":"var(--ast-global-color-5)","background-image":"","background-repeat":"repeat","background-position":"center center","background-size":"auto","background-attachment":"scroll","background-type":"","background-media":"","overlay-type":"","overlay-color":"","overlay-opacity":"","overlay-gradient":""},"tablet":{"background-color":"var(--ast-global-color-5)","background-image":"","background-repeat":"repeat","background-position":"center center","background-size":"auto","background-attachment":"scroll","background-type":"","background-media":"","overlay-type":"","overlay-color":"","overlay-opacity":"","overlay-gradient":""},"mobile":{"background-color":"var(--ast-global-color-5)","background-image":"","background-repeat":"repeat","background-position":"center center","background-size":"auto","background-attachment":"scroll","background-type":"","background-media":"","overlay-type":"","overlay-color":"","overlay-opacity":"","overlay-gradient":""}},"jetpack_post_was_ever_published":false},"product_brand":[],"product_cat":[562,558],"product_tag":[],"class_list":{"0":"post-14373","1":"product","2":"type-product","3":"status-publish","4":"has-post-thumbnail","6":"product_cat-drevene-fotoramecky","7":"product_cat-svatebni-vyzdoba","8":"pa_rozmery-pro-fotografie-10-x15cm-rozmer-23-x-23cm","9":"pa_rozmery-pro-fotografie-15-x-21cm-rozmer-32-x-32cm","10":"desktop-align-left","11":"tablet-align-left","12":"mobile-align-left","14":"first","15":"instock","16":"shipping-taxable","17":"purchasable","18":"product-type-variable"},"jetpack_sharing_enabled":true,"_links":{"self":[{"href":"https:\/\/dekohra.eu\/de\/wp-json\/wp\/v2\/product\/14373","targetHints":{"allow":["GET"]}}],"collection":[{"href":"https:\/\/dekohra.eu\/de\/wp-json\/wp\/v2\/product"}],"about":[{"href":"https:\/\/dekohra.eu\/de\/wp-json\/wp\/v2\/types\/product"}],"replies":[{"embeddable":true,"href":"https:\/\/dekohra.eu\/de\/wp-json\/wp\/v2\/comments?post=14373"}],"wp:featuredmedia":[{"embeddable":true,"href":"https:\/\/dekohra.eu\/de\/wp-json\/wp\/v2\/media\/14378"}],"wp:attachment":[{"href":"https:\/\/dekohra.eu\/de\/wp-json\/wp\/v2\/media?parent=14373"}],"wp:term":[{"taxonomy":"product_brand","embeddable":true,"href":"https:\/\/dekohra.eu\/de\/wp-json\/wp\/v2\/product_brand?post=14373"},{"taxonomy":"product_cat","embeddable":true,"href":"https:\/\/dekohra.eu\/de\/wp-json\/wp\/v2\/product_cat?post=14373"},{"taxonomy":"product_tag","embeddable":true,"href":"https:\/\/dekohra.eu\/de\/wp-json\/wp\/v2\/product_tag?post=14373"}],"curies":[{"name":"wp","href":"https:\/\/api.w.org\/{rel}","templated":true}]}}