{"id":14382,"date":"2025-01-18T16:26:37","date_gmt":"2025-01-18T15:26:37","guid":{"rendered":"https:\/\/dekohra.eu\/?post_type=product&#038;p=14382"},"modified":"2026-04-05T12:59:50","modified_gmt":"2026-04-05T10:59:50","slug":"darek-k-50-narozeninam-dreveny-pergamen","status":"publish","type":"product","link":"https:\/\/dekohra.eu\/de\/produkt\/darek-k-50-narozeninam-dreveny-pergamen\/","title":{"rendered":"Geschenk zum 50. Geburtstag \u2013 Holzpergament"},"content":{"rendered":"<h2 style=\"text-align: left;\">Geschenk zum 50. Geburtstag \u2013 Holzpergament<\/h2>\n<div class=\"group\/conversation-turn relative flex w-full min-w-0 flex-col agent-turn\">\n<div class=\"flex-col gap-1 md:gap-3\">\n<div class=\"flex flex-grow flex-col max-w-full\">\n<div class=\"min-h-[20px] text-message flex w-full flex-col items-end gap-2 whitespace-pre-wrap break-words [.text-message+&amp;]:mt-5 overflow-x-auto\" dir=\"auto\" data-message-author-role=\"assistant\" data-message-id=\"1667cf78-6093-441b-b75d-823845338f18\">\n<div class=\"flex w-full flex-col gap-1 empty:hidden first:pt-[3px]\">\n<div class=\"markdown prose w-full break-words dark:prose-invert light\">\n<p><strong>Geschenk zum 50. Geburtstag \u2013 Holzpergament<\/strong> ist ein ideales Geschenk zur Feier des 50. Geburtstags. Es besteht aus hochwertigem Holz und weist fein eingravierte Details auf und stellt eine bleibende Erinnerung an diesen bedeutenden Meilenstein dar.<\/p>\n<h4>Produktspezifikationen:<\/h4>\n<ul>\n<li><strong>Material:<\/strong> Naturholz Pappelsperrholz<\/li>\n<li><strong>Oberfl\u00e4chenbehandlung:<\/strong> Glatte Oberfl\u00e4che f\u00fcr lange Lebensdauer<\/li>\n<li><strong>Design:<\/strong> Pergament mit der M\u00f6glichkeit zur individuellen Textgestaltung (z.B. Name, Widmung)<\/li>\n<\/ul>\n<h4>Geeignet f\u00fcr:<\/h4>\n<ul>\n<li>Originelle Heimdekoration<\/li>\n<li>Geschenk f\u00fcr Familie, Freunde oder Kollegen<\/li>\n<\/ul>\n<h4>Personalisierungsoptionen:<\/h4>\n<p>Auf Wunsch kann ein individueller Text, eine Widmung oder der Name des Geburtstagskindes eingraviert werden, wodurch aus dem Geschenk eine einzigartige Erinnerung wird.<\/p>\n<p>Dieses Holzpergament besticht durch seine Schlichtheit und Eleganz und passt daher in jedes Interieur. Die perfekte Wahl f\u00fcr alle, die etwas Besonderes und Bleibendes schenken m\u00f6chten.<\/p>\n<\/div>\n<\/div>\n<\/div>\n<\/div>\n<\/div>\n<\/div>\n<p style=\"text-align: left;\"><strong>Machen Sie Ihren Liebsten mit einem au\u00dfergew\u00f6hnlichen und originellen Geburtstagsgeschenk eine Freude. <\/strong><\/p>\n<h3>Parameter:<\/h3>\n<ul>\n<li style=\"list-style-type: none;\">\n<ul>\n<li style=\"list-style-type: none;\">\n<ul>\n<li style=\"list-style-type: none;\">\n<ul>\n<li style=\"list-style-type: none;\">\n<ul>\n<li><strong>Material:<\/strong> Pappelsperrholz<\/li>\n<li><strong>Produktdicke:\u00a0<\/strong>3 mm<\/li>\n<li><strong>Hersteller:\u00a0<\/strong><a href=\"http:\/\/dekohra.de\/\" target=\"_blank\" rel=\"noopener\">Dekohra.eu<\/a><\/li>\n<li><strong>Kategorie:<\/strong> <a href=\"https:\/\/dekohra.eu\/de\/produkt-kategorie\/darky\/narozeninove-darky\/\">Geburtstagsgeschenke und Dekorationen<\/a><\/li>\n<li><strong>Abmessungen: <\/strong>je nach Wahl der Variante<\/li>\n<\/ul>\n<\/li>\n<\/ul>\n<\/li>\n<\/ul>\n<\/li>\n<\/ul>\n<\/li>\n<\/ul>","protected":false},"excerpt":{"rendered":"<p>D\u00e1rek k 50. narozenin\u00e1m &#8211; D\u0159ev\u011bn\u00fd pergamen D\u00e1rek k 50. narozenin\u00e1m &#8211; D\u0159ev\u011bn\u00fd pergamen je ide\u00e1ln\u00edm d\u00e1rkem k oslav\u011b 50. [&hellip;]<\/p>","protected":false},"featured_media":19405,"comment_status":"open","ping_status":"closed","template":"","meta":{"site-sidebar-layout":"default","site-content-layout":"","ast-site-content-layout":"default","site-content-style":"default","site-sidebar-style":"default","ast-global-header-display":"","ast-banner-title-visibility":"","ast-main-header-display":"","ast-hfb-above-header-display":"","ast-hfb-below-header-display":"","ast-hfb-mobile-header-display":"","site-post-title":"","ast-breadcrumbs-content":"","ast-featured-img":"","footer-sml-layout":"","theme-transparent-header-meta":"default","adv-header-id-meta":"","stick-header-meta":"","header-above-stick-meta":"","header-main-stick-meta":"","header-below-stick-meta":"","astra-migrate-meta-layouts":"set","ast-page-background-enabled":"default","ast-page-background-meta":{"desktop":{"background-color":"var(--ast-global-color-4)","background-image":"","background-repeat":"repeat","background-position":"center center","background-size":"auto","background-attachment":"scroll","background-type":"","background-media":"","overlay-type":"","overlay-color":"","overlay-opacity":"","overlay-gradient":""},"tablet":{"background-color":"","background-image":"","background-repeat":"repeat","background-position":"center center","background-size":"auto","background-attachment":"scroll","background-type":"","background-media":"","overlay-type":"","overlay-color":"","overlay-opacity":"","overlay-gradient":""},"mobile":{"background-color":"","background-image":"","background-repeat":"repeat","background-position":"center center","background-size":"auto","background-attachment":"scroll","background-type":"","background-media":"","overlay-type":"","overlay-color":"","overlay-opacity":"","overlay-gradient":""}},"ast-content-background-meta":{"desktop":{"background-color":"var(--ast-global-color-5)","background-image":"","background-repeat":"repeat","background-position":"center center","background-size":"auto","background-attachment":"scroll","background-type":"","background-media":"","overlay-type":"","overlay-color":"","overlay-opacity":"","overlay-gradient":""},"tablet":{"background-color":"var(--ast-global-color-5)","background-image":"","background-repeat":"repeat","background-position":"center center","background-size":"auto","background-attachment":"scroll","background-type":"","background-media":"","overlay-type":"","overlay-color":"","overlay-opacity":"","overlay-gradient":""},"mobile":{"background-color":"var(--ast-global-color-5)","background-image":"","background-repeat":"repeat","background-position":"center center","background-size":"auto","background-attachment":"scroll","background-type":"","background-media":"","overlay-type":"","overlay-color":"","overlay-opacity":"","overlay-gradient":""}},"jetpack_post_was_ever_published":false},"product_brand":[],"product_cat":[554],"product_tag":[],"class_list":{"0":"post-14382","1":"product","2":"type-product","3":"status-publish","4":"has-post-thumbnail","6":"product_cat-narozeninove-darky","7":"pa_rozmery-30-x-22cm","8":"pa_rozmery-40-x-30cm","9":"pa_rozmery-50-x-37cm","10":"desktop-align-left","11":"tablet-align-left","12":"mobile-align-left","14":"first","15":"instock","16":"shipping-taxable","17":"purchasable","18":"product-type-variable","19":"has-default-attributes"},"jetpack_sharing_enabled":true,"_links":{"self":[{"href":"https:\/\/dekohra.eu\/de\/wp-json\/wp\/v2\/product\/14382","targetHints":{"allow":["GET"]}}],"collection":[{"href":"https:\/\/dekohra.eu\/de\/wp-json\/wp\/v2\/product"}],"about":[{"href":"https:\/\/dekohra.eu\/de\/wp-json\/wp\/v2\/types\/product"}],"replies":[{"embeddable":true,"href":"https:\/\/dekohra.eu\/de\/wp-json\/wp\/v2\/comments?post=14382"}],"wp:featuredmedia":[{"embeddable":true,"href":"https:\/\/dekohra.eu\/de\/wp-json\/wp\/v2\/media\/19405"}],"wp:attachment":[{"href":"https:\/\/dekohra.eu\/de\/wp-json\/wp\/v2\/media?parent=14382"}],"wp:term":[{"taxonomy":"product_brand","embeddable":true,"href":"https:\/\/dekohra.eu\/de\/wp-json\/wp\/v2\/product_brand?post=14382"},{"taxonomy":"product_cat","embeddable":true,"href":"https:\/\/dekohra.eu\/de\/wp-json\/wp\/v2\/product_cat?post=14382"},{"taxonomy":"product_tag","embeddable":true,"href":"https:\/\/dekohra.eu\/de\/wp-json\/wp\/v2\/product_tag?post=14382"}],"curies":[{"name":"wp","href":"https:\/\/api.w.org\/{rel}","templated":true}]}}