{"id":14461,"date":"2025-01-19T11:04:49","date_gmt":"2025-01-19T10:04:49","guid":{"rendered":"https:\/\/dekohra.eu\/?post_type=product&#038;p=14461"},"modified":"2026-04-28T15:46:42","modified_gmt":"2026-04-28T13:46:42","slug":"drevene-svatebni-prani-na-penize","status":"publish","type":"product","link":"https:\/\/dekohra.eu\/de\/produkt\/drevene-svatebni-prani-na-penize\/","title":{"rendered":"Hochzeitskarte aus Holz f\u00fcr Geld"},"content":{"rendered":"<h2 style=\"text-align: left;\">Hochzeitskarte aus Holz f\u00fcr Geld.<\/h2>\n<p>Eine h\u00f6lzerne Hochzeitskarte f\u00fcr Geld ist eine elegante und originelle M\u00f6glichkeit, dem Brautpaar ein Geldgeschenk zu \u00fcberreichen. Aus hochwertigem Holz gefertigt, bietet die Gru\u00dfkarte ein einzigartiges Design, das durch nat\u00fcrliche Sch\u00f6nheit und feine Details besticht.<\/p>\n<p><strong>Produkteigenschaften:<\/strong><\/p>\n<ul>\n<li><strong>Abmessungen:<\/strong> Angepasst, um in einen normalen C6-Umschlag zu passen<\/li>\n<li><strong>Design:<\/strong> Lasergeschnittene oder gravierte Motive (z. B. Herzen, Blumen, Namen des Brautpaares etc.)<\/li>\n<li><strong>Verwenden:<\/strong> Kann als Geldbeutel oder als Dekorationselement nach der Hochzeit verwendet werden<\/li>\n<\/ul>\n<p>Dieses Produkt ist die ideale Wahl f\u00fcr alle, die mit Stil einen finanziellen Beitrag leisten und dem Brautpaar gleichzeitig eine bleibende Erinnerung an ihren besonderen Tag schenken m\u00f6chten.<\/p>\n<h3>Parameter:<\/h3>\n<ul>\n<li><strong>Material:<\/strong> Pappelsperrholz<\/li>\n<li><strong>Produktdicke:\u00a0<\/strong>3 mm<\/li>\n<li><strong>Hersteller:\u00a0<\/strong><a href=\"http:\/\/dekohra.de\/\" target=\"_blank\" rel=\"noopener\">Dekohra.eu<\/a><\/li>\n<li><strong>Kategorie: <\/strong><a href=\"https:\/\/dekohra.eu\/de\/produkt-kategorie\/svatebni-vyzdoba\/\">Hochzeitsdekoration<\/a><\/li>\n<li><strong style=\"font-size: 16px;\">Produktabmessungen: 10 x 15 cm<\/strong><\/li>\n<li>Verpackung: 1 St\u00fcck<\/li>\n<\/ul>\n<p>&nbsp;<\/p>","protected":false},"excerpt":{"rendered":"<p>D\u0159ev\u011bn\u00e9 svatebn\u00ed p\u0159\u00e1n\u00ed na pen\u00edze. D\u0159ev\u011bn\u00e9 svatebn\u00ed p\u0159\u00e1n\u00ed na pen\u00edze je elegantn\u00ed a origin\u00e1ln\u00ed zp\u016fsob, jak p\u0159edat novoman\u017eel\u016fm finan\u010dn\u00ed dar. [&hellip;]<\/p>","protected":false},"featured_media":16055,"comment_status":"open","ping_status":"closed","template":"","meta":{"site-sidebar-layout":"default","site-content-layout":"","ast-site-content-layout":"default","site-content-style":"default","site-sidebar-style":"default","ast-global-header-display":"","ast-banner-title-visibility":"","ast-main-header-display":"","ast-hfb-above-header-display":"","ast-hfb-below-header-display":"","ast-hfb-mobile-header-display":"","site-post-title":"","ast-breadcrumbs-content":"","ast-featured-img":"","footer-sml-layout":"","theme-transparent-header-meta":"default","adv-header-id-meta":"","stick-header-meta":"","header-above-stick-meta":"","header-main-stick-meta":"","header-below-stick-meta":"","astra-migrate-meta-layouts":"set","ast-page-background-enabled":"default","ast-page-background-meta":{"desktop":{"background-color":"var(--ast-global-color-4)","background-image":"","background-repeat":"repeat","background-position":"center center","background-size":"auto","background-attachment":"scroll","background-type":"","background-media":"","overlay-type":"","overlay-color":"","overlay-opacity":"","overlay-gradient":""},"tablet":{"background-color":"","background-image":"","background-repeat":"repeat","background-position":"center center","background-size":"auto","background-attachment":"scroll","background-type":"","background-media":"","overlay-type":"","overlay-color":"","overlay-opacity":"","overlay-gradient":""},"mobile":{"background-color":"","background-image":"","background-repeat":"repeat","background-position":"center center","background-size":"auto","background-attachment":"scroll","background-type":"","background-media":"","overlay-type":"","overlay-color":"","overlay-opacity":"","overlay-gradient":""}},"ast-content-background-meta":{"desktop":{"background-color":"var(--ast-global-color-5)","background-image":"","background-repeat":"repeat","background-position":"center center","background-size":"auto","background-attachment":"scroll","background-type":"","background-media":"","overlay-type":"","overlay-color":"","overlay-opacity":"","overlay-gradient":""},"tablet":{"background-color":"var(--ast-global-color-5)","background-image":"","background-repeat":"repeat","background-position":"center center","background-size":"auto","background-attachment":"scroll","background-type":"","background-media":"","overlay-type":"","overlay-color":"","overlay-opacity":"","overlay-gradient":""},"mobile":{"background-color":"var(--ast-global-color-5)","background-image":"","background-repeat":"repeat","background-position":"center center","background-size":"auto","background-attachment":"scroll","background-type":"","background-media":"","overlay-type":"","overlay-color":"","overlay-opacity":"","overlay-gradient":""}},"jetpack_post_was_ever_published":false},"product_brand":[],"product_cat":[558],"product_tag":[],"class_list":{"0":"post-14461","1":"product","2":"type-product","3":"status-publish","4":"has-post-thumbnail","6":"product_cat-svatebni-vyzdoba","7":"desktop-align-left","8":"tablet-align-left","9":"mobile-align-left","11":"first","12":"instock","13":"featured","14":"shipping-taxable","15":"purchasable","16":"product-type-simple"},"jetpack_sharing_enabled":true,"_links":{"self":[{"href":"https:\/\/dekohra.eu\/de\/wp-json\/wp\/v2\/product\/14461","targetHints":{"allow":["GET"]}}],"collection":[{"href":"https:\/\/dekohra.eu\/de\/wp-json\/wp\/v2\/product"}],"about":[{"href":"https:\/\/dekohra.eu\/de\/wp-json\/wp\/v2\/types\/product"}],"replies":[{"embeddable":true,"href":"https:\/\/dekohra.eu\/de\/wp-json\/wp\/v2\/comments?post=14461"}],"wp:featuredmedia":[{"embeddable":true,"href":"https:\/\/dekohra.eu\/de\/wp-json\/wp\/v2\/media\/16055"}],"wp:attachment":[{"href":"https:\/\/dekohra.eu\/de\/wp-json\/wp\/v2\/media?parent=14461"}],"wp:term":[{"taxonomy":"product_brand","embeddable":true,"href":"https:\/\/dekohra.eu\/de\/wp-json\/wp\/v2\/product_brand?post=14461"},{"taxonomy":"product_cat","embeddable":true,"href":"https:\/\/dekohra.eu\/de\/wp-json\/wp\/v2\/product_cat?post=14461"},{"taxonomy":"product_tag","embeddable":true,"href":"https:\/\/dekohra.eu\/de\/wp-json\/wp\/v2\/product_tag?post=14461"}],"curies":[{"name":"wp","href":"https:\/\/api.w.org\/{rel}","templated":true}]}}