{"id":14466,"date":"2025-01-19T11:19:34","date_gmt":"2025-01-19T10:19:34","guid":{"rendered":"https:\/\/dekohra.eu\/?post_type=product&#038;p=14466"},"modified":"2026-03-06T14:32:34","modified_gmt":"2026-03-06T13:32:34","slug":"svatebni-pokladnicka-na-penize","status":"publish","type":"product","link":"https:\/\/dekohra.eu\/de\/produkt\/svatebni-pokladnicka-na-penize\/","title":{"rendered":"Hochzeitsspardose \u2013 Spardose aus Holz"},"content":{"rendered":"<h2 style=\"text-align: left;\">Spardose zur Hochzeit.<\/h2>\n<p>Die elegante Hochzeitsspardose ist die perfekte Erg\u00e4nzung f\u00fcr jede Hochzeitsfeier. Diese handgefertigte Box eignet sich perfekt zum Sammeln von W\u00fcnschen, Gl\u00fcckw\u00fcnschen oder Geldspenden von G\u00e4sten.<\/p>\n<ul>\n<li><strong>Material:<\/strong> Hochwertiges Pappelsperrholz<\/li>\n<li><strong>Design:<\/strong> Schlichte und stilvolle Optik mit dezenten Hochzeitsmotiven, M\u00f6glichkeit zur Personalisierung (Namen des Brautpaares, Hochzeitsdatum).<\/li>\n<li><strong>Farbe:<\/strong> Naturholz.<\/li>\n<li><strong>Verwenden:<\/strong> F\u00fcr W\u00fcnsche und Gl\u00fcckw\u00fcnsche, Geldspenden oder kleine Geschenke der Hochzeitsg\u00e4ste.<\/li>\n<\/ul>\n<p>Eine Spardose aus Holz ist nicht nur praktisch, sondern auch ein schickes Accessoire, das eine sch\u00f6ne Erinnerung an Ihren gro\u00dfen Tag hinterl\u00e4sst. Es eignet sich auch hervorragend als Dekoration f\u00fcr Ihr Zuhause oder als Souvenir.<\/p>\n<p><strong>Anpassungsoptionen:<\/strong><\/p>\n<ul>\n<li>Gravur von Namen und Daten.<\/li>\n<\/ul>\n<p><strong>Warum sollten Sie sich f\u00fcr unsere Hochzeitsbox entscheiden?<\/strong><br \/>\n\u2714 Handgefertigt.<br \/>\n\u2714 \u00d6kologisches Material.<br \/>\n\u2714 Einzigartiges Design nach Kundenwunsch.<\/p>\n<p>Verleihen Sie Ihrer Hochzeit einen Hauch von Originalit\u00e4t und g\u00f6nnen Sie sich ein Produkt, das Sie noch lange nach dem Hochzeitstag als sch\u00f6ne Erinnerung begleiten wird.<\/p>\n<h3>Parameter:<\/h3>\n<ul>\n<li><strong>Material:<\/strong> Pappelsperrholz<\/li>\n<li><strong>Produktdicke:\u00a0<\/strong>3 mm<\/li>\n<li><strong>Hersteller:\u00a0<\/strong><a href=\"http:\/\/dekohra.de\/\" target=\"_blank\" rel=\"noopener\">Dekohra.eu<\/a><\/li>\n<li><strong>Kategorie: <\/strong><a href=\"https:\/\/dekohra.eu\/de\/produkt-kategorie\/svatebni-vyzdoba\/\">Hochzeitsdekoration<\/a><\/li>\n<li><strong style=\"font-size: 16px;\">Produktabmessungen: <\/strong>23 x 16 x 15 cm<\/li>\n<\/ul>\n<p>&nbsp;<\/p>","protected":false},"excerpt":{"rendered":"<p>Svatebn\u00ed pokladni\u010dka na pen\u00edze. Elegantn\u00ed Svatebn\u00ed pokladni\u010dka na pen\u00edze je dokonal\u00fdm dopl\u0148kem ka\u017ed\u00e9 svatebn\u00ed oslavy. Tento ru\u010dn\u011b vyr\u00e1b\u011bn\u00fd box je [&hellip;]<\/p>","protected":false},"featured_media":15965,"comment_status":"open","ping_status":"closed","template":"","meta":{"site-sidebar-layout":"default","site-content-layout":"","ast-site-content-layout":"default","site-content-style":"default","site-sidebar-style":"default","ast-global-header-display":"","ast-banner-title-visibility":"","ast-main-header-display":"","ast-hfb-above-header-display":"","ast-hfb-below-header-display":"","ast-hfb-mobile-header-display":"","site-post-title":"","ast-breadcrumbs-content":"","ast-featured-img":"","footer-sml-layout":"","theme-transparent-header-meta":"default","adv-header-id-meta":"","stick-header-meta":"","header-above-stick-meta":"","header-main-stick-meta":"","header-below-stick-meta":"","astra-migrate-meta-layouts":"set","ast-page-background-enabled":"default","ast-page-background-meta":{"desktop":{"background-color":"var(--ast-global-color-4)","background-image":"","background-repeat":"repeat","background-position":"center center","background-size":"auto","background-attachment":"scroll","background-type":"","background-media":"","overlay-type":"","overlay-color":"","overlay-opacity":"","overlay-gradient":""},"tablet":{"background-color":"","background-image":"","background-repeat":"repeat","background-position":"center center","background-size":"auto","background-attachment":"scroll","background-type":"","background-media":"","overlay-type":"","overlay-color":"","overlay-opacity":"","overlay-gradient":""},"mobile":{"background-color":"","background-image":"","background-repeat":"repeat","background-position":"center center","background-size":"auto","background-attachment":"scroll","background-type":"","background-media":"","overlay-type":"","overlay-color":"","overlay-opacity":"","overlay-gradient":""}},"ast-content-background-meta":{"desktop":{"background-color":"var(--ast-global-color-5)","background-image":"","background-repeat":"repeat","background-position":"center center","background-size":"auto","background-attachment":"scroll","background-type":"","background-media":"","overlay-type":"","overlay-color":"","overlay-opacity":"","overlay-gradient":""},"tablet":{"background-color":"var(--ast-global-color-5)","background-image":"","background-repeat":"repeat","background-position":"center center","background-size":"auto","background-attachment":"scroll","background-type":"","background-media":"","overlay-type":"","overlay-color":"","overlay-opacity":"","overlay-gradient":""},"mobile":{"background-color":"var(--ast-global-color-5)","background-image":"","background-repeat":"repeat","background-position":"center center","background-size":"auto","background-attachment":"scroll","background-type":"","background-media":"","overlay-type":"","overlay-color":"","overlay-opacity":"","overlay-gradient":""}},"jetpack_post_was_ever_published":false},"product_brand":[],"product_cat":[558],"product_tag":[],"class_list":{"0":"post-14466","1":"product","2":"type-product","3":"status-publish","4":"has-post-thumbnail","6":"product_cat-svatebni-vyzdoba","7":"desktop-align-left","8":"tablet-align-left","9":"mobile-align-left","11":"first","12":"instock","13":"featured","14":"shipping-taxable","15":"purchasable","16":"product-type-simple"},"jetpack_sharing_enabled":true,"_links":{"self":[{"href":"https:\/\/dekohra.eu\/de\/wp-json\/wp\/v2\/product\/14466","targetHints":{"allow":["GET"]}}],"collection":[{"href":"https:\/\/dekohra.eu\/de\/wp-json\/wp\/v2\/product"}],"about":[{"href":"https:\/\/dekohra.eu\/de\/wp-json\/wp\/v2\/types\/product"}],"replies":[{"embeddable":true,"href":"https:\/\/dekohra.eu\/de\/wp-json\/wp\/v2\/comments?post=14466"}],"wp:featuredmedia":[{"embeddable":true,"href":"https:\/\/dekohra.eu\/de\/wp-json\/wp\/v2\/media\/15965"}],"wp:attachment":[{"href":"https:\/\/dekohra.eu\/de\/wp-json\/wp\/v2\/media?parent=14466"}],"wp:term":[{"taxonomy":"product_brand","embeddable":true,"href":"https:\/\/dekohra.eu\/de\/wp-json\/wp\/v2\/product_brand?post=14466"},{"taxonomy":"product_cat","embeddable":true,"href":"https:\/\/dekohra.eu\/de\/wp-json\/wp\/v2\/product_cat?post=14466"},{"taxonomy":"product_tag","embeddable":true,"href":"https:\/\/dekohra.eu\/de\/wp-json\/wp\/v2\/product_tag?post=14466"}],"curies":[{"name":"wp","href":"https:\/\/api.w.org\/{rel}","templated":true}]}}