{"id":14473,"date":"2025-01-19T11:39:58","date_gmt":"2025-01-19T10:39:58","guid":{"rendered":"https:\/\/dekohra.eu\/?post_type=product&#038;p=14473"},"modified":"2026-03-29T15:05:09","modified_gmt":"2026-03-29T13:05:09","slug":"svatebni-slib-drevene-desky","status":"publish","type":"product","link":"https:\/\/dekohra.eu\/de\/produkt\/svatebni-slib-drevene-desky\/","title":{"rendered":"Eheversprechen \u2013 Holzschilder mit eigenem Text"},"content":{"rendered":"<h2 style=\"text-align: left;\">Eheversprechen \u2013 Holztafeln mit eigenem Text.<\/h2>\n<p>Luxuri\u00f6se Hochzeitsgel\u00fcbdebretter aus Holz sind ein elegantes und originelles Accessoire, das Ihrem gro\u00dfen Tag einen einzigartigen Stil verleiht. Diese handgefertigten Bretter aus Naturholz sind die perfekte M\u00f6glichkeit, Ihr Eheversprechen als bleibende Erinnerung an einen der sch\u00f6nsten Momente Ihres Lebens aufzubewahren.<\/p>\n<ul>\n<li><strong>Material:<\/strong> Hochwertiges Naturkernsperrholz<\/li>\n<li><strong>Design:<\/strong> Eine zarte und elegante Optik mit der M\u00f6glichkeit zur Gravur von Hochzeitsmotiven, Gel\u00fcbden, den Namen von Braut und Br\u00e4utigam und dem Hochzeitsdatum.<\/li>\n<li><strong>Farbe:<\/strong> Nat\u00fcrlicher Holzfarbton.<\/li>\n<li><strong>Bindung:<\/strong> Stilvolle Bindung zum einfachen Umbl\u00e4ttern.<\/li>\n<\/ul>\n<p><strong>Merkmale:<\/strong><br \/>\n\u2714 <strong>Handgefertigt<\/strong> \u2013 jedes St\u00fcck ist ein Original.<br \/>\n\u2714 <strong>Personalisierung<\/strong> \u2013 Gravur von Namen, Daten, Symbolen oder benutzerdefiniertem Text.<br \/>\n\u2714 <strong>Bleibender Wert<\/strong> \u2013 langlebiges und stilvolles Material h\u00e4lt, was es verspricht, \u00fcber Jahre hinweg.<\/p>\n<p><strong>Warum sollten Sie sich f\u00fcr unsere h\u00f6lzernen Ehegel\u00fcbdebretter entscheiden?<\/strong><\/p>\n<ul>\n<li><strong>Sch\u00f6nes Design:<\/strong> Ein einfacher und eleganter Stil, der zu jedem Hochzeitsthema passt.<\/li>\n<li><strong>\u00d6kologisches Material:<\/strong> Nachhaltig gewonnenes, umweltfreundliches Holz.<\/li>\n<li><strong>Eine Erinnerung f\u00fcrs Leben:<\/strong> Die Teller k\u00f6nnen als Dekoration ausgestellt oder in einer Erinnerungsbox aufbewahrt werden.<\/li>\n<\/ul>\n<p>Machen Sie Ihr Eheversprechen zu einer Erinnerung, die nie verblasst. H\u00f6lzerne Ehegel\u00fcbdebretter sind die ideale Kombination aus Sch\u00f6nheit, Qualit\u00e4t und Originalit\u00e4t.<\/p>\n<h3>Parameter:<\/h3>\n<ul>\n<li><strong>Material:<\/strong> Pappelsperrholz<\/li>\n<li><strong>Produktdicke:\u00a0<\/strong>3 mm<\/li>\n<li><strong>Hersteller:\u00a0<\/strong><a href=\"http:\/\/dekohra.de\/\" target=\"_blank\" rel=\"noopener\">Dekohra.eu<\/a><\/li>\n<li><strong>Kategorie: <\/strong><a href=\"https:\/\/dekohra.eu\/de\/produkt-kategorie\/svatebni-vyzdoba\/\">Hochzeitsdekoration<\/a><\/li>\n<li><strong style=\"font-size: 16px;\">Produktabmessungen: 17 x 25 cm<\/strong><\/li>\n<\/ul>\n<p>&nbsp;<\/p>","protected":false},"excerpt":{"rendered":"<p>Svatebn\u00ed slib &#8211; D\u0159ev\u011bn\u00e9 desky s vlastn\u00edm textem. Luxusn\u00ed d\u0159ev\u011bn\u00e9 desky na svatebn\u00ed slib jsou elegantn\u00edm a origin\u00e1ln\u00edm dopl\u0148kem, kter\u00fd [&hellip;]<\/p>","protected":false},"featured_media":19252,"comment_status":"open","ping_status":"closed","template":"","meta":{"site-sidebar-layout":"default","site-content-layout":"","ast-site-content-layout":"default","site-content-style":"default","site-sidebar-style":"default","ast-global-header-display":"","ast-banner-title-visibility":"","ast-main-header-display":"","ast-hfb-above-header-display":"","ast-hfb-below-header-display":"","ast-hfb-mobile-header-display":"","site-post-title":"","ast-breadcrumbs-content":"","ast-featured-img":"","footer-sml-layout":"","theme-transparent-header-meta":"default","adv-header-id-meta":"","stick-header-meta":"","header-above-stick-meta":"","header-main-stick-meta":"","header-below-stick-meta":"","astra-migrate-meta-layouts":"set","ast-page-background-enabled":"default","ast-page-background-meta":{"desktop":{"background-color":"var(--ast-global-color-4)","background-image":"","background-repeat":"repeat","background-position":"center center","background-size":"auto","background-attachment":"scroll","background-type":"","background-media":"","overlay-type":"","overlay-color":"","overlay-opacity":"","overlay-gradient":""},"tablet":{"background-color":"","background-image":"","background-repeat":"repeat","background-position":"center center","background-size":"auto","background-attachment":"scroll","background-type":"","background-media":"","overlay-type":"","overlay-color":"","overlay-opacity":"","overlay-gradient":""},"mobile":{"background-color":"","background-image":"","background-repeat":"repeat","background-position":"center center","background-size":"auto","background-attachment":"scroll","background-type":"","background-media":"","overlay-type":"","overlay-color":"","overlay-opacity":"","overlay-gradient":""}},"ast-content-background-meta":{"desktop":{"background-color":"var(--ast-global-color-5)","background-image":"","background-repeat":"repeat","background-position":"center center","background-size":"auto","background-attachment":"scroll","background-type":"","background-media":"","overlay-type":"","overlay-color":"","overlay-opacity":"","overlay-gradient":""},"tablet":{"background-color":"var(--ast-global-color-5)","background-image":"","background-repeat":"repeat","background-position":"center center","background-size":"auto","background-attachment":"scroll","background-type":"","background-media":"","overlay-type":"","overlay-color":"","overlay-opacity":"","overlay-gradient":""},"mobile":{"background-color":"var(--ast-global-color-5)","background-image":"","background-repeat":"repeat","background-position":"center center","background-size":"auto","background-attachment":"scroll","background-type":"","background-media":"","overlay-type":"","overlay-color":"","overlay-opacity":"","overlay-gradient":""}},"jetpack_post_was_ever_published":false},"product_brand":[],"product_cat":[558],"product_tag":[],"class_list":{"0":"post-14473","1":"product","2":"type-product","3":"status-publish","4":"has-post-thumbnail","6":"product_cat-svatebni-vyzdoba","7":"desktop-align-left","8":"tablet-align-left","9":"mobile-align-left","11":"first","12":"instock","13":"featured","14":"shipping-taxable","15":"purchasable","16":"product-type-simple"},"jetpack_sharing_enabled":true,"_links":{"self":[{"href":"https:\/\/dekohra.eu\/de\/wp-json\/wp\/v2\/product\/14473","targetHints":{"allow":["GET"]}}],"collection":[{"href":"https:\/\/dekohra.eu\/de\/wp-json\/wp\/v2\/product"}],"about":[{"href":"https:\/\/dekohra.eu\/de\/wp-json\/wp\/v2\/types\/product"}],"replies":[{"embeddable":true,"href":"https:\/\/dekohra.eu\/de\/wp-json\/wp\/v2\/comments?post=14473"}],"wp:featuredmedia":[{"embeddable":true,"href":"https:\/\/dekohra.eu\/de\/wp-json\/wp\/v2\/media\/19252"}],"wp:attachment":[{"href":"https:\/\/dekohra.eu\/de\/wp-json\/wp\/v2\/media?parent=14473"}],"wp:term":[{"taxonomy":"product_brand","embeddable":true,"href":"https:\/\/dekohra.eu\/de\/wp-json\/wp\/v2\/product_brand?post=14473"},{"taxonomy":"product_cat","embeddable":true,"href":"https:\/\/dekohra.eu\/de\/wp-json\/wp\/v2\/product_cat?post=14473"},{"taxonomy":"product_tag","embeddable":true,"href":"https:\/\/dekohra.eu\/de\/wp-json\/wp\/v2\/product_tag?post=14473"}],"curies":[{"name":"wp","href":"https:\/\/api.w.org\/{rel}","templated":true}]}}