{"id":14489,"date":"2025-01-19T14:54:39","date_gmt":"2025-01-19T13:54:39","guid":{"rendered":"https:\/\/dekohra.eu\/?post_type=product&#038;p=14489"},"modified":"2026-04-07T13:59:12","modified_gmt":"2026-04-07T11:59:12","slug":"drevene-srdce-dekorace-na-zed-albert-einstein","status":"publish","type":"product","link":"https:\/\/dekohra.eu\/de\/produkt\/drevene-srdce-dekorace-na-zed-albert-einstein\/","title":{"rendered":"Wanddekoration aus Holzherz \u2013 Albert Einstein"},"content":{"rendered":"<h2 style=\"text-align: left;\">Wanddekoration aus Holzherz \u2013 Albert Einstein.<\/h2>\n<p>Wanddekoration aus Holzherz \u2013 \u201eAlbert Einstein\u201c ist ein elegantes Holzherz mit einem eingravierten Zitat von Albert Einstein und somit die perfekte Erg\u00e4nzung f\u00fcr Ihr Zuhause oder als Geschenk f\u00fcr einen geliebten Menschen. Aus hochwertigem Holz und mit pr\u00e4ziser Verarbeitung gefertigt, wird es Ihr Herz nicht nur durch sein Design, sondern auch durch die Tiefe der Botschaft des ber\u00fchmten Dramatikers erobern.<\/p>\n<h3>Produktspezifikationen:<\/h3>\n<ul>\n<li><strong>Material:<\/strong> Naturholz<\/li>\n<li><strong>Oberfl\u00e4chenbehandlung:<\/strong> Fein gemahlen<\/li>\n<li><strong>Zitat:<\/strong> Eingraviertes Zitat von Albert Einstein<\/li>\n<li><strong>Verwenden:<\/strong> Dekoration f\u00fcr Wand, Regal oder Tisch<\/li>\n<\/ul>\n<h3>Hauptmerkmale:<\/h3>\n<ul>\n<li>Originelles und handgefertigtes Design<\/li>\n<li>Perfektes Geschenk f\u00fcr Literatur- und Kunstliebhaber<\/li>\n<li>\u00d6kologisches Produkt aus nachwachsenden Rohstoffen<\/li>\n<\/ul>\n<p>Dieses Produkt eignet sich sowohl f\u00fcr moderne als auch f\u00fcr rustikale Inneneinrichtungen. Es vermittelt die Subtilit\u00e4t, Eleganz und Zeitlosigkeit von Zitaten eines der bedeutendsten Autoren aller Zeiten.<\/p>\n<h3>Parameter:<\/h3>\n<ul>\n<li><strong>Material:<\/strong> Pappelsperrholz<\/li>\n<li><strong>Produktdicke:\u00a0<\/strong>3 mm<\/li>\n<li><strong>Hersteller:\u00a0<\/strong><a href=\"http:\/\/dekohra.de\/\" target=\"_blank\" rel=\"noopener\">Dekohra.eu<\/a><\/li>\n<li><strong>Kategorie: <\/strong><a href=\"https:\/\/dekohra.eu\/de\/produkt-kategorie\/svatebni-vyzdoba\/\">Hochzeitsdekoration<\/a><\/li>\n<li><strong style=\"font-size: 16px;\">Produktabmessungen: 15 x 14 cm<\/strong><\/li>\n<li>Verpackung: 1 St\u00fcck<\/li>\n<\/ul>\n<p>&nbsp;<\/p>","protected":false},"excerpt":{"rendered":"<p>D\u0159ev\u011bn\u00e9 srdce dekorace na ze\u010f &#8211; Albert Einstein. D\u0159ev\u011bn\u00e9 srdce dekorace na ze\u010f &#8211; Albert Einstein je elegantn\u00ed d\u0159ev\u011bn\u00e9 srdce [&hellip;]<\/p>","protected":false},"featured_media":19447,"comment_status":"open","ping_status":"closed","template":"","meta":{"site-sidebar-layout":"default","site-content-layout":"","ast-site-content-layout":"default","site-content-style":"default","site-sidebar-style":"default","ast-global-header-display":"","ast-banner-title-visibility":"","ast-main-header-display":"","ast-hfb-above-header-display":"","ast-hfb-below-header-display":"","ast-hfb-mobile-header-display":"","site-post-title":"","ast-breadcrumbs-content":"","ast-featured-img":"","footer-sml-layout":"","theme-transparent-header-meta":"default","adv-header-id-meta":"","stick-header-meta":"","header-above-stick-meta":"","header-main-stick-meta":"","header-below-stick-meta":"","astra-migrate-meta-layouts":"set","ast-page-background-enabled":"default","ast-page-background-meta":{"desktop":{"background-color":"var(--ast-global-color-4)","background-image":"","background-repeat":"repeat","background-position":"center center","background-size":"auto","background-attachment":"scroll","background-type":"","background-media":"","overlay-type":"","overlay-color":"","overlay-opacity":"","overlay-gradient":""},"tablet":{"background-color":"","background-image":"","background-repeat":"repeat","background-position":"center center","background-size":"auto","background-attachment":"scroll","background-type":"","background-media":"","overlay-type":"","overlay-color":"","overlay-opacity":"","overlay-gradient":""},"mobile":{"background-color":"","background-image":"","background-repeat":"repeat","background-position":"center center","background-size":"auto","background-attachment":"scroll","background-type":"","background-media":"","overlay-type":"","overlay-color":"","overlay-opacity":"","overlay-gradient":""}},"ast-content-background-meta":{"desktop":{"background-color":"var(--ast-global-color-5)","background-image":"","background-repeat":"repeat","background-position":"center center","background-size":"auto","background-attachment":"scroll","background-type":"","background-media":"","overlay-type":"","overlay-color":"","overlay-opacity":"","overlay-gradient":""},"tablet":{"background-color":"var(--ast-global-color-5)","background-image":"","background-repeat":"repeat","background-position":"center center","background-size":"auto","background-attachment":"scroll","background-type":"","background-media":"","overlay-type":"","overlay-color":"","overlay-opacity":"","overlay-gradient":""},"mobile":{"background-color":"var(--ast-global-color-5)","background-image":"","background-repeat":"repeat","background-position":"center center","background-size":"auto","background-attachment":"scroll","background-type":"","background-media":"","overlay-type":"","overlay-color":"","overlay-opacity":"","overlay-gradient":""}},"jetpack_post_was_ever_published":false},"product_brand":[],"product_cat":[558,566],"product_tag":[],"class_list":{"0":"post-14489","1":"product","2":"type-product","3":"status-publish","4":"has-post-thumbnail","6":"product_cat-svatebni-vyzdoba","7":"product_cat-valentynske-dekorace","8":"pa_vlastni-text-bez-vlastniho-textu","9":"pa_vlastni-text-s-vlastnim-textem","10":"desktop-align-left","11":"tablet-align-left","12":"mobile-align-left","14":"first","15":"instock","16":"featured","17":"shipping-taxable","18":"purchasable","19":"product-type-variable"},"jetpack_sharing_enabled":true,"_links":{"self":[{"href":"https:\/\/dekohra.eu\/de\/wp-json\/wp\/v2\/product\/14489","targetHints":{"allow":["GET"]}}],"collection":[{"href":"https:\/\/dekohra.eu\/de\/wp-json\/wp\/v2\/product"}],"about":[{"href":"https:\/\/dekohra.eu\/de\/wp-json\/wp\/v2\/types\/product"}],"replies":[{"embeddable":true,"href":"https:\/\/dekohra.eu\/de\/wp-json\/wp\/v2\/comments?post=14489"}],"wp:featuredmedia":[{"embeddable":true,"href":"https:\/\/dekohra.eu\/de\/wp-json\/wp\/v2\/media\/19447"}],"wp:attachment":[{"href":"https:\/\/dekohra.eu\/de\/wp-json\/wp\/v2\/media?parent=14489"}],"wp:term":[{"taxonomy":"product_brand","embeddable":true,"href":"https:\/\/dekohra.eu\/de\/wp-json\/wp\/v2\/product_brand?post=14489"},{"taxonomy":"product_cat","embeddable":true,"href":"https:\/\/dekohra.eu\/de\/wp-json\/wp\/v2\/product_cat?post=14489"},{"taxonomy":"product_tag","embeddable":true,"href":"https:\/\/dekohra.eu\/de\/wp-json\/wp\/v2\/product_tag?post=14489"}],"curies":[{"name":"wp","href":"https:\/\/api.w.org\/{rel}","templated":true}]}}